{"id":88551,"date":"2024-09-03T18:07:21","date_gmt":"2024-09-03T18:07:21","guid":{"rendered":"https:\/\/pet24.md\/?post_type=product&#038;p=88551"},"modified":"2025-01-30T15:20:58","modified_gmt":"2025-01-30T15:20:58","slug":"4dog-goodies-lakomstvo-dlya-sobak-kurinye-palochki-s-risom-100g","status":"publish","type":"product","link":"https:\/\/pet24.md\/ro\/produs\/4dog-goodies-lakomstvo-dlya-sobak-kurinye-palochki-s-risom-100g\/","title":{"rendered":"4 BUN\u0102TURI pentru c\u00e2ini. Tratament pentru c\u00e2ini degete de pui cu orez 100g"},"content":{"rendered":"<p><strong>4Dog GOODIES degete de pui cu orez 100g<\/strong><\/p>\n<p>4DOG este r\u0103sf\u0103\u021bul perfect pentru animalul t\u0103u iubit. Aceste batoane de orez cu pui sunt f\u0103cute cu ingrediente naturale, f\u0103c\u00e2ndu-le o surs\u0103 excelent\u0103 de proteine \u0219i carbohidra\u021bi pentru a sus\u021bine activitatea \u0219i s\u0103n\u0103tatea general\u0103 a c\u00e2inelui t\u0103u.<\/p>\n<p>Dulciurile au o arom\u0103 delicioas\u0103 de pui \u0219i sunt u\u0219or de digerat, f\u0103c\u00e2ndu-le r\u0103splata perfect\u0103 pentru un comportament bun sau doar un r\u0103sf\u0103\u021b frumos pentru a-\u021bi men\u021bine fericit prietenul cu patru picioare. Aceste be\u021bi\u0219oare ajut\u0103, de asemenea, la men\u021binerea din\u021bilor \u0219i gingiilor s\u0103n\u0103toase, ajut\u00e2nd la \u00eendep\u0103rtarea natural\u0103 a pl\u0103cii dentare de pe din\u021bi.<\/p>\n<p><strong>Ingrediente principale:<\/strong><\/p>\n<ul>\n<li>Carne de pui<\/li>\n<li>Orez<\/li>\n<li>Amidon de porumb<\/li>\n<li>Glicerol<\/li>\n<li>Sorbitol<\/li>\n<li>Arome naturale<\/li>\n<\/ul>\n<p><strong>Compozi\u021bia analitic\u0103:<\/strong><\/p>\n<ul>\n<li>Proteine: 18%<\/li>\n<li>Gr\u0103sime: 6%<\/li>\n<li>Frasin\u0103: 3%<\/li>\n<li>Umiditate: 20%<\/li>\n<li>Fibr\u0103: 1%<\/li>\n<\/ul>\n<p><strong>Aditivi alimentari (la 1 kg):<\/strong><\/p>\n<ul>\n<li>Vitamina A: 3.000 UI<\/li>\n<li>Vitamina D3: 300 UI<\/li>\n<li>Vitamina E: 30 mg<\/li>\n<li>Zinc: 10 mg<\/li>\n<li>Fier: 5 mg<\/li>\n<\/ul>\n<p>Comand\u0103 ast\u0103zi degetele de pui cu orez 100 g \u0219i asigur\u0103-i animalului t\u0103u hran\u0103 \u0219i s\u0103n\u0103tate adecvate!<\/p>","protected":false},"excerpt":{"rendered":"<p>Aceasta este o delicates\u0103 premium \u0219i este potrivit\u0103 pentru absolut orice v\u00e2rst\u0103. Produsul este conceput pentru a sus\u021bine s\u0103n\u0103tatea animalului dvs. de companie.<\/p>","protected":false},"featured_media":91192,"comment_status":"closed","ping_status":"closed","template":"","meta":[],"product_brand":[],"product_cat":[136,293,425],"product_tag":[813,856,862,863,864,180,480],"class_list":{"0":"post-88551","1":"product","2":"type-product","3":"status-publish","4":"has-post-thumbnail","6":"product_cat-dog","7":"product_cat-dogfood","8":"product_cat-dog-treats","9":"product_tag-4dog","10":"product_tag-4dog-goodies","11":"product_tag-dlya-lyubogo-vozrasta","12":"product_tag-dlya-sobaki","13":"product_tag-kurinye-palochki","14":"product_tag-lakomstvo","15":"product_tag-sobaka","16":"pa_age-pet-lyuboj-vozrast","17":"pa_brand-4dog-goodies","18":"pa_breed-size-dlya-vseh-porod","19":"pa_feed-class-super-premium","20":"pa_meat-ingredients-kuricza","21":"pa_packaging-pauchi","22":"pa_pet-sobaka","23":"pa_pet-feature-zdorovyj-pitomecz","24":"pa_type-feed-lakomstvo","25":"pa_weight-100-gr","27":"first","28":"instock","29":"shipping-taxable","30":"product-type-simple"},"yoast_head":"<!-- This site is optimized with the Yoast SEO Premium plugin v23.7 (Yoast SEO v27.5) - https:\/\/yoast.com\/product\/yoast-seo-premium-wordpress\/ -->\n<title>4Dog GOODIES. \u041b\u0430\u043a\u043e\u043c\u0441\u0442\u0432\u043e \u0434\u043b\u044f \u0441\u043e\u0431\u0430\u043a \u043a\u0443\u0440\u0438\u043d\u044b\u0435 \u043f\u0430\u043b\u043e\u0447\u043a\u0438 \u0441 \u0440\u0438\u0441\u043e\u043c 100\u0433<\/title>\n<meta name=\"description\" content=\"\u041a\u0443\u043f\u0438\u0442\u044c 4Dog GOODIES. \u041b\u0430\u043a\u043e\u043c\u0441\u0442\u0432\u043e \u0434\u043b\u044f \u0441\u043e\u0431\u0430\u043a \u043a\u0443\u0440\u0438\u043d\u044b\u0435 \u043f\u0430\u043b\u043e\u0447\u043a\u0438 \u0441 \u0440\u0438\u0441\u043e\u043c 100\u0433 \u0441 \u0434\u043e\u0441\u0442\u0430\u0432\u043a\u043e\u0439 \u043f\u043e \u041a\u0438\u0448\u0438\u043d\u0435\u0432\u0443 \u0438 \u0432\u0441\u0435\u0439 \u041c\u043e\u043b\u0434\u043e\u0432\u0435 \u043d\u0430 Pet24\" \/>\n<meta name=\"robots\" content=\"index, follow, max-snippet:-1, max-image-preview:large, max-video-preview:-1\" \/>\n<link rel=\"canonical\" href=\"https:\/\/pet24.md\/ro\/produs\/4dog-goodies-lakomstvo-dlya-sobak-kurinye-palochki-s-risom-100g\/\" \/>\n<meta property=\"og:locale\" content=\"ro_RO\" \/>\n<meta property=\"og:type\" content=\"article\" \/>\n<meta property=\"og:title\" content=\"4Dog GOODIES. \u041b\u0430\u043a\u043e\u043c\u0441\u0442\u0432\u043e \u0434\u043b\u044f \u0441\u043e\u0431\u0430\u043a \u043a\u0443\u0440\u0438\u043d\u044b\u0435 \u043f\u0430\u043b\u043e\u0447\u043a\u0438 \u0441 \u0440\u0438\u0441\u043e\u043c 100\u0433\" \/>\n<meta property=\"og:description\" content=\"\u041a\u0443\u043f\u0438\u0442\u044c 4Dog GOODIES. \u041b\u0430\u043a\u043e\u043c\u0441\u0442\u0432\u043e \u0434\u043b\u044f \u0441\u043e\u0431\u0430\u043a \u043a\u0443\u0440\u0438\u043d\u044b\u0435 \u043f\u0430\u043b\u043e\u0447\u043a\u0438 \u0441 \u0440\u0438\u0441\u043e\u043c 100\u0433 \u0441 \u0434\u043e\u0441\u0442\u0430\u0432\u043a\u043e\u0439 \u043f\u043e \u041a\u0438\u0448\u0438\u043d\u0435\u0432\u0443 \u0438 \u0432\u0441\u0435\u0439 \u041c\u043e\u043b\u0434\u043e\u0432\u0435 \u043d\u0430 Pet24\" \/>\n<meta property=\"og:url\" content=\"https:\/\/pet24.md\/ro\/produs\/4dog-goodies-lakomstvo-dlya-sobak-kurinye-palochki-s-risom-100g\/\" \/>\n<meta property=\"og:site_name\" content=\"Pet24\" \/>\n<meta property=\"article:publisher\" content=\"https:\/\/www.facebook.com\/pet24.md\" \/>\n<meta property=\"article:modified_time\" content=\"2025-01-30T15:20:58+00:00\" \/>\n<meta property=\"og:image\" content=\"https:\/\/pet24.md\/wp-content\/uploads\/2024\/09\/4dog_goodies_kurinye_palochki_s_risom_100_g.webp\" \/>\n\t<meta property=\"og:image:width\" content=\"600\" \/>\n\t<meta property=\"og:image:height\" content=\"600\" \/>\n\t<meta property=\"og:image:type\" content=\"image\/webp\" \/>\n<meta name=\"twitter:card\" content=\"summary_large_image\" \/>\n<meta name=\"twitter:label1\" content=\"Timp estimat pentru citire\" \/>\n\t<meta name=\"twitter:data1\" content=\"1 minut\" \/>\n<script type=\"application\/ld+json\" class=\"yoast-schema-graph\">{\"@context\":\"https:\\\/\\\/schema.org\",\"@graph\":[{\"@type\":\"WebPage\",\"@id\":\"https:\\\/\\\/pet24.md\\\/product\\\/4dog-goodies-lakomstvo-dlya-sobak-kurinye-palochki-s-risom-100g\\\/\",\"url\":\"https:\\\/\\\/pet24.md\\\/product\\\/4dog-goodies-lakomstvo-dlya-sobak-kurinye-palochki-s-risom-100g\\\/\",\"name\":\"4Dog GOODIES. \u041b\u0430\u043a\u043e\u043c\u0441\u0442\u0432\u043e \u0434\u043b\u044f \u0441\u043e\u0431\u0430\u043a \u043a\u0443\u0440\u0438\u043d\u044b\u0435 \u043f\u0430\u043b\u043e\u0447\u043a\u0438 \u0441 \u0440\u0438\u0441\u043e\u043c 100\u0433\",\"isPartOf\":{\"@id\":\"https:\\\/\\\/pet24.md\\\/#website\"},\"primaryImageOfPage\":{\"@id\":\"https:\\\/\\\/pet24.md\\\/product\\\/4dog-goodies-lakomstvo-dlya-sobak-kurinye-palochki-s-risom-100g\\\/#primaryimage\"},\"image\":{\"@id\":\"https:\\\/\\\/pet24.md\\\/product\\\/4dog-goodies-lakomstvo-dlya-sobak-kurinye-palochki-s-risom-100g\\\/#primaryimage\"},\"thumbnailUrl\":\"https:\\\/\\\/pet24.md\\\/wp-content\\\/uploads\\\/2024\\\/09\\\/4dog_goodies_kurinye_palochki_s_risom_100_g.webp\",\"datePublished\":\"2024-09-03T18:07:21+00:00\",\"dateModified\":\"2025-01-30T15:20:58+00:00\",\"description\":\"\u041a\u0443\u043f\u0438\u0442\u044c 4Dog GOODIES. \u041b\u0430\u043a\u043e\u043c\u0441\u0442\u0432\u043e \u0434\u043b\u044f \u0441\u043e\u0431\u0430\u043a \u043a\u0443\u0440\u0438\u043d\u044b\u0435 \u043f\u0430\u043b\u043e\u0447\u043a\u0438 \u0441 \u0440\u0438\u0441\u043e\u043c 100\u0433 \u0441 \u0434\u043e\u0441\u0442\u0430\u0432\u043a\u043e\u0439 \u043f\u043e \u041a\u0438\u0448\u0438\u043d\u0435\u0432\u0443 \u0438 \u0432\u0441\u0435\u0439 \u041c\u043e\u043b\u0434\u043e\u0432\u0435 \u043d\u0430 Pet24\",\"breadcrumb\":{\"@id\":\"https:\\\/\\\/pet24.md\\\/product\\\/4dog-goodies-lakomstvo-dlya-sobak-kurinye-palochki-s-risom-100g\\\/#breadcrumb\"},\"inLanguage\":\"ro-RO\",\"potentialAction\":[{\"@type\":\"ReadAction\",\"target\":[\"https:\\\/\\\/pet24.md\\\/product\\\/4dog-goodies-lakomstvo-dlya-sobak-kurinye-palochki-s-risom-100g\\\/\"]}]},{\"@type\":\"ImageObject\",\"inLanguage\":\"ro-RO\",\"@id\":\"https:\\\/\\\/pet24.md\\\/product\\\/4dog-goodies-lakomstvo-dlya-sobak-kurinye-palochki-s-risom-100g\\\/#primaryimage\",\"url\":\"https:\\\/\\\/pet24.md\\\/wp-content\\\/uploads\\\/2024\\\/09\\\/4dog_goodies_kurinye_palochki_s_risom_100_g.webp\",\"contentUrl\":\"https:\\\/\\\/pet24.md\\\/wp-content\\\/uploads\\\/2024\\\/09\\\/4dog_goodies_kurinye_palochki_s_risom_100_g.webp\",\"width\":600,\"height\":600,\"caption\":\"4Dog GOODIES. \u041a\u0443\u0440\u0438\u043d\u044b\u0435 \u043f\u0430\u043b\u043e\u0447\u043a\u0438 \u0441 \u0440\u0438\u0441\u043e\u043c 100\u0433\"},{\"@type\":\"BreadcrumbList\",\"@id\":\"https:\\\/\\\/pet24.md\\\/product\\\/4dog-goodies-lakomstvo-dlya-sobak-kurinye-palochki-s-risom-100g\\\/#breadcrumb\",\"itemListElement\":[{\"@type\":\"ListItem\",\"position\":1,\"name\":\"\u0413\u043b\u0430\u0432\u043d\u0430\u044f \u0441\u0442\u0440\u0430\u043d\u0438\u0446\u0430\",\"item\":\"https:\\\/\\\/pet24.md\\\/\"},{\"@type\":\"ListItem\",\"position\":2,\"name\":\"\u041c\u0430\u0433\u0430\u0437\u0438\u043d\",\"item\":\"https:\\\/\\\/pet24.md\\\/shop\\\/\"},{\"@type\":\"ListItem\",\"position\":3,\"name\":\"4Dog GOODIES. \u041b\u0430\u043a\u043e\u043c\u0441\u0442\u0432\u043e \u0434\u043b\u044f \u0441\u043e\u0431\u0430\u043a \u043a\u0443\u0440\u0438\u043d\u044b\u0435 \u043f\u0430\u043b\u043e\u0447\u043a\u0438 \u0441 \u0440\u0438\u0441\u043e\u043c 100\u0433\"}]},{\"@type\":\"WebSite\",\"@id\":\"https:\\\/\\\/pet24.md\\\/#website\",\"url\":\"https:\\\/\\\/pet24.md\\\/\",\"name\":\"Pet24\",\"description\":\"\u0417\u043e\u043e\u043c\u0430\u0433\u0430\u0437\u0438\u043d \u0442\u043e\u0432\u0430\u0440\u043e\u0432 \u0434\u043b\u044f \u0434\u043e\u043c\u0430\u0448\u043d\u0438\u0445 \u043f\u0438\u0442\u043e\u043c\u0446\u0435\u0432\",\"publisher\":{\"@id\":\"https:\\\/\\\/pet24.md\\\/#organization\"},\"potentialAction\":[{\"@type\":\"SearchAction\",\"target\":{\"@type\":\"EntryPoint\",\"urlTemplate\":\"https:\\\/\\\/pet24.md\\\/?s={search_term_string}\"},\"query-input\":{\"@type\":\"PropertyValueSpecification\",\"valueRequired\":true,\"valueName\":\"search_term_string\"}}],\"inLanguage\":\"ro-RO\"},{\"@type\":\"Organization\",\"@id\":\"https:\\\/\\\/pet24.md\\\/#organization\",\"name\":\"Pet24\",\"url\":\"https:\\\/\\\/pet24.md\\\/\",\"logo\":{\"@type\":\"ImageObject\",\"inLanguage\":\"ro-RO\",\"@id\":\"https:\\\/\\\/pet24.md\\\/#\\\/schema\\\/logo\\\/image\\\/\",\"url\":\"https:\\\/\\\/pet24.md\\\/wp-content\\\/uploads\\\/2024\\\/09\\\/logo.svg\",\"contentUrl\":\"https:\\\/\\\/pet24.md\\\/wp-content\\\/uploads\\\/2024\\\/09\\\/logo.svg\",\"width\":215,\"height\":66,\"caption\":\"Pet24\"},\"image\":{\"@id\":\"https:\\\/\\\/pet24.md\\\/#\\\/schema\\\/logo\\\/image\\\/\"},\"sameAs\":[\"https:\\\/\\\/www.facebook.com\\\/pet24.md\",\"https:\\\/\\\/www.instagram.com\\\/pet24.md\\\/\"],\"telephone\":\"+37360508880\"}]}<\/script>\n<!-- \/ Yoast SEO Premium plugin. -->","yoast_head_json":{"title":"4 BUN\u0102TURI pentru c\u00e2ini. Tratament pentru c\u00e2ini degete de pui cu orez 100g","description":"\u041a\u0443\u043f\u0438\u0442\u044c 4Dog GOODIES. \u041b\u0430\u043a\u043e\u043c\u0441\u0442\u0432\u043e \u0434\u043b\u044f \u0441\u043e\u0431\u0430\u043a \u043a\u0443\u0440\u0438\u043d\u044b\u0435 \u043f\u0430\u043b\u043e\u0447\u043a\u0438 \u0441 \u0440\u0438\u0441\u043e\u043c 100\u0433 \u0441 \u0434\u043e\u0441\u0442\u0430\u0432\u043a\u043e\u0439 \u043f\u043e \u041a\u0438\u0448\u0438\u043d\u0435\u0432\u0443 \u0438 \u0432\u0441\u0435\u0439 \u041c\u043e\u043b\u0434\u043e\u0432\u0435 \u043d\u0430 Pet24","robots":{"index":"index","follow":"follow","max-snippet":"max-snippet:-1","max-image-preview":"max-image-preview:large","max-video-preview":"max-video-preview:-1"},"canonical":"https:\/\/pet24.md\/ro\/produs\/4dog-goodies-lakomstvo-dlya-sobak-kurinye-palochki-s-risom-100g\/","og_locale":"ro_RO","og_type":"article","og_title":"4Dog GOODIES. \u041b\u0430\u043a\u043e\u043c\u0441\u0442\u0432\u043e \u0434\u043b\u044f \u0441\u043e\u0431\u0430\u043a \u043a\u0443\u0440\u0438\u043d\u044b\u0435 \u043f\u0430\u043b\u043e\u0447\u043a\u0438 \u0441 \u0440\u0438\u0441\u043e\u043c 100\u0433","og_description":"\u041a\u0443\u043f\u0438\u0442\u044c 4Dog GOODIES. \u041b\u0430\u043a\u043e\u043c\u0441\u0442\u0432\u043e \u0434\u043b\u044f \u0441\u043e\u0431\u0430\u043a \u043a\u0443\u0440\u0438\u043d\u044b\u0435 \u043f\u0430\u043b\u043e\u0447\u043a\u0438 \u0441 \u0440\u0438\u0441\u043e\u043c 100\u0433 \u0441 \u0434\u043e\u0441\u0442\u0430\u0432\u043a\u043e\u0439 \u043f\u043e \u041a\u0438\u0448\u0438\u043d\u0435\u0432\u0443 \u0438 \u0432\u0441\u0435\u0439 \u041c\u043e\u043b\u0434\u043e\u0432\u0435 \u043d\u0430 Pet24","og_url":"https:\/\/pet24.md\/ro\/produs\/4dog-goodies-lakomstvo-dlya-sobak-kurinye-palochki-s-risom-100g\/","og_site_name":"Pet24","article_publisher":"https:\/\/www.facebook.com\/pet24.md","article_modified_time":"2025-01-30T15:20:58+00:00","og_image":[{"width":600,"height":600,"url":"https:\/\/pet24.md\/wp-content\/uploads\/2024\/09\/4dog_goodies_kurinye_palochki_s_risom_100_g.webp","type":"image\/webp"}],"twitter_card":"summary_large_image","twitter_misc":{"Timp estimat pentru citire":"1 minut"},"schema":{"@context":"https:\/\/schema.org","@graph":[{"@type":"WebPage","@id":"https:\/\/pet24.md\/product\/4dog-goodies-lakomstvo-dlya-sobak-kurinye-palochki-s-risom-100g\/","url":"https:\/\/pet24.md\/product\/4dog-goodies-lakomstvo-dlya-sobak-kurinye-palochki-s-risom-100g\/","name":"4 BUN\u0102TURI pentru c\u00e2ini. Tratament pentru c\u00e2ini degete de pui cu orez 100g","isPartOf":{"@id":"https:\/\/pet24.md\/#website"},"primaryImageOfPage":{"@id":"https:\/\/pet24.md\/product\/4dog-goodies-lakomstvo-dlya-sobak-kurinye-palochki-s-risom-100g\/#primaryimage"},"image":{"@id":"https:\/\/pet24.md\/product\/4dog-goodies-lakomstvo-dlya-sobak-kurinye-palochki-s-risom-100g\/#primaryimage"},"thumbnailUrl":"https:\/\/pet24.md\/wp-content\/uploads\/2024\/09\/4dog_goodies_kurinye_palochki_s_risom_100_g.webp","datePublished":"2024-09-03T18:07:21+00:00","dateModified":"2025-01-30T15:20:58+00:00","description":"\u041a\u0443\u043f\u0438\u0442\u044c 4Dog GOODIES. \u041b\u0430\u043a\u043e\u043c\u0441\u0442\u0432\u043e \u0434\u043b\u044f \u0441\u043e\u0431\u0430\u043a \u043a\u0443\u0440\u0438\u043d\u044b\u0435 \u043f\u0430\u043b\u043e\u0447\u043a\u0438 \u0441 \u0440\u0438\u0441\u043e\u043c 100\u0433 \u0441 \u0434\u043e\u0441\u0442\u0430\u0432\u043a\u043e\u0439 \u043f\u043e \u041a\u0438\u0448\u0438\u043d\u0435\u0432\u0443 \u0438 \u0432\u0441\u0435\u0439 \u041c\u043e\u043b\u0434\u043e\u0432\u0435 \u043d\u0430 Pet24","breadcrumb":{"@id":"https:\/\/pet24.md\/product\/4dog-goodies-lakomstvo-dlya-sobak-kurinye-palochki-s-risom-100g\/#breadcrumb"},"inLanguage":"ro-RO","potentialAction":[{"@type":"ReadAction","target":["https:\/\/pet24.md\/product\/4dog-goodies-lakomstvo-dlya-sobak-kurinye-palochki-s-risom-100g\/"]}]},{"@type":"ImageObject","inLanguage":"ro-RO","@id":"https:\/\/pet24.md\/product\/4dog-goodies-lakomstvo-dlya-sobak-kurinye-palochki-s-risom-100g\/#primaryimage","url":"https:\/\/pet24.md\/wp-content\/uploads\/2024\/09\/4dog_goodies_kurinye_palochki_s_risom_100_g.webp","contentUrl":"https:\/\/pet24.md\/wp-content\/uploads\/2024\/09\/4dog_goodies_kurinye_palochki_s_risom_100_g.webp","width":600,"height":600,"caption":"4Dog GOODIES. \u041a\u0443\u0440\u0438\u043d\u044b\u0435 \u043f\u0430\u043b\u043e\u0447\u043a\u0438 \u0441 \u0440\u0438\u0441\u043e\u043c 100\u0433"},{"@type":"BreadcrumbList","@id":"https:\/\/pet24.md\/product\/4dog-goodies-lakomstvo-dlya-sobak-kurinye-palochki-s-risom-100g\/#breadcrumb","itemListElement":[{"@type":"ListItem","position":1,"name":"\u0413\u043b\u0430\u0432\u043d\u0430\u044f \u0441\u0442\u0440\u0430\u043d\u0438\u0446\u0430","item":"https:\/\/pet24.md\/"},{"@type":"ListItem","position":2,"name":"\u041c\u0430\u0433\u0430\u0437\u0438\u043d","item":"https:\/\/pet24.md\/shop\/"},{"@type":"ListItem","position":3,"name":"4Dog GOODIES. \u041b\u0430\u043a\u043e\u043c\u0441\u0442\u0432\u043e \u0434\u043b\u044f \u0441\u043e\u0431\u0430\u043a \u043a\u0443\u0440\u0438\u043d\u044b\u0435 \u043f\u0430\u043b\u043e\u0447\u043a\u0438 \u0441 \u0440\u0438\u0441\u043e\u043c 100\u0433"}]},{"@type":"WebSite","@id":"https:\/\/pet24.md\/#website","url":"https:\/\/pet24.md\/","name":"Pet24","description":"Magazin de animale de companie","publisher":{"@id":"https:\/\/pet24.md\/#organization"},"potentialAction":[{"@type":"SearchAction","target":{"@type":"EntryPoint","urlTemplate":"https:\/\/pet24.md\/?s={search_term_string}"},"query-input":{"@type":"PropertyValueSpecification","valueRequired":true,"valueName":"search_term_string"}}],"inLanguage":"ro-RO"},{"@type":"Organization","@id":"https:\/\/pet24.md\/#organization","name":"Pet24","url":"https:\/\/pet24.md\/","logo":{"@type":"ImageObject","inLanguage":"ro-RO","@id":"https:\/\/pet24.md\/#\/schema\/logo\/image\/","url":"https:\/\/pet24.md\/wp-content\/uploads\/2024\/09\/logo.svg","contentUrl":"https:\/\/pet24.md\/wp-content\/uploads\/2024\/09\/logo.svg","width":215,"height":66,"caption":"Pet24"},"image":{"@id":"https:\/\/pet24.md\/#\/schema\/logo\/image\/"},"sameAs":["https:\/\/www.facebook.com\/pet24.md","https:\/\/www.instagram.com\/pet24.md\/"],"telephone":"+37360508880"}]}},"_links":{"self":[{"href":"https:\/\/pet24.md\/ro\/wp-json\/wp\/v2\/product\/88551","targetHints":{"allow":["GET"]}}],"collection":[{"href":"https:\/\/pet24.md\/ro\/wp-json\/wp\/v2\/product"}],"about":[{"href":"https:\/\/pet24.md\/ro\/wp-json\/wp\/v2\/types\/product"}],"replies":[{"embeddable":true,"href":"https:\/\/pet24.md\/ro\/wp-json\/wp\/v2\/comments?post=88551"}],"wp:featuredmedia":[{"embeddable":true,"href":"https:\/\/pet24.md\/ro\/wp-json\/wp\/v2\/media\/91192"}],"wp:attachment":[{"href":"https:\/\/pet24.md\/ro\/wp-json\/wp\/v2\/media?parent=88551"}],"wp:term":[{"taxonomy":"product_brand","embeddable":true,"href":"https:\/\/pet24.md\/ro\/wp-json\/wp\/v2\/product_brand?post=88551"},{"taxonomy":"product_cat","embeddable":true,"href":"https:\/\/pet24.md\/ro\/wp-json\/wp\/v2\/product_cat?post=88551"},{"taxonomy":"product_tag","embeddable":true,"href":"https:\/\/pet24.md\/ro\/wp-json\/wp\/v2\/product_tag?post=88551"}],"curies":[{"name":"wp","href":"https:\/\/api.w.org\/{rel}","templated":true}]}}