{"id":88576,"date":"2024-09-03T18:06:59","date_gmt":"2024-09-03T18:06:59","guid":{"rendered":"https:\/\/pet24.md\/?post_type=product&#038;p=88576"},"modified":"2024-09-22T22:17:20","modified_gmt":"2024-09-22T22:17:20","slug":"4dog-goodies-bakery-lakomstvo-dlya-sobak-govyazhi-rebryshki-100g","status":"publish","type":"product","link":"https:\/\/pet24.md\/ro\/produs\/4dog-goodies-bakery-lakomstvo-dlya-sobak-govyazhi-rebryshki-100g\/","title":{"rendered":"4DOG GOODIES BRUTARIE. M\u00e2ncare pentru c\u00e2ini coaste de vit\u0103 100g"},"content":{"rendered":"<p><strong>GR\u0102TAR 4 BUN\u0102URI C\u00c2INE. Coaste de vita 100g<\/strong><\/p>\n<p><strong>4C\u00c2INE<\/strong> este o tratare gustoas\u0103 \u0219i hr\u0103nitoare pentru c\u00e2ini, care va oferi animalului dumneavoastr\u0103 pl\u0103cere \u0219i beneficii. Aceste gust\u0103ri de coast\u0103 de vit\u0103 cu arom\u0103 de gr\u0103tar sunt f\u0103cute cu carne de vit\u0103 de calitate premium \u0219i ingrediente naturale.<\/p>\n<p>Savoarea \u0219i aroma lor bogat\u0103 de gr\u0103tar vor mul\u021bumi chiar \u0219i pe cei mai preten\u021bio\u0219i c\u00e2ini. Forma unic\u0103 a coastelor stimuleaz\u0103 mu\u0219chii de mestecat \u0219i ajut\u0103 la men\u021binerea din\u021bilor \u0219i gingiilor s\u0103n\u0103toase, cur\u0103\u021b\u00e2ndu-le eficient de placa. Tratamentul ofer\u0103 proteine esen\u021biale \u0219i energie pentru a sus\u021bine s\u0103n\u0103tatea general\u0103 a animalului dvs. de companie.<\/p>\n<h3>Ingrediente principale:<\/h3>\n<ul>\n<li>Vit\u0103<\/li>\n<li>Amidon<\/li>\n<li>Glicerol<\/li>\n<li>Arome naturale (aroma BBQ)<\/li>\n<\/ul>\n<h3>Compozi\u021bia analitic\u0103:<\/h3>\n<ul>\n<li>Proteine: 50%<\/li>\n<li>Gr\u0103sime: 4%<\/li>\n<li>Frasin\u0103: 3%<\/li>\n<li>Umiditate: 15%<\/li>\n<li>Fibr\u0103: 1%<\/li>\n<\/ul>\n<h3>Aditivi alimentari (la 1 kg):<\/h3>\n<ul>\n<li>Vitamina A: 5.000 UI<\/li>\n<li>Vitamina D3: 500 UI<\/li>\n<li>Vitamina E: 50 mg<\/li>\n<li>Zinc: 20 mg<\/li>\n<li>Fier: 10 mg<\/li>\n<li>Mangan: 3 mg<\/li>\n<\/ul>\n<p>Comanda\u021bi azi delicioasele coaste de vit\u0103 100g \u0219i asigura\u021bi-v\u0103 animalului dumneavoastr\u0103 o nutri\u021bie adecvat\u0103 \u0219i s\u0103n\u0103tate!<\/p>","protected":false},"excerpt":{"rendered":"<p>Tratamentul este destinat c\u00e2inilor de toate v\u00e2rstele. Animalul t\u0103u este garantat s\u0103 iubeasc\u0103 acest gust.<\/p>","protected":false},"featured_media":91198,"comment_status":"closed","ping_status":"closed","template":"","meta":[],"product_brand":[],"product_cat":[136,293,425],"product_tag":[813,856,878,180],"class_list":{"0":"post-88576","1":"product","2":"type-product","3":"status-publish","4":"has-post-thumbnail","6":"product_cat-dog","7":"product_cat-dogfood","8":"product_cat-dog-treats","9":"product_tag-4dog","10":"product_tag-4dog-goodies","11":"product_tag-govyazhi-rebryshki-100g","12":"product_tag-lakomstvo","13":"pa_age-pet-lyuboj-vozrast","14":"pa_brand-4dog-goodies","15":"pa_breed-size-dlya-vseh-porod","16":"pa_feed-class-super-premium","17":"pa_meat-ingredients-govyadina","18":"pa_packaging-pauchi","19":"pa_pet-sobaka","20":"pa_pet-feature-zdorovyj-pitomecz","21":"pa_type-feed-lakomstvo","22":"pa_weight-100-gr","24":"first","25":"instock","26":"shipping-taxable","27":"product-type-simple"},"yoast_head":"<!-- This site is optimized with the Yoast SEO Premium plugin v23.7 (Yoast SEO v27.5) - https:\/\/yoast.com\/product\/yoast-seo-premium-wordpress\/ -->\n<title>4DOG GOODIES BAKERY. \u041b\u0430\u043a\u043e\u043c\u0441\u0442\u0432\u043e \u0434\u043b\u044f \u0441\u043e\u0431\u0430\u043a \u0433\u043e\u0432\u044f\u0436\u044c\u0438 \u0440\u0435\u0431\u0440\u044b\u0448\u043a\u0438 100\u0433<\/title>\n<meta name=\"description\" content=\"\u041a\u0443\u043f\u0438\u0442\u044c 4DOG GOODIES BAKERY. \u041b\u0430\u043a\u043e\u043c\u0441\u0442\u0432\u043e \u0434\u043b\u044f \u0441\u043e\u0431\u0430\u043a \u0433\u043e\u0432\u044f\u0436\u044c\u0438 \u0440\u0435\u0431\u0440\u044b\u0448\u043a\u0438 100\u0433 \u0441 \u0434\u043e\u0441\u0442\u0430\u0432\u043a\u043e\u0439 \u043f\u043e \u041a\u0438\u0448\u0438\u043d\u0435\u0432\u0443 \u0438 \u0432\u0441\u0435\u0439 \u041c\u043e\u043b\u0434\u043e\u0432\u0435 \u043d\u0430 Pet24\" \/>\n<meta name=\"robots\" content=\"index, follow, max-snippet:-1, max-image-preview:large, max-video-preview:-1\" \/>\n<link rel=\"canonical\" href=\"https:\/\/pet24.md\/ro\/produs\/4dog-goodies-bakery-lakomstvo-dlya-sobak-govyazhi-rebryshki-100g\/\" \/>\n<meta property=\"og:locale\" content=\"ro_RO\" \/>\n<meta property=\"og:type\" content=\"article\" \/>\n<meta property=\"og:title\" content=\"4DOG GOODIES BAKERY. \u041b\u0430\u043a\u043e\u043c\u0441\u0442\u0432\u043e \u0434\u043b\u044f \u0441\u043e\u0431\u0430\u043a \u0433\u043e\u0432\u044f\u0436\u044c\u0438 \u0440\u0435\u0431\u0440\u044b\u0448\u043a\u0438 100\u0433\" \/>\n<meta property=\"og:description\" content=\"\u041a\u0443\u043f\u0438\u0442\u044c 4DOG GOODIES BAKERY. \u041b\u0430\u043a\u043e\u043c\u0441\u0442\u0432\u043e \u0434\u043b\u044f \u0441\u043e\u0431\u0430\u043a \u0433\u043e\u0432\u044f\u0436\u044c\u0438 \u0440\u0435\u0431\u0440\u044b\u0448\u043a\u0438 100\u0433 \u0441 \u0434\u043e\u0441\u0442\u0430\u0432\u043a\u043e\u0439 \u043f\u043e \u041a\u0438\u0448\u0438\u043d\u0435\u0432\u0443 \u0438 \u0432\u0441\u0435\u0439 \u041c\u043e\u043b\u0434\u043e\u0432\u0435 \u043d\u0430 Pet24\" \/>\n<meta property=\"og:url\" content=\"https:\/\/pet24.md\/ro\/produs\/4dog-goodies-bakery-lakomstvo-dlya-sobak-govyazhi-rebryshki-100g\/\" \/>\n<meta property=\"og:site_name\" content=\"Pet24\" \/>\n<meta property=\"article:publisher\" content=\"https:\/\/www.facebook.com\/pet24.md\" \/>\n<meta property=\"article:modified_time\" content=\"2024-09-22T22:17:20+00:00\" \/>\n<meta property=\"og:image\" content=\"https:\/\/pet24.md\/wp-content\/uploads\/2024\/09\/4dog_goodies_barbecue_govyazhi_rebryshki_100g.webp\" \/>\n\t<meta property=\"og:image:width\" content=\"600\" \/>\n\t<meta property=\"og:image:height\" content=\"600\" \/>\n\t<meta property=\"og:image:type\" content=\"image\/webp\" \/>\n<meta name=\"twitter:card\" content=\"summary_large_image\" \/>\n<script type=\"application\/ld+json\" class=\"yoast-schema-graph\">{\"@context\":\"https:\\\/\\\/schema.org\",\"@graph\":[{\"@type\":\"WebPage\",\"@id\":\"https:\\\/\\\/pet24.md\\\/product\\\/4dog-goodies-bakery-lakomstvo-dlya-sobak-govyazhi-rebryshki-100g\\\/\",\"url\":\"https:\\\/\\\/pet24.md\\\/product\\\/4dog-goodies-bakery-lakomstvo-dlya-sobak-govyazhi-rebryshki-100g\\\/\",\"name\":\"4DOG GOODIES BAKERY. \u041b\u0430\u043a\u043e\u043c\u0441\u0442\u0432\u043e \u0434\u043b\u044f \u0441\u043e\u0431\u0430\u043a \u0433\u043e\u0432\u044f\u0436\u044c\u0438 \u0440\u0435\u0431\u0440\u044b\u0448\u043a\u0438 100\u0433\",\"isPartOf\":{\"@id\":\"https:\\\/\\\/pet24.md\\\/#website\"},\"primaryImageOfPage\":{\"@id\":\"https:\\\/\\\/pet24.md\\\/product\\\/4dog-goodies-bakery-lakomstvo-dlya-sobak-govyazhi-rebryshki-100g\\\/#primaryimage\"},\"image\":{\"@id\":\"https:\\\/\\\/pet24.md\\\/product\\\/4dog-goodies-bakery-lakomstvo-dlya-sobak-govyazhi-rebryshki-100g\\\/#primaryimage\"},\"thumbnailUrl\":\"https:\\\/\\\/pet24.md\\\/wp-content\\\/uploads\\\/2024\\\/09\\\/4dog_goodies_barbecue_govyazhi_rebryshki_100g.webp\",\"datePublished\":\"2024-09-03T18:06:59+00:00\",\"dateModified\":\"2024-09-22T22:17:20+00:00\",\"description\":\"\u041a\u0443\u043f\u0438\u0442\u044c 4DOG GOODIES BAKERY. \u041b\u0430\u043a\u043e\u043c\u0441\u0442\u0432\u043e \u0434\u043b\u044f \u0441\u043e\u0431\u0430\u043a \u0433\u043e\u0432\u044f\u0436\u044c\u0438 \u0440\u0435\u0431\u0440\u044b\u0448\u043a\u0438 100\u0433 \u0441 \u0434\u043e\u0441\u0442\u0430\u0432\u043a\u043e\u0439 \u043f\u043e \u041a\u0438\u0448\u0438\u043d\u0435\u0432\u0443 \u0438 \u0432\u0441\u0435\u0439 \u041c\u043e\u043b\u0434\u043e\u0432\u0435 \u043d\u0430 Pet24\",\"breadcrumb\":{\"@id\":\"https:\\\/\\\/pet24.md\\\/product\\\/4dog-goodies-bakery-lakomstvo-dlya-sobak-govyazhi-rebryshki-100g\\\/#breadcrumb\"},\"inLanguage\":\"ro-RO\",\"potentialAction\":[{\"@type\":\"ReadAction\",\"target\":[\"https:\\\/\\\/pet24.md\\\/product\\\/4dog-goodies-bakery-lakomstvo-dlya-sobak-govyazhi-rebryshki-100g\\\/\"]}]},{\"@type\":\"ImageObject\",\"inLanguage\":\"ro-RO\",\"@id\":\"https:\\\/\\\/pet24.md\\\/product\\\/4dog-goodies-bakery-lakomstvo-dlya-sobak-govyazhi-rebryshki-100g\\\/#primaryimage\",\"url\":\"https:\\\/\\\/pet24.md\\\/wp-content\\\/uploads\\\/2024\\\/09\\\/4dog_goodies_barbecue_govyazhi_rebryshki_100g.webp\",\"contentUrl\":\"https:\\\/\\\/pet24.md\\\/wp-content\\\/uploads\\\/2024\\\/09\\\/4dog_goodies_barbecue_govyazhi_rebryshki_100g.webp\",\"width\":600,\"height\":600,\"caption\":\"4DOG GOODIES BARBECUE. \u0413\u043e\u0432\u044f\u0436\u044c\u0438 \u0440\u0435\u0431\u0440\u044b\u0448\u043a\u0438 100\u0433\"},{\"@type\":\"BreadcrumbList\",\"@id\":\"https:\\\/\\\/pet24.md\\\/product\\\/4dog-goodies-bakery-lakomstvo-dlya-sobak-govyazhi-rebryshki-100g\\\/#breadcrumb\",\"itemListElement\":[{\"@type\":\"ListItem\",\"position\":1,\"name\":\"\u0413\u043b\u0430\u0432\u043d\u0430\u044f \u0441\u0442\u0440\u0430\u043d\u0438\u0446\u0430\",\"item\":\"https:\\\/\\\/pet24.md\\\/\"},{\"@type\":\"ListItem\",\"position\":2,\"name\":\"\u041c\u0430\u0433\u0430\u0437\u0438\u043d\",\"item\":\"https:\\\/\\\/pet24.md\\\/shop\\\/\"},{\"@type\":\"ListItem\",\"position\":3,\"name\":\"4DOG GOODIES BAKERY. \u041b\u0430\u043a\u043e\u043c\u0441\u0442\u0432\u043e \u0434\u043b\u044f \u0441\u043e\u0431\u0430\u043a \u0433\u043e\u0432\u044f\u0436\u044c\u0438 \u0440\u0435\u0431\u0440\u044b\u0448\u043a\u0438 100\u0433\"}]},{\"@type\":\"WebSite\",\"@id\":\"https:\\\/\\\/pet24.md\\\/#website\",\"url\":\"https:\\\/\\\/pet24.md\\\/\",\"name\":\"Pet24\",\"description\":\"\u0417\u043e\u043e\u043c\u0430\u0433\u0430\u0437\u0438\u043d \u0442\u043e\u0432\u0430\u0440\u043e\u0432 \u0434\u043b\u044f \u0434\u043e\u043c\u0430\u0448\u043d\u0438\u0445 \u043f\u0438\u0442\u043e\u043c\u0446\u0435\u0432\",\"publisher\":{\"@id\":\"https:\\\/\\\/pet24.md\\\/#organization\"},\"potentialAction\":[{\"@type\":\"SearchAction\",\"target\":{\"@type\":\"EntryPoint\",\"urlTemplate\":\"https:\\\/\\\/pet24.md\\\/?s={search_term_string}\"},\"query-input\":{\"@type\":\"PropertyValueSpecification\",\"valueRequired\":true,\"valueName\":\"search_term_string\"}}],\"inLanguage\":\"ro-RO\"},{\"@type\":\"Organization\",\"@id\":\"https:\\\/\\\/pet24.md\\\/#organization\",\"name\":\"Pet24\",\"url\":\"https:\\\/\\\/pet24.md\\\/\",\"logo\":{\"@type\":\"ImageObject\",\"inLanguage\":\"ro-RO\",\"@id\":\"https:\\\/\\\/pet24.md\\\/#\\\/schema\\\/logo\\\/image\\\/\",\"url\":\"https:\\\/\\\/pet24.md\\\/wp-content\\\/uploads\\\/2024\\\/09\\\/logo.svg\",\"contentUrl\":\"https:\\\/\\\/pet24.md\\\/wp-content\\\/uploads\\\/2024\\\/09\\\/logo.svg\",\"width\":215,\"height\":66,\"caption\":\"Pet24\"},\"image\":{\"@id\":\"https:\\\/\\\/pet24.md\\\/#\\\/schema\\\/logo\\\/image\\\/\"},\"sameAs\":[\"https:\\\/\\\/www.facebook.com\\\/pet24.md\",\"https:\\\/\\\/www.instagram.com\\\/pet24.md\\\/\"],\"telephone\":\"+37360508880\"}]}<\/script>\n<!-- \/ Yoast SEO Premium plugin. -->","yoast_head_json":{"title":"4DOG GOODIES BRUTARIE. M\u00e2ncare pentru c\u00e2ini coaste de vit\u0103 100g","description":"\u041a\u0443\u043f\u0438\u0442\u044c 4DOG GOODIES BAKERY. \u041b\u0430\u043a\u043e\u043c\u0441\u0442\u0432\u043e \u0434\u043b\u044f \u0441\u043e\u0431\u0430\u043a \u0433\u043e\u0432\u044f\u0436\u044c\u0438 \u0440\u0435\u0431\u0440\u044b\u0448\u043a\u0438 100\u0433 \u0441 \u0434\u043e\u0441\u0442\u0430\u0432\u043a\u043e\u0439 \u043f\u043e \u041a\u0438\u0448\u0438\u043d\u0435\u0432\u0443 \u0438 \u0432\u0441\u0435\u0439 \u041c\u043e\u043b\u0434\u043e\u0432\u0435 \u043d\u0430 Pet24","robots":{"index":"index","follow":"follow","max-snippet":"max-snippet:-1","max-image-preview":"max-image-preview:large","max-video-preview":"max-video-preview:-1"},"canonical":"https:\/\/pet24.md\/ro\/produs\/4dog-goodies-bakery-lakomstvo-dlya-sobak-govyazhi-rebryshki-100g\/","og_locale":"ro_RO","og_type":"article","og_title":"4DOG GOODIES BAKERY. \u041b\u0430\u043a\u043e\u043c\u0441\u0442\u0432\u043e \u0434\u043b\u044f \u0441\u043e\u0431\u0430\u043a \u0433\u043e\u0432\u044f\u0436\u044c\u0438 \u0440\u0435\u0431\u0440\u044b\u0448\u043a\u0438 100\u0433","og_description":"\u041a\u0443\u043f\u0438\u0442\u044c 4DOG GOODIES BAKERY. \u041b\u0430\u043a\u043e\u043c\u0441\u0442\u0432\u043e \u0434\u043b\u044f \u0441\u043e\u0431\u0430\u043a \u0433\u043e\u0432\u044f\u0436\u044c\u0438 \u0440\u0435\u0431\u0440\u044b\u0448\u043a\u0438 100\u0433 \u0441 \u0434\u043e\u0441\u0442\u0430\u0432\u043a\u043e\u0439 \u043f\u043e \u041a\u0438\u0448\u0438\u043d\u0435\u0432\u0443 \u0438 \u0432\u0441\u0435\u0439 \u041c\u043e\u043b\u0434\u043e\u0432\u0435 \u043d\u0430 Pet24","og_url":"https:\/\/pet24.md\/ro\/produs\/4dog-goodies-bakery-lakomstvo-dlya-sobak-govyazhi-rebryshki-100g\/","og_site_name":"Pet24","article_publisher":"https:\/\/www.facebook.com\/pet24.md","article_modified_time":"2024-09-22T22:17:20+00:00","og_image":[{"width":600,"height":600,"url":"https:\/\/pet24.md\/wp-content\/uploads\/2024\/09\/4dog_goodies_barbecue_govyazhi_rebryshki_100g.webp","type":"image\/webp"}],"twitter_card":"summary_large_image","schema":{"@context":"https:\/\/schema.org","@graph":[{"@type":"WebPage","@id":"https:\/\/pet24.md\/product\/4dog-goodies-bakery-lakomstvo-dlya-sobak-govyazhi-rebryshki-100g\/","url":"https:\/\/pet24.md\/product\/4dog-goodies-bakery-lakomstvo-dlya-sobak-govyazhi-rebryshki-100g\/","name":"4DOG GOODIES BRUTARIE. M\u00e2ncare pentru c\u00e2ini coaste de vit\u0103 100g","isPartOf":{"@id":"https:\/\/pet24.md\/#website"},"primaryImageOfPage":{"@id":"https:\/\/pet24.md\/product\/4dog-goodies-bakery-lakomstvo-dlya-sobak-govyazhi-rebryshki-100g\/#primaryimage"},"image":{"@id":"https:\/\/pet24.md\/product\/4dog-goodies-bakery-lakomstvo-dlya-sobak-govyazhi-rebryshki-100g\/#primaryimage"},"thumbnailUrl":"https:\/\/pet24.md\/wp-content\/uploads\/2024\/09\/4dog_goodies_barbecue_govyazhi_rebryshki_100g.webp","datePublished":"2024-09-03T18:06:59+00:00","dateModified":"2024-09-22T22:17:20+00:00","description":"\u041a\u0443\u043f\u0438\u0442\u044c 4DOG GOODIES BAKERY. \u041b\u0430\u043a\u043e\u043c\u0441\u0442\u0432\u043e \u0434\u043b\u044f \u0441\u043e\u0431\u0430\u043a \u0433\u043e\u0432\u044f\u0436\u044c\u0438 \u0440\u0435\u0431\u0440\u044b\u0448\u043a\u0438 100\u0433 \u0441 \u0434\u043e\u0441\u0442\u0430\u0432\u043a\u043e\u0439 \u043f\u043e \u041a\u0438\u0448\u0438\u043d\u0435\u0432\u0443 \u0438 \u0432\u0441\u0435\u0439 \u041c\u043e\u043b\u0434\u043e\u0432\u0435 \u043d\u0430 Pet24","breadcrumb":{"@id":"https:\/\/pet24.md\/product\/4dog-goodies-bakery-lakomstvo-dlya-sobak-govyazhi-rebryshki-100g\/#breadcrumb"},"inLanguage":"ro-RO","potentialAction":[{"@type":"ReadAction","target":["https:\/\/pet24.md\/product\/4dog-goodies-bakery-lakomstvo-dlya-sobak-govyazhi-rebryshki-100g\/"]}]},{"@type":"ImageObject","inLanguage":"ro-RO","@id":"https:\/\/pet24.md\/product\/4dog-goodies-bakery-lakomstvo-dlya-sobak-govyazhi-rebryshki-100g\/#primaryimage","url":"https:\/\/pet24.md\/wp-content\/uploads\/2024\/09\/4dog_goodies_barbecue_govyazhi_rebryshki_100g.webp","contentUrl":"https:\/\/pet24.md\/wp-content\/uploads\/2024\/09\/4dog_goodies_barbecue_govyazhi_rebryshki_100g.webp","width":600,"height":600,"caption":"4DOG GOODIES BARBECUE. \u0413\u043e\u0432\u044f\u0436\u044c\u0438 \u0440\u0435\u0431\u0440\u044b\u0448\u043a\u0438 100\u0433"},{"@type":"BreadcrumbList","@id":"https:\/\/pet24.md\/product\/4dog-goodies-bakery-lakomstvo-dlya-sobak-govyazhi-rebryshki-100g\/#breadcrumb","itemListElement":[{"@type":"ListItem","position":1,"name":"\u0413\u043b\u0430\u0432\u043d\u0430\u044f \u0441\u0442\u0440\u0430\u043d\u0438\u0446\u0430","item":"https:\/\/pet24.md\/"},{"@type":"ListItem","position":2,"name":"\u041c\u0430\u0433\u0430\u0437\u0438\u043d","item":"https:\/\/pet24.md\/shop\/"},{"@type":"ListItem","position":3,"name":"4DOG GOODIES BAKERY. \u041b\u0430\u043a\u043e\u043c\u0441\u0442\u0432\u043e \u0434\u043b\u044f \u0441\u043e\u0431\u0430\u043a \u0433\u043e\u0432\u044f\u0436\u044c\u0438 \u0440\u0435\u0431\u0440\u044b\u0448\u043a\u0438 100\u0433"}]},{"@type":"WebSite","@id":"https:\/\/pet24.md\/#website","url":"https:\/\/pet24.md\/","name":"Pet24","description":"Magazin de animale de companie","publisher":{"@id":"https:\/\/pet24.md\/#organization"},"potentialAction":[{"@type":"SearchAction","target":{"@type":"EntryPoint","urlTemplate":"https:\/\/pet24.md\/?s={search_term_string}"},"query-input":{"@type":"PropertyValueSpecification","valueRequired":true,"valueName":"search_term_string"}}],"inLanguage":"ro-RO"},{"@type":"Organization","@id":"https:\/\/pet24.md\/#organization","name":"Pet24","url":"https:\/\/pet24.md\/","logo":{"@type":"ImageObject","inLanguage":"ro-RO","@id":"https:\/\/pet24.md\/#\/schema\/logo\/image\/","url":"https:\/\/pet24.md\/wp-content\/uploads\/2024\/09\/logo.svg","contentUrl":"https:\/\/pet24.md\/wp-content\/uploads\/2024\/09\/logo.svg","width":215,"height":66,"caption":"Pet24"},"image":{"@id":"https:\/\/pet24.md\/#\/schema\/logo\/image\/"},"sameAs":["https:\/\/www.facebook.com\/pet24.md","https:\/\/www.instagram.com\/pet24.md\/"],"telephone":"+37360508880"}]}},"_links":{"self":[{"href":"https:\/\/pet24.md\/ro\/wp-json\/wp\/v2\/product\/88576","targetHints":{"allow":["GET"]}}],"collection":[{"href":"https:\/\/pet24.md\/ro\/wp-json\/wp\/v2\/product"}],"about":[{"href":"https:\/\/pet24.md\/ro\/wp-json\/wp\/v2\/types\/product"}],"replies":[{"embeddable":true,"href":"https:\/\/pet24.md\/ro\/wp-json\/wp\/v2\/comments?post=88576"}],"wp:featuredmedia":[{"embeddable":true,"href":"https:\/\/pet24.md\/ro\/wp-json\/wp\/v2\/media\/91198"}],"wp:attachment":[{"href":"https:\/\/pet24.md\/ro\/wp-json\/wp\/v2\/media?parent=88576"}],"wp:term":[{"taxonomy":"product_brand","embeddable":true,"href":"https:\/\/pet24.md\/ro\/wp-json\/wp\/v2\/product_brand?post=88576"},{"taxonomy":"product_cat","embeddable":true,"href":"https:\/\/pet24.md\/ro\/wp-json\/wp\/v2\/product_cat?post=88576"},{"taxonomy":"product_tag","embeddable":true,"href":"https:\/\/pet24.md\/ro\/wp-json\/wp\/v2\/product_tag?post=88576"}],"curies":[{"name":"wp","href":"https:\/\/api.w.org\/{rel}","templated":true}]}}