{"id":88587,"date":"2024-09-03T18:06:17","date_gmt":"2024-09-03T18:06:17","guid":{"rendered":"https:\/\/pet24.md\/?post_type=product&#038;p=88587"},"modified":"2024-09-22T22:17:21","modified_gmt":"2024-09-22T22:17:21","slug":"4dog-goodies-barbecue-lakomstvo-dlya-sobak-barani-otbivnye-100g","status":"publish","type":"product","link":"https:\/\/pet24.md\/ro\/produs\/4dog-goodies-barbecue-lakomstvo-dlya-sobak-barani-otbivnye-100g\/","title":{"rendered":"GR\u0102TAR 4 BUN\u0102URI C\u00c2INE. Cotlete de miel pentru c\u00e2ini 100g"},"content":{"rendered":"<p><strong>GR\u0102TAR 4 BUN\u0102URI C\u00c2INE. Cotlete de miel 100g<\/strong><\/p>\n<p>4DOG este un tratament pentru c\u00e2ini gustos \u0219i s\u0103n\u0103tos, care va ad\u0103uga varietate dietei animalului t\u0103u de companie. Aceste gust\u0103ri cu cotlet de miel cu arom\u0103 de gr\u0103tar sunt f\u0103cute cu miel adev\u0103rat \u0219i alte ingrediente de calitate pentru a oferi at\u00e2t pl\u0103cere, c\u00e2t \u0219i beneficii animalului dvs. de companie.<\/p>\n<p>Tratamentul are un gust \u0219i o arom\u0103 bogate de care se vor bucura chiar \u0219i cei mai preten\u021bio\u0219i c\u00e2ini. Forma \u0219i textura sa unic\u0103 promoveaz\u0103 mestecatul activ, care ajut\u0103 la men\u021binerea din\u021bilor \u0219i gingiilor s\u0103n\u0103to\u0219i \u0219i dezvolt\u0103 mu\u0219chii de mestecat.<\/p>\n<h3>Ingrediente principale:<\/h3>\n<ul>\n<li>Carne de miel<\/li>\n<li>Amidon<\/li>\n<li>Glicerol<\/li>\n<li>Arome naturale (aroma BBQ)<\/li>\n<\/ul>\n<h3>Compozi\u021bia analitic\u0103:<\/h3>\n<ul>\n<li>Proteine: 48%<\/li>\n<li>Gr\u0103sime: 4%<\/li>\n<li>Frasin\u0103: 3%<\/li>\n<li>Umiditate: 14%<\/li>\n<li>Fibr\u0103: 1%<\/li>\n<\/ul>\n<h3>Aditivi alimentari (la 1 kg):<\/h3>\n<ul>\n<li>Vitamina A: 4.500 UI<\/li>\n<li>Vitamina D3: 450 UI<\/li>\n<li>Vitamina E: 45 mg<\/li>\n<li>Zinc: 18 mg<\/li>\n<li>Fier: 9 mg<\/li>\n<li>Mangan: 2,5 mg<\/li>\n<\/ul>\n<p>Comanda azi delicatesele cotlete de miel 100g si ofera-i animalului tau o nutritie si sanatate adecvata!<\/p>","protected":false},"excerpt":{"rendered":"<p>Produsul sus\u021bine perfect s\u0103n\u0103tatea din\u021bilor \u0219i gingiilor animalului dvs. de companie. Delicatesa este facuta din ingrediente naturale.<\/p>","protected":false},"featured_media":91203,"comment_status":"closed","ping_status":"closed","template":"","meta":[],"product_brand":[],"product_cat":[136,293,425],"product_tag":[813,856,887,888,180,889],"class_list":{"0":"post-88587","1":"product","2":"type-product","3":"status-publish","4":"has-post-thumbnail","6":"product_cat-dog","7":"product_cat-dogfood","8":"product_cat-dog-treats","9":"product_tag-4dog","10":"product_tag-4dog-goodies","11":"product_tag-barani-otbivnye","12":"product_tag-barani-otbivnye-100g","13":"product_tag-lakomstvo","14":"product_tag-otbivnye","15":"pa_age-pet-lyuboj-vozrast","16":"pa_brand-4dog-goodies","17":"pa_breed-size-dlya-vseh-porod","18":"pa_feed-class-super-premium","19":"pa_meat-ingredients-baranina","20":"pa_packaging-pauchi","21":"pa_pet-sobaka","22":"pa_pet-feature-zdorovyj-pitomecz","23":"pa_type-feed-lakomstvo","24":"pa_weight-100-gr","26":"first","27":"instock","28":"shipping-taxable","29":"product-type-simple"},"yoast_head":"<!-- This site is optimized with the Yoast SEO Premium plugin v23.7 (Yoast SEO v27.5) - https:\/\/yoast.com\/product\/yoast-seo-premium-wordpress\/ -->\n<title>4DOG GOODIES BARBECUE. \u041b\u0430\u043a\u043e\u043c\u0441\u0442\u0432\u043e \u0434\u043b\u044f \u0441\u043e\u0431\u0430\u043a \u0431\u0430\u0440\u0430\u043d\u044c\u0438 \u043e\u0442\u0431\u0438\u0432\u043d\u044b\u0435 100\u0433<\/title>\n<meta name=\"description\" content=\"\u041a\u0443\u043f\u0438\u0442\u044c 4DOG GOODIES BARBECUE. \u041b\u0430\u043a\u043e\u043c\u0441\u0442\u0432\u043e \u0434\u043b\u044f \u0441\u043e\u0431\u0430\u043a \u0431\u0430\u0440\u0430\u043d\u044c\u0438 \u043e\u0442\u0431\u0438\u0432\u043d\u044b\u0435 100\u0433 \u0441 \u0434\u043e\u0441\u0442\u0430\u0432\u043a\u043e\u0439 \u043f\u043e \u041a\u0438\u0448\u0438\u043d\u0435\u0432\u0443 \u0438 \u0432\u0441\u0435\u0439 \u041c\u043e\u043b\u0434\u043e\u0432\u0435 \u043d\u0430 Pet24\" \/>\n<meta name=\"robots\" content=\"index, follow, max-snippet:-1, max-image-preview:large, max-video-preview:-1\" \/>\n<link rel=\"canonical\" href=\"https:\/\/pet24.md\/ro\/produs\/4dog-goodies-barbecue-lakomstvo-dlya-sobak-barani-otbivnye-100g\/\" \/>\n<meta property=\"og:locale\" content=\"ro_RO\" \/>\n<meta property=\"og:type\" content=\"article\" \/>\n<meta property=\"og:title\" content=\"4DOG GOODIES BARBECUE. \u041b\u0430\u043a\u043e\u043c\u0441\u0442\u0432\u043e \u0434\u043b\u044f \u0441\u043e\u0431\u0430\u043a \u0431\u0430\u0440\u0430\u043d\u044c\u0438 \u043e\u0442\u0431\u0438\u0432\u043d\u044b\u0435 100\u0433\" \/>\n<meta property=\"og:description\" content=\"\u041a\u0443\u043f\u0438\u0442\u044c 4DOG GOODIES BARBECUE. \u041b\u0430\u043a\u043e\u043c\u0441\u0442\u0432\u043e \u0434\u043b\u044f \u0441\u043e\u0431\u0430\u043a \u0431\u0430\u0440\u0430\u043d\u044c\u0438 \u043e\u0442\u0431\u0438\u0432\u043d\u044b\u0435 100\u0433 \u0441 \u0434\u043e\u0441\u0442\u0430\u0432\u043a\u043e\u0439 \u043f\u043e \u041a\u0438\u0448\u0438\u043d\u0435\u0432\u0443 \u0438 \u0432\u0441\u0435\u0439 \u041c\u043e\u043b\u0434\u043e\u0432\u0435 \u043d\u0430 Pet24\" \/>\n<meta property=\"og:url\" content=\"https:\/\/pet24.md\/ro\/produs\/4dog-goodies-barbecue-lakomstvo-dlya-sobak-barani-otbivnye-100g\/\" \/>\n<meta property=\"og:site_name\" content=\"Pet24\" \/>\n<meta property=\"article:publisher\" content=\"https:\/\/www.facebook.com\/pet24.md\" \/>\n<meta property=\"article:modified_time\" content=\"2024-09-22T22:17:21+00:00\" \/>\n<meta property=\"og:image\" content=\"https:\/\/pet24.md\/wp-content\/uploads\/2024\/09\/4dog_goodies_barbecue_barani_otbivnye_100g.webp\" \/>\n\t<meta property=\"og:image:width\" content=\"600\" \/>\n\t<meta property=\"og:image:height\" content=\"600\" \/>\n\t<meta property=\"og:image:type\" content=\"image\/webp\" \/>\n<meta name=\"twitter:card\" content=\"summary_large_image\" \/>\n<script type=\"application\/ld+json\" class=\"yoast-schema-graph\">{\"@context\":\"https:\\\/\\\/schema.org\",\"@graph\":[{\"@type\":\"WebPage\",\"@id\":\"https:\\\/\\\/pet24.md\\\/product\\\/4dog-goodies-barbecue-lakomstvo-dlya-sobak-barani-otbivnye-100g\\\/\",\"url\":\"https:\\\/\\\/pet24.md\\\/product\\\/4dog-goodies-barbecue-lakomstvo-dlya-sobak-barani-otbivnye-100g\\\/\",\"name\":\"4DOG GOODIES BARBECUE. \u041b\u0430\u043a\u043e\u043c\u0441\u0442\u0432\u043e \u0434\u043b\u044f \u0441\u043e\u0431\u0430\u043a \u0431\u0430\u0440\u0430\u043d\u044c\u0438 \u043e\u0442\u0431\u0438\u0432\u043d\u044b\u0435 100\u0433\",\"isPartOf\":{\"@id\":\"https:\\\/\\\/pet24.md\\\/#website\"},\"primaryImageOfPage\":{\"@id\":\"https:\\\/\\\/pet24.md\\\/product\\\/4dog-goodies-barbecue-lakomstvo-dlya-sobak-barani-otbivnye-100g\\\/#primaryimage\"},\"image\":{\"@id\":\"https:\\\/\\\/pet24.md\\\/product\\\/4dog-goodies-barbecue-lakomstvo-dlya-sobak-barani-otbivnye-100g\\\/#primaryimage\"},\"thumbnailUrl\":\"https:\\\/\\\/pet24.md\\\/wp-content\\\/uploads\\\/2024\\\/09\\\/4dog_goodies_barbecue_barani_otbivnye_100g.webp\",\"datePublished\":\"2024-09-03T18:06:17+00:00\",\"dateModified\":\"2024-09-22T22:17:21+00:00\",\"description\":\"\u041a\u0443\u043f\u0438\u0442\u044c 4DOG GOODIES BARBECUE. \u041b\u0430\u043a\u043e\u043c\u0441\u0442\u0432\u043e \u0434\u043b\u044f \u0441\u043e\u0431\u0430\u043a \u0431\u0430\u0440\u0430\u043d\u044c\u0438 \u043e\u0442\u0431\u0438\u0432\u043d\u044b\u0435 100\u0433 \u0441 \u0434\u043e\u0441\u0442\u0430\u0432\u043a\u043e\u0439 \u043f\u043e \u041a\u0438\u0448\u0438\u043d\u0435\u0432\u0443 \u0438 \u0432\u0441\u0435\u0439 \u041c\u043e\u043b\u0434\u043e\u0432\u0435 \u043d\u0430 Pet24\",\"breadcrumb\":{\"@id\":\"https:\\\/\\\/pet24.md\\\/product\\\/4dog-goodies-barbecue-lakomstvo-dlya-sobak-barani-otbivnye-100g\\\/#breadcrumb\"},\"inLanguage\":\"ro-RO\",\"potentialAction\":[{\"@type\":\"ReadAction\",\"target\":[\"https:\\\/\\\/pet24.md\\\/product\\\/4dog-goodies-barbecue-lakomstvo-dlya-sobak-barani-otbivnye-100g\\\/\"]}]},{\"@type\":\"ImageObject\",\"inLanguage\":\"ro-RO\",\"@id\":\"https:\\\/\\\/pet24.md\\\/product\\\/4dog-goodies-barbecue-lakomstvo-dlya-sobak-barani-otbivnye-100g\\\/#primaryimage\",\"url\":\"https:\\\/\\\/pet24.md\\\/wp-content\\\/uploads\\\/2024\\\/09\\\/4dog_goodies_barbecue_barani_otbivnye_100g.webp\",\"contentUrl\":\"https:\\\/\\\/pet24.md\\\/wp-content\\\/uploads\\\/2024\\\/09\\\/4dog_goodies_barbecue_barani_otbivnye_100g.webp\",\"width\":600,\"height\":600,\"caption\":\"4DOG GOODIES BARBECUE. \u0411\u0430\u0440\u0430\u043d\u044c\u0438 \u043e\u0442\u0431\u0438\u0432\u043d\u044b\u0435 100\u0433\"},{\"@type\":\"BreadcrumbList\",\"@id\":\"https:\\\/\\\/pet24.md\\\/product\\\/4dog-goodies-barbecue-lakomstvo-dlya-sobak-barani-otbivnye-100g\\\/#breadcrumb\",\"itemListElement\":[{\"@type\":\"ListItem\",\"position\":1,\"name\":\"\u0413\u043b\u0430\u0432\u043d\u0430\u044f \u0441\u0442\u0440\u0430\u043d\u0438\u0446\u0430\",\"item\":\"https:\\\/\\\/pet24.md\\\/\"},{\"@type\":\"ListItem\",\"position\":2,\"name\":\"\u041c\u0430\u0433\u0430\u0437\u0438\u043d\",\"item\":\"https:\\\/\\\/pet24.md\\\/shop\\\/\"},{\"@type\":\"ListItem\",\"position\":3,\"name\":\"4DOG GOODIES BARBECUE. \u041b\u0430\u043a\u043e\u043c\u0441\u0442\u0432\u043e \u0434\u043b\u044f \u0441\u043e\u0431\u0430\u043a \u0431\u0430\u0440\u0430\u043d\u044c\u0438 \u043e\u0442\u0431\u0438\u0432\u043d\u044b\u0435 100\u0433\"}]},{\"@type\":\"WebSite\",\"@id\":\"https:\\\/\\\/pet24.md\\\/#website\",\"url\":\"https:\\\/\\\/pet24.md\\\/\",\"name\":\"Pet24\",\"description\":\"\u0417\u043e\u043e\u043c\u0430\u0433\u0430\u0437\u0438\u043d \u0442\u043e\u0432\u0430\u0440\u043e\u0432 \u0434\u043b\u044f \u0434\u043e\u043c\u0430\u0448\u043d\u0438\u0445 \u043f\u0438\u0442\u043e\u043c\u0446\u0435\u0432\",\"publisher\":{\"@id\":\"https:\\\/\\\/pet24.md\\\/#organization\"},\"potentialAction\":[{\"@type\":\"SearchAction\",\"target\":{\"@type\":\"EntryPoint\",\"urlTemplate\":\"https:\\\/\\\/pet24.md\\\/?s={search_term_string}\"},\"query-input\":{\"@type\":\"PropertyValueSpecification\",\"valueRequired\":true,\"valueName\":\"search_term_string\"}}],\"inLanguage\":\"ro-RO\"},{\"@type\":\"Organization\",\"@id\":\"https:\\\/\\\/pet24.md\\\/#organization\",\"name\":\"Pet24\",\"url\":\"https:\\\/\\\/pet24.md\\\/\",\"logo\":{\"@type\":\"ImageObject\",\"inLanguage\":\"ro-RO\",\"@id\":\"https:\\\/\\\/pet24.md\\\/#\\\/schema\\\/logo\\\/image\\\/\",\"url\":\"https:\\\/\\\/pet24.md\\\/wp-content\\\/uploads\\\/2024\\\/09\\\/logo.svg\",\"contentUrl\":\"https:\\\/\\\/pet24.md\\\/wp-content\\\/uploads\\\/2024\\\/09\\\/logo.svg\",\"width\":215,\"height\":66,\"caption\":\"Pet24\"},\"image\":{\"@id\":\"https:\\\/\\\/pet24.md\\\/#\\\/schema\\\/logo\\\/image\\\/\"},\"sameAs\":[\"https:\\\/\\\/www.facebook.com\\\/pet24.md\",\"https:\\\/\\\/www.instagram.com\\\/pet24.md\\\/\"],\"telephone\":\"+37360508880\"}]}<\/script>\n<!-- \/ Yoast SEO Premium plugin. -->","yoast_head_json":{"title":"GR\u0102TAR 4 BUN\u0102URI C\u00c2INE. Cotlete de miel pentru c\u00e2ini 100g","description":"\u041a\u0443\u043f\u0438\u0442\u044c 4DOG GOODIES BARBECUE. \u041b\u0430\u043a\u043e\u043c\u0441\u0442\u0432\u043e \u0434\u043b\u044f \u0441\u043e\u0431\u0430\u043a \u0431\u0430\u0440\u0430\u043d\u044c\u0438 \u043e\u0442\u0431\u0438\u0432\u043d\u044b\u0435 100\u0433 \u0441 \u0434\u043e\u0441\u0442\u0430\u0432\u043a\u043e\u0439 \u043f\u043e \u041a\u0438\u0448\u0438\u043d\u0435\u0432\u0443 \u0438 \u0432\u0441\u0435\u0439 \u041c\u043e\u043b\u0434\u043e\u0432\u0435 \u043d\u0430 Pet24","robots":{"index":"index","follow":"follow","max-snippet":"max-snippet:-1","max-image-preview":"max-image-preview:large","max-video-preview":"max-video-preview:-1"},"canonical":"https:\/\/pet24.md\/ro\/produs\/4dog-goodies-barbecue-lakomstvo-dlya-sobak-barani-otbivnye-100g\/","og_locale":"ro_RO","og_type":"article","og_title":"4DOG GOODIES BARBECUE. \u041b\u0430\u043a\u043e\u043c\u0441\u0442\u0432\u043e \u0434\u043b\u044f \u0441\u043e\u0431\u0430\u043a \u0431\u0430\u0440\u0430\u043d\u044c\u0438 \u043e\u0442\u0431\u0438\u0432\u043d\u044b\u0435 100\u0433","og_description":"\u041a\u0443\u043f\u0438\u0442\u044c 4DOG GOODIES BARBECUE. \u041b\u0430\u043a\u043e\u043c\u0441\u0442\u0432\u043e \u0434\u043b\u044f \u0441\u043e\u0431\u0430\u043a \u0431\u0430\u0440\u0430\u043d\u044c\u0438 \u043e\u0442\u0431\u0438\u0432\u043d\u044b\u0435 100\u0433 \u0441 \u0434\u043e\u0441\u0442\u0430\u0432\u043a\u043e\u0439 \u043f\u043e \u041a\u0438\u0448\u0438\u043d\u0435\u0432\u0443 \u0438 \u0432\u0441\u0435\u0439 \u041c\u043e\u043b\u0434\u043e\u0432\u0435 \u043d\u0430 Pet24","og_url":"https:\/\/pet24.md\/ro\/produs\/4dog-goodies-barbecue-lakomstvo-dlya-sobak-barani-otbivnye-100g\/","og_site_name":"Pet24","article_publisher":"https:\/\/www.facebook.com\/pet24.md","article_modified_time":"2024-09-22T22:17:21+00:00","og_image":[{"width":600,"height":600,"url":"https:\/\/pet24.md\/wp-content\/uploads\/2024\/09\/4dog_goodies_barbecue_barani_otbivnye_100g.webp","type":"image\/webp"}],"twitter_card":"summary_large_image","schema":{"@context":"https:\/\/schema.org","@graph":[{"@type":"WebPage","@id":"https:\/\/pet24.md\/product\/4dog-goodies-barbecue-lakomstvo-dlya-sobak-barani-otbivnye-100g\/","url":"https:\/\/pet24.md\/product\/4dog-goodies-barbecue-lakomstvo-dlya-sobak-barani-otbivnye-100g\/","name":"GR\u0102TAR 4 BUN\u0102URI C\u00c2INE. Cotlete de miel pentru c\u00e2ini 100g","isPartOf":{"@id":"https:\/\/pet24.md\/#website"},"primaryImageOfPage":{"@id":"https:\/\/pet24.md\/product\/4dog-goodies-barbecue-lakomstvo-dlya-sobak-barani-otbivnye-100g\/#primaryimage"},"image":{"@id":"https:\/\/pet24.md\/product\/4dog-goodies-barbecue-lakomstvo-dlya-sobak-barani-otbivnye-100g\/#primaryimage"},"thumbnailUrl":"https:\/\/pet24.md\/wp-content\/uploads\/2024\/09\/4dog_goodies_barbecue_barani_otbivnye_100g.webp","datePublished":"2024-09-03T18:06:17+00:00","dateModified":"2024-09-22T22:17:21+00:00","description":"\u041a\u0443\u043f\u0438\u0442\u044c 4DOG GOODIES BARBECUE. \u041b\u0430\u043a\u043e\u043c\u0441\u0442\u0432\u043e \u0434\u043b\u044f \u0441\u043e\u0431\u0430\u043a \u0431\u0430\u0440\u0430\u043d\u044c\u0438 \u043e\u0442\u0431\u0438\u0432\u043d\u044b\u0435 100\u0433 \u0441 \u0434\u043e\u0441\u0442\u0430\u0432\u043a\u043e\u0439 \u043f\u043e \u041a\u0438\u0448\u0438\u043d\u0435\u0432\u0443 \u0438 \u0432\u0441\u0435\u0439 \u041c\u043e\u043b\u0434\u043e\u0432\u0435 \u043d\u0430 Pet24","breadcrumb":{"@id":"https:\/\/pet24.md\/product\/4dog-goodies-barbecue-lakomstvo-dlya-sobak-barani-otbivnye-100g\/#breadcrumb"},"inLanguage":"ro-RO","potentialAction":[{"@type":"ReadAction","target":["https:\/\/pet24.md\/product\/4dog-goodies-barbecue-lakomstvo-dlya-sobak-barani-otbivnye-100g\/"]}]},{"@type":"ImageObject","inLanguage":"ro-RO","@id":"https:\/\/pet24.md\/product\/4dog-goodies-barbecue-lakomstvo-dlya-sobak-barani-otbivnye-100g\/#primaryimage","url":"https:\/\/pet24.md\/wp-content\/uploads\/2024\/09\/4dog_goodies_barbecue_barani_otbivnye_100g.webp","contentUrl":"https:\/\/pet24.md\/wp-content\/uploads\/2024\/09\/4dog_goodies_barbecue_barani_otbivnye_100g.webp","width":600,"height":600,"caption":"4DOG GOODIES BARBECUE. \u0411\u0430\u0440\u0430\u043d\u044c\u0438 \u043e\u0442\u0431\u0438\u0432\u043d\u044b\u0435 100\u0433"},{"@type":"BreadcrumbList","@id":"https:\/\/pet24.md\/product\/4dog-goodies-barbecue-lakomstvo-dlya-sobak-barani-otbivnye-100g\/#breadcrumb","itemListElement":[{"@type":"ListItem","position":1,"name":"\u0413\u043b\u0430\u0432\u043d\u0430\u044f \u0441\u0442\u0440\u0430\u043d\u0438\u0446\u0430","item":"https:\/\/pet24.md\/"},{"@type":"ListItem","position":2,"name":"\u041c\u0430\u0433\u0430\u0437\u0438\u043d","item":"https:\/\/pet24.md\/shop\/"},{"@type":"ListItem","position":3,"name":"4DOG GOODIES BARBECUE. \u041b\u0430\u043a\u043e\u043c\u0441\u0442\u0432\u043e \u0434\u043b\u044f \u0441\u043e\u0431\u0430\u043a \u0431\u0430\u0440\u0430\u043d\u044c\u0438 \u043e\u0442\u0431\u0438\u0432\u043d\u044b\u0435 100\u0433"}]},{"@type":"WebSite","@id":"https:\/\/pet24.md\/#website","url":"https:\/\/pet24.md\/","name":"Pet24","description":"Magazin de animale de companie","publisher":{"@id":"https:\/\/pet24.md\/#organization"},"potentialAction":[{"@type":"SearchAction","target":{"@type":"EntryPoint","urlTemplate":"https:\/\/pet24.md\/?s={search_term_string}"},"query-input":{"@type":"PropertyValueSpecification","valueRequired":true,"valueName":"search_term_string"}}],"inLanguage":"ro-RO"},{"@type":"Organization","@id":"https:\/\/pet24.md\/#organization","name":"Pet24","url":"https:\/\/pet24.md\/","logo":{"@type":"ImageObject","inLanguage":"ro-RO","@id":"https:\/\/pet24.md\/#\/schema\/logo\/image\/","url":"https:\/\/pet24.md\/wp-content\/uploads\/2024\/09\/logo.svg","contentUrl":"https:\/\/pet24.md\/wp-content\/uploads\/2024\/09\/logo.svg","width":215,"height":66,"caption":"Pet24"},"image":{"@id":"https:\/\/pet24.md\/#\/schema\/logo\/image\/"},"sameAs":["https:\/\/www.facebook.com\/pet24.md","https:\/\/www.instagram.com\/pet24.md\/"],"telephone":"+37360508880"}]}},"_links":{"self":[{"href":"https:\/\/pet24.md\/ro\/wp-json\/wp\/v2\/product\/88587","targetHints":{"allow":["GET"]}}],"collection":[{"href":"https:\/\/pet24.md\/ro\/wp-json\/wp\/v2\/product"}],"about":[{"href":"https:\/\/pet24.md\/ro\/wp-json\/wp\/v2\/types\/product"}],"replies":[{"embeddable":true,"href":"https:\/\/pet24.md\/ro\/wp-json\/wp\/v2\/comments?post=88587"}],"wp:featuredmedia":[{"embeddable":true,"href":"https:\/\/pet24.md\/ro\/wp-json\/wp\/v2\/media\/91203"}],"wp:attachment":[{"href":"https:\/\/pet24.md\/ro\/wp-json\/wp\/v2\/media?parent=88587"}],"wp:term":[{"taxonomy":"product_brand","embeddable":true,"href":"https:\/\/pet24.md\/ro\/wp-json\/wp\/v2\/product_brand?post=88587"},{"taxonomy":"product_cat","embeddable":true,"href":"https:\/\/pet24.md\/ro\/wp-json\/wp\/v2\/product_cat?post=88587"},{"taxonomy":"product_tag","embeddable":true,"href":"https:\/\/pet24.md\/ro\/wp-json\/wp\/v2\/product_tag?post=88587"}],"curies":[{"name":"wp","href":"https:\/\/api.w.org\/{rel}","templated":true}]}}