{"id":88599,"date":"2024-09-03T18:07:16","date_gmt":"2024-09-03T18:07:16","guid":{"rendered":"https:\/\/pet24.md\/?post_type=product&#038;p=88599"},"modified":"2024-09-22T22:17:22","modified_gmt":"2024-09-22T22:17:22","slug":"4dog-goodies-lakomstvo-dlya-sobak-myagkie-kurinye-lomtiki-100g","status":"publish","type":"product","link":"https:\/\/pet24.md\/ro\/produs\/4dog-goodies-lakomstvo-dlya-sobak-myagkie-kurinye-lomtiki-100g\/","title":{"rendered":"4 BUN\u0102TURI pentru c\u00e2ini. Tratament pentru c\u00e2ini felii moi de pui 100g"},"content":{"rendered":"<p><strong>4DOG GOODIES felii moi de pui 100g<\/strong><\/p>\n<p><strong>4C\u00c2INE <\/strong>este un tratament delicios \u0219i s\u0103n\u0103tos pentru c\u00e2ini, f\u0103cut din carne de pui de \u00eenalt\u0103 calitate. Aceste cro\u0219ete fragede sunt un adaos excelent pentru dieta animalului dvs. de companie, oferind proteine \u0219i vitamine esen\u021biale pentru men\u021binerea s\u0103n\u0103t\u0103\u021bii \u0219i a energiei.<\/p>\n<p>Tratamentul are o textur\u0103 moale, f\u0103c\u00e2ndu-l ideal pentru c\u00e2ini de orice v\u00e2rst\u0103 \u0219i dimensiune. Buc\u0103\u021bile moi de pui sunt u\u0219or de mestecat \u0219i digerat, ceea ce ajut\u0103 la men\u021binerea din\u021bilor \u0219i gingiilor s\u0103n\u0103toase \u0219i \u00eembun\u0103t\u0103\u021be\u0219te abilit\u0103\u021bile de mestecat. Compozi\u021bia con\u021bine doar ingrediente naturale, f\u0103r\u0103 aditivi sau conservan\u021bi artificiali, ceea ce garanteaz\u0103 calitate \u0219i gust \u00eenalte pe care \u0219i cel mai preten\u021bios animal de companie le va aprecia.<\/p>\n<p><strong>Ingrediente principale:<\/strong><\/p>\n<ul>\n<li>Carne de pui<\/li>\n<li>Amidon<\/li>\n<li>Glicerol<\/li>\n<li>Arome naturale<\/li>\n<\/ul>\n<p><strong>Compozi\u021bia analitic\u0103:<\/strong><\/p>\n<ul>\n<li>Proteine: 30%<\/li>\n<li>Gr\u0103sime: 5%<\/li>\n<li>Frasin\u0103: 2%<\/li>\n<li>Umiditate: 15%<\/li>\n<li>Fibr\u0103: 1%<\/li>\n<\/ul>\n<p><strong>Aditivi alimentari (la 1 kg):<\/strong><\/p>\n<ul>\n<li>Vitamina A: 3.000 UI<\/li>\n<li>Vitamina D3: 300 UI<\/li>\n<li>Vitamina E: 20 mg<\/li>\n<li>Zinc: 10 mg<\/li>\n<li>Fier: 5 mg<\/li>\n<li>Mangan: 1 mg<\/li>\n<\/ul>\n<p>Comand\u0103 ast\u0103zi felii moi de pui de 100 g \u0219i asigur\u0103-i animalului t\u0103u o nutri\u021bie \u0219i o s\u0103n\u0103tate adecvate!<\/p>","protected":false},"excerpt":{"rendered":"<p>Acesta este r\u0103sf\u0103\u021bul pe care animalul t\u0103u \u00eel va cere \u00een mod constant. Men\u021bine din\u021bii \u0219i gingiile prietenului t\u0103u s\u0103n\u0103to\u0219i.<\/p>","protected":false},"featured_media":91207,"comment_status":"closed","ping_status":"closed","template":"","meta":[],"product_brand":[],"product_cat":[136,293,425],"product_tag":[813,856,897,898,180,891,899,480],"class_list":{"0":"post-88599","1":"product","2":"type-product","3":"status-publish","4":"has-post-thumbnail","6":"product_cat-dog","7":"product_cat-dogfood","8":"product_cat-dog-treats","9":"product_tag-4dog","10":"product_tag-4dog-goodies","11":"product_tag-classic","12":"product_tag-kurinye-lomtiki","13":"product_tag-lakomstvo","14":"product_tag-lomtiki","15":"product_tag-myagkie-kurinye-lomtiki-100g","16":"product_tag-sobaka","17":"pa_age-pet-lyuboj-vozrast","18":"pa_brand-4dog-goodies","19":"pa_breed-size-dlya-vseh-porod","20":"pa_feed-class-super-premium","21":"pa_meat-ingredients-kuricza","22":"pa_packaging-pauchi","23":"pa_pet-sobaka","24":"pa_pet-feature-zdorovyj-pitomecz","25":"pa_type-feed-lakomstvo","26":"pa_weight-100-gr","28":"first","29":"instock","30":"shipping-taxable","31":"product-type-simple"},"yoast_head":"<!-- This site is optimized with the Yoast SEO Premium plugin v23.7 (Yoast SEO v27.5) - https:\/\/yoast.com\/product\/yoast-seo-premium-wordpress\/ -->\n<title>4Dog GOODIES. \u041b\u0430\u043a\u043e\u043c\u0441\u0442\u0432\u043e \u0434\u043b\u044f \u0441\u043e\u0431\u0430\u043a \u043c\u044f\u0433\u043a\u0438\u0435 \u043a\u0443\u0440\u0438\u043d\u044b\u0435 \u043b\u043e\u043c\u0442\u0438\u043a\u0438 100\u0433<\/title>\n<meta name=\"description\" content=\"\u041a\u0443\u043f\u0438\u0442\u044c 4Dog GOODIES. \u041b\u0430\u043a\u043e\u043c\u0441\u0442\u0432\u043e \u0434\u043b\u044f \u0441\u043e\u0431\u0430\u043a \u043c\u044f\u0433\u043a\u0438\u0435 \u043a\u0443\u0440\u0438\u043d\u044b\u0435 \u043b\u043e\u043c\u0442\u0438\u043a\u0438 100\u0433 \u0441 \u0434\u043e\u0441\u0442\u0430\u0432\u043a\u043e\u0439 \u043f\u043e \u041a\u0438\u0448\u0438\u043d\u0435\u0432\u0443 \u0438 \u0432\u0441\u0435\u0439 \u041c\u043e\u043b\u0434\u043e\u0432\u0435 \u043d\u0430 Pet24\" \/>\n<meta name=\"robots\" content=\"index, follow, max-snippet:-1, max-image-preview:large, max-video-preview:-1\" \/>\n<link rel=\"canonical\" href=\"https:\/\/pet24.md\/ro\/produs\/4dog-goodies-lakomstvo-dlya-sobak-myagkie-kurinye-lomtiki-100g\/\" \/>\n<meta property=\"og:locale\" content=\"ro_RO\" \/>\n<meta property=\"og:type\" content=\"article\" \/>\n<meta property=\"og:title\" content=\"4Dog GOODIES. \u041b\u0430\u043a\u043e\u043c\u0441\u0442\u0432\u043e \u0434\u043b\u044f \u0441\u043e\u0431\u0430\u043a \u043c\u044f\u0433\u043a\u0438\u0435 \u043a\u0443\u0440\u0438\u043d\u044b\u0435 \u043b\u043e\u043c\u0442\u0438\u043a\u0438 100\u0433\" \/>\n<meta property=\"og:description\" content=\"\u041a\u0443\u043f\u0438\u0442\u044c 4Dog GOODIES. \u041b\u0430\u043a\u043e\u043c\u0441\u0442\u0432\u043e \u0434\u043b\u044f \u0441\u043e\u0431\u0430\u043a \u043c\u044f\u0433\u043a\u0438\u0435 \u043a\u0443\u0440\u0438\u043d\u044b\u0435 \u043b\u043e\u043c\u0442\u0438\u043a\u0438 100\u0433 \u0441 \u0434\u043e\u0441\u0442\u0430\u0432\u043a\u043e\u0439 \u043f\u043e \u041a\u0438\u0448\u0438\u043d\u0435\u0432\u0443 \u0438 \u0432\u0441\u0435\u0439 \u041c\u043e\u043b\u0434\u043e\u0432\u0435 \u043d\u0430 Pet24\" \/>\n<meta property=\"og:url\" content=\"https:\/\/pet24.md\/ro\/produs\/4dog-goodies-lakomstvo-dlya-sobak-myagkie-kurinye-lomtiki-100g\/\" \/>\n<meta property=\"og:site_name\" content=\"Pet24\" \/>\n<meta property=\"article:publisher\" content=\"https:\/\/www.facebook.com\/pet24.md\" \/>\n<meta property=\"article:modified_time\" content=\"2024-09-22T22:17:22+00:00\" \/>\n<meta property=\"og:image\" content=\"https:\/\/pet24.md\/wp-content\/uploads\/2024\/09\/4dog_goodies_myagkie_kurinye_lomtiki_100g.webp\" \/>\n\t<meta property=\"og:image:width\" content=\"600\" \/>\n\t<meta property=\"og:image:height\" content=\"600\" \/>\n\t<meta property=\"og:image:type\" content=\"image\/webp\" \/>\n<meta name=\"twitter:card\" content=\"summary_large_image\" \/>\n<script type=\"application\/ld+json\" class=\"yoast-schema-graph\">{\"@context\":\"https:\\\/\\\/schema.org\",\"@graph\":[{\"@type\":\"WebPage\",\"@id\":\"https:\\\/\\\/pet24.md\\\/product\\\/4dog-goodies-lakomstvo-dlya-sobak-myagkie-kurinye-lomtiki-100g\\\/\",\"url\":\"https:\\\/\\\/pet24.md\\\/product\\\/4dog-goodies-lakomstvo-dlya-sobak-myagkie-kurinye-lomtiki-100g\\\/\",\"name\":\"4Dog GOODIES. \u041b\u0430\u043a\u043e\u043c\u0441\u0442\u0432\u043e \u0434\u043b\u044f \u0441\u043e\u0431\u0430\u043a \u043c\u044f\u0433\u043a\u0438\u0435 \u043a\u0443\u0440\u0438\u043d\u044b\u0435 \u043b\u043e\u043c\u0442\u0438\u043a\u0438 100\u0433\",\"isPartOf\":{\"@id\":\"https:\\\/\\\/pet24.md\\\/#website\"},\"primaryImageOfPage\":{\"@id\":\"https:\\\/\\\/pet24.md\\\/product\\\/4dog-goodies-lakomstvo-dlya-sobak-myagkie-kurinye-lomtiki-100g\\\/#primaryimage\"},\"image\":{\"@id\":\"https:\\\/\\\/pet24.md\\\/product\\\/4dog-goodies-lakomstvo-dlya-sobak-myagkie-kurinye-lomtiki-100g\\\/#primaryimage\"},\"thumbnailUrl\":\"https:\\\/\\\/pet24.md\\\/wp-content\\\/uploads\\\/2024\\\/09\\\/4dog_goodies_myagkie_kurinye_lomtiki_100g.webp\",\"datePublished\":\"2024-09-03T18:07:16+00:00\",\"dateModified\":\"2024-09-22T22:17:22+00:00\",\"description\":\"\u041a\u0443\u043f\u0438\u0442\u044c 4Dog GOODIES. \u041b\u0430\u043a\u043e\u043c\u0441\u0442\u0432\u043e \u0434\u043b\u044f \u0441\u043e\u0431\u0430\u043a \u043c\u044f\u0433\u043a\u0438\u0435 \u043a\u0443\u0440\u0438\u043d\u044b\u0435 \u043b\u043e\u043c\u0442\u0438\u043a\u0438 100\u0433 \u0441 \u0434\u043e\u0441\u0442\u0430\u0432\u043a\u043e\u0439 \u043f\u043e \u041a\u0438\u0448\u0438\u043d\u0435\u0432\u0443 \u0438 \u0432\u0441\u0435\u0439 \u041c\u043e\u043b\u0434\u043e\u0432\u0435 \u043d\u0430 Pet24\",\"breadcrumb\":{\"@id\":\"https:\\\/\\\/pet24.md\\\/product\\\/4dog-goodies-lakomstvo-dlya-sobak-myagkie-kurinye-lomtiki-100g\\\/#breadcrumb\"},\"inLanguage\":\"ro-RO\",\"potentialAction\":[{\"@type\":\"ReadAction\",\"target\":[\"https:\\\/\\\/pet24.md\\\/product\\\/4dog-goodies-lakomstvo-dlya-sobak-myagkie-kurinye-lomtiki-100g\\\/\"]}]},{\"@type\":\"ImageObject\",\"inLanguage\":\"ro-RO\",\"@id\":\"https:\\\/\\\/pet24.md\\\/product\\\/4dog-goodies-lakomstvo-dlya-sobak-myagkie-kurinye-lomtiki-100g\\\/#primaryimage\",\"url\":\"https:\\\/\\\/pet24.md\\\/wp-content\\\/uploads\\\/2024\\\/09\\\/4dog_goodies_myagkie_kurinye_lomtiki_100g.webp\",\"contentUrl\":\"https:\\\/\\\/pet24.md\\\/wp-content\\\/uploads\\\/2024\\\/09\\\/4dog_goodies_myagkie_kurinye_lomtiki_100g.webp\",\"width\":600,\"height\":600,\"caption\":\"4DOG GOODIES. \u041c\u044f\u0433\u043a\u0438\u0435 \u043a\u0443\u0440\u0438\u043d\u044b\u0435 \u043b\u043e\u043c\u0442\u0438\u043a\u0438 100\u0433\"},{\"@type\":\"BreadcrumbList\",\"@id\":\"https:\\\/\\\/pet24.md\\\/product\\\/4dog-goodies-lakomstvo-dlya-sobak-myagkie-kurinye-lomtiki-100g\\\/#breadcrumb\",\"itemListElement\":[{\"@type\":\"ListItem\",\"position\":1,\"name\":\"\u0413\u043b\u0430\u0432\u043d\u0430\u044f \u0441\u0442\u0440\u0430\u043d\u0438\u0446\u0430\",\"item\":\"https:\\\/\\\/pet24.md\\\/\"},{\"@type\":\"ListItem\",\"position\":2,\"name\":\"\u041c\u0430\u0433\u0430\u0437\u0438\u043d\",\"item\":\"https:\\\/\\\/pet24.md\\\/shop\\\/\"},{\"@type\":\"ListItem\",\"position\":3,\"name\":\"4Dog GOODIES. \u041b\u0430\u043a\u043e\u043c\u0441\u0442\u0432\u043e \u0434\u043b\u044f \u0441\u043e\u0431\u0430\u043a \u043c\u044f\u0433\u043a\u0438\u0435 \u043a\u0443\u0440\u0438\u043d\u044b\u0435 \u043b\u043e\u043c\u0442\u0438\u043a\u0438 100\u0433\"}]},{\"@type\":\"WebSite\",\"@id\":\"https:\\\/\\\/pet24.md\\\/#website\",\"url\":\"https:\\\/\\\/pet24.md\\\/\",\"name\":\"Pet24\",\"description\":\"\u0417\u043e\u043e\u043c\u0430\u0433\u0430\u0437\u0438\u043d \u0442\u043e\u0432\u0430\u0440\u043e\u0432 \u0434\u043b\u044f \u0434\u043e\u043c\u0430\u0448\u043d\u0438\u0445 \u043f\u0438\u0442\u043e\u043c\u0446\u0435\u0432\",\"publisher\":{\"@id\":\"https:\\\/\\\/pet24.md\\\/#organization\"},\"potentialAction\":[{\"@type\":\"SearchAction\",\"target\":{\"@type\":\"EntryPoint\",\"urlTemplate\":\"https:\\\/\\\/pet24.md\\\/?s={search_term_string}\"},\"query-input\":{\"@type\":\"PropertyValueSpecification\",\"valueRequired\":true,\"valueName\":\"search_term_string\"}}],\"inLanguage\":\"ro-RO\"},{\"@type\":\"Organization\",\"@id\":\"https:\\\/\\\/pet24.md\\\/#organization\",\"name\":\"Pet24\",\"url\":\"https:\\\/\\\/pet24.md\\\/\",\"logo\":{\"@type\":\"ImageObject\",\"inLanguage\":\"ro-RO\",\"@id\":\"https:\\\/\\\/pet24.md\\\/#\\\/schema\\\/logo\\\/image\\\/\",\"url\":\"https:\\\/\\\/pet24.md\\\/wp-content\\\/uploads\\\/2024\\\/09\\\/logo.svg\",\"contentUrl\":\"https:\\\/\\\/pet24.md\\\/wp-content\\\/uploads\\\/2024\\\/09\\\/logo.svg\",\"width\":215,\"height\":66,\"caption\":\"Pet24\"},\"image\":{\"@id\":\"https:\\\/\\\/pet24.md\\\/#\\\/schema\\\/logo\\\/image\\\/\"},\"sameAs\":[\"https:\\\/\\\/www.facebook.com\\\/pet24.md\",\"https:\\\/\\\/www.instagram.com\\\/pet24.md\\\/\"],\"telephone\":\"+37360508880\"}]}<\/script>\n<!-- \/ Yoast SEO Premium plugin. -->","yoast_head_json":{"title":"4 BUN\u0102TURI pentru c\u00e2ini. Tratament pentru c\u00e2ini felii moi de pui 100g","description":"\u041a\u0443\u043f\u0438\u0442\u044c 4Dog GOODIES. \u041b\u0430\u043a\u043e\u043c\u0441\u0442\u0432\u043e \u0434\u043b\u044f \u0441\u043e\u0431\u0430\u043a \u043c\u044f\u0433\u043a\u0438\u0435 \u043a\u0443\u0440\u0438\u043d\u044b\u0435 \u043b\u043e\u043c\u0442\u0438\u043a\u0438 100\u0433 \u0441 \u0434\u043e\u0441\u0442\u0430\u0432\u043a\u043e\u0439 \u043f\u043e \u041a\u0438\u0448\u0438\u043d\u0435\u0432\u0443 \u0438 \u0432\u0441\u0435\u0439 \u041c\u043e\u043b\u0434\u043e\u0432\u0435 \u043d\u0430 Pet24","robots":{"index":"index","follow":"follow","max-snippet":"max-snippet:-1","max-image-preview":"max-image-preview:large","max-video-preview":"max-video-preview:-1"},"canonical":"https:\/\/pet24.md\/ro\/produs\/4dog-goodies-lakomstvo-dlya-sobak-myagkie-kurinye-lomtiki-100g\/","og_locale":"ro_RO","og_type":"article","og_title":"4Dog GOODIES. \u041b\u0430\u043a\u043e\u043c\u0441\u0442\u0432\u043e \u0434\u043b\u044f \u0441\u043e\u0431\u0430\u043a \u043c\u044f\u0433\u043a\u0438\u0435 \u043a\u0443\u0440\u0438\u043d\u044b\u0435 \u043b\u043e\u043c\u0442\u0438\u043a\u0438 100\u0433","og_description":"\u041a\u0443\u043f\u0438\u0442\u044c 4Dog GOODIES. \u041b\u0430\u043a\u043e\u043c\u0441\u0442\u0432\u043e \u0434\u043b\u044f \u0441\u043e\u0431\u0430\u043a \u043c\u044f\u0433\u043a\u0438\u0435 \u043a\u0443\u0440\u0438\u043d\u044b\u0435 \u043b\u043e\u043c\u0442\u0438\u043a\u0438 100\u0433 \u0441 \u0434\u043e\u0441\u0442\u0430\u0432\u043a\u043e\u0439 \u043f\u043e \u041a\u0438\u0448\u0438\u043d\u0435\u0432\u0443 \u0438 \u0432\u0441\u0435\u0439 \u041c\u043e\u043b\u0434\u043e\u0432\u0435 \u043d\u0430 Pet24","og_url":"https:\/\/pet24.md\/ro\/produs\/4dog-goodies-lakomstvo-dlya-sobak-myagkie-kurinye-lomtiki-100g\/","og_site_name":"Pet24","article_publisher":"https:\/\/www.facebook.com\/pet24.md","article_modified_time":"2024-09-22T22:17:22+00:00","og_image":[{"width":600,"height":600,"url":"https:\/\/pet24.md\/wp-content\/uploads\/2024\/09\/4dog_goodies_myagkie_kurinye_lomtiki_100g.webp","type":"image\/webp"}],"twitter_card":"summary_large_image","schema":{"@context":"https:\/\/schema.org","@graph":[{"@type":"WebPage","@id":"https:\/\/pet24.md\/product\/4dog-goodies-lakomstvo-dlya-sobak-myagkie-kurinye-lomtiki-100g\/","url":"https:\/\/pet24.md\/product\/4dog-goodies-lakomstvo-dlya-sobak-myagkie-kurinye-lomtiki-100g\/","name":"4 BUN\u0102TURI pentru c\u00e2ini. Tratament pentru c\u00e2ini felii moi de pui 100g","isPartOf":{"@id":"https:\/\/pet24.md\/#website"},"primaryImageOfPage":{"@id":"https:\/\/pet24.md\/product\/4dog-goodies-lakomstvo-dlya-sobak-myagkie-kurinye-lomtiki-100g\/#primaryimage"},"image":{"@id":"https:\/\/pet24.md\/product\/4dog-goodies-lakomstvo-dlya-sobak-myagkie-kurinye-lomtiki-100g\/#primaryimage"},"thumbnailUrl":"https:\/\/pet24.md\/wp-content\/uploads\/2024\/09\/4dog_goodies_myagkie_kurinye_lomtiki_100g.webp","datePublished":"2024-09-03T18:07:16+00:00","dateModified":"2024-09-22T22:17:22+00:00","description":"\u041a\u0443\u043f\u0438\u0442\u044c 4Dog GOODIES. \u041b\u0430\u043a\u043e\u043c\u0441\u0442\u0432\u043e \u0434\u043b\u044f \u0441\u043e\u0431\u0430\u043a \u043c\u044f\u0433\u043a\u0438\u0435 \u043a\u0443\u0440\u0438\u043d\u044b\u0435 \u043b\u043e\u043c\u0442\u0438\u043a\u0438 100\u0433 \u0441 \u0434\u043e\u0441\u0442\u0430\u0432\u043a\u043e\u0439 \u043f\u043e \u041a\u0438\u0448\u0438\u043d\u0435\u0432\u0443 \u0438 \u0432\u0441\u0435\u0439 \u041c\u043e\u043b\u0434\u043e\u0432\u0435 \u043d\u0430 Pet24","breadcrumb":{"@id":"https:\/\/pet24.md\/product\/4dog-goodies-lakomstvo-dlya-sobak-myagkie-kurinye-lomtiki-100g\/#breadcrumb"},"inLanguage":"ro-RO","potentialAction":[{"@type":"ReadAction","target":["https:\/\/pet24.md\/product\/4dog-goodies-lakomstvo-dlya-sobak-myagkie-kurinye-lomtiki-100g\/"]}]},{"@type":"ImageObject","inLanguage":"ro-RO","@id":"https:\/\/pet24.md\/product\/4dog-goodies-lakomstvo-dlya-sobak-myagkie-kurinye-lomtiki-100g\/#primaryimage","url":"https:\/\/pet24.md\/wp-content\/uploads\/2024\/09\/4dog_goodies_myagkie_kurinye_lomtiki_100g.webp","contentUrl":"https:\/\/pet24.md\/wp-content\/uploads\/2024\/09\/4dog_goodies_myagkie_kurinye_lomtiki_100g.webp","width":600,"height":600,"caption":"4DOG GOODIES. \u041c\u044f\u0433\u043a\u0438\u0435 \u043a\u0443\u0440\u0438\u043d\u044b\u0435 \u043b\u043e\u043c\u0442\u0438\u043a\u0438 100\u0433"},{"@type":"BreadcrumbList","@id":"https:\/\/pet24.md\/product\/4dog-goodies-lakomstvo-dlya-sobak-myagkie-kurinye-lomtiki-100g\/#breadcrumb","itemListElement":[{"@type":"ListItem","position":1,"name":"\u0413\u043b\u0430\u0432\u043d\u0430\u044f \u0441\u0442\u0440\u0430\u043d\u0438\u0446\u0430","item":"https:\/\/pet24.md\/"},{"@type":"ListItem","position":2,"name":"\u041c\u0430\u0433\u0430\u0437\u0438\u043d","item":"https:\/\/pet24.md\/shop\/"},{"@type":"ListItem","position":3,"name":"4Dog GOODIES. \u041b\u0430\u043a\u043e\u043c\u0441\u0442\u0432\u043e \u0434\u043b\u044f \u0441\u043e\u0431\u0430\u043a \u043c\u044f\u0433\u043a\u0438\u0435 \u043a\u0443\u0440\u0438\u043d\u044b\u0435 \u043b\u043e\u043c\u0442\u0438\u043a\u0438 100\u0433"}]},{"@type":"WebSite","@id":"https:\/\/pet24.md\/#website","url":"https:\/\/pet24.md\/","name":"Pet24","description":"Magazin de animale de companie","publisher":{"@id":"https:\/\/pet24.md\/#organization"},"potentialAction":[{"@type":"SearchAction","target":{"@type":"EntryPoint","urlTemplate":"https:\/\/pet24.md\/?s={search_term_string}"},"query-input":{"@type":"PropertyValueSpecification","valueRequired":true,"valueName":"search_term_string"}}],"inLanguage":"ro-RO"},{"@type":"Organization","@id":"https:\/\/pet24.md\/#organization","name":"Pet24","url":"https:\/\/pet24.md\/","logo":{"@type":"ImageObject","inLanguage":"ro-RO","@id":"https:\/\/pet24.md\/#\/schema\/logo\/image\/","url":"https:\/\/pet24.md\/wp-content\/uploads\/2024\/09\/logo.svg","contentUrl":"https:\/\/pet24.md\/wp-content\/uploads\/2024\/09\/logo.svg","width":215,"height":66,"caption":"Pet24"},"image":{"@id":"https:\/\/pet24.md\/#\/schema\/logo\/image\/"},"sameAs":["https:\/\/www.facebook.com\/pet24.md","https:\/\/www.instagram.com\/pet24.md\/"],"telephone":"+37360508880"}]}},"_links":{"self":[{"href":"https:\/\/pet24.md\/ro\/wp-json\/wp\/v2\/product\/88599","targetHints":{"allow":["GET"]}}],"collection":[{"href":"https:\/\/pet24.md\/ro\/wp-json\/wp\/v2\/product"}],"about":[{"href":"https:\/\/pet24.md\/ro\/wp-json\/wp\/v2\/types\/product"}],"replies":[{"embeddable":true,"href":"https:\/\/pet24.md\/ro\/wp-json\/wp\/v2\/comments?post=88599"}],"wp:featuredmedia":[{"embeddable":true,"href":"https:\/\/pet24.md\/ro\/wp-json\/wp\/v2\/media\/91207"}],"wp:attachment":[{"href":"https:\/\/pet24.md\/ro\/wp-json\/wp\/v2\/media?parent=88599"}],"wp:term":[{"taxonomy":"product_brand","embeddable":true,"href":"https:\/\/pet24.md\/ro\/wp-json\/wp\/v2\/product_brand?post=88599"},{"taxonomy":"product_cat","embeddable":true,"href":"https:\/\/pet24.md\/ro\/wp-json\/wp\/v2\/product_cat?post=88599"},{"taxonomy":"product_tag","embeddable":true,"href":"https:\/\/pet24.md\/ro\/wp-json\/wp\/v2\/product_tag?post=88599"}],"curies":[{"name":"wp","href":"https:\/\/api.w.org\/{rel}","templated":true}]}}