{"id":88617,"date":"2024-09-03T18:06:33","date_gmt":"2024-09-03T18:06:33","guid":{"rendered":"https:\/\/pet24.md\/?post_type=product&#038;p=88617"},"modified":"2024-09-22T22:17:25","modified_gmt":"2024-09-22T22:17:25","slug":"4dog-goodies-lakomstvo-dlya-sobak-srednyaya-kost-s-kuriczej-120g","status":"publish","type":"product","link":"https:\/\/pet24.md\/ro\/produs\/4dog-goodies-lakomstvo-dlya-sobak-srednyaya-kost-s-kuriczej-120g\/","title":{"rendered":"4 BUN\u0102TURI DE C\u00c2INE. Tratament pentru c\u00e2ini os mediu cu pui 120g"},"content":{"rendered":"<p><strong>4DOG GOODIES os mediu cu pui 120 g<\/strong><\/p>\n<p><strong>4C\u00c2INE<\/strong>\u00a0este un tratament pentru c\u00e2ini gustos \u0219i hr\u0103nitor, f\u0103cut din carne natural\u0103 de pui. Acest os este un adaos excelent la dieta animalului dvs. de companie, oferind proteine de \u00eenalt\u0103 calitate \u0219i arom\u0103 bogat\u0103.<\/p>\n<p>Osul mijlociu are o textur\u0103 ideal\u0103 pentru mestecat, care ajut\u0103 la men\u021binerea din\u021bilor \u0219i gingiilor s\u0103n\u0103toase \u0219i favorizeaz\u0103 dezvoltarea mu\u0219chilor de mestecat. Fabricat f\u0103r\u0103 aditivi artificiali, coloran\u021bi sau conservan\u021bi, garanteaz\u0103 naturale\u021be \u0219i siguran\u021b\u0103. Tratamentul con\u021bine, de asemenea, vitamine \u0219i minerale pentru a sus\u021bine s\u0103n\u0103tatea general\u0103 \u0219i activitatea prietenului t\u0103u cu patru picioare.<\/p>\n<p><strong>Ingrediente principale:<\/strong><\/p>\n<ul>\n<li>Carne de pui<\/li>\n<li>F\u0103in\u0103 de oase<\/li>\n<li>Amidon<\/li>\n<li>Glicerol<\/li>\n<li>Arome naturale<\/li>\n<\/ul>\n<p><strong>Compozi\u021bia analitic\u0103:<\/strong><\/p>\n<ul>\n<li>Proteine: 30%<\/li>\n<li>Gr\u0103sime: 7%<\/li>\n<li>Frasin\u0103: 3%<\/li>\n<li>Umiditate: 14%<\/li>\n<li>Fibr\u0103: 2%<\/li>\n<\/ul>\n<p><strong>Aditivi alimentari (la 1 kg):<\/strong><\/p>\n<ul>\n<li>Vitamina A: 3.500 UI<\/li>\n<li>Vitamina D3: 350 UI<\/li>\n<li>Vitamina E: 25 mg<\/li>\n<li>Zinc: 15 mg<\/li>\n<li>Fier: 7 mg<\/li>\n<li>Mangan: 2 mg<\/li>\n<\/ul>\n<p>Comanda azi osul delicat cu pui 120g si ofera-i animalului tau o nutritie si sanatate adecvata!<\/p>","protected":false},"excerpt":{"rendered":"<p>Trateaz\u0103-\u021bi animalul de companie cu un tratament gustos \u0219i s\u0103n\u0103tos. Produsul este realizat din ingrediente naturale.<\/p>","protected":false},"featured_media":91213,"comment_status":"closed","ping_status":"closed","template":"","meta":[],"product_brand":[],"product_cat":[136,293,425],"product_tag":[813,856,909,908,695,180,910],"class_list":{"0":"post-88617","1":"product","2":"type-product","3":"status-publish","4":"has-post-thumbnail","6":"product_cat-dog","7":"product_cat-dogfood","8":"product_cat-dog-treats","9":"product_tag-4dog","10":"product_tag-4dog-goodies","11":"product_tag-kosti-dlya-sobak","12":"product_tag-kosti-s-kuriczej","13":"product_tag-lakomstva-dlya-sobak","14":"product_tag-lakomstvo","15":"product_tag-srednyaya-kost-s-kuriczej","16":"pa_age-pet-lyuboj-vozrast","17":"pa_brand-4dog-goodies","18":"pa_breed-size-dlya-vseh-porod","19":"pa_feed-class-super-premium","20":"pa_meat-ingredients-kuricza","21":"pa_packaging-pauchi","22":"pa_pet-sobaka","23":"pa_pet-feature-zdorovyj-pitomecz","24":"pa_type-feed-lakomstvo","25":"pa_weight-120-gr","27":"first","28":"instock","29":"shipping-taxable","30":"product-type-simple"},"yoast_head":"<!-- This site is optimized with the Yoast SEO Premium plugin v23.7 (Yoast SEO v27.5) - https:\/\/yoast.com\/product\/yoast-seo-premium-wordpress\/ -->\n<title>4DOG GOODIES. \u041b\u0430\u043a\u043e\u043c\u0441\u0442\u0432\u043e \u0434\u043b\u044f \u0441\u043e\u0431\u0430\u043a \u0441\u0440\u0435\u0434\u043d\u044f\u044f \u043a\u043e\u0441\u0442\u044c \u0441 \u043a\u0443\u0440\u0438\u0446\u0435\u0439 120\u0433<\/title>\n<meta name=\"description\" content=\"\u041a\u0443\u043f\u0438\u0442\u044c 4DOG GOODIES. \u041b\u0430\u043a\u043e\u043c\u0441\u0442\u0432\u043e \u0434\u043b\u044f \u0441\u043e\u0431\u0430\u043a \u0441\u0440\u0435\u0434\u043d\u044f\u044f \u043a\u043e\u0441\u0442\u044c \u0441 \u043a\u0443\u0440\u0438\u0446\u0435\u0439 120\u0433 \u0441 \u0434\u043e\u0441\u0442\u0430\u0432\u043a\u043e\u0439 \u043f\u043e \u041a\u0438\u0448\u0438\u043d\u0435\u0432\u0443 \u0438 \u0432\u0441\u0435\u0439 \u041c\u043e\u043b\u0434\u043e\u0432\u0435 \u043d\u0430 Pet24\" \/>\n<meta name=\"robots\" content=\"index, follow, max-snippet:-1, max-image-preview:large, max-video-preview:-1\" \/>\n<link rel=\"canonical\" href=\"https:\/\/pet24.md\/ro\/produs\/4dog-goodies-lakomstvo-dlya-sobak-srednyaya-kost-s-kuriczej-120g\/\" \/>\n<meta property=\"og:locale\" content=\"ro_RO\" \/>\n<meta property=\"og:type\" content=\"article\" \/>\n<meta property=\"og:title\" content=\"4DOG GOODIES. \u041b\u0430\u043a\u043e\u043c\u0441\u0442\u0432\u043e \u0434\u043b\u044f \u0441\u043e\u0431\u0430\u043a \u0441\u0440\u0435\u0434\u043d\u044f\u044f \u043a\u043e\u0441\u0442\u044c \u0441 \u043a\u0443\u0440\u0438\u0446\u0435\u0439 120\u0433\" \/>\n<meta property=\"og:description\" content=\"\u041a\u0443\u043f\u0438\u0442\u044c 4DOG GOODIES. \u041b\u0430\u043a\u043e\u043c\u0441\u0442\u0432\u043e \u0434\u043b\u044f \u0441\u043e\u0431\u0430\u043a \u0441\u0440\u0435\u0434\u043d\u044f\u044f \u043a\u043e\u0441\u0442\u044c \u0441 \u043a\u0443\u0440\u0438\u0446\u0435\u0439 120\u0433 \u0441 \u0434\u043e\u0441\u0442\u0430\u0432\u043a\u043e\u0439 \u043f\u043e \u041a\u0438\u0448\u0438\u043d\u0435\u0432\u0443 \u0438 \u0432\u0441\u0435\u0439 \u041c\u043e\u043b\u0434\u043e\u0432\u0435 \u043d\u0430 Pet24\" \/>\n<meta property=\"og:url\" content=\"https:\/\/pet24.md\/ro\/produs\/4dog-goodies-lakomstvo-dlya-sobak-srednyaya-kost-s-kuriczej-120g\/\" \/>\n<meta property=\"og:site_name\" content=\"Pet24\" \/>\n<meta property=\"article:publisher\" content=\"https:\/\/www.facebook.com\/pet24.md\" \/>\n<meta property=\"article:modified_time\" content=\"2024-09-22T22:17:25+00:00\" \/>\n<meta property=\"og:image\" content=\"https:\/\/pet24.md\/wp-content\/uploads\/2024\/09\/4dog_goodies_srednyaya_kost_s_kuricej_120g.webp\" \/>\n\t<meta property=\"og:image:width\" content=\"600\" \/>\n\t<meta property=\"og:image:height\" content=\"600\" \/>\n\t<meta property=\"og:image:type\" content=\"image\/webp\" \/>\n<meta name=\"twitter:card\" content=\"summary_large_image\" \/>\n<script type=\"application\/ld+json\" class=\"yoast-schema-graph\">{\"@context\":\"https:\\\/\\\/schema.org\",\"@graph\":[{\"@type\":\"WebPage\",\"@id\":\"https:\\\/\\\/pet24.md\\\/product\\\/4dog-goodies-lakomstvo-dlya-sobak-srednyaya-kost-s-kuriczej-120g\\\/\",\"url\":\"https:\\\/\\\/pet24.md\\\/product\\\/4dog-goodies-lakomstvo-dlya-sobak-srednyaya-kost-s-kuriczej-120g\\\/\",\"name\":\"4DOG GOODIES. \u041b\u0430\u043a\u043e\u043c\u0441\u0442\u0432\u043e \u0434\u043b\u044f \u0441\u043e\u0431\u0430\u043a \u0441\u0440\u0435\u0434\u043d\u044f\u044f \u043a\u043e\u0441\u0442\u044c \u0441 \u043a\u0443\u0440\u0438\u0446\u0435\u0439 120\u0433\",\"isPartOf\":{\"@id\":\"https:\\\/\\\/pet24.md\\\/#website\"},\"primaryImageOfPage\":{\"@id\":\"https:\\\/\\\/pet24.md\\\/product\\\/4dog-goodies-lakomstvo-dlya-sobak-srednyaya-kost-s-kuriczej-120g\\\/#primaryimage\"},\"image\":{\"@id\":\"https:\\\/\\\/pet24.md\\\/product\\\/4dog-goodies-lakomstvo-dlya-sobak-srednyaya-kost-s-kuriczej-120g\\\/#primaryimage\"},\"thumbnailUrl\":\"https:\\\/\\\/pet24.md\\\/wp-content\\\/uploads\\\/2024\\\/09\\\/4dog_goodies_srednyaya_kost_s_kuricej_120g.webp\",\"datePublished\":\"2024-09-03T18:06:33+00:00\",\"dateModified\":\"2024-09-22T22:17:25+00:00\",\"description\":\"\u041a\u0443\u043f\u0438\u0442\u044c 4DOG GOODIES. \u041b\u0430\u043a\u043e\u043c\u0441\u0442\u0432\u043e \u0434\u043b\u044f \u0441\u043e\u0431\u0430\u043a \u0441\u0440\u0435\u0434\u043d\u044f\u044f \u043a\u043e\u0441\u0442\u044c \u0441 \u043a\u0443\u0440\u0438\u0446\u0435\u0439 120\u0433 \u0441 \u0434\u043e\u0441\u0442\u0430\u0432\u043a\u043e\u0439 \u043f\u043e \u041a\u0438\u0448\u0438\u043d\u0435\u0432\u0443 \u0438 \u0432\u0441\u0435\u0439 \u041c\u043e\u043b\u0434\u043e\u0432\u0435 \u043d\u0430 Pet24\",\"breadcrumb\":{\"@id\":\"https:\\\/\\\/pet24.md\\\/product\\\/4dog-goodies-lakomstvo-dlya-sobak-srednyaya-kost-s-kuriczej-120g\\\/#breadcrumb\"},\"inLanguage\":\"ro-RO\",\"potentialAction\":[{\"@type\":\"ReadAction\",\"target\":[\"https:\\\/\\\/pet24.md\\\/product\\\/4dog-goodies-lakomstvo-dlya-sobak-srednyaya-kost-s-kuriczej-120g\\\/\"]}]},{\"@type\":\"ImageObject\",\"inLanguage\":\"ro-RO\",\"@id\":\"https:\\\/\\\/pet24.md\\\/product\\\/4dog-goodies-lakomstvo-dlya-sobak-srednyaya-kost-s-kuriczej-120g\\\/#primaryimage\",\"url\":\"https:\\\/\\\/pet24.md\\\/wp-content\\\/uploads\\\/2024\\\/09\\\/4dog_goodies_srednyaya_kost_s_kuricej_120g.webp\",\"contentUrl\":\"https:\\\/\\\/pet24.md\\\/wp-content\\\/uploads\\\/2024\\\/09\\\/4dog_goodies_srednyaya_kost_s_kuricej_120g.webp\",\"width\":600,\"height\":600,\"caption\":\"4DOG GOODIES. \u0421\u0440\u0435\u0434\u043d\u044f\u044f \u043a\u043e\u0441\u0442\u044c \u0441 \u043a\u0443\u0440\u0438\u0446\u0435\u0439 120\u0433\"},{\"@type\":\"BreadcrumbList\",\"@id\":\"https:\\\/\\\/pet24.md\\\/product\\\/4dog-goodies-lakomstvo-dlya-sobak-srednyaya-kost-s-kuriczej-120g\\\/#breadcrumb\",\"itemListElement\":[{\"@type\":\"ListItem\",\"position\":1,\"name\":\"\u0413\u043b\u0430\u0432\u043d\u0430\u044f \u0441\u0442\u0440\u0430\u043d\u0438\u0446\u0430\",\"item\":\"https:\\\/\\\/pet24.md\\\/\"},{\"@type\":\"ListItem\",\"position\":2,\"name\":\"\u041c\u0430\u0433\u0430\u0437\u0438\u043d\",\"item\":\"https:\\\/\\\/pet24.md\\\/shop\\\/\"},{\"@type\":\"ListItem\",\"position\":3,\"name\":\"4DOG GOODIES. \u041b\u0430\u043a\u043e\u043c\u0441\u0442\u0432\u043e \u0434\u043b\u044f \u0441\u043e\u0431\u0430\u043a \u0441\u0440\u0435\u0434\u043d\u044f\u044f \u043a\u043e\u0441\u0442\u044c \u0441 \u043a\u0443\u0440\u0438\u0446\u0435\u0439 120\u0433\"}]},{\"@type\":\"WebSite\",\"@id\":\"https:\\\/\\\/pet24.md\\\/#website\",\"url\":\"https:\\\/\\\/pet24.md\\\/\",\"name\":\"Pet24\",\"description\":\"\u0417\u043e\u043e\u043c\u0430\u0433\u0430\u0437\u0438\u043d \u0442\u043e\u0432\u0430\u0440\u043e\u0432 \u0434\u043b\u044f \u0434\u043e\u043c\u0430\u0448\u043d\u0438\u0445 \u043f\u0438\u0442\u043e\u043c\u0446\u0435\u0432\",\"publisher\":{\"@id\":\"https:\\\/\\\/pet24.md\\\/#organization\"},\"potentialAction\":[{\"@type\":\"SearchAction\",\"target\":{\"@type\":\"EntryPoint\",\"urlTemplate\":\"https:\\\/\\\/pet24.md\\\/?s={search_term_string}\"},\"query-input\":{\"@type\":\"PropertyValueSpecification\",\"valueRequired\":true,\"valueName\":\"search_term_string\"}}],\"inLanguage\":\"ro-RO\"},{\"@type\":\"Organization\",\"@id\":\"https:\\\/\\\/pet24.md\\\/#organization\",\"name\":\"Pet24\",\"url\":\"https:\\\/\\\/pet24.md\\\/\",\"logo\":{\"@type\":\"ImageObject\",\"inLanguage\":\"ro-RO\",\"@id\":\"https:\\\/\\\/pet24.md\\\/#\\\/schema\\\/logo\\\/image\\\/\",\"url\":\"https:\\\/\\\/pet24.md\\\/wp-content\\\/uploads\\\/2024\\\/09\\\/logo.svg\",\"contentUrl\":\"https:\\\/\\\/pet24.md\\\/wp-content\\\/uploads\\\/2024\\\/09\\\/logo.svg\",\"width\":215,\"height\":66,\"caption\":\"Pet24\"},\"image\":{\"@id\":\"https:\\\/\\\/pet24.md\\\/#\\\/schema\\\/logo\\\/image\\\/\"},\"sameAs\":[\"https:\\\/\\\/www.facebook.com\\\/pet24.md\",\"https:\\\/\\\/www.instagram.com\\\/pet24.md\\\/\"],\"telephone\":\"+37360508880\"}]}<\/script>\n<!-- \/ Yoast SEO Premium plugin. -->","yoast_head_json":{"title":"4 BUN\u0102TURI DE C\u00c2INE. Tratament pentru c\u00e2ini os mediu cu pui 120g","description":"\u041a\u0443\u043f\u0438\u0442\u044c 4DOG GOODIES. \u041b\u0430\u043a\u043e\u043c\u0441\u0442\u0432\u043e \u0434\u043b\u044f \u0441\u043e\u0431\u0430\u043a \u0441\u0440\u0435\u0434\u043d\u044f\u044f \u043a\u043e\u0441\u0442\u044c \u0441 \u043a\u0443\u0440\u0438\u0446\u0435\u0439 120\u0433 \u0441 \u0434\u043e\u0441\u0442\u0430\u0432\u043a\u043e\u0439 \u043f\u043e \u041a\u0438\u0448\u0438\u043d\u0435\u0432\u0443 \u0438 \u0432\u0441\u0435\u0439 \u041c\u043e\u043b\u0434\u043e\u0432\u0435 \u043d\u0430 Pet24","robots":{"index":"index","follow":"follow","max-snippet":"max-snippet:-1","max-image-preview":"max-image-preview:large","max-video-preview":"max-video-preview:-1"},"canonical":"https:\/\/pet24.md\/ro\/produs\/4dog-goodies-lakomstvo-dlya-sobak-srednyaya-kost-s-kuriczej-120g\/","og_locale":"ro_RO","og_type":"article","og_title":"4DOG GOODIES. \u041b\u0430\u043a\u043e\u043c\u0441\u0442\u0432\u043e \u0434\u043b\u044f \u0441\u043e\u0431\u0430\u043a \u0441\u0440\u0435\u0434\u043d\u044f\u044f \u043a\u043e\u0441\u0442\u044c \u0441 \u043a\u0443\u0440\u0438\u0446\u0435\u0439 120\u0433","og_description":"\u041a\u0443\u043f\u0438\u0442\u044c 4DOG GOODIES. \u041b\u0430\u043a\u043e\u043c\u0441\u0442\u0432\u043e \u0434\u043b\u044f \u0441\u043e\u0431\u0430\u043a \u0441\u0440\u0435\u0434\u043d\u044f\u044f \u043a\u043e\u0441\u0442\u044c \u0441 \u043a\u0443\u0440\u0438\u0446\u0435\u0439 120\u0433 \u0441 \u0434\u043e\u0441\u0442\u0430\u0432\u043a\u043e\u0439 \u043f\u043e \u041a\u0438\u0448\u0438\u043d\u0435\u0432\u0443 \u0438 \u0432\u0441\u0435\u0439 \u041c\u043e\u043b\u0434\u043e\u0432\u0435 \u043d\u0430 Pet24","og_url":"https:\/\/pet24.md\/ro\/produs\/4dog-goodies-lakomstvo-dlya-sobak-srednyaya-kost-s-kuriczej-120g\/","og_site_name":"Pet24","article_publisher":"https:\/\/www.facebook.com\/pet24.md","article_modified_time":"2024-09-22T22:17:25+00:00","og_image":[{"width":600,"height":600,"url":"https:\/\/pet24.md\/wp-content\/uploads\/2024\/09\/4dog_goodies_srednyaya_kost_s_kuricej_120g.webp","type":"image\/webp"}],"twitter_card":"summary_large_image","schema":{"@context":"https:\/\/schema.org","@graph":[{"@type":"WebPage","@id":"https:\/\/pet24.md\/product\/4dog-goodies-lakomstvo-dlya-sobak-srednyaya-kost-s-kuriczej-120g\/","url":"https:\/\/pet24.md\/product\/4dog-goodies-lakomstvo-dlya-sobak-srednyaya-kost-s-kuriczej-120g\/","name":"4 BUN\u0102TURI DE C\u00c2INE. Tratament pentru c\u00e2ini os mediu cu pui 120g","isPartOf":{"@id":"https:\/\/pet24.md\/#website"},"primaryImageOfPage":{"@id":"https:\/\/pet24.md\/product\/4dog-goodies-lakomstvo-dlya-sobak-srednyaya-kost-s-kuriczej-120g\/#primaryimage"},"image":{"@id":"https:\/\/pet24.md\/product\/4dog-goodies-lakomstvo-dlya-sobak-srednyaya-kost-s-kuriczej-120g\/#primaryimage"},"thumbnailUrl":"https:\/\/pet24.md\/wp-content\/uploads\/2024\/09\/4dog_goodies_srednyaya_kost_s_kuricej_120g.webp","datePublished":"2024-09-03T18:06:33+00:00","dateModified":"2024-09-22T22:17:25+00:00","description":"\u041a\u0443\u043f\u0438\u0442\u044c 4DOG GOODIES. \u041b\u0430\u043a\u043e\u043c\u0441\u0442\u0432\u043e \u0434\u043b\u044f \u0441\u043e\u0431\u0430\u043a \u0441\u0440\u0435\u0434\u043d\u044f\u044f \u043a\u043e\u0441\u0442\u044c \u0441 \u043a\u0443\u0440\u0438\u0446\u0435\u0439 120\u0433 \u0441 \u0434\u043e\u0441\u0442\u0430\u0432\u043a\u043e\u0439 \u043f\u043e \u041a\u0438\u0448\u0438\u043d\u0435\u0432\u0443 \u0438 \u0432\u0441\u0435\u0439 \u041c\u043e\u043b\u0434\u043e\u0432\u0435 \u043d\u0430 Pet24","breadcrumb":{"@id":"https:\/\/pet24.md\/product\/4dog-goodies-lakomstvo-dlya-sobak-srednyaya-kost-s-kuriczej-120g\/#breadcrumb"},"inLanguage":"ro-RO","potentialAction":[{"@type":"ReadAction","target":["https:\/\/pet24.md\/product\/4dog-goodies-lakomstvo-dlya-sobak-srednyaya-kost-s-kuriczej-120g\/"]}]},{"@type":"ImageObject","inLanguage":"ro-RO","@id":"https:\/\/pet24.md\/product\/4dog-goodies-lakomstvo-dlya-sobak-srednyaya-kost-s-kuriczej-120g\/#primaryimage","url":"https:\/\/pet24.md\/wp-content\/uploads\/2024\/09\/4dog_goodies_srednyaya_kost_s_kuricej_120g.webp","contentUrl":"https:\/\/pet24.md\/wp-content\/uploads\/2024\/09\/4dog_goodies_srednyaya_kost_s_kuricej_120g.webp","width":600,"height":600,"caption":"4DOG GOODIES. \u0421\u0440\u0435\u0434\u043d\u044f\u044f \u043a\u043e\u0441\u0442\u044c \u0441 \u043a\u0443\u0440\u0438\u0446\u0435\u0439 120\u0433"},{"@type":"BreadcrumbList","@id":"https:\/\/pet24.md\/product\/4dog-goodies-lakomstvo-dlya-sobak-srednyaya-kost-s-kuriczej-120g\/#breadcrumb","itemListElement":[{"@type":"ListItem","position":1,"name":"\u0413\u043b\u0430\u0432\u043d\u0430\u044f \u0441\u0442\u0440\u0430\u043d\u0438\u0446\u0430","item":"https:\/\/pet24.md\/"},{"@type":"ListItem","position":2,"name":"\u041c\u0430\u0433\u0430\u0437\u0438\u043d","item":"https:\/\/pet24.md\/shop\/"},{"@type":"ListItem","position":3,"name":"4DOG GOODIES. \u041b\u0430\u043a\u043e\u043c\u0441\u0442\u0432\u043e \u0434\u043b\u044f \u0441\u043e\u0431\u0430\u043a \u0441\u0440\u0435\u0434\u043d\u044f\u044f \u043a\u043e\u0441\u0442\u044c \u0441 \u043a\u0443\u0440\u0438\u0446\u0435\u0439 120\u0433"}]},{"@type":"WebSite","@id":"https:\/\/pet24.md\/#website","url":"https:\/\/pet24.md\/","name":"Pet24","description":"Magazin de animale de companie","publisher":{"@id":"https:\/\/pet24.md\/#organization"},"potentialAction":[{"@type":"SearchAction","target":{"@type":"EntryPoint","urlTemplate":"https:\/\/pet24.md\/?s={search_term_string}"},"query-input":{"@type":"PropertyValueSpecification","valueRequired":true,"valueName":"search_term_string"}}],"inLanguage":"ro-RO"},{"@type":"Organization","@id":"https:\/\/pet24.md\/#organization","name":"Pet24","url":"https:\/\/pet24.md\/","logo":{"@type":"ImageObject","inLanguage":"ro-RO","@id":"https:\/\/pet24.md\/#\/schema\/logo\/image\/","url":"https:\/\/pet24.md\/wp-content\/uploads\/2024\/09\/logo.svg","contentUrl":"https:\/\/pet24.md\/wp-content\/uploads\/2024\/09\/logo.svg","width":215,"height":66,"caption":"Pet24"},"image":{"@id":"https:\/\/pet24.md\/#\/schema\/logo\/image\/"},"sameAs":["https:\/\/www.facebook.com\/pet24.md","https:\/\/www.instagram.com\/pet24.md\/"],"telephone":"+37360508880"}]}},"_links":{"self":[{"href":"https:\/\/pet24.md\/ro\/wp-json\/wp\/v2\/product\/88617","targetHints":{"allow":["GET"]}}],"collection":[{"href":"https:\/\/pet24.md\/ro\/wp-json\/wp\/v2\/product"}],"about":[{"href":"https:\/\/pet24.md\/ro\/wp-json\/wp\/v2\/types\/product"}],"replies":[{"embeddable":true,"href":"https:\/\/pet24.md\/ro\/wp-json\/wp\/v2\/comments?post=88617"}],"wp:featuredmedia":[{"embeddable":true,"href":"https:\/\/pet24.md\/ro\/wp-json\/wp\/v2\/media\/91213"}],"wp:attachment":[{"href":"https:\/\/pet24.md\/ro\/wp-json\/wp\/v2\/media?parent=88617"}],"wp:term":[{"taxonomy":"product_brand","embeddable":true,"href":"https:\/\/pet24.md\/ro\/wp-json\/wp\/v2\/product_brand?post=88617"},{"taxonomy":"product_cat","embeddable":true,"href":"https:\/\/pet24.md\/ro\/wp-json\/wp\/v2\/product_cat?post=88617"},{"taxonomy":"product_tag","embeddable":true,"href":"https:\/\/pet24.md\/ro\/wp-json\/wp\/v2\/product_tag?post=88617"}],"curies":[{"name":"wp","href":"https:\/\/api.w.org\/{rel}","templated":true}]}}