{"id":88635,"date":"2024-09-03T18:06:28","date_gmt":"2024-09-03T18:06:28","guid":{"rendered":"https:\/\/pet24.md\/?post_type=product&#038;p=88635"},"modified":"2024-09-22T22:17:27","modified_gmt":"2024-09-22T22:17:27","slug":"4dog-deluxe-povodok-ruletka-dlya-sobak-srednih-porod-color-5m","status":"publish","type":"product","link":"https:\/\/pet24.md\/ro\/produs\/4dog-deluxe-povodok-ruletka-dlya-sobak-srednih-porod-color-5m\/","title":{"rendered":"4DOG DELUXE. Lesa de ruleta pentru caini de rasa medie Culoare 5m"},"content":{"rendered":"<p><strong>4DOG DELUXE. Lesa de ruleta pentru caini de rasa medie Culoare 5m<\/strong><\/p>\n<p>&nbsp;<\/p>\n<p><strong>4DOG DELUXE <\/strong>\u00a0este o solu\u021bie elegant\u0103 \u0219i practic\u0103 pentru plimbarea c\u00e2inilor de talie medie. Designul luminos \u0219i la mod\u0103 este combinat cu func\u021bionalitatea ridicat\u0103, oferind confort animalului dvs. de companie \u0219i control complet asupra situa\u021biei pentru dvs.<\/p>\n<p><strong>Specificatii:<\/strong><\/p>\n<ul>\n<li><strong>Lungimea benzii:<\/strong> 5 metri<\/li>\n<li><strong>Mecanism:<\/strong> Ajustare automat\u0103, lin\u0103 a lungimii<\/li>\n<li><strong>Material banda:<\/strong> Nailon durabil, rezistent la uzur\u0103 \u0219i stres<\/li>\n<li><strong>Cadru:<\/strong> Design ergonomic \u0219i colorat cu m\u00e2ner moale pentru confort<\/li>\n<li><strong>Mecanism de frana:<\/strong> Sistem de blocare fiabil pentru control rapid \u0219i sigur<\/li>\n<\/ul>\n<p>Comanda online astazi lesa ta de caine 4DOG DELUXE 5m si ofera-ti tie si animalului tau un cadou.<\/p>","protected":false},"excerpt":{"rendered":"<p>Aceast\u0103 les\u0103 de rulet\u0103 combin\u0103 aspectul atractiv \u0219i func\u021bionalitatea ridicat\u0103, oferind animalului t\u0103u plimb\u0103ri sigure \u0219i libere, iar tu confort \u0219i fiabilitate.<\/p>","protected":false},"featured_media":91217,"comment_status":"closed","ping_status":"closed","template":"","meta":[],"product_brand":[],"product_cat":[136,137,138],"product_tag":[813,879,872,260,918,913,480,919],"class_list":{"0":"post-88635","1":"product","2":"type-product","3":"status-publish","4":"has-post-thumbnail","6":"product_cat-dog","7":"product_cat-dogs-ammunition","8":"product_cat-dog-leashes","9":"product_tag-4dog","10":"product_tag-deluxe","11":"product_tag-dlya-sobak","12":"product_tag-povodok","13":"product_tag-povodok-dlya-srednih-porod-5m","14":"product_tag-povodok-ruletka","15":"product_tag-sobaka","16":"product_tag-srednih-porod","17":"pa_age-pet-lyuboj-vozrast","18":"pa_brand-4dog-deluxe","19":"pa_breed-size-dlya-srednih-porod","20":"pa_color-color","21":"pa_length-5m","22":"pa_material-nejlon","23":"pa_pet-sobaka","24":"pa_weight-1-kg","26":"first","27":"instock","28":"shipping-taxable","29":"product-type-simple"},"yoast_head":"<!-- This site is optimized with the Yoast SEO Premium plugin v23.7 (Yoast SEO v27.5) - https:\/\/yoast.com\/product\/yoast-seo-premium-wordpress\/ -->\n<title>4DOG DELUXE. \u041f\u043e\u0432\u043e\u0434\u043e\u043a \u0440\u0443\u043b\u0435\u0442\u043a\u0430 \u0434\u043b\u044f \u0441\u043e\u0431\u0430\u043a \u0441\u0440\u0435\u0434\u043d\u0438\u0445 \u043f\u043e\u0440\u043e\u0434 Color 5\u043c<\/title>\n<meta name=\"description\" content=\"\u041a\u0443\u043f\u0438\u0442\u044c 4DOG DELUXE. \u041f\u043e\u0432\u043e\u0434\u043e\u043a \u0440\u0443\u043b\u0435\u0442\u043a\u0430 \u0434\u043b\u044f \u0441\u043e\u0431\u0430\u043a \u0441\u0440\u0435\u0434\u043d\u0438\u0445 \u043f\u043e\u0440\u043e\u0434 Color 5\u043c \u0441 \u0434\u043e\u0441\u0442\u0430\u0432\u043a\u043e\u0439 \u043f\u043e \u041a\u0438\u0448\u0438\u043d\u0435\u0432\u0443 \u0438 \u0432\u0441\u0435\u0439 \u041c\u043e\u043b\u0434\u043e\u0432\u0435 \u043d\u0430 Pet24\" \/>\n<meta name=\"robots\" content=\"index, follow, max-snippet:-1, max-image-preview:large, max-video-preview:-1\" \/>\n<link rel=\"canonical\" href=\"https:\/\/pet24.md\/ro\/produs\/4dog-deluxe-povodok-ruletka-dlya-sobak-srednih-porod-color-5m\/\" \/>\n<meta property=\"og:locale\" content=\"ro_RO\" \/>\n<meta property=\"og:type\" content=\"article\" \/>\n<meta property=\"og:title\" content=\"4DOG DELUXE. \u041f\u043e\u0432\u043e\u0434\u043e\u043a \u0440\u0443\u043b\u0435\u0442\u043a\u0430 \u0434\u043b\u044f \u0441\u043e\u0431\u0430\u043a \u0441\u0440\u0435\u0434\u043d\u0438\u0445 \u043f\u043e\u0440\u043e\u0434 Color 5\u043c\" \/>\n<meta property=\"og:description\" content=\"\u041a\u0443\u043f\u0438\u0442\u044c 4DOG DELUXE. \u041f\u043e\u0432\u043e\u0434\u043e\u043a \u0440\u0443\u043b\u0435\u0442\u043a\u0430 \u0434\u043b\u044f \u0441\u043e\u0431\u0430\u043a \u0441\u0440\u0435\u0434\u043d\u0438\u0445 \u043f\u043e\u0440\u043e\u0434 Color 5\u043c \u0441 \u0434\u043e\u0441\u0442\u0430\u0432\u043a\u043e\u0439 \u043f\u043e \u041a\u0438\u0448\u0438\u043d\u0435\u0432\u0443 \u0438 \u0432\u0441\u0435\u0439 \u041c\u043e\u043b\u0434\u043e\u0432\u0435 \u043d\u0430 Pet24\" \/>\n<meta property=\"og:url\" content=\"https:\/\/pet24.md\/ro\/produs\/4dog-deluxe-povodok-ruletka-dlya-sobak-srednih-porod-color-5m\/\" \/>\n<meta property=\"og:site_name\" content=\"Pet24\" \/>\n<meta property=\"article:publisher\" content=\"https:\/\/www.facebook.com\/pet24.md\" \/>\n<meta property=\"article:modified_time\" content=\"2024-09-22T22:17:27+00:00\" \/>\n<meta property=\"og:image\" content=\"https:\/\/pet24.md\/wp-content\/uploads\/2024\/09\/4dog_deluxe_povodok_ruletka_dlya_sobak_srednih_porod_color_5m.webp\" \/>\n\t<meta property=\"og:image:width\" content=\"700\" \/>\n\t<meta property=\"og:image:height\" content=\"700\" \/>\n\t<meta property=\"og:image:type\" content=\"image\/webp\" \/>\n<meta name=\"twitter:card\" content=\"summary_large_image\" \/>\n<script type=\"application\/ld+json\" class=\"yoast-schema-graph\">{\"@context\":\"https:\\\/\\\/schema.org\",\"@graph\":[{\"@type\":\"WebPage\",\"@id\":\"https:\\\/\\\/pet24.md\\\/product\\\/4dog-deluxe-povodok-ruletka-dlya-sobak-srednih-porod-color-5m\\\/\",\"url\":\"https:\\\/\\\/pet24.md\\\/product\\\/4dog-deluxe-povodok-ruletka-dlya-sobak-srednih-porod-color-5m\\\/\",\"name\":\"4DOG DELUXE. \u041f\u043e\u0432\u043e\u0434\u043e\u043a \u0440\u0443\u043b\u0435\u0442\u043a\u0430 \u0434\u043b\u044f \u0441\u043e\u0431\u0430\u043a \u0441\u0440\u0435\u0434\u043d\u0438\u0445 \u043f\u043e\u0440\u043e\u0434 Color 5\u043c\",\"isPartOf\":{\"@id\":\"https:\\\/\\\/pet24.md\\\/#website\"},\"primaryImageOfPage\":{\"@id\":\"https:\\\/\\\/pet24.md\\\/product\\\/4dog-deluxe-povodok-ruletka-dlya-sobak-srednih-porod-color-5m\\\/#primaryimage\"},\"image\":{\"@id\":\"https:\\\/\\\/pet24.md\\\/product\\\/4dog-deluxe-povodok-ruletka-dlya-sobak-srednih-porod-color-5m\\\/#primaryimage\"},\"thumbnailUrl\":\"https:\\\/\\\/pet24.md\\\/wp-content\\\/uploads\\\/2024\\\/09\\\/4dog_deluxe_povodok_ruletka_dlya_sobak_srednih_porod_color_5m.webp\",\"datePublished\":\"2024-09-03T18:06:28+00:00\",\"dateModified\":\"2024-09-22T22:17:27+00:00\",\"description\":\"\u041a\u0443\u043f\u0438\u0442\u044c 4DOG DELUXE. \u041f\u043e\u0432\u043e\u0434\u043e\u043a \u0440\u0443\u043b\u0435\u0442\u043a\u0430 \u0434\u043b\u044f \u0441\u043e\u0431\u0430\u043a \u0441\u0440\u0435\u0434\u043d\u0438\u0445 \u043f\u043e\u0440\u043e\u0434 Color 5\u043c \u0441 \u0434\u043e\u0441\u0442\u0430\u0432\u043a\u043e\u0439 \u043f\u043e \u041a\u0438\u0448\u0438\u043d\u0435\u0432\u0443 \u0438 \u0432\u0441\u0435\u0439 \u041c\u043e\u043b\u0434\u043e\u0432\u0435 \u043d\u0430 Pet24\",\"breadcrumb\":{\"@id\":\"https:\\\/\\\/pet24.md\\\/product\\\/4dog-deluxe-povodok-ruletka-dlya-sobak-srednih-porod-color-5m\\\/#breadcrumb\"},\"inLanguage\":\"ro-RO\",\"potentialAction\":[{\"@type\":\"ReadAction\",\"target\":[\"https:\\\/\\\/pet24.md\\\/product\\\/4dog-deluxe-povodok-ruletka-dlya-sobak-srednih-porod-color-5m\\\/\"]}]},{\"@type\":\"ImageObject\",\"inLanguage\":\"ro-RO\",\"@id\":\"https:\\\/\\\/pet24.md\\\/product\\\/4dog-deluxe-povodok-ruletka-dlya-sobak-srednih-porod-color-5m\\\/#primaryimage\",\"url\":\"https:\\\/\\\/pet24.md\\\/wp-content\\\/uploads\\\/2024\\\/09\\\/4dog_deluxe_povodok_ruletka_dlya_sobak_srednih_porod_color_5m.webp\",\"contentUrl\":\"https:\\\/\\\/pet24.md\\\/wp-content\\\/uploads\\\/2024\\\/09\\\/4dog_deluxe_povodok_ruletka_dlya_sobak_srednih_porod_color_5m.webp\",\"width\":700,\"height\":700,\"caption\":\"4DOG DELUXE. \u041f\u043e\u0432\u043e\u0434\u043e\u043a \u0440\u0443\u043b\u0435\u0442\u043a\u0430 \u0434\u043b\u044f \u0441\u043e\u0431\u0430\u043a \u0441\u0440\u0435\u0434\u043d\u0438\u0445 \u043f\u043e\u0440\u043e\u0434 Color 5\u043c\"},{\"@type\":\"BreadcrumbList\",\"@id\":\"https:\\\/\\\/pet24.md\\\/product\\\/4dog-deluxe-povodok-ruletka-dlya-sobak-srednih-porod-color-5m\\\/#breadcrumb\",\"itemListElement\":[{\"@type\":\"ListItem\",\"position\":1,\"name\":\"\u0413\u043b\u0430\u0432\u043d\u0430\u044f \u0441\u0442\u0440\u0430\u043d\u0438\u0446\u0430\",\"item\":\"https:\\\/\\\/pet24.md\\\/\"},{\"@type\":\"ListItem\",\"position\":2,\"name\":\"\u041c\u0430\u0433\u0430\u0437\u0438\u043d\",\"item\":\"https:\\\/\\\/pet24.md\\\/shop\\\/\"},{\"@type\":\"ListItem\",\"position\":3,\"name\":\"4DOG DELUXE. \u041f\u043e\u0432\u043e\u0434\u043e\u043a \u0440\u0443\u043b\u0435\u0442\u043a\u0430 \u0434\u043b\u044f \u0441\u043e\u0431\u0430\u043a \u0441\u0440\u0435\u0434\u043d\u0438\u0445 \u043f\u043e\u0440\u043e\u0434 Color 5\u043c\"}]},{\"@type\":\"WebSite\",\"@id\":\"https:\\\/\\\/pet24.md\\\/#website\",\"url\":\"https:\\\/\\\/pet24.md\\\/\",\"name\":\"Pet24\",\"description\":\"\u0417\u043e\u043e\u043c\u0430\u0433\u0430\u0437\u0438\u043d \u0442\u043e\u0432\u0430\u0440\u043e\u0432 \u0434\u043b\u044f \u0434\u043e\u043c\u0430\u0448\u043d\u0438\u0445 \u043f\u0438\u0442\u043e\u043c\u0446\u0435\u0432\",\"publisher\":{\"@id\":\"https:\\\/\\\/pet24.md\\\/#organization\"},\"potentialAction\":[{\"@type\":\"SearchAction\",\"target\":{\"@type\":\"EntryPoint\",\"urlTemplate\":\"https:\\\/\\\/pet24.md\\\/?s={search_term_string}\"},\"query-input\":{\"@type\":\"PropertyValueSpecification\",\"valueRequired\":true,\"valueName\":\"search_term_string\"}}],\"inLanguage\":\"ro-RO\"},{\"@type\":\"Organization\",\"@id\":\"https:\\\/\\\/pet24.md\\\/#organization\",\"name\":\"Pet24\",\"url\":\"https:\\\/\\\/pet24.md\\\/\",\"logo\":{\"@type\":\"ImageObject\",\"inLanguage\":\"ro-RO\",\"@id\":\"https:\\\/\\\/pet24.md\\\/#\\\/schema\\\/logo\\\/image\\\/\",\"url\":\"https:\\\/\\\/pet24.md\\\/wp-content\\\/uploads\\\/2024\\\/09\\\/logo.svg\",\"contentUrl\":\"https:\\\/\\\/pet24.md\\\/wp-content\\\/uploads\\\/2024\\\/09\\\/logo.svg\",\"width\":215,\"height\":66,\"caption\":\"Pet24\"},\"image\":{\"@id\":\"https:\\\/\\\/pet24.md\\\/#\\\/schema\\\/logo\\\/image\\\/\"},\"sameAs\":[\"https:\\\/\\\/www.facebook.com\\\/pet24.md\",\"https:\\\/\\\/www.instagram.com\\\/pet24.md\\\/\"],\"telephone\":\"+37360508880\"}]}<\/script>\n<!-- \/ Yoast SEO Premium plugin. -->","yoast_head_json":{"title":"4DOG DELUXE. Lesa de ruleta pentru caini de rasa medie Culoare 5m","description":"\u041a\u0443\u043f\u0438\u0442\u044c 4DOG DELUXE. \u041f\u043e\u0432\u043e\u0434\u043e\u043a \u0440\u0443\u043b\u0435\u0442\u043a\u0430 \u0434\u043b\u044f \u0441\u043e\u0431\u0430\u043a \u0441\u0440\u0435\u0434\u043d\u0438\u0445 \u043f\u043e\u0440\u043e\u0434 Color 5\u043c \u0441 \u0434\u043e\u0441\u0442\u0430\u0432\u043a\u043e\u0439 \u043f\u043e \u041a\u0438\u0448\u0438\u043d\u0435\u0432\u0443 \u0438 \u0432\u0441\u0435\u0439 \u041c\u043e\u043b\u0434\u043e\u0432\u0435 \u043d\u0430 Pet24","robots":{"index":"index","follow":"follow","max-snippet":"max-snippet:-1","max-image-preview":"max-image-preview:large","max-video-preview":"max-video-preview:-1"},"canonical":"https:\/\/pet24.md\/ro\/produs\/4dog-deluxe-povodok-ruletka-dlya-sobak-srednih-porod-color-5m\/","og_locale":"ro_RO","og_type":"article","og_title":"4DOG DELUXE. \u041f\u043e\u0432\u043e\u0434\u043e\u043a \u0440\u0443\u043b\u0435\u0442\u043a\u0430 \u0434\u043b\u044f \u0441\u043e\u0431\u0430\u043a \u0441\u0440\u0435\u0434\u043d\u0438\u0445 \u043f\u043e\u0440\u043e\u0434 Color 5\u043c","og_description":"\u041a\u0443\u043f\u0438\u0442\u044c 4DOG DELUXE. \u041f\u043e\u0432\u043e\u0434\u043e\u043a \u0440\u0443\u043b\u0435\u0442\u043a\u0430 \u0434\u043b\u044f \u0441\u043e\u0431\u0430\u043a \u0441\u0440\u0435\u0434\u043d\u0438\u0445 \u043f\u043e\u0440\u043e\u0434 Color 5\u043c \u0441 \u0434\u043e\u0441\u0442\u0430\u0432\u043a\u043e\u0439 \u043f\u043e \u041a\u0438\u0448\u0438\u043d\u0435\u0432\u0443 \u0438 \u0432\u0441\u0435\u0439 \u041c\u043e\u043b\u0434\u043e\u0432\u0435 \u043d\u0430 Pet24","og_url":"https:\/\/pet24.md\/ro\/produs\/4dog-deluxe-povodok-ruletka-dlya-sobak-srednih-porod-color-5m\/","og_site_name":"Pet24","article_publisher":"https:\/\/www.facebook.com\/pet24.md","article_modified_time":"2024-09-22T22:17:27+00:00","og_image":[{"width":700,"height":700,"url":"https:\/\/pet24.md\/wp-content\/uploads\/2024\/09\/4dog_deluxe_povodok_ruletka_dlya_sobak_srednih_porod_color_5m.webp","type":"image\/webp"}],"twitter_card":"summary_large_image","schema":{"@context":"https:\/\/schema.org","@graph":[{"@type":"WebPage","@id":"https:\/\/pet24.md\/product\/4dog-deluxe-povodok-ruletka-dlya-sobak-srednih-porod-color-5m\/","url":"https:\/\/pet24.md\/product\/4dog-deluxe-povodok-ruletka-dlya-sobak-srednih-porod-color-5m\/","name":"4DOG DELUXE. Lesa de ruleta pentru caini de rasa medie Culoare 5m","isPartOf":{"@id":"https:\/\/pet24.md\/#website"},"primaryImageOfPage":{"@id":"https:\/\/pet24.md\/product\/4dog-deluxe-povodok-ruletka-dlya-sobak-srednih-porod-color-5m\/#primaryimage"},"image":{"@id":"https:\/\/pet24.md\/product\/4dog-deluxe-povodok-ruletka-dlya-sobak-srednih-porod-color-5m\/#primaryimage"},"thumbnailUrl":"https:\/\/pet24.md\/wp-content\/uploads\/2024\/09\/4dog_deluxe_povodok_ruletka_dlya_sobak_srednih_porod_color_5m.webp","datePublished":"2024-09-03T18:06:28+00:00","dateModified":"2024-09-22T22:17:27+00:00","description":"\u041a\u0443\u043f\u0438\u0442\u044c 4DOG DELUXE. \u041f\u043e\u0432\u043e\u0434\u043e\u043a \u0440\u0443\u043b\u0435\u0442\u043a\u0430 \u0434\u043b\u044f \u0441\u043e\u0431\u0430\u043a \u0441\u0440\u0435\u0434\u043d\u0438\u0445 \u043f\u043e\u0440\u043e\u0434 Color 5\u043c \u0441 \u0434\u043e\u0441\u0442\u0430\u0432\u043a\u043e\u0439 \u043f\u043e \u041a\u0438\u0448\u0438\u043d\u0435\u0432\u0443 \u0438 \u0432\u0441\u0435\u0439 \u041c\u043e\u043b\u0434\u043e\u0432\u0435 \u043d\u0430 Pet24","breadcrumb":{"@id":"https:\/\/pet24.md\/product\/4dog-deluxe-povodok-ruletka-dlya-sobak-srednih-porod-color-5m\/#breadcrumb"},"inLanguage":"ro-RO","potentialAction":[{"@type":"ReadAction","target":["https:\/\/pet24.md\/product\/4dog-deluxe-povodok-ruletka-dlya-sobak-srednih-porod-color-5m\/"]}]},{"@type":"ImageObject","inLanguage":"ro-RO","@id":"https:\/\/pet24.md\/product\/4dog-deluxe-povodok-ruletka-dlya-sobak-srednih-porod-color-5m\/#primaryimage","url":"https:\/\/pet24.md\/wp-content\/uploads\/2024\/09\/4dog_deluxe_povodok_ruletka_dlya_sobak_srednih_porod_color_5m.webp","contentUrl":"https:\/\/pet24.md\/wp-content\/uploads\/2024\/09\/4dog_deluxe_povodok_ruletka_dlya_sobak_srednih_porod_color_5m.webp","width":700,"height":700,"caption":"4DOG DELUXE. \u041f\u043e\u0432\u043e\u0434\u043e\u043a \u0440\u0443\u043b\u0435\u0442\u043a\u0430 \u0434\u043b\u044f \u0441\u043e\u0431\u0430\u043a \u0441\u0440\u0435\u0434\u043d\u0438\u0445 \u043f\u043e\u0440\u043e\u0434 Color 5\u043c"},{"@type":"BreadcrumbList","@id":"https:\/\/pet24.md\/product\/4dog-deluxe-povodok-ruletka-dlya-sobak-srednih-porod-color-5m\/#breadcrumb","itemListElement":[{"@type":"ListItem","position":1,"name":"\u0413\u043b\u0430\u0432\u043d\u0430\u044f \u0441\u0442\u0440\u0430\u043d\u0438\u0446\u0430","item":"https:\/\/pet24.md\/"},{"@type":"ListItem","position":2,"name":"\u041c\u0430\u0433\u0430\u0437\u0438\u043d","item":"https:\/\/pet24.md\/shop\/"},{"@type":"ListItem","position":3,"name":"4DOG DELUXE. \u041f\u043e\u0432\u043e\u0434\u043e\u043a \u0440\u0443\u043b\u0435\u0442\u043a\u0430 \u0434\u043b\u044f \u0441\u043e\u0431\u0430\u043a \u0441\u0440\u0435\u0434\u043d\u0438\u0445 \u043f\u043e\u0440\u043e\u0434 Color 5\u043c"}]},{"@type":"WebSite","@id":"https:\/\/pet24.md\/#website","url":"https:\/\/pet24.md\/","name":"Pet24","description":"Magazin de animale de companie","publisher":{"@id":"https:\/\/pet24.md\/#organization"},"potentialAction":[{"@type":"SearchAction","target":{"@type":"EntryPoint","urlTemplate":"https:\/\/pet24.md\/?s={search_term_string}"},"query-input":{"@type":"PropertyValueSpecification","valueRequired":true,"valueName":"search_term_string"}}],"inLanguage":"ro-RO"},{"@type":"Organization","@id":"https:\/\/pet24.md\/#organization","name":"Pet24","url":"https:\/\/pet24.md\/","logo":{"@type":"ImageObject","inLanguage":"ro-RO","@id":"https:\/\/pet24.md\/#\/schema\/logo\/image\/","url":"https:\/\/pet24.md\/wp-content\/uploads\/2024\/09\/logo.svg","contentUrl":"https:\/\/pet24.md\/wp-content\/uploads\/2024\/09\/logo.svg","width":215,"height":66,"caption":"Pet24"},"image":{"@id":"https:\/\/pet24.md\/#\/schema\/logo\/image\/"},"sameAs":["https:\/\/www.facebook.com\/pet24.md","https:\/\/www.instagram.com\/pet24.md\/"],"telephone":"+37360508880"}]}},"_links":{"self":[{"href":"https:\/\/pet24.md\/ro\/wp-json\/wp\/v2\/product\/88635","targetHints":{"allow":["GET"]}}],"collection":[{"href":"https:\/\/pet24.md\/ro\/wp-json\/wp\/v2\/product"}],"about":[{"href":"https:\/\/pet24.md\/ro\/wp-json\/wp\/v2\/types\/product"}],"replies":[{"embeddable":true,"href":"https:\/\/pet24.md\/ro\/wp-json\/wp\/v2\/comments?post=88635"}],"wp:featuredmedia":[{"embeddable":true,"href":"https:\/\/pet24.md\/ro\/wp-json\/wp\/v2\/media\/91217"}],"wp:attachment":[{"href":"https:\/\/pet24.md\/ro\/wp-json\/wp\/v2\/media?parent=88635"}],"wp:term":[{"taxonomy":"product_brand","embeddable":true,"href":"https:\/\/pet24.md\/ro\/wp-json\/wp\/v2\/product_brand?post=88635"},{"taxonomy":"product_cat","embeddable":true,"href":"https:\/\/pet24.md\/ro\/wp-json\/wp\/v2\/product_cat?post=88635"},{"taxonomy":"product_tag","embeddable":true,"href":"https:\/\/pet24.md\/ro\/wp-json\/wp\/v2\/product_tag?post=88635"}],"curies":[{"name":"wp","href":"https:\/\/api.w.org\/{rel}","templated":true}]}}