{"id":88667,"date":"2024-09-03T18:08:34","date_gmt":"2024-09-03T18:08:34","guid":{"rendered":"https:\/\/pet24.md\/?post_type=product&#038;p=88667"},"modified":"2024-09-22T22:17:31","modified_gmt":"2024-09-22T22:17:31","slug":"4dog-deluxe-povodok-ruletka-dlya-sobak-melkih-i-srednih-porod-cherno-rozovyj-3m","status":"publish","type":"product","link":"https:\/\/pet24.md\/ro\/produs\/4dog-deluxe-povodok-ruletka-dlya-sobak-melkih-i-srednih-porod-cherno-rozovyj-3m\/","title":{"rendered":"4DOG DELUXE. Lesa ruleta pentru caini negru-roz 3m"},"content":{"rendered":"<p><strong>4DOG DELUXE. Lesa ruleta pentru caini negru-roz 3m<br \/>\n<\/strong><\/p>\n<p><strong>4DOG DELUXE<\/strong> este o les\u0103 de rulet\u0103 luminoas\u0103 \u0219i practic\u0103, conceput\u0103 pentru plimb\u0103ri confortabile \u0219i sigure cu animalele de companie. Lungimea de 3 metri ofer\u0103 animalului dumneavoastr\u0103 mult\u0103 libertate de mi\u0219care, \u00een timp ce designul durabil asigur\u0103 un control fiabil asupra situa\u021biei.<\/p>\n<h3>Caracteristici cheie:<\/h3>\n<ul>\n<li><strong>Lungimea benzii<\/strong>: 3 metri<\/li>\n<li><strong>Culoare<\/strong>: Negru-roz<\/li>\n<li><strong>Tip<\/strong>: Ruleta (lesa automata)<\/li>\n<li><strong>Materiale<\/strong>: Nailon rezistent la uzur\u0103 \u0219i plastic durabil<\/li>\n<li><strong>Stilou<\/strong>: Ergonomic, confortabil pentru \u021binere pe termen lung<\/li>\n<li><strong>Mecanism<\/strong>: Blocare sigur\u0103 cu band\u0103 pentru un control precis al c\u00e2inilor<\/li>\n<\/ul>\n<h3>Particularitati:<\/h3>\n<ul>\n<li><strong>Pentru rase mici \u0219i mijlocii<\/strong>: Potrivit pentru c\u00e2ini cu o greutate de p\u00e2n\u0103 la 15 kg.<\/li>\n<li><strong>Confort \u0219i siguran\u021b\u0103<\/strong>: Alunecarea lin\u0103 a curelei \u0219i mecanismul durabil asigur\u0103 u\u0219urin\u021ba \u00een utilizare \u00een deplasare.<\/li>\n<li><strong>Design elegant<\/strong>: Combina\u021bia vibrant\u0103 de culori negru \u0219i roz va ad\u0103uga un accent la mod\u0103 plimb\u0103rilor tale zilnice cu animalul t\u0103u de companie.<\/li>\n<\/ul>\n<p>Comanda online astazi 4DOG DELUXE roz 3m lesa de caine si ofera-ti tie si animalului tau un cadou.<\/p>\n<p><strong>\u00a0<\/strong><\/p>","protected":false},"excerpt":{"rendered":"<p>Aceast\u0103 les\u0103 combin\u0103 perfect stilul \u0219i func\u021bionalitatea. Ofer\u0103 libertate de mi\u0219care pentru c\u00e2inele dvs., men\u021bin\u00e2nd controlul \u0219i siguran\u021ba.<\/p>","protected":false},"featured_media":91226,"comment_status":"closed","ping_status":"closed","template":"","meta":[],"product_brand":[],"product_cat":[136,137,138],"product_tag":[813,879,881,931,913,932],"class_list":{"0":"post-88667","1":"product","2":"type-product","3":"status-publish","4":"has-post-thumbnail","6":"product_cat-dog","7":"product_cat-dogs-ammunition","8":"product_cat-dog-leashes","9":"product_tag-4dog","10":"product_tag-deluxe","11":"product_tag-povodok-3m","12":"product_tag-povodok-ruletka-dlya-sobak","13":"product_tag-povodok-ruletka","14":"product_tag-cherno-rozovyj","15":"pa_age-pet-lyuboj-vozrast","16":"pa_brand-4dog-deluxe","17":"pa_breed-size-dlya-melkih-porod","18":"pa_breed-size-dlya-srednih-porod","19":"pa_color-chyorno-rozovyj","20":"pa_length-3m","21":"pa_material-nejlon","22":"pa_material-plastik","23":"pa_pet-sobaka","24":"pa_weight-1-kg","26":"first","27":"instock","28":"shipping-taxable","29":"product-type-simple"},"yoast_head":"<!-- This site is optimized with the Yoast SEO Premium plugin v23.7 (Yoast SEO v27.5) - https:\/\/yoast.com\/product\/yoast-seo-premium-wordpress\/ -->\n<title>4DOG DELUXE. \u041f\u043e\u0432\u043e\u0434\u043e\u043a \u0440\u0443\u043b\u0435\u0442\u043a\u0430 \u0434\u043b\u044f \u0441\u043e\u0431\u0430\u043a \u0447\u0435\u0440\u043d\u043e-\u0440\u043e\u0437\u043e\u0432\u044b\u0439 3\u043c<\/title>\n<meta name=\"description\" content=\"\u041a\u0443\u043f\u0438\u0442\u044c 4DOG DELUXE. \u041f\u043e\u0432\u043e\u0434\u043e\u043a \u0440\u0443\u043b\u0435\u0442\u043a\u0430 \u0434\u043b\u044f \u0441\u043e\u0431\u0430\u043a \u0447\u0435\u0440\u043d\u043e-\u0440\u043e\u0437\u043e\u0432\u044b\u0439 3\u043c \u0441 \u0434\u043e\u0441\u0442\u0430\u0432\u043a\u043e\u0439 \u043f\u043e \u041a\u0438\u0448\u0438\u043d\u0435\u0432\u0443 \u0438 \u0432\u0441\u0435\u0439 \u041c\u043e\u043b\u0434\u043e\u0432\u0435 \u043d\u0430 Pet24\" \/>\n<meta name=\"robots\" content=\"index, follow, max-snippet:-1, max-image-preview:large, max-video-preview:-1\" \/>\n<link rel=\"canonical\" href=\"https:\/\/pet24.md\/ro\/produs\/4dog-deluxe-povodok-ruletka-dlya-sobak-melkih-i-srednih-porod-cherno-rozovyj-3m\/\" \/>\n<meta property=\"og:locale\" content=\"ro_RO\" \/>\n<meta property=\"og:type\" content=\"article\" \/>\n<meta property=\"og:title\" content=\"4DOG DELUXE. \u041f\u043e\u0432\u043e\u0434\u043e\u043a \u0440\u0443\u043b\u0435\u0442\u043a\u0430 \u0434\u043b\u044f \u0441\u043e\u0431\u0430\u043a \u0447\u0435\u0440\u043d\u043e-\u0440\u043e\u0437\u043e\u0432\u044b\u0439 3\u043c\" \/>\n<meta property=\"og:description\" content=\"\u041a\u0443\u043f\u0438\u0442\u044c 4DOG DELUXE. \u041f\u043e\u0432\u043e\u0434\u043e\u043a \u0440\u0443\u043b\u0435\u0442\u043a\u0430 \u0434\u043b\u044f \u0441\u043e\u0431\u0430\u043a \u0447\u0435\u0440\u043d\u043e-\u0440\u043e\u0437\u043e\u0432\u044b\u0439 3\u043c \u0441 \u0434\u043e\u0441\u0442\u0430\u0432\u043a\u043e\u0439 \u043f\u043e \u041a\u0438\u0448\u0438\u043d\u0435\u0432\u0443 \u0438 \u0432\u0441\u0435\u0439 \u041c\u043e\u043b\u0434\u043e\u0432\u0435 \u043d\u0430 Pet24\" \/>\n<meta property=\"og:url\" content=\"https:\/\/pet24.md\/ro\/produs\/4dog-deluxe-povodok-ruletka-dlya-sobak-melkih-i-srednih-porod-cherno-rozovyj-3m\/\" \/>\n<meta property=\"og:site_name\" content=\"Pet24\" \/>\n<meta property=\"article:publisher\" content=\"https:\/\/www.facebook.com\/pet24.md\" \/>\n<meta property=\"article:modified_time\" content=\"2024-09-22T22:17:31+00:00\" \/>\n<meta property=\"og:image\" content=\"https:\/\/pet24.md\/wp-content\/uploads\/2024\/09\/4dog_deluxe_povodok_ruletka_dlya_sobak_cherno_rozovyj_3m.webp\" \/>\n\t<meta property=\"og:image:width\" content=\"600\" \/>\n\t<meta property=\"og:image:height\" content=\"600\" \/>\n\t<meta property=\"og:image:type\" content=\"image\/webp\" \/>\n<meta name=\"twitter:card\" content=\"summary_large_image\" \/>\n<script type=\"application\/ld+json\" class=\"yoast-schema-graph\">{\"@context\":\"https:\\\/\\\/schema.org\",\"@graph\":[{\"@type\":\"WebPage\",\"@id\":\"https:\\\/\\\/pet24.md\\\/product\\\/4dog-deluxe-povodok-ruletka-dlya-sobak-melkih-i-srednih-porod-cherno-rozovyj-3m\\\/\",\"url\":\"https:\\\/\\\/pet24.md\\\/product\\\/4dog-deluxe-povodok-ruletka-dlya-sobak-melkih-i-srednih-porod-cherno-rozovyj-3m\\\/\",\"name\":\"4DOG DELUXE. \u041f\u043e\u0432\u043e\u0434\u043e\u043a \u0440\u0443\u043b\u0435\u0442\u043a\u0430 \u0434\u043b\u044f \u0441\u043e\u0431\u0430\u043a \u0447\u0435\u0440\u043d\u043e-\u0440\u043e\u0437\u043e\u0432\u044b\u0439 3\u043c\",\"isPartOf\":{\"@id\":\"https:\\\/\\\/pet24.md\\\/#website\"},\"primaryImageOfPage\":{\"@id\":\"https:\\\/\\\/pet24.md\\\/product\\\/4dog-deluxe-povodok-ruletka-dlya-sobak-melkih-i-srednih-porod-cherno-rozovyj-3m\\\/#primaryimage\"},\"image\":{\"@id\":\"https:\\\/\\\/pet24.md\\\/product\\\/4dog-deluxe-povodok-ruletka-dlya-sobak-melkih-i-srednih-porod-cherno-rozovyj-3m\\\/#primaryimage\"},\"thumbnailUrl\":\"https:\\\/\\\/pet24.md\\\/wp-content\\\/uploads\\\/2024\\\/09\\\/4dog_deluxe_povodok_ruletka_dlya_sobak_cherno_rozovyj_3m.webp\",\"datePublished\":\"2024-09-03T18:08:34+00:00\",\"dateModified\":\"2024-09-22T22:17:31+00:00\",\"description\":\"\u041a\u0443\u043f\u0438\u0442\u044c 4DOG DELUXE. \u041f\u043e\u0432\u043e\u0434\u043e\u043a \u0440\u0443\u043b\u0435\u0442\u043a\u0430 \u0434\u043b\u044f \u0441\u043e\u0431\u0430\u043a \u0447\u0435\u0440\u043d\u043e-\u0440\u043e\u0437\u043e\u0432\u044b\u0439 3\u043c \u0441 \u0434\u043e\u0441\u0442\u0430\u0432\u043a\u043e\u0439 \u043f\u043e \u041a\u0438\u0448\u0438\u043d\u0435\u0432\u0443 \u0438 \u0432\u0441\u0435\u0439 \u041c\u043e\u043b\u0434\u043e\u0432\u0435 \u043d\u0430 Pet24\",\"breadcrumb\":{\"@id\":\"https:\\\/\\\/pet24.md\\\/product\\\/4dog-deluxe-povodok-ruletka-dlya-sobak-melkih-i-srednih-porod-cherno-rozovyj-3m\\\/#breadcrumb\"},\"inLanguage\":\"ro-RO\",\"potentialAction\":[{\"@type\":\"ReadAction\",\"target\":[\"https:\\\/\\\/pet24.md\\\/product\\\/4dog-deluxe-povodok-ruletka-dlya-sobak-melkih-i-srednih-porod-cherno-rozovyj-3m\\\/\"]}]},{\"@type\":\"ImageObject\",\"inLanguage\":\"ro-RO\",\"@id\":\"https:\\\/\\\/pet24.md\\\/product\\\/4dog-deluxe-povodok-ruletka-dlya-sobak-melkih-i-srednih-porod-cherno-rozovyj-3m\\\/#primaryimage\",\"url\":\"https:\\\/\\\/pet24.md\\\/wp-content\\\/uploads\\\/2024\\\/09\\\/4dog_deluxe_povodok_ruletka_dlya_sobak_cherno_rozovyj_3m.webp\",\"contentUrl\":\"https:\\\/\\\/pet24.md\\\/wp-content\\\/uploads\\\/2024\\\/09\\\/4dog_deluxe_povodok_ruletka_dlya_sobak_cherno_rozovyj_3m.webp\",\"width\":600,\"height\":600,\"caption\":\"4DOG DELUXE. \u041f\u043e\u0432\u043e\u0434\u043e\u043a \u0440\u0443\u043b\u0435\u0442\u043a\u0430 \u0434\u043b\u044f \u0441\u043e\u0431\u0430\u043a \u0447\u0435\u0440\u043d\u043e-\u0440\u043e\u0437\u043e\u0432\u044b\u0439 3\u043c\"},{\"@type\":\"BreadcrumbList\",\"@id\":\"https:\\\/\\\/pet24.md\\\/product\\\/4dog-deluxe-povodok-ruletka-dlya-sobak-melkih-i-srednih-porod-cherno-rozovyj-3m\\\/#breadcrumb\",\"itemListElement\":[{\"@type\":\"ListItem\",\"position\":1,\"name\":\"\u0413\u043b\u0430\u0432\u043d\u0430\u044f \u0441\u0442\u0440\u0430\u043d\u0438\u0446\u0430\",\"item\":\"https:\\\/\\\/pet24.md\\\/\"},{\"@type\":\"ListItem\",\"position\":2,\"name\":\"\u041c\u0430\u0433\u0430\u0437\u0438\u043d\",\"item\":\"https:\\\/\\\/pet24.md\\\/shop\\\/\"},{\"@type\":\"ListItem\",\"position\":3,\"name\":\"4DOG DELUXE. \u041f\u043e\u0432\u043e\u0434\u043e\u043a \u0440\u0443\u043b\u0435\u0442\u043a\u0430 \u0434\u043b\u044f \u0441\u043e\u0431\u0430\u043a \u0447\u0435\u0440\u043d\u043e-\u0440\u043e\u0437\u043e\u0432\u044b\u0439 3\u043c\"}]},{\"@type\":\"WebSite\",\"@id\":\"https:\\\/\\\/pet24.md\\\/#website\",\"url\":\"https:\\\/\\\/pet24.md\\\/\",\"name\":\"Pet24\",\"description\":\"\u0417\u043e\u043e\u043c\u0430\u0433\u0430\u0437\u0438\u043d \u0442\u043e\u0432\u0430\u0440\u043e\u0432 \u0434\u043b\u044f \u0434\u043e\u043c\u0430\u0448\u043d\u0438\u0445 \u043f\u0438\u0442\u043e\u043c\u0446\u0435\u0432\",\"publisher\":{\"@id\":\"https:\\\/\\\/pet24.md\\\/#organization\"},\"potentialAction\":[{\"@type\":\"SearchAction\",\"target\":{\"@type\":\"EntryPoint\",\"urlTemplate\":\"https:\\\/\\\/pet24.md\\\/?s={search_term_string}\"},\"query-input\":{\"@type\":\"PropertyValueSpecification\",\"valueRequired\":true,\"valueName\":\"search_term_string\"}}],\"inLanguage\":\"ro-RO\"},{\"@type\":\"Organization\",\"@id\":\"https:\\\/\\\/pet24.md\\\/#organization\",\"name\":\"Pet24\",\"url\":\"https:\\\/\\\/pet24.md\\\/\",\"logo\":{\"@type\":\"ImageObject\",\"inLanguage\":\"ro-RO\",\"@id\":\"https:\\\/\\\/pet24.md\\\/#\\\/schema\\\/logo\\\/image\\\/\",\"url\":\"https:\\\/\\\/pet24.md\\\/wp-content\\\/uploads\\\/2024\\\/09\\\/logo.svg\",\"contentUrl\":\"https:\\\/\\\/pet24.md\\\/wp-content\\\/uploads\\\/2024\\\/09\\\/logo.svg\",\"width\":215,\"height\":66,\"caption\":\"Pet24\"},\"image\":{\"@id\":\"https:\\\/\\\/pet24.md\\\/#\\\/schema\\\/logo\\\/image\\\/\"},\"sameAs\":[\"https:\\\/\\\/www.facebook.com\\\/pet24.md\",\"https:\\\/\\\/www.instagram.com\\\/pet24.md\\\/\"],\"telephone\":\"+37360508880\"}]}<\/script>\n<!-- \/ Yoast SEO Premium plugin. -->","yoast_head_json":{"title":"4DOG DELUXE. Lesa ruleta pentru caini negru-roz 3m","description":"\u041a\u0443\u043f\u0438\u0442\u044c 4DOG DELUXE. \u041f\u043e\u0432\u043e\u0434\u043e\u043a \u0440\u0443\u043b\u0435\u0442\u043a\u0430 \u0434\u043b\u044f \u0441\u043e\u0431\u0430\u043a \u0447\u0435\u0440\u043d\u043e-\u0440\u043e\u0437\u043e\u0432\u044b\u0439 3\u043c \u0441 \u0434\u043e\u0441\u0442\u0430\u0432\u043a\u043e\u0439 \u043f\u043e \u041a\u0438\u0448\u0438\u043d\u0435\u0432\u0443 \u0438 \u0432\u0441\u0435\u0439 \u041c\u043e\u043b\u0434\u043e\u0432\u0435 \u043d\u0430 Pet24","robots":{"index":"index","follow":"follow","max-snippet":"max-snippet:-1","max-image-preview":"max-image-preview:large","max-video-preview":"max-video-preview:-1"},"canonical":"https:\/\/pet24.md\/ro\/produs\/4dog-deluxe-povodok-ruletka-dlya-sobak-melkih-i-srednih-porod-cherno-rozovyj-3m\/","og_locale":"ro_RO","og_type":"article","og_title":"4DOG DELUXE. \u041f\u043e\u0432\u043e\u0434\u043e\u043a \u0440\u0443\u043b\u0435\u0442\u043a\u0430 \u0434\u043b\u044f \u0441\u043e\u0431\u0430\u043a \u0447\u0435\u0440\u043d\u043e-\u0440\u043e\u0437\u043e\u0432\u044b\u0439 3\u043c","og_description":"\u041a\u0443\u043f\u0438\u0442\u044c 4DOG DELUXE. \u041f\u043e\u0432\u043e\u0434\u043e\u043a \u0440\u0443\u043b\u0435\u0442\u043a\u0430 \u0434\u043b\u044f \u0441\u043e\u0431\u0430\u043a \u0447\u0435\u0440\u043d\u043e-\u0440\u043e\u0437\u043e\u0432\u044b\u0439 3\u043c \u0441 \u0434\u043e\u0441\u0442\u0430\u0432\u043a\u043e\u0439 \u043f\u043e \u041a\u0438\u0448\u0438\u043d\u0435\u0432\u0443 \u0438 \u0432\u0441\u0435\u0439 \u041c\u043e\u043b\u0434\u043e\u0432\u0435 \u043d\u0430 Pet24","og_url":"https:\/\/pet24.md\/ro\/produs\/4dog-deluxe-povodok-ruletka-dlya-sobak-melkih-i-srednih-porod-cherno-rozovyj-3m\/","og_site_name":"Pet24","article_publisher":"https:\/\/www.facebook.com\/pet24.md","article_modified_time":"2024-09-22T22:17:31+00:00","og_image":[{"width":600,"height":600,"url":"https:\/\/pet24.md\/wp-content\/uploads\/2024\/09\/4dog_deluxe_povodok_ruletka_dlya_sobak_cherno_rozovyj_3m.webp","type":"image\/webp"}],"twitter_card":"summary_large_image","schema":{"@context":"https:\/\/schema.org","@graph":[{"@type":"WebPage","@id":"https:\/\/pet24.md\/product\/4dog-deluxe-povodok-ruletka-dlya-sobak-melkih-i-srednih-porod-cherno-rozovyj-3m\/","url":"https:\/\/pet24.md\/product\/4dog-deluxe-povodok-ruletka-dlya-sobak-melkih-i-srednih-porod-cherno-rozovyj-3m\/","name":"4DOG DELUXE. Lesa ruleta pentru caini negru-roz 3m","isPartOf":{"@id":"https:\/\/pet24.md\/#website"},"primaryImageOfPage":{"@id":"https:\/\/pet24.md\/product\/4dog-deluxe-povodok-ruletka-dlya-sobak-melkih-i-srednih-porod-cherno-rozovyj-3m\/#primaryimage"},"image":{"@id":"https:\/\/pet24.md\/product\/4dog-deluxe-povodok-ruletka-dlya-sobak-melkih-i-srednih-porod-cherno-rozovyj-3m\/#primaryimage"},"thumbnailUrl":"https:\/\/pet24.md\/wp-content\/uploads\/2024\/09\/4dog_deluxe_povodok_ruletka_dlya_sobak_cherno_rozovyj_3m.webp","datePublished":"2024-09-03T18:08:34+00:00","dateModified":"2024-09-22T22:17:31+00:00","description":"\u041a\u0443\u043f\u0438\u0442\u044c 4DOG DELUXE. \u041f\u043e\u0432\u043e\u0434\u043e\u043a \u0440\u0443\u043b\u0435\u0442\u043a\u0430 \u0434\u043b\u044f \u0441\u043e\u0431\u0430\u043a \u0447\u0435\u0440\u043d\u043e-\u0440\u043e\u0437\u043e\u0432\u044b\u0439 3\u043c \u0441 \u0434\u043e\u0441\u0442\u0430\u0432\u043a\u043e\u0439 \u043f\u043e \u041a\u0438\u0448\u0438\u043d\u0435\u0432\u0443 \u0438 \u0432\u0441\u0435\u0439 \u041c\u043e\u043b\u0434\u043e\u0432\u0435 \u043d\u0430 Pet24","breadcrumb":{"@id":"https:\/\/pet24.md\/product\/4dog-deluxe-povodok-ruletka-dlya-sobak-melkih-i-srednih-porod-cherno-rozovyj-3m\/#breadcrumb"},"inLanguage":"ro-RO","potentialAction":[{"@type":"ReadAction","target":["https:\/\/pet24.md\/product\/4dog-deluxe-povodok-ruletka-dlya-sobak-melkih-i-srednih-porod-cherno-rozovyj-3m\/"]}]},{"@type":"ImageObject","inLanguage":"ro-RO","@id":"https:\/\/pet24.md\/product\/4dog-deluxe-povodok-ruletka-dlya-sobak-melkih-i-srednih-porod-cherno-rozovyj-3m\/#primaryimage","url":"https:\/\/pet24.md\/wp-content\/uploads\/2024\/09\/4dog_deluxe_povodok_ruletka_dlya_sobak_cherno_rozovyj_3m.webp","contentUrl":"https:\/\/pet24.md\/wp-content\/uploads\/2024\/09\/4dog_deluxe_povodok_ruletka_dlya_sobak_cherno_rozovyj_3m.webp","width":600,"height":600,"caption":"4DOG DELUXE. \u041f\u043e\u0432\u043e\u0434\u043e\u043a \u0440\u0443\u043b\u0435\u0442\u043a\u0430 \u0434\u043b\u044f \u0441\u043e\u0431\u0430\u043a \u0447\u0435\u0440\u043d\u043e-\u0440\u043e\u0437\u043e\u0432\u044b\u0439 3\u043c"},{"@type":"BreadcrumbList","@id":"https:\/\/pet24.md\/product\/4dog-deluxe-povodok-ruletka-dlya-sobak-melkih-i-srednih-porod-cherno-rozovyj-3m\/#breadcrumb","itemListElement":[{"@type":"ListItem","position":1,"name":"\u0413\u043b\u0430\u0432\u043d\u0430\u044f \u0441\u0442\u0440\u0430\u043d\u0438\u0446\u0430","item":"https:\/\/pet24.md\/"},{"@type":"ListItem","position":2,"name":"\u041c\u0430\u0433\u0430\u0437\u0438\u043d","item":"https:\/\/pet24.md\/shop\/"},{"@type":"ListItem","position":3,"name":"4DOG DELUXE. \u041f\u043e\u0432\u043e\u0434\u043e\u043a \u0440\u0443\u043b\u0435\u0442\u043a\u0430 \u0434\u043b\u044f \u0441\u043e\u0431\u0430\u043a \u0447\u0435\u0440\u043d\u043e-\u0440\u043e\u0437\u043e\u0432\u044b\u0439 3\u043c"}]},{"@type":"WebSite","@id":"https:\/\/pet24.md\/#website","url":"https:\/\/pet24.md\/","name":"Pet24","description":"Magazin de animale de companie","publisher":{"@id":"https:\/\/pet24.md\/#organization"},"potentialAction":[{"@type":"SearchAction","target":{"@type":"EntryPoint","urlTemplate":"https:\/\/pet24.md\/?s={search_term_string}"},"query-input":{"@type":"PropertyValueSpecification","valueRequired":true,"valueName":"search_term_string"}}],"inLanguage":"ro-RO"},{"@type":"Organization","@id":"https:\/\/pet24.md\/#organization","name":"Pet24","url":"https:\/\/pet24.md\/","logo":{"@type":"ImageObject","inLanguage":"ro-RO","@id":"https:\/\/pet24.md\/#\/schema\/logo\/image\/","url":"https:\/\/pet24.md\/wp-content\/uploads\/2024\/09\/logo.svg","contentUrl":"https:\/\/pet24.md\/wp-content\/uploads\/2024\/09\/logo.svg","width":215,"height":66,"caption":"Pet24"},"image":{"@id":"https:\/\/pet24.md\/#\/schema\/logo\/image\/"},"sameAs":["https:\/\/www.facebook.com\/pet24.md","https:\/\/www.instagram.com\/pet24.md\/"],"telephone":"+37360508880"}]}},"_links":{"self":[{"href":"https:\/\/pet24.md\/ro\/wp-json\/wp\/v2\/product\/88667","targetHints":{"allow":["GET"]}}],"collection":[{"href":"https:\/\/pet24.md\/ro\/wp-json\/wp\/v2\/product"}],"about":[{"href":"https:\/\/pet24.md\/ro\/wp-json\/wp\/v2\/types\/product"}],"replies":[{"embeddable":true,"href":"https:\/\/pet24.md\/ro\/wp-json\/wp\/v2\/comments?post=88667"}],"wp:featuredmedia":[{"embeddable":true,"href":"https:\/\/pet24.md\/ro\/wp-json\/wp\/v2\/media\/91226"}],"wp:attachment":[{"href":"https:\/\/pet24.md\/ro\/wp-json\/wp\/v2\/media?parent=88667"}],"wp:term":[{"taxonomy":"product_brand","embeddable":true,"href":"https:\/\/pet24.md\/ro\/wp-json\/wp\/v2\/product_brand?post=88667"},{"taxonomy":"product_cat","embeddable":true,"href":"https:\/\/pet24.md\/ro\/wp-json\/wp\/v2\/product_cat?post=88667"},{"taxonomy":"product_tag","embeddable":true,"href":"https:\/\/pet24.md\/ro\/wp-json\/wp\/v2\/product_tag?post=88667"}],"curies":[{"name":"wp","href":"https:\/\/api.w.org\/{rel}","templated":true}]}}