{"id":89003,"date":"2024-10-01T16:58:23","date_gmt":"2024-10-01T16:58:23","guid":{"rendered":"https:\/\/pet24.md\/?post_type=product&#038;p=89003"},"modified":"2025-02-08T07:06:13","modified_gmt":"2025-02-08T07:06:13","slug":"royal-canin-bulldog-adult-12kg","status":"publish","type":"product","link":"https:\/\/pet24.md\/ro\/produs\/royal-canin-bulldog-adult-12kg\/","title":{"rendered":"Royal Canin Bulldog Adult hrana uscata pentru caini adulti Bulldog Englez 12kg"},"content":{"rendered":"<p><strong>Ingrediente: <\/strong>Orez, proteine animale deshidratate (p\u0103s\u0103ri de curte), gr\u0103simi animale, izolat de proteine vegetale*, proteine animale hidrolizate, proteine animale deshidratate (carne de porc), pulp\u0103 de sfecl\u0103, minerale, fibre vegetale, ulei de pe\u0219te, ulei de soia, drojdie hidrolizat\u0103 (sursa manan oligozaharide), Hidrolizat de coaj\u0103 de crustacee (surs\u0103 de glucozamin\u0103), extract de g\u0103lbenele (surs\u0103 de lutein\u0103), extracte de ceai verde \u0219i struguri (surse de polifenoli), hidrolizat de cartilaj (surs\u0103 de condroitin\u0103).<\/p>\n<p>LIP: proteine selectate pentru digestibilitate maxim\u0103.<\/p>\n<h4><strong>Suplimente nutritive la 1 kg:<\/strong>\u00a0Vitamina A: 30400 UI, Vitamina D3: 800 UI, Fier: 51 mg, Iod: 5,1 mg, Mangan: 67 mg, Zinc: 201 mg, Seleniu: 0,11 mg \u2013 Conservant: sorbat de potasiu \u2013 Antioxidan\u021bi: galat de propil, BGA.<\/h4>\n<h4><strong>Con\u021binut de nutrien\u021bi: <\/strong>Proteine: 24 % \u2014 Gr\u0103simi: 14 % \u2014 Minerale: 6,6 % \u2014 Fibre totale: 2,7 %<\/h4>","protected":false},"excerpt":{"rendered":"<div class=\"flex max-w-full flex-col flex-grow\">\n<div class=\"min-h-[20px] text-message flex w-full flex-col items-end gap-2 whitespace-normal break-words [.text-message+&amp;]:mt-5\" dir=\"auto\" data-message-author-role=\"assistant\" data-message-id=\"1f6e492b-3933-43b7-92fc-003585624c08\">\n<div class=\"flex w-full flex-col gap-1 empty:hidden first:pt-[3px]\">\n<div class=\"markdown prose w-full break-words dark:prose-invert dark\">\n<p>\u0421\u0443\u0445\u043e\u0439 \u043a\u043e\u0440\u043c \u0434\u043b\u044f \u0432\u0437\u0440\u043e\u0441\u043b\u044b\u0445 \u0430\u043d\u0433\u043b\u0438\u0439\u0441\u043a\u0438\u0445 \u0431\u0443\u043b\u044c\u0434\u043e\u0433\u043e\u0432, \u043f\u043e\u0434\u0434\u0435\u0440\u0436\u0438\u0432\u0430\u044e\u0449\u0438\u0439 \u0437\u0434\u043e\u0440\u043e\u0432\u044c\u0435 \u043a\u043e\u0436\u0438, \u0448\u0435\u0440\u0441\u0442\u0438 \u0438 \u0441\u0443\u0441\u0442\u0430\u0432\u043e\u0432, \u0430 \u0442\u0430\u043a\u0436\u0435 \u0441\u043f\u043e\u0441\u043e\u0431\u0441\u0442\u0432\u0443\u044e\u0449\u0438\u0439 \u043f\u043e\u0434\u0434\u0435\u0440\u0436\u0430\u043d\u0438\u044e \u043e\u043f\u0442\u0438\u043c\u0430\u043b\u044c\u043d\u043e\u0433\u043e \u0432\u0435\u0441\u0430.<\/p>\n<\/div>\n<\/div>\n<\/div>\n<\/div>\n","protected":false},"featured_media":92981,"comment_status":"closed","ping_status":"closed","template":"","meta":[],"product_brand":[],"product_cat":[136,337],"product_tag":[1110,1111],"class_list":{"0":"post-89003","1":"product","2":"type-product","3":"status-publish","4":"has-post-thumbnail","6":"product_cat-dog","7":"product_cat-dogdry","8":"product_tag-royal-canin","9":"product_tag-suhoj-korm-dlya-sobak-royal-canin","10":"pa_age-pet-vzroslye","11":"pa_brand-royal-canin","12":"pa_breed-size-srednyaya-poroda","13":"pa_meat-ingredients-pticza","14":"pa_packaging-meshok","15":"pa_pet-sobaka","16":"pa_pet-feature-vybor-korma-po-porode","17":"pa_purpose-product-vybor-korma-po-porode","18":"pa_type-feed-suhoj-korm","19":"pa_weight-12-kg","21":"first","22":"outofstock","23":"shipping-taxable","24":"product-type-simple"},"yoast_head":"<!-- This site is optimized with the Yoast SEO Premium plugin v23.7 (Yoast SEO v27.5) - https:\/\/yoast.com\/product\/yoast-seo-premium-wordpress\/ -->\n<title>Royal Canin Bulldog Adult \u0441\u0443\u0445\u043e\u0439 \u043a\u043e\u0440\u043c \u0434\u043b\u044f \u0432\u0437\u0440\u043e\u0441\u043b\u044b\u0445 \u0441\u043e\u0431\u0430\u043a \u043f\u043e\u0440\u043e\u0434\u044b \u0430\u043d\u0433\u043b\u0438\u0439\u0441\u043a\u0438\u0439 \u0431\u0443\u043b\u044c\u0434\u043e\u0433 12\u043a\u0433<\/title>\n<meta name=\"description\" content=\"\u041a\u0443\u043f\u0438\u0442\u044c Royal Canin Bulldog Adult \u0441\u0443\u0445\u043e\u0439 \u043a\u043e\u0440\u043c \u0434\u043b\u044f \u0432\u0437\u0440\u043e\u0441\u043b\u044b\u0445 \u0441\u043e\u0431\u0430\u043a \u043f\u043e\u0440\u043e\u0434\u044b \u0430\u043d\u0433\u043b\u0438\u0439\u0441\u043a\u0438\u0439 \u0431\u0443\u043b\u044c\u0434\u043e\u0433 12\u043a\u0433 \u0441 \u0434\u043e\u0441\u0442\u0430\u0432\u043a\u043e\u0439 \u043f\u043e \u041a\u0438\u0448\u0438\u043d\u0435\u0432\u0443 \u0438 \u0432\u0441\u0435\u0439 \u041c\u043e\u043b\u0434\u043e\u0432\u0435 \u043d\u0430 Pet24\" \/>\n<meta name=\"robots\" content=\"index, follow, max-snippet:-1, max-image-preview:large, max-video-preview:-1\" \/>\n<link rel=\"canonical\" href=\"https:\/\/pet24.md\/ro\/produs\/royal-canin-bulldog-adult-12kg\/\" \/>\n<meta property=\"og:locale\" content=\"ro_RO\" \/>\n<meta property=\"og:type\" content=\"article\" \/>\n<meta property=\"og:title\" content=\"Royal Canin Bulldog Adult \u0441\u0443\u0445\u043e\u0439 \u043a\u043e\u0440\u043c \u0434\u043b\u044f \u0432\u0437\u0440\u043e\u0441\u043b\u044b\u0445 \u0441\u043e\u0431\u0430\u043a \u043f\u043e\u0440\u043e\u0434\u044b \u0430\u043d\u0433\u043b\u0438\u0439\u0441\u043a\u0438\u0439 \u0431\u0443\u043b\u044c\u0434\u043e\u0433 12\u043a\u0433\" \/>\n<meta property=\"og:description\" content=\"\u041a\u0443\u043f\u0438\u0442\u044c Royal Canin Bulldog Adult \u0441\u0443\u0445\u043e\u0439 \u043a\u043e\u0440\u043c \u0434\u043b\u044f \u0432\u0437\u0440\u043e\u0441\u043b\u044b\u0445 \u0441\u043e\u0431\u0430\u043a \u043f\u043e\u0440\u043e\u0434\u044b \u0430\u043d\u0433\u043b\u0438\u0439\u0441\u043a\u0438\u0439 \u0431\u0443\u043b\u044c\u0434\u043e\u0433 12\u043a\u0433 \u0441 \u0434\u043e\u0441\u0442\u0430\u0432\u043a\u043e\u0439 \u043f\u043e \u041a\u0438\u0448\u0438\u043d\u0435\u0432\u0443 \u0438 \u0432\u0441\u0435\u0439 \u041c\u043e\u043b\u0434\u043e\u0432\u0435 \u043d\u0430 Pet24\" \/>\n<meta property=\"og:url\" content=\"https:\/\/pet24.md\/ro\/produs\/royal-canin-bulldog-adult-12kg\/\" \/>\n<meta property=\"og:site_name\" content=\"Pet24\" \/>\n<meta property=\"article:publisher\" content=\"https:\/\/www.facebook.com\/pet24.md\" \/>\n<meta property=\"article:modified_time\" content=\"2025-02-08T07:06:13+00:00\" \/>\n<meta property=\"og:image\" content=\"https:\/\/pet24.md\/wp-content\/uploads\/2024\/10\/1.png\" \/>\n\t<meta property=\"og:image:width\" content=\"250\" \/>\n\t<meta property=\"og:image:height\" content=\"354\" \/>\n\t<meta property=\"og:image:type\" content=\"image\/png\" \/>\n<meta name=\"twitter:card\" content=\"summary_large_image\" \/>\n<meta name=\"twitter:label1\" content=\"Timp estimat pentru citire\" \/>\n\t<meta name=\"twitter:data1\" content=\"1 minut\" \/>\n<script type=\"application\/ld+json\" class=\"yoast-schema-graph\">{\"@context\":\"https:\\\/\\\/schema.org\",\"@graph\":[{\"@type\":\"WebPage\",\"@id\":\"https:\\\/\\\/pet24.md\\\/product\\\/royal-canin-bulldog-adult-12kg\\\/\",\"url\":\"https:\\\/\\\/pet24.md\\\/product\\\/royal-canin-bulldog-adult-12kg\\\/\",\"name\":\"Royal Canin Bulldog Adult \u0441\u0443\u0445\u043e\u0439 \u043a\u043e\u0440\u043c \u0434\u043b\u044f \u0432\u0437\u0440\u043e\u0441\u043b\u044b\u0445 \u0441\u043e\u0431\u0430\u043a \u043f\u043e\u0440\u043e\u0434\u044b \u0430\u043d\u0433\u043b\u0438\u0439\u0441\u043a\u0438\u0439 \u0431\u0443\u043b\u044c\u0434\u043e\u0433 12\u043a\u0433\",\"isPartOf\":{\"@id\":\"https:\\\/\\\/pet24.md\\\/#website\"},\"primaryImageOfPage\":{\"@id\":\"https:\\\/\\\/pet24.md\\\/product\\\/royal-canin-bulldog-adult-12kg\\\/#primaryimage\"},\"image\":{\"@id\":\"https:\\\/\\\/pet24.md\\\/product\\\/royal-canin-bulldog-adult-12kg\\\/#primaryimage\"},\"thumbnailUrl\":\"https:\\\/\\\/pet24.md\\\/wp-content\\\/uploads\\\/2024\\\/10\\\/1.png\",\"datePublished\":\"2024-10-01T16:58:23+00:00\",\"dateModified\":\"2025-02-08T07:06:13+00:00\",\"description\":\"\u041a\u0443\u043f\u0438\u0442\u044c Royal Canin Bulldog Adult \u0441\u0443\u0445\u043e\u0439 \u043a\u043e\u0440\u043c \u0434\u043b\u044f \u0432\u0437\u0440\u043e\u0441\u043b\u044b\u0445 \u0441\u043e\u0431\u0430\u043a \u043f\u043e\u0440\u043e\u0434\u044b \u0430\u043d\u0433\u043b\u0438\u0439\u0441\u043a\u0438\u0439 \u0431\u0443\u043b\u044c\u0434\u043e\u0433 12\u043a\u0433 \u0441 \u0434\u043e\u0441\u0442\u0430\u0432\u043a\u043e\u0439 \u043f\u043e \u041a\u0438\u0448\u0438\u043d\u0435\u0432\u0443 \u0438 \u0432\u0441\u0435\u0439 \u041c\u043e\u043b\u0434\u043e\u0432\u0435 \u043d\u0430 Pet24\",\"breadcrumb\":{\"@id\":\"https:\\\/\\\/pet24.md\\\/product\\\/royal-canin-bulldog-adult-12kg\\\/#breadcrumb\"},\"inLanguage\":\"ro-RO\",\"potentialAction\":[{\"@type\":\"ReadAction\",\"target\":[\"https:\\\/\\\/pet24.md\\\/product\\\/royal-canin-bulldog-adult-12kg\\\/\"]}]},{\"@type\":\"ImageObject\",\"inLanguage\":\"ro-RO\",\"@id\":\"https:\\\/\\\/pet24.md\\\/product\\\/royal-canin-bulldog-adult-12kg\\\/#primaryimage\",\"url\":\"https:\\\/\\\/pet24.md\\\/wp-content\\\/uploads\\\/2024\\\/10\\\/1.png\",\"contentUrl\":\"https:\\\/\\\/pet24.md\\\/wp-content\\\/uploads\\\/2024\\\/10\\\/1.png\",\"width\":250,\"height\":354,\"caption\":\"Royal Canin Bulldog Adult \u0441\u0443\u0445\u043e\u0439 \u043a\u043e\u0440\u043c \u0434\u043b\u044f \u0432\u0437\u0440\u043e\u0441\u043b\u044b\u0445 \u0441\u043e\u0431\u0430\u043a \u043f\u043e\u0440\u043e\u0434\u044b \u0430\u043d\u0433\u043b\u0438\u0439\u0441\u043a\u0438\u0439 \u0431\u0443\u043b\u044c\u0434\u043e\u0433 12\u043a\u0433\"},{\"@type\":\"BreadcrumbList\",\"@id\":\"https:\\\/\\\/pet24.md\\\/product\\\/royal-canin-bulldog-adult-12kg\\\/#breadcrumb\",\"itemListElement\":[{\"@type\":\"ListItem\",\"position\":1,\"name\":\"\u0413\u043b\u0430\u0432\u043d\u0430\u044f \u0441\u0442\u0440\u0430\u043d\u0438\u0446\u0430\",\"item\":\"https:\\\/\\\/pet24.md\\\/\"},{\"@type\":\"ListItem\",\"position\":2,\"name\":\"\u041c\u0430\u0433\u0430\u0437\u0438\u043d\",\"item\":\"https:\\\/\\\/pet24.md\\\/shop\\\/\"},{\"@type\":\"ListItem\",\"position\":3,\"name\":\"Royal Canin Bulldog Adult \u0441\u0443\u0445\u043e\u0439 \u043a\u043e\u0440\u043c \u0434\u043b\u044f \u0432\u0437\u0440\u043e\u0441\u043b\u044b\u0445 \u0441\u043e\u0431\u0430\u043a \u043f\u043e\u0440\u043e\u0434\u044b \u0430\u043d\u0433\u043b\u0438\u0439\u0441\u043a\u0438\u0439 \u0431\u0443\u043b\u044c\u0434\u043e\u0433 12\u043a\u0433\"}]},{\"@type\":\"WebSite\",\"@id\":\"https:\\\/\\\/pet24.md\\\/#website\",\"url\":\"https:\\\/\\\/pet24.md\\\/\",\"name\":\"Pet24\",\"description\":\"\u0417\u043e\u043e\u043c\u0430\u0433\u0430\u0437\u0438\u043d \u0442\u043e\u0432\u0430\u0440\u043e\u0432 \u0434\u043b\u044f \u0434\u043e\u043c\u0430\u0448\u043d\u0438\u0445 \u043f\u0438\u0442\u043e\u043c\u0446\u0435\u0432\",\"publisher\":{\"@id\":\"https:\\\/\\\/pet24.md\\\/#organization\"},\"potentialAction\":[{\"@type\":\"SearchAction\",\"target\":{\"@type\":\"EntryPoint\",\"urlTemplate\":\"https:\\\/\\\/pet24.md\\\/?s={search_term_string}\"},\"query-input\":{\"@type\":\"PropertyValueSpecification\",\"valueRequired\":true,\"valueName\":\"search_term_string\"}}],\"inLanguage\":\"ro-RO\"},{\"@type\":\"Organization\",\"@id\":\"https:\\\/\\\/pet24.md\\\/#organization\",\"name\":\"Pet24\",\"url\":\"https:\\\/\\\/pet24.md\\\/\",\"logo\":{\"@type\":\"ImageObject\",\"inLanguage\":\"ro-RO\",\"@id\":\"https:\\\/\\\/pet24.md\\\/#\\\/schema\\\/logo\\\/image\\\/\",\"url\":\"https:\\\/\\\/pet24.md\\\/wp-content\\\/uploads\\\/2024\\\/09\\\/logo.svg\",\"contentUrl\":\"https:\\\/\\\/pet24.md\\\/wp-content\\\/uploads\\\/2024\\\/09\\\/logo.svg\",\"width\":215,\"height\":66,\"caption\":\"Pet24\"},\"image\":{\"@id\":\"https:\\\/\\\/pet24.md\\\/#\\\/schema\\\/logo\\\/image\\\/\"},\"sameAs\":[\"https:\\\/\\\/www.facebook.com\\\/pet24.md\",\"https:\\\/\\\/www.instagram.com\\\/pet24.md\\\/\"],\"telephone\":\"+37360508880\"}]}<\/script>\n<!-- \/ Yoast SEO Premium plugin. -->","yoast_head_json":{"title":"Royal Canin Bulldog Adult hrana uscata pentru caini adulti Bulldog Englez 12kg","description":"\u041a\u0443\u043f\u0438\u0442\u044c Royal Canin Bulldog Adult \u0441\u0443\u0445\u043e\u0439 \u043a\u043e\u0440\u043c \u0434\u043b\u044f \u0432\u0437\u0440\u043e\u0441\u043b\u044b\u0445 \u0441\u043e\u0431\u0430\u043a \u043f\u043e\u0440\u043e\u0434\u044b \u0430\u043d\u0433\u043b\u0438\u0439\u0441\u043a\u0438\u0439 \u0431\u0443\u043b\u044c\u0434\u043e\u0433 12\u043a\u0433 \u0441 \u0434\u043e\u0441\u0442\u0430\u0432\u043a\u043e\u0439 \u043f\u043e \u041a\u0438\u0448\u0438\u043d\u0435\u0432\u0443 \u0438 \u0432\u0441\u0435\u0439 \u041c\u043e\u043b\u0434\u043e\u0432\u0435 \u043d\u0430 Pet24","robots":{"index":"index","follow":"follow","max-snippet":"max-snippet:-1","max-image-preview":"max-image-preview:large","max-video-preview":"max-video-preview:-1"},"canonical":"https:\/\/pet24.md\/ro\/produs\/royal-canin-bulldog-adult-12kg\/","og_locale":"ro_RO","og_type":"article","og_title":"Royal Canin Bulldog Adult \u0441\u0443\u0445\u043e\u0439 \u043a\u043e\u0440\u043c \u0434\u043b\u044f \u0432\u0437\u0440\u043e\u0441\u043b\u044b\u0445 \u0441\u043e\u0431\u0430\u043a \u043f\u043e\u0440\u043e\u0434\u044b \u0430\u043d\u0433\u043b\u0438\u0439\u0441\u043a\u0438\u0439 \u0431\u0443\u043b\u044c\u0434\u043e\u0433 12\u043a\u0433","og_description":"\u041a\u0443\u043f\u0438\u0442\u044c Royal Canin Bulldog Adult \u0441\u0443\u0445\u043e\u0439 \u043a\u043e\u0440\u043c \u0434\u043b\u044f \u0432\u0437\u0440\u043e\u0441\u043b\u044b\u0445 \u0441\u043e\u0431\u0430\u043a \u043f\u043e\u0440\u043e\u0434\u044b \u0430\u043d\u0433\u043b\u0438\u0439\u0441\u043a\u0438\u0439 \u0431\u0443\u043b\u044c\u0434\u043e\u0433 12\u043a\u0433 \u0441 \u0434\u043e\u0441\u0442\u0430\u0432\u043a\u043e\u0439 \u043f\u043e \u041a\u0438\u0448\u0438\u043d\u0435\u0432\u0443 \u0438 \u0432\u0441\u0435\u0439 \u041c\u043e\u043b\u0434\u043e\u0432\u0435 \u043d\u0430 Pet24","og_url":"https:\/\/pet24.md\/ro\/produs\/royal-canin-bulldog-adult-12kg\/","og_site_name":"Pet24","article_publisher":"https:\/\/www.facebook.com\/pet24.md","article_modified_time":"2025-02-08T07:06:13+00:00","og_image":[{"width":250,"height":354,"url":"https:\/\/pet24.md\/wp-content\/uploads\/2024\/10\/1.png","type":"image\/png"}],"twitter_card":"summary_large_image","twitter_misc":{"Timp estimat pentru citire":"1 minut"},"schema":{"@context":"https:\/\/schema.org","@graph":[{"@type":"WebPage","@id":"https:\/\/pet24.md\/product\/royal-canin-bulldog-adult-12kg\/","url":"https:\/\/pet24.md\/product\/royal-canin-bulldog-adult-12kg\/","name":"Royal Canin Bulldog Adult hrana uscata pentru caini adulti Bulldog Englez 12kg","isPartOf":{"@id":"https:\/\/pet24.md\/#website"},"primaryImageOfPage":{"@id":"https:\/\/pet24.md\/product\/royal-canin-bulldog-adult-12kg\/#primaryimage"},"image":{"@id":"https:\/\/pet24.md\/product\/royal-canin-bulldog-adult-12kg\/#primaryimage"},"thumbnailUrl":"https:\/\/pet24.md\/wp-content\/uploads\/2024\/10\/1.png","datePublished":"2024-10-01T16:58:23+00:00","dateModified":"2025-02-08T07:06:13+00:00","description":"\u041a\u0443\u043f\u0438\u0442\u044c Royal Canin Bulldog Adult \u0441\u0443\u0445\u043e\u0439 \u043a\u043e\u0440\u043c \u0434\u043b\u044f \u0432\u0437\u0440\u043e\u0441\u043b\u044b\u0445 \u0441\u043e\u0431\u0430\u043a \u043f\u043e\u0440\u043e\u0434\u044b \u0430\u043d\u0433\u043b\u0438\u0439\u0441\u043a\u0438\u0439 \u0431\u0443\u043b\u044c\u0434\u043e\u0433 12\u043a\u0433 \u0441 \u0434\u043e\u0441\u0442\u0430\u0432\u043a\u043e\u0439 \u043f\u043e \u041a\u0438\u0448\u0438\u043d\u0435\u0432\u0443 \u0438 \u0432\u0441\u0435\u0439 \u041c\u043e\u043b\u0434\u043e\u0432\u0435 \u043d\u0430 Pet24","breadcrumb":{"@id":"https:\/\/pet24.md\/product\/royal-canin-bulldog-adult-12kg\/#breadcrumb"},"inLanguage":"ro-RO","potentialAction":[{"@type":"ReadAction","target":["https:\/\/pet24.md\/product\/royal-canin-bulldog-adult-12kg\/"]}]},{"@type":"ImageObject","inLanguage":"ro-RO","@id":"https:\/\/pet24.md\/product\/royal-canin-bulldog-adult-12kg\/#primaryimage","url":"https:\/\/pet24.md\/wp-content\/uploads\/2024\/10\/1.png","contentUrl":"https:\/\/pet24.md\/wp-content\/uploads\/2024\/10\/1.png","width":250,"height":354,"caption":"Royal Canin Bulldog Adult \u0441\u0443\u0445\u043e\u0439 \u043a\u043e\u0440\u043c \u0434\u043b\u044f \u0432\u0437\u0440\u043e\u0441\u043b\u044b\u0445 \u0441\u043e\u0431\u0430\u043a \u043f\u043e\u0440\u043e\u0434\u044b \u0430\u043d\u0433\u043b\u0438\u0439\u0441\u043a\u0438\u0439 \u0431\u0443\u043b\u044c\u0434\u043e\u0433 12\u043a\u0433"},{"@type":"BreadcrumbList","@id":"https:\/\/pet24.md\/product\/royal-canin-bulldog-adult-12kg\/#breadcrumb","itemListElement":[{"@type":"ListItem","position":1,"name":"\u0413\u043b\u0430\u0432\u043d\u0430\u044f \u0441\u0442\u0440\u0430\u043d\u0438\u0446\u0430","item":"https:\/\/pet24.md\/"},{"@type":"ListItem","position":2,"name":"\u041c\u0430\u0433\u0430\u0437\u0438\u043d","item":"https:\/\/pet24.md\/shop\/"},{"@type":"ListItem","position":3,"name":"Royal Canin Bulldog Adult \u0441\u0443\u0445\u043e\u0439 \u043a\u043e\u0440\u043c \u0434\u043b\u044f \u0432\u0437\u0440\u043e\u0441\u043b\u044b\u0445 \u0441\u043e\u0431\u0430\u043a \u043f\u043e\u0440\u043e\u0434\u044b \u0430\u043d\u0433\u043b\u0438\u0439\u0441\u043a\u0438\u0439 \u0431\u0443\u043b\u044c\u0434\u043e\u0433 12\u043a\u0433"}]},{"@type":"WebSite","@id":"https:\/\/pet24.md\/#website","url":"https:\/\/pet24.md\/","name":"Pet24","description":"Magazin de animale de companie","publisher":{"@id":"https:\/\/pet24.md\/#organization"},"potentialAction":[{"@type":"SearchAction","target":{"@type":"EntryPoint","urlTemplate":"https:\/\/pet24.md\/?s={search_term_string}"},"query-input":{"@type":"PropertyValueSpecification","valueRequired":true,"valueName":"search_term_string"}}],"inLanguage":"ro-RO"},{"@type":"Organization","@id":"https:\/\/pet24.md\/#organization","name":"Pet24","url":"https:\/\/pet24.md\/","logo":{"@type":"ImageObject","inLanguage":"ro-RO","@id":"https:\/\/pet24.md\/#\/schema\/logo\/image\/","url":"https:\/\/pet24.md\/wp-content\/uploads\/2024\/09\/logo.svg","contentUrl":"https:\/\/pet24.md\/wp-content\/uploads\/2024\/09\/logo.svg","width":215,"height":66,"caption":"Pet24"},"image":{"@id":"https:\/\/pet24.md\/#\/schema\/logo\/image\/"},"sameAs":["https:\/\/www.facebook.com\/pet24.md","https:\/\/www.instagram.com\/pet24.md\/"],"telephone":"+37360508880"}]}},"_links":{"self":[{"href":"https:\/\/pet24.md\/ro\/wp-json\/wp\/v2\/product\/89003","targetHints":{"allow":["GET"]}}],"collection":[{"href":"https:\/\/pet24.md\/ro\/wp-json\/wp\/v2\/product"}],"about":[{"href":"https:\/\/pet24.md\/ro\/wp-json\/wp\/v2\/types\/product"}],"replies":[{"embeddable":true,"href":"https:\/\/pet24.md\/ro\/wp-json\/wp\/v2\/comments?post=89003"}],"wp:featuredmedia":[{"embeddable":true,"href":"https:\/\/pet24.md\/ro\/wp-json\/wp\/v2\/media\/92981"}],"wp:attachment":[{"href":"https:\/\/pet24.md\/ro\/wp-json\/wp\/v2\/media?parent=89003"}],"wp:term":[{"taxonomy":"product_brand","embeddable":true,"href":"https:\/\/pet24.md\/ro\/wp-json\/wp\/v2\/product_brand?post=89003"},{"taxonomy":"product_cat","embeddable":true,"href":"https:\/\/pet24.md\/ro\/wp-json\/wp\/v2\/product_cat?post=89003"},{"taxonomy":"product_tag","embeddable":true,"href":"https:\/\/pet24.md\/ro\/wp-json\/wp\/v2\/product_tag?post=89003"}],"curies":[{"name":"wp","href":"https:\/\/api.w.org\/{rel}","templated":true}]}}