{"id":89069,"date":"2023-01-04T20:09:39","date_gmt":"2023-01-04T20:09:39","guid":{"rendered":"https:\/\/pet24.md\/?post_type=product&#038;p=89069"},"modified":"2024-09-22T22:09:56","modified_gmt":"2024-09-22T22:09:56","slug":"optimeal-bezzernovoj-polnoraczionnyj-suho","status":"publish","type":"product","link":"https:\/\/pet24.md\/ro\/produs\/optimeal-bezzernovoj-polnoraczionnyj-suho\/","title":{"rendered":"OPTIMEAL\u2122. Hrana uscata fara cereale pentru caini de toate rasele - curcan si legume 1,5 kg"},"content":{"rendered":"<p><strong>OPTIMEAL\u2122. Hran\u0103 uscat\u0103 complet\u0103 f\u0103r\u0103 cereale pentru c\u00e2ini adul\u021bi de toate rasele - curcan \u0219i legume<\/strong><\/p>\n<p><strong>Fara cereale si gluten. Mentine greutatea optima a animalelor si protejeaza sistemul digestiv. Reduce riscul de alergii alimentare. \u00cent\u0103re\u0219te sistemul imunitar.<\/strong><\/p>\n<p><strong>Compus:<\/strong> proteine de curcan deshidratate, nu mai pu\u021bin de 39 %, amidon de cartofi, carne de curcan dezosat\u0103 12 %, gr\u0103sime de pui, cartofi usca\u021bi, tapioca, proteine animale hidrolizate 5 %, maz\u0103re verde 4,11 %, ulei de somon, pulp\u0103 de sfecl\u0103, pulp\u0103 mineral\u0103 de dovleac, fibre vegetale 1 %, morcovi 0,79 %, semin\u021be de in 0,79 %, drojdie de bere, meri\u0219oare 0,2 %, ulei de borage, beta 1,3\/1,6 glucani 0,05 %, Actigen\u00ae (surs\u0103 de prebiotic de lutein\u0103) 0,04 %, r\u0103d\u0103cin\u0103 de brusture, r\u0103d\u0103cin\u0103 de marshmallow, flori de mu\u0219e\u021bel 0,03 %, urzic\u0103 0,03 %, extract de yucca, cimbru 0,015 %.<\/p>\n<p><strong>Componente analitice:<\/strong> proteine brute \u2013 26 %, gr\u0103simi brute \u2013 17 %, cenu\u0219\u0103 brut\u0103 \u2013 5,5 %, fibre brute \u2013 1,2 %, umiditate \u2013 9 %, calciu \u2013 1,05 %, fosfor \u2013 0,8 1TP30.T, magneziu \u2013 1TP30.T. La 1 kg de furaj: acizi gra\u0219i omega-3 \u2013 7,1 g, inclusiv EPA\/DHA \u2013 3,8 g, acizi gra\u0219i omega-6 \u2013 36,4 g 84,53 proteine % \u2013 de origine animal\u0103.<\/p>\n<p><strong>Aditivi: Suplimente nutritive<\/strong> (pe 1 kg de furaj), mg\/kg: vitamina A (3a672a): 15.000 UI, vitamina D3 (3a671): 800 UI, vitamina E (3a700): 500, vitamina C (3a312): 200, vitamina B6 (3a831) ): 2,22, biotin\u0103 (3a880): 0,14, taurin\u0103 (3a370): 1.100; oligoelemente: zinc (3b603): 104,96, cupru (3b405): 11,24, mangan (3b502): 2,57, seleniu (E83b801): 0,08.<\/p>\n<p><strong>Aditivi tehnologici<\/strong> (pe 1 kg de furaj), mg\/kg: antioxidant de origine natural\u0103: 330, extract de tocoferol de origine natural\u0103: 600.<\/p>\n<p><strong>Valoarea energetic\u0103<\/strong> (con\u021binut caloric) 100 g furaj: 1628,16 kJ (389,15 kcal).<\/p>\n<p>Pe ambalaj sunt indicate data produc\u021biei, data de consumul de consum \u0219i num\u0103rul de lot. A se pastra la loc racoros, uscat, ferit de soare.<\/p>\n<p><strong>Aportul zilnic de hr\u0103nire recomandat:<\/strong><\/p>\n<table>\n<tbody>\n<tr>\n<td rowspan=\"2\"><span style=\"font-weight: 400\"><strong>Greutatea animalului, kg<\/strong> <\/span><\/td>\n<td colspan=\"3\"><strong>Cantitatea de furaj, g\/zi<\/strong><\/td>\n<\/tr>\n<tr>\n<td><span style=\"font-weight: 400\"><strong>Activitate sc\u0103zut\u0103<\/strong> <\/span><\/td>\n<td><span style=\"font-weight: 400\"><strong>Activitate medie<\/strong><\/span><\/td>\n<td><span style=\"font-weight: 400\"><strong>Activitate mare<\/strong><\/span><\/td>\n<\/tr>\n<tr>\n<td><span style=\"font-weight: 400\">5-10<\/span><\/td>\n<td><span style=\"font-weight: 400\">82-137<\/span><\/td>\n<td><span style=\"font-weight: 400\">95-159<\/span><\/td>\n<td><span style=\"font-weight: 400\">107-181<\/span><\/td>\n<\/tr>\n<tr>\n<td><span style=\"font-weight: 400\">10-15<\/span><\/td>\n<td><span style=\"font-weight: 400\">137-186<\/span><\/td>\n<td><span style=\"font-weight: 400\">159-215<\/span><\/td>\n<td><span style=\"font-weight: 400\">181-245<\/span><\/td>\n<\/tr>\n<tr>\n<td><span style=\"font-weight: 400\">15-20<\/span><\/td>\n<td><span style=\"font-weight: 400\">186-231<\/span><\/td>\n<td><span style=\"font-weight: 400\">215-267<\/span><\/td>\n<td><span style=\"font-weight: 400\">245-304<\/span><\/td>\n<\/tr>\n<tr>\n<td><span style=\"font-weight: 400\">20-25<\/span><\/td>\n<td><span style=\"font-weight: 400\">231-273<\/span><\/td>\n<td><span style=\"font-weight: 400\">267-316<\/span><\/td>\n<td><span style=\"font-weight: 400\">304-359<\/span><\/td>\n<\/tr>\n<tr>\n<td><span style=\"font-weight: 400\">25-30<\/span><\/td>\n<td><span style=\"font-weight: 400\">273-313<\/span><\/td>\n<td><span style=\"font-weight: 400\">316-362<\/span><\/td>\n<td><span style=\"font-weight: 400\">359-412<\/span><\/td>\n<\/tr>\n<tr>\n<td><span style=\"font-weight: 400\">30-40<\/span><\/td>\n<td><span style=\"font-weight: 400\">313-388<\/span><\/td>\n<td><span style=\"font-weight: 400\">362-450<\/span><\/td>\n<td><span style=\"font-weight: 400\">412-511<\/span><\/td>\n<\/tr>\n<tr>\n<td><span style=\"font-weight: 400\">40-50<\/span><\/td>\n<td><span style=\"font-weight: 400\">388-459<\/span><\/td>\n<td><span style=\"font-weight: 400\">450-531<\/span><\/td>\n<td><span style=\"font-weight: 400\">511-604<\/span><\/td>\n<\/tr>\n<tr>\n<td><span style=\"font-weight: 400\">50-60<\/span><\/td>\n<td><span style=\"font-weight: 400\">459-526<\/span><\/td>\n<td><span style=\"font-weight: 400\">531-609<\/span><\/td>\n<td><span style=\"font-weight: 400\">604-692<\/span><\/td>\n<\/tr>\n<\/tbody>\n<\/table>\n<p><strong>\u00a0<\/strong><\/p>\n<p>&nbsp;<\/p>\n<p>Alimentele trebuie introduse treptat \u00een alimenta\u021bie (cel pu\u021bin \u00een primele 5 zile). Ofer\u0103 animalului t\u0103u acces constant la ap\u0103 potabil\u0103 curat\u0103. Ratele individuale de hr\u0103nire pot varia \u00een func\u021bie de v\u00e2rsta animalului, rasa, nivelul de activitate \u0219i habitatul.<\/p>","protected":false},"excerpt":{"rendered":"<p>OPTIMEAL\u2122. Hran\u0103 uscat\u0103 complet\u0103 f\u0103r\u0103 cereale pentru c\u00e2ini adul\u021bi de toate rasele - ra\u021b\u0103 \u0219i legume Nu con\u021bine cereale sau gluten. Mentine greutatea optima...<\/p>","protected":false},"featured_media":89282,"comment_status":"closed","ping_status":"closed","template":"","meta":[],"product_brand":[],"product_cat":[136,293,337],"product_tag":[321,338,353,240,354,333,325],"class_list":{"0":"post-89069","1":"product","2":"type-product","3":"status-publish","4":"has-post-thumbnail","6":"product_cat-dog","7":"product_cat-dogfood","8":"product_cat-dogdry","9":"product_tag-optimeal","10":"product_tag-optimeal-sobakam","11":"product_tag-bezzernovoj","12":"product_tag-vzroslaya-sobaka","13":"product_tag-indejka","14":"product_tag-ovoshhi","15":"product_tag-suhoj-korm","16":"pa_age-pet-vzroslyj","17":"pa_brand-optimeal","18":"pa_breed-size-dlya-vseh-porod","19":"pa_feed-class-super-premium","20":"pa_meat-ingredients-indejka","21":"pa_packaging-meshok","22":"pa_pet-sobaka","23":"pa_pet-feature-zdorovyj-pitomecz","24":"pa_type-feed-suhoj-korm","25":"pa_weight-1-5-kg","27":"first","28":"outofstock","29":"product-type-simple"},"yoast_head":"<!-- This site is optimized with the Yoast SEO Premium plugin v23.7 (Yoast SEO v27.5) - https:\/\/yoast.com\/product\/yoast-seo-premium-wordpress\/ -->\n<title>OPTIMEAL \u2122. \u0411\u0435\u0437\u0437\u0435\u0440\u043d\u043e\u0432\u043e\u0439 \u0441\u0443\u0445\u043e\u0439 \u043a\u043e\u0440\u043c \u0434\u043b\u044f \u0441\u043e\u0431\u0430\u043a \u0432\u0441\u0435\u0445 \u043f\u043e\u0440\u043e\u0434 - \u0438\u043d\u0434\u0435\u0439\u043a\u0430 \u0438 \u043e\u0432\u043e\u0449\u0438 1.5 \u043a\u0433<\/title>\n<meta name=\"description\" content=\"\u041a\u0443\u043f\u0438\u0442\u044c OPTIMEAL \u2122. \u0411\u0435\u0437\u0437\u0435\u0440\u043d\u043e\u0432\u043e\u0439 \u0441\u0443\u0445\u043e\u0439 \u043a\u043e\u0440\u043c \u0434\u043b\u044f \u0441\u043e\u0431\u0430\u043a \u0432\u0441\u0435\u0445 \u043f\u043e\u0440\u043e\u0434 - \u0438\u043d\u0434\u0435\u0439\u043a\u0430 \u0438 \u043e\u0432\u043e\u0449\u0438 1.5 \u043a\u0433 \u0441 \u0434\u043e\u0441\u0442\u0430\u0432\u043a\u043e\u0439 \u043f\u043e \u041a\u0438\u0448\u0438\u043d\u0435\u0432\u0443 \u0438 \u0432\u0441\u0435\u0439 \u041c\u043e\u043b\u0434\u043e\u0432\u0435 \u043d\u0430 Pet24\" \/>\n<meta name=\"robots\" content=\"index, follow, max-snippet:-1, max-image-preview:large, max-video-preview:-1\" \/>\n<link rel=\"canonical\" href=\"https:\/\/pet24.md\/ro\/produs\/optimeal-bezzernovoj-polnoraczionnyj-suho\/\" \/>\n<meta property=\"og:locale\" content=\"ro_RO\" \/>\n<meta property=\"og:type\" content=\"article\" \/>\n<meta property=\"og:title\" content=\"OPTIMEAL \u2122. \u0411\u0435\u0437\u0437\u0435\u0440\u043d\u043e\u0432\u043e\u0439 \u0441\u0443\u0445\u043e\u0439 \u043a\u043e\u0440\u043c \u0434\u043b\u044f \u0441\u043e\u0431\u0430\u043a \u0432\u0441\u0435\u0445 \u043f\u043e\u0440\u043e\u0434 - \u0438\u043d\u0434\u0435\u0439\u043a\u0430 \u0438 \u043e\u0432\u043e\u0449\u0438 1.5 \u043a\u0433\" \/>\n<meta property=\"og:description\" content=\"\u041a\u0443\u043f\u0438\u0442\u044c OPTIMEAL \u2122. \u0411\u0435\u0437\u0437\u0435\u0440\u043d\u043e\u0432\u043e\u0439 \u0441\u0443\u0445\u043e\u0439 \u043a\u043e\u0440\u043c \u0434\u043b\u044f \u0441\u043e\u0431\u0430\u043a \u0432\u0441\u0435\u0445 \u043f\u043e\u0440\u043e\u0434 - \u0438\u043d\u0434\u0435\u0439\u043a\u0430 \u0438 \u043e\u0432\u043e\u0449\u0438 1.5 \u043a\u0433 \u0441 \u0434\u043e\u0441\u0442\u0430\u0432\u043a\u043e\u0439 \u043f\u043e \u041a\u0438\u0448\u0438\u043d\u0435\u0432\u0443 \u0438 \u0432\u0441\u0435\u0439 \u041c\u043e\u043b\u0434\u043e\u0432\u0435 \u043d\u0430 Pet24\" \/>\n<meta property=\"og:url\" content=\"https:\/\/pet24.md\/ro\/produs\/optimeal-bezzernovoj-polnoraczionnyj-suho\/\" \/>\n<meta property=\"og:site_name\" content=\"Pet24\" \/>\n<meta property=\"article:publisher\" content=\"https:\/\/www.facebook.com\/pet24.md\" \/>\n<meta property=\"article:modified_time\" content=\"2024-09-22T22:09:56+00:00\" \/>\n<meta property=\"og:image\" content=\"https:\/\/pet24.md\/wp-content\/uploads\/2024\/09\/vzroslyh-sobak-vseh-porod-\u2014-indejka-i-ovoshhi.webp\" \/>\n\t<meta property=\"og:image:width\" content=\"600\" \/>\n\t<meta property=\"og:image:height\" content=\"600\" \/>\n\t<meta property=\"og:image:type\" content=\"image\/webp\" \/>\n<meta name=\"twitter:card\" content=\"summary_large_image\" \/>\n<script type=\"application\/ld+json\" class=\"yoast-schema-graph\">{\"@context\":\"https:\\\/\\\/schema.org\",\"@graph\":[{\"@type\":\"WebPage\",\"@id\":\"https:\\\/\\\/pet24.md\\\/product\\\/optimeal-bezzernovoj-polnoraczionnyj-suho\\\/\",\"url\":\"https:\\\/\\\/pet24.md\\\/product\\\/optimeal-bezzernovoj-polnoraczionnyj-suho\\\/\",\"name\":\"OPTIMEAL \u2122. \u0411\u0435\u0437\u0437\u0435\u0440\u043d\u043e\u0432\u043e\u0439 \u0441\u0443\u0445\u043e\u0439 \u043a\u043e\u0440\u043c \u0434\u043b\u044f \u0441\u043e\u0431\u0430\u043a \u0432\u0441\u0435\u0445 \u043f\u043e\u0440\u043e\u0434 - \u0438\u043d\u0434\u0435\u0439\u043a\u0430 \u0438 \u043e\u0432\u043e\u0449\u0438 1.5 \u043a\u0433\",\"isPartOf\":{\"@id\":\"https:\\\/\\\/pet24.md\\\/#website\"},\"primaryImageOfPage\":{\"@id\":\"https:\\\/\\\/pet24.md\\\/product\\\/optimeal-bezzernovoj-polnoraczionnyj-suho\\\/#primaryimage\"},\"image\":{\"@id\":\"https:\\\/\\\/pet24.md\\\/product\\\/optimeal-bezzernovoj-polnoraczionnyj-suho\\\/#primaryimage\"},\"thumbnailUrl\":\"https:\\\/\\\/pet24.md\\\/wp-content\\\/uploads\\\/2024\\\/09\\\/vzroslyh-sobak-vseh-porod-\u2014-indejka-i-ovoshhi.webp\",\"datePublished\":\"2023-01-04T20:09:39+00:00\",\"dateModified\":\"2024-09-22T22:09:56+00:00\",\"description\":\"\u041a\u0443\u043f\u0438\u0442\u044c OPTIMEAL \u2122. \u0411\u0435\u0437\u0437\u0435\u0440\u043d\u043e\u0432\u043e\u0439 \u0441\u0443\u0445\u043e\u0439 \u043a\u043e\u0440\u043c \u0434\u043b\u044f \u0441\u043e\u0431\u0430\u043a \u0432\u0441\u0435\u0445 \u043f\u043e\u0440\u043e\u0434 - \u0438\u043d\u0434\u0435\u0439\u043a\u0430 \u0438 \u043e\u0432\u043e\u0449\u0438 1.5 \u043a\u0433 \u0441 \u0434\u043e\u0441\u0442\u0430\u0432\u043a\u043e\u0439 \u043f\u043e \u041a\u0438\u0448\u0438\u043d\u0435\u0432\u0443 \u0438 \u0432\u0441\u0435\u0439 \u041c\u043e\u043b\u0434\u043e\u0432\u0435 \u043d\u0430 Pet24\",\"breadcrumb\":{\"@id\":\"https:\\\/\\\/pet24.md\\\/product\\\/optimeal-bezzernovoj-polnoraczionnyj-suho\\\/#breadcrumb\"},\"inLanguage\":\"ro-RO\",\"potentialAction\":[{\"@type\":\"ReadAction\",\"target\":[\"https:\\\/\\\/pet24.md\\\/product\\\/optimeal-bezzernovoj-polnoraczionnyj-suho\\\/\"]}]},{\"@type\":\"ImageObject\",\"inLanguage\":\"ro-RO\",\"@id\":\"https:\\\/\\\/pet24.md\\\/product\\\/optimeal-bezzernovoj-polnoraczionnyj-suho\\\/#primaryimage\",\"url\":\"https:\\\/\\\/pet24.md\\\/wp-content\\\/uploads\\\/2024\\\/09\\\/vzroslyh-sobak-vseh-porod-\u2014-indejka-i-ovoshhi.webp\",\"contentUrl\":\"https:\\\/\\\/pet24.md\\\/wp-content\\\/uploads\\\/2024\\\/09\\\/vzroslyh-sobak-vseh-porod-\u2014-indejka-i-ovoshhi.webp\",\"width\":600,\"height\":600,\"caption\":\"vzroslyh sobak vseh porod \u2014 indejka i ovoshhi\"},{\"@type\":\"BreadcrumbList\",\"@id\":\"https:\\\/\\\/pet24.md\\\/product\\\/optimeal-bezzernovoj-polnoraczionnyj-suho\\\/#breadcrumb\",\"itemListElement\":[{\"@type\":\"ListItem\",\"position\":1,\"name\":\"\u0413\u043b\u0430\u0432\u043d\u0430\u044f \u0441\u0442\u0440\u0430\u043d\u0438\u0446\u0430\",\"item\":\"https:\\\/\\\/pet24.md\\\/\"},{\"@type\":\"ListItem\",\"position\":2,\"name\":\"\u041c\u0430\u0433\u0430\u0437\u0438\u043d\",\"item\":\"https:\\\/\\\/pet24.md\\\/shop\\\/\"},{\"@type\":\"ListItem\",\"position\":3,\"name\":\"OPTIMEAL \u2122. \u0411\u0435\u0437\u0437\u0435\u0440\u043d\u043e\u0432\u043e\u0439 \u0441\u0443\u0445\u043e\u0439 \u043a\u043e\u0440\u043c \u0434\u043b\u044f \u0441\u043e\u0431\u0430\u043a \u0432\u0441\u0435\u0445 \u043f\u043e\u0440\u043e\u0434 &#8211; \u0438\u043d\u0434\u0435\u0439\u043a\u0430 \u0438 \u043e\u0432\u043e\u0449\u0438 1.5 \u043a\u0433\"}]},{\"@type\":\"WebSite\",\"@id\":\"https:\\\/\\\/pet24.md\\\/#website\",\"url\":\"https:\\\/\\\/pet24.md\\\/\",\"name\":\"Pet24\",\"description\":\"\u0417\u043e\u043e\u043c\u0430\u0433\u0430\u0437\u0438\u043d \u0442\u043e\u0432\u0430\u0440\u043e\u0432 \u0434\u043b\u044f \u0434\u043e\u043c\u0430\u0448\u043d\u0438\u0445 \u043f\u0438\u0442\u043e\u043c\u0446\u0435\u0432\",\"publisher\":{\"@id\":\"https:\\\/\\\/pet24.md\\\/#organization\"},\"potentialAction\":[{\"@type\":\"SearchAction\",\"target\":{\"@type\":\"EntryPoint\",\"urlTemplate\":\"https:\\\/\\\/pet24.md\\\/?s={search_term_string}\"},\"query-input\":{\"@type\":\"PropertyValueSpecification\",\"valueRequired\":true,\"valueName\":\"search_term_string\"}}],\"inLanguage\":\"ro-RO\"},{\"@type\":\"Organization\",\"@id\":\"https:\\\/\\\/pet24.md\\\/#organization\",\"name\":\"Pet24\",\"url\":\"https:\\\/\\\/pet24.md\\\/\",\"logo\":{\"@type\":\"ImageObject\",\"inLanguage\":\"ro-RO\",\"@id\":\"https:\\\/\\\/pet24.md\\\/#\\\/schema\\\/logo\\\/image\\\/\",\"url\":\"https:\\\/\\\/pet24.md\\\/wp-content\\\/uploads\\\/2024\\\/09\\\/logo.svg\",\"contentUrl\":\"https:\\\/\\\/pet24.md\\\/wp-content\\\/uploads\\\/2024\\\/09\\\/logo.svg\",\"width\":215,\"height\":66,\"caption\":\"Pet24\"},\"image\":{\"@id\":\"https:\\\/\\\/pet24.md\\\/#\\\/schema\\\/logo\\\/image\\\/\"},\"sameAs\":[\"https:\\\/\\\/www.facebook.com\\\/pet24.md\",\"https:\\\/\\\/www.instagram.com\\\/pet24.md\\\/\"],\"telephone\":\"+37360508880\"}]}<\/script>\n<!-- \/ Yoast SEO Premium plugin. -->","yoast_head_json":{"title":"OPTIMEAL \u2122. \u0411\u0435\u0437\u0437\u0435\u0440\u043d\u043e\u0432\u043e\u0439 \u0441\u0443\u0445\u043e\u0439 \u043a\u043e\u0440\u043c \u0434\u043b\u044f \u0441\u043e\u0431\u0430\u043a \u0432\u0441\u0435\u0445 \u043f\u043e\u0440\u043e\u0434 - \u0438\u043d\u0434\u0435\u0439\u043a\u0430 \u0438 \u043e\u0432\u043e\u0449\u0438 1.5 \u043a\u0433","description":"\u041a\u0443\u043f\u0438\u0442\u044c OPTIMEAL \u2122. \u0411\u0435\u0437\u0437\u0435\u0440\u043d\u043e\u0432\u043e\u0439 \u0441\u0443\u0445\u043e\u0439 \u043a\u043e\u0440\u043c \u0434\u043b\u044f \u0441\u043e\u0431\u0430\u043a \u0432\u0441\u0435\u0445 \u043f\u043e\u0440\u043e\u0434 - \u0438\u043d\u0434\u0435\u0439\u043a\u0430 \u0438 \u043e\u0432\u043e\u0449\u0438 1.5 \u043a\u0433 \u0441 \u0434\u043e\u0441\u0442\u0430\u0432\u043a\u043e\u0439 \u043f\u043e \u041a\u0438\u0448\u0438\u043d\u0435\u0432\u0443 \u0438 \u0432\u0441\u0435\u0439 \u041c\u043e\u043b\u0434\u043e\u0432\u0435 \u043d\u0430 Pet24","robots":{"index":"index","follow":"follow","max-snippet":"max-snippet:-1","max-image-preview":"max-image-preview:large","max-video-preview":"max-video-preview:-1"},"canonical":"https:\/\/pet24.md\/ro\/produs\/optimeal-bezzernovoj-polnoraczionnyj-suho\/","og_locale":"ro_RO","og_type":"article","og_title":"OPTIMEAL \u2122. \u0411\u0435\u0437\u0437\u0435\u0440\u043d\u043e\u0432\u043e\u0439 \u0441\u0443\u0445\u043e\u0439 \u043a\u043e\u0440\u043c \u0434\u043b\u044f \u0441\u043e\u0431\u0430\u043a \u0432\u0441\u0435\u0445 \u043f\u043e\u0440\u043e\u0434 - \u0438\u043d\u0434\u0435\u0439\u043a\u0430 \u0438 \u043e\u0432\u043e\u0449\u0438 1.5 \u043a\u0433","og_description":"\u041a\u0443\u043f\u0438\u0442\u044c OPTIMEAL \u2122. \u0411\u0435\u0437\u0437\u0435\u0440\u043d\u043e\u0432\u043e\u0439 \u0441\u0443\u0445\u043e\u0439 \u043a\u043e\u0440\u043c \u0434\u043b\u044f \u0441\u043e\u0431\u0430\u043a \u0432\u0441\u0435\u0445 \u043f\u043e\u0440\u043e\u0434 - \u0438\u043d\u0434\u0435\u0439\u043a\u0430 \u0438 \u043e\u0432\u043e\u0449\u0438 1.5 \u043a\u0433 \u0441 \u0434\u043e\u0441\u0442\u0430\u0432\u043a\u043e\u0439 \u043f\u043e \u041a\u0438\u0448\u0438\u043d\u0435\u0432\u0443 \u0438 \u0432\u0441\u0435\u0439 \u041c\u043e\u043b\u0434\u043e\u0432\u0435 \u043d\u0430 Pet24","og_url":"https:\/\/pet24.md\/ro\/produs\/optimeal-bezzernovoj-polnoraczionnyj-suho\/","og_site_name":"Pet24","article_publisher":"https:\/\/www.facebook.com\/pet24.md","article_modified_time":"2024-09-22T22:09:56+00:00","og_image":[{"width":600,"height":600,"url":"https:\/\/pet24.md\/wp-content\/uploads\/2024\/09\/vzroslyh-sobak-vseh-porod-\u2014-indejka-i-ovoshhi.webp","type":"image\/webp"}],"twitter_card":"summary_large_image","schema":{"@context":"https:\/\/schema.org","@graph":[{"@type":"WebPage","@id":"https:\/\/pet24.md\/product\/optimeal-bezzernovoj-polnoraczionnyj-suho\/","url":"https:\/\/pet24.md\/product\/optimeal-bezzernovoj-polnoraczionnyj-suho\/","name":"OPTIMEAL \u2122. \u0411\u0435\u0437\u0437\u0435\u0440\u043d\u043e\u0432\u043e\u0439 \u0441\u0443\u0445\u043e\u0439 \u043a\u043e\u0440\u043c \u0434\u043b\u044f \u0441\u043e\u0431\u0430\u043a \u0432\u0441\u0435\u0445 \u043f\u043e\u0440\u043e\u0434 - \u0438\u043d\u0434\u0435\u0439\u043a\u0430 \u0438 \u043e\u0432\u043e\u0449\u0438 1.5 \u043a\u0433","isPartOf":{"@id":"https:\/\/pet24.md\/#website"},"primaryImageOfPage":{"@id":"https:\/\/pet24.md\/product\/optimeal-bezzernovoj-polnoraczionnyj-suho\/#primaryimage"},"image":{"@id":"https:\/\/pet24.md\/product\/optimeal-bezzernovoj-polnoraczionnyj-suho\/#primaryimage"},"thumbnailUrl":"https:\/\/pet24.md\/wp-content\/uploads\/2024\/09\/vzroslyh-sobak-vseh-porod-\u2014-indejka-i-ovoshhi.webp","datePublished":"2023-01-04T20:09:39+00:00","dateModified":"2024-09-22T22:09:56+00:00","description":"\u041a\u0443\u043f\u0438\u0442\u044c OPTIMEAL \u2122. \u0411\u0435\u0437\u0437\u0435\u0440\u043d\u043e\u0432\u043e\u0439 \u0441\u0443\u0445\u043e\u0439 \u043a\u043e\u0440\u043c \u0434\u043b\u044f \u0441\u043e\u0431\u0430\u043a \u0432\u0441\u0435\u0445 \u043f\u043e\u0440\u043e\u0434 - \u0438\u043d\u0434\u0435\u0439\u043a\u0430 \u0438 \u043e\u0432\u043e\u0449\u0438 1.5 \u043a\u0433 \u0441 \u0434\u043e\u0441\u0442\u0430\u0432\u043a\u043e\u0439 \u043f\u043e \u041a\u0438\u0448\u0438\u043d\u0435\u0432\u0443 \u0438 \u0432\u0441\u0435\u0439 \u041c\u043e\u043b\u0434\u043e\u0432\u0435 \u043d\u0430 Pet24","breadcrumb":{"@id":"https:\/\/pet24.md\/product\/optimeal-bezzernovoj-polnoraczionnyj-suho\/#breadcrumb"},"inLanguage":"ro-RO","potentialAction":[{"@type":"ReadAction","target":["https:\/\/pet24.md\/product\/optimeal-bezzernovoj-polnoraczionnyj-suho\/"]}]},{"@type":"ImageObject","inLanguage":"ro-RO","@id":"https:\/\/pet24.md\/product\/optimeal-bezzernovoj-polnoraczionnyj-suho\/#primaryimage","url":"https:\/\/pet24.md\/wp-content\/uploads\/2024\/09\/vzroslyh-sobak-vseh-porod-\u2014-indejka-i-ovoshhi.webp","contentUrl":"https:\/\/pet24.md\/wp-content\/uploads\/2024\/09\/vzroslyh-sobak-vseh-porod-\u2014-indejka-i-ovoshhi.webp","width":600,"height":600,"caption":"vzroslyh sobak vseh porod \u2014 indejka i ovoshhi"},{"@type":"BreadcrumbList","@id":"https:\/\/pet24.md\/product\/optimeal-bezzernovoj-polnoraczionnyj-suho\/#breadcrumb","itemListElement":[{"@type":"ListItem","position":1,"name":"\u0413\u043b\u0430\u0432\u043d\u0430\u044f \u0441\u0442\u0440\u0430\u043d\u0438\u0446\u0430","item":"https:\/\/pet24.md\/"},{"@type":"ListItem","position":2,"name":"\u041c\u0430\u0433\u0430\u0437\u0438\u043d","item":"https:\/\/pet24.md\/shop\/"},{"@type":"ListItem","position":3,"name":"OPTIMEAL \u2122. \u0411\u0435\u0437\u0437\u0435\u0440\u043d\u043e\u0432\u043e\u0439 \u0441\u0443\u0445\u043e\u0439 \u043a\u043e\u0440\u043c \u0434\u043b\u044f \u0441\u043e\u0431\u0430\u043a \u0432\u0441\u0435\u0445 \u043f\u043e\u0440\u043e\u0434 &#8211; \u0438\u043d\u0434\u0435\u0439\u043a\u0430 \u0438 \u043e\u0432\u043e\u0449\u0438 1.5 \u043a\u0433"}]},{"@type":"WebSite","@id":"https:\/\/pet24.md\/#website","url":"https:\/\/pet24.md\/","name":"Pet24","description":"Magazin de animale de companie","publisher":{"@id":"https:\/\/pet24.md\/#organization"},"potentialAction":[{"@type":"SearchAction","target":{"@type":"EntryPoint","urlTemplate":"https:\/\/pet24.md\/?s={search_term_string}"},"query-input":{"@type":"PropertyValueSpecification","valueRequired":true,"valueName":"search_term_string"}}],"inLanguage":"ro-RO"},{"@type":"Organization","@id":"https:\/\/pet24.md\/#organization","name":"Pet24","url":"https:\/\/pet24.md\/","logo":{"@type":"ImageObject","inLanguage":"ro-RO","@id":"https:\/\/pet24.md\/#\/schema\/logo\/image\/","url":"https:\/\/pet24.md\/wp-content\/uploads\/2024\/09\/logo.svg","contentUrl":"https:\/\/pet24.md\/wp-content\/uploads\/2024\/09\/logo.svg","width":215,"height":66,"caption":"Pet24"},"image":{"@id":"https:\/\/pet24.md\/#\/schema\/logo\/image\/"},"sameAs":["https:\/\/www.facebook.com\/pet24.md","https:\/\/www.instagram.com\/pet24.md\/"],"telephone":"+37360508880"}]}},"_links":{"self":[{"href":"https:\/\/pet24.md\/ro\/wp-json\/wp\/v2\/product\/89069","targetHints":{"allow":["GET"]}}],"collection":[{"href":"https:\/\/pet24.md\/ro\/wp-json\/wp\/v2\/product"}],"about":[{"href":"https:\/\/pet24.md\/ro\/wp-json\/wp\/v2\/types\/product"}],"replies":[{"embeddable":true,"href":"https:\/\/pet24.md\/ro\/wp-json\/wp\/v2\/comments?post=89069"}],"wp:featuredmedia":[{"embeddable":true,"href":"https:\/\/pet24.md\/ro\/wp-json\/wp\/v2\/media\/89282"}],"wp:attachment":[{"href":"https:\/\/pet24.md\/ro\/wp-json\/wp\/v2\/media?parent=89069"}],"wp:term":[{"taxonomy":"product_brand","embeddable":true,"href":"https:\/\/pet24.md\/ro\/wp-json\/wp\/v2\/product_brand?post=89069"},{"taxonomy":"product_cat","embeddable":true,"href":"https:\/\/pet24.md\/ro\/wp-json\/wp\/v2\/product_cat?post=89069"},{"taxonomy":"product_tag","embeddable":true,"href":"https:\/\/pet24.md\/ro\/wp-json\/wp\/v2\/product_tag?post=89069"}],"curies":[{"name":"wp","href":"https:\/\/api.w.org\/{rel}","templated":true}]}}