{"id":9084,"date":"2020-10-15T16:57:53","date_gmt":"2020-10-15T16:57:53","guid":{"rendered":"https:\/\/pet24.md\/?post_type=product&#038;p=9084"},"modified":"2024-09-22T22:09:33","modified_gmt":"2024-09-22T22:09:33","slug":"oshejnik-dlya-sobak-h-b-tesma-collar-dvojnoj-shirina-35-mm-dlina-51-63-sm","status":"publish","type":"product","link":"https:\/\/pet24.md\/ro\/produs\/oshejnik-dlya-sobak-h-b-tesma-collar-dvojnoj-shirina-35-mm-dlina-51-63-sm\/","title":{"rendered":"Guler pentru caini, impletitura din bumbac Guler dublu (latime 35 mm, lungime 51-63 cm)"},"content":{"rendered":"<h3>Guler pentru c\u00e2ini \u2013 bumbac \u00eempletit, guler dublu (l\u0103\u021bime 35 mm, lungime 51-63 cm)<\/h3>\n<p>Gulerul din bumbac \u021besut dublu este conceput pentru a v\u0103 men\u021bine c\u00e2inele confortabil \u0219i \u00een siguran\u021b\u0103 \u00een timpul plimb\u0103rilor. Cu accesorii metalice rezistente \u0219i un design practic, acest guler este ideal pentru c\u00e2ini de talie medie p\u00e2n\u0103 la mari.<\/p>\n<h4>Caracteristici principale<\/h4>\n<ul>\n<li><strong>Material:<\/strong> Bumbac \u021besut de \u00eenalt\u0103 calitate, moale \u0219i confortabil pentru c\u00e2ine.<\/li>\n<li><strong>L\u0103\u0163ime:<\/strong> 35 mm, oferind suport \u0219i confort adecvat g\u00e2tului c\u00e2inelui.<\/li>\n<li><strong>Lungime reglabila:<\/strong> Circumferin\u021ba g\u00e2tului este reglabil\u0103 de la 51 la 63 cm, potrivit\u0103 pentru c\u00e2ini de talie medie p\u00e2n\u0103 la mari.<\/li>\n<li><strong>Accesorii metalice:<\/strong> Elemente de prindere metalice durabile, rezistente la uzura.<\/li>\n<li><strong>Inel metalic puternic:<\/strong> Un inel metalic puternic pentru fixarea lesei, oferind o prindere fiabil\u0103 \u0219i durabil\u0103.<\/li>\n<\/ul>\n<h4>Beneficii pentru c\u00e2ini \u0219i proprietari<\/h4>\n<ul>\n<li><strong>Siguran\u0163\u0103:<\/strong> Materialul durabil \u0219i accesoriile metalice fiabile ofer\u0103 o ata\u0219are sigur\u0103 \u00een timpul mersului.<\/li>\n<li><strong>Confort:<\/strong> Bumbacul \u00eempletit este moale \u0219i confortabil pentru c\u00e2inele dvs., prevenind irita\u021bia.<\/li>\n<li><strong>Rezisten\u0163\u0103:<\/strong> Construc\u021bia solid\u0103 \u0219i materialele de calitate asigur\u0103 o utilizare pe termen lung \u0219i rezisten\u021b\u0103 la uzur\u0103.<\/li>\n<li><strong>Practicitate:<\/strong> Un inel metalic durabil v\u0103 permite s\u0103 ata\u0219a\u021bi rapid \u0219i \u00een siguran\u021b\u0103 lesa, u\u0219ur\u00e2nd mersul \u0219i antrenamentul.<\/li>\n<\/ul>\n<p>Gulerul dublu din bumbac \u00eempletit este accesoriul perfect pentru a v\u0103 men\u021bine c\u00e2inele confortabil \u0219i \u00een siguran\u021b\u0103 la plimb\u0103ri, oferindu-v\u0103 controlul de care ave\u021bi nevoie.<\/p>","protected":false},"excerpt":{"rendered":"<p>Gulerul va oferi confort \u0219i siguran\u021b\u0103 \u00een timpul plimb\u0103rilor. Garniturile pentru guler sunt realizate din metal rezistent. Gulerul este echipat cu un inel metalic special rezistent pentru atasarea unei lese. Dimensiunea g\u00e2tului - 31-41 cm, l\u0103\u021bime - 20 mm.<\/p>","protected":false},"featured_media":89171,"comment_status":"closed","ping_status":"closed","template":"","meta":[],"product_brand":[],"product_cat":[136,137,257],"product_tag":[165,239,240,232],"class_list":{"0":"post-9084","1":"product","2":"type-product","3":"status-publish","4":"has-post-thumbnail","6":"product_cat-dog","7":"product_cat-dogs-ammunition","8":"product_cat-dog-collar","9":"product_tag-collar","10":"product_tag-aktivnaya-sobaka","11":"product_tag-vzroslaya-sobaka","12":"product_tag-oshejniki","13":"pa_age-pet-lyuboj-vozrast","14":"pa_brand-collar","15":"pa_breed-size-dlya-vseh-porod","16":"pa_color-zelenyj","17":"pa_pet-sobaka","19":"first","20":"outofstock","21":"product-type-simple"},"yoast_head":"<!-- This site is optimized with the Yoast SEO Premium plugin v23.7 (Yoast SEO v27.6) - https:\/\/yoast.com\/product\/yoast-seo-premium-wordpress\/ -->\n<title>\u041e\u0448\u0435\u0439\u043d\u0438\u043a \u0434\u043b\u044f \u0441\u043e\u0431\u0430\u043a, \u0445\/\u0431 \u0442\u0435\u0441\u044c\u043c\u0430 Collar \u0434\u0432\u043e\u0439\u043d\u043e\u0439 (\u0448\u0438\u0440\u0438\u043d\u0430 35 \u043c\u043c, \u0434\u043b\u0438\u043d\u0430 51-63 \u0441\u043c)<\/title>\n<meta name=\"description\" content=\"\u041a\u0443\u043f\u0438\u0442\u044c \u041e\u0448\u0435\u0439\u043d\u0438\u043a \u0434\u043b\u044f \u0441\u043e\u0431\u0430\u043a, \u0445\/\u0431 \u0442\u0435\u0441\u044c\u043c\u0430 Collar \u0434\u0432\u043e\u0439\u043d\u043e\u0439 (\u0448\u0438\u0440\u0438\u043d\u0430 35 \u043c\u043c, \u0434\u043b\u0438\u043d\u0430 51-63 \u0441\u043c) \u0441 \u0434\u043e\u0441\u0442\u0430\u0432\u043a\u043e\u0439 \u043f\u043e \u041a\u0438\u0448\u0438\u043d\u0435\u0432\u0443 \u0438 \u0432\u0441\u0435\u0439 \u041c\u043e\u043b\u0434\u043e\u0432\u0435 \u043d\u0430 Pet24\" \/>\n<meta name=\"robots\" content=\"index, follow, max-snippet:-1, max-image-preview:large, max-video-preview:-1\" \/>\n<link rel=\"canonical\" href=\"https:\/\/pet24.md\/ro\/produs\/oshejnik-dlya-sobak-h-b-tesma-collar-dvojnoj-shirina-35-mm-dlina-51-63-sm\/\" \/>\n<meta property=\"og:locale\" content=\"ro_RO\" \/>\n<meta property=\"og:type\" content=\"article\" \/>\n<meta property=\"og:title\" content=\"\u041e\u0448\u0435\u0439\u043d\u0438\u043a \u0434\u043b\u044f \u0441\u043e\u0431\u0430\u043a, \u0445\/\u0431 \u0442\u0435\u0441\u044c\u043c\u0430 Collar \u0434\u0432\u043e\u0439\u043d\u043e\u0439 (\u0448\u0438\u0440\u0438\u043d\u0430 35 \u043c\u043c, \u0434\u043b\u0438\u043d\u0430 51-63 \u0441\u043c)\" \/>\n<meta property=\"og:description\" content=\"\u041a\u0443\u043f\u0438\u0442\u044c \u041e\u0448\u0435\u0439\u043d\u0438\u043a \u0434\u043b\u044f \u0441\u043e\u0431\u0430\u043a, \u0445\/\u0431 \u0442\u0435\u0441\u044c\u043c\u0430 Collar \u0434\u0432\u043e\u0439\u043d\u043e\u0439 (\u0448\u0438\u0440\u0438\u043d\u0430 35 \u043c\u043c, \u0434\u043b\u0438\u043d\u0430 51-63 \u0441\u043c) \u0441 \u0434\u043e\u0441\u0442\u0430\u0432\u043a\u043e\u0439 \u043f\u043e \u041a\u0438\u0448\u0438\u043d\u0435\u0432\u0443 \u0438 \u0432\u0441\u0435\u0439 \u041c\u043e\u043b\u0434\u043e\u0432\u0435 \u043d\u0430 Pet24\" \/>\n<meta property=\"og:url\" content=\"https:\/\/pet24.md\/ro\/produs\/oshejnik-dlya-sobak-h-b-tesma-collar-dvojnoj-shirina-35-mm-dlina-51-63-sm\/\" \/>\n<meta property=\"og:site_name\" content=\"Pet24\" \/>\n<meta property=\"article:publisher\" content=\"https:\/\/www.facebook.com\/pet24.md\" \/>\n<meta property=\"article:modified_time\" content=\"2024-09-22T22:09:33+00:00\" \/>\n<meta property=\"og:image\" content=\"https:\/\/pet24.md\/wp-content\/uploads\/2024\/09\/oshejnik-dlya-sobak-h-b-tesma-collar-dvojnoj-shirina-35-mm-dlina-51-63-sm.webp\" \/>\n\t<meta property=\"og:image:width\" content=\"600\" \/>\n\t<meta property=\"og:image:height\" content=\"600\" \/>\n\t<meta property=\"og:image:type\" content=\"image\/webp\" \/>\n<meta name=\"twitter:card\" content=\"summary_large_image\" \/>\n<script type=\"application\/ld+json\" class=\"yoast-schema-graph\">{\"@context\":\"https:\\\/\\\/schema.org\",\"@graph\":[{\"@type\":\"WebPage\",\"@id\":\"https:\\\/\\\/pet24.md\\\/product\\\/oshejnik-dlya-sobak-h-b-tesma-collar-dvojnoj-shirina-35-mm-dlina-51-63-sm\\\/\",\"url\":\"https:\\\/\\\/pet24.md\\\/product\\\/oshejnik-dlya-sobak-h-b-tesma-collar-dvojnoj-shirina-35-mm-dlina-51-63-sm\\\/\",\"name\":\"\u041e\u0448\u0435\u0439\u043d\u0438\u043a \u0434\u043b\u044f \u0441\u043e\u0431\u0430\u043a, \u0445\\\/\u0431 \u0442\u0435\u0441\u044c\u043c\u0430 Collar \u0434\u0432\u043e\u0439\u043d\u043e\u0439 (\u0448\u0438\u0440\u0438\u043d\u0430 35 \u043c\u043c, \u0434\u043b\u0438\u043d\u0430 51-63 \u0441\u043c)\",\"isPartOf\":{\"@id\":\"https:\\\/\\\/pet24.md\\\/#website\"},\"primaryImageOfPage\":{\"@id\":\"https:\\\/\\\/pet24.md\\\/product\\\/oshejnik-dlya-sobak-h-b-tesma-collar-dvojnoj-shirina-35-mm-dlina-51-63-sm\\\/#primaryimage\"},\"image\":{\"@id\":\"https:\\\/\\\/pet24.md\\\/product\\\/oshejnik-dlya-sobak-h-b-tesma-collar-dvojnoj-shirina-35-mm-dlina-51-63-sm\\\/#primaryimage\"},\"thumbnailUrl\":\"https:\\\/\\\/pet24.md\\\/wp-content\\\/uploads\\\/2024\\\/09\\\/oshejnik-dlya-sobak-h-b-tesma-collar-dvojnoj-shirina-35-mm-dlina-51-63-sm.webp\",\"datePublished\":\"2020-10-15T16:57:53+00:00\",\"dateModified\":\"2024-09-22T22:09:33+00:00\",\"description\":\"\u041a\u0443\u043f\u0438\u0442\u044c \u041e\u0448\u0435\u0439\u043d\u0438\u043a \u0434\u043b\u044f \u0441\u043e\u0431\u0430\u043a, \u0445\\\/\u0431 \u0442\u0435\u0441\u044c\u043c\u0430 Collar \u0434\u0432\u043e\u0439\u043d\u043e\u0439 (\u0448\u0438\u0440\u0438\u043d\u0430 35 \u043c\u043c, \u0434\u043b\u0438\u043d\u0430 51-63 \u0441\u043c) \u0441 \u0434\u043e\u0441\u0442\u0430\u0432\u043a\u043e\u0439 \u043f\u043e \u041a\u0438\u0448\u0438\u043d\u0435\u0432\u0443 \u0438 \u0432\u0441\u0435\u0439 \u041c\u043e\u043b\u0434\u043e\u0432\u0435 \u043d\u0430 Pet24\",\"breadcrumb\":{\"@id\":\"https:\\\/\\\/pet24.md\\\/product\\\/oshejnik-dlya-sobak-h-b-tesma-collar-dvojnoj-shirina-35-mm-dlina-51-63-sm\\\/#breadcrumb\"},\"inLanguage\":\"ro-RO\",\"potentialAction\":[{\"@type\":\"ReadAction\",\"target\":[\"https:\\\/\\\/pet24.md\\\/product\\\/oshejnik-dlya-sobak-h-b-tesma-collar-dvojnoj-shirina-35-mm-dlina-51-63-sm\\\/\"]}]},{\"@type\":\"ImageObject\",\"inLanguage\":\"ro-RO\",\"@id\":\"https:\\\/\\\/pet24.md\\\/product\\\/oshejnik-dlya-sobak-h-b-tesma-collar-dvojnoj-shirina-35-mm-dlina-51-63-sm\\\/#primaryimage\",\"url\":\"https:\\\/\\\/pet24.md\\\/wp-content\\\/uploads\\\/2024\\\/09\\\/oshejnik-dlya-sobak-h-b-tesma-collar-dvojnoj-shirina-35-mm-dlina-51-63-sm.webp\",\"contentUrl\":\"https:\\\/\\\/pet24.md\\\/wp-content\\\/uploads\\\/2024\\\/09\\\/oshejnik-dlya-sobak-h-b-tesma-collar-dvojnoj-shirina-35-mm-dlina-51-63-sm.webp\",\"width\":600,\"height\":600,\"caption\":\"oshejnik dlya sobak h b tesma collar dvojnoj shirina 35 mm dlina 51 63 sm\"},{\"@type\":\"BreadcrumbList\",\"@id\":\"https:\\\/\\\/pet24.md\\\/product\\\/oshejnik-dlya-sobak-h-b-tesma-collar-dvojnoj-shirina-35-mm-dlina-51-63-sm\\\/#breadcrumb\",\"itemListElement\":[{\"@type\":\"ListItem\",\"position\":1,\"name\":\"\u0413\u043b\u0430\u0432\u043d\u0430\u044f \u0441\u0442\u0440\u0430\u043d\u0438\u0446\u0430\",\"item\":\"https:\\\/\\\/pet24.md\\\/\"},{\"@type\":\"ListItem\",\"position\":2,\"name\":\"\u041c\u0430\u0433\u0430\u0437\u0438\u043d\",\"item\":\"https:\\\/\\\/pet24.md\\\/shop\\\/\"},{\"@type\":\"ListItem\",\"position\":3,\"name\":\"\u041e\u0448\u0435\u0439\u043d\u0438\u043a \u0434\u043b\u044f \u0441\u043e\u0431\u0430\u043a, \u0445\\\/\u0431 \u0442\u0435\u0441\u044c\u043c\u0430 Collar \u0434\u0432\u043e\u0439\u043d\u043e\u0439 (\u0448\u0438\u0440\u0438\u043d\u0430 35 \u043c\u043c, \u0434\u043b\u0438\u043d\u0430 51-63 \u0441\u043c)\"}]},{\"@type\":\"WebSite\",\"@id\":\"https:\\\/\\\/pet24.md\\\/#website\",\"url\":\"https:\\\/\\\/pet24.md\\\/\",\"name\":\"Pet24\",\"description\":\"\u0417\u043e\u043e\u043c\u0430\u0433\u0430\u0437\u0438\u043d \u0442\u043e\u0432\u0430\u0440\u043e\u0432 \u0434\u043b\u044f \u0434\u043e\u043c\u0430\u0448\u043d\u0438\u0445 \u043f\u0438\u0442\u043e\u043c\u0446\u0435\u0432\",\"publisher\":{\"@id\":\"https:\\\/\\\/pet24.md\\\/#organization\"},\"potentialAction\":[{\"@type\":\"SearchAction\",\"target\":{\"@type\":\"EntryPoint\",\"urlTemplate\":\"https:\\\/\\\/pet24.md\\\/?s={search_term_string}\"},\"query-input\":{\"@type\":\"PropertyValueSpecification\",\"valueRequired\":true,\"valueName\":\"search_term_string\"}}],\"inLanguage\":\"ro-RO\"},{\"@type\":\"Organization\",\"@id\":\"https:\\\/\\\/pet24.md\\\/#organization\",\"name\":\"Pet24\",\"url\":\"https:\\\/\\\/pet24.md\\\/\",\"logo\":{\"@type\":\"ImageObject\",\"inLanguage\":\"ro-RO\",\"@id\":\"https:\\\/\\\/pet24.md\\\/#\\\/schema\\\/logo\\\/image\\\/\",\"url\":\"https:\\\/\\\/pet24.md\\\/wp-content\\\/uploads\\\/2024\\\/09\\\/logo.svg\",\"contentUrl\":\"https:\\\/\\\/pet24.md\\\/wp-content\\\/uploads\\\/2024\\\/09\\\/logo.svg\",\"width\":215,\"height\":66,\"caption\":\"Pet24\"},\"image\":{\"@id\":\"https:\\\/\\\/pet24.md\\\/#\\\/schema\\\/logo\\\/image\\\/\"},\"sameAs\":[\"https:\\\/\\\/www.facebook.com\\\/pet24.md\",\"https:\\\/\\\/www.instagram.com\\\/pet24.md\\\/\"],\"telephone\":\"+37360508880\"}]}<\/script>\n<!-- \/ Yoast SEO Premium plugin. -->","yoast_head_json":{"title":"Guler pentru caini, impletitura din bumbac Guler dublu (latime 35 mm, lungime 51-63 cm)","description":"\u041a\u0443\u043f\u0438\u0442\u044c \u041e\u0448\u0435\u0439\u043d\u0438\u043a \u0434\u043b\u044f \u0441\u043e\u0431\u0430\u043a, \u0445\/\u0431 \u0442\u0435\u0441\u044c\u043c\u0430 Collar \u0434\u0432\u043e\u0439\u043d\u043e\u0439 (\u0448\u0438\u0440\u0438\u043d\u0430 35 \u043c\u043c, \u0434\u043b\u0438\u043d\u0430 51-63 \u0441\u043c) \u0441 \u0434\u043e\u0441\u0442\u0430\u0432\u043a\u043e\u0439 \u043f\u043e \u041a\u0438\u0448\u0438\u043d\u0435\u0432\u0443 \u0438 \u0432\u0441\u0435\u0439 \u041c\u043e\u043b\u0434\u043e\u0432\u0435 \u043d\u0430 Pet24","robots":{"index":"index","follow":"follow","max-snippet":"max-snippet:-1","max-image-preview":"max-image-preview:large","max-video-preview":"max-video-preview:-1"},"canonical":"https:\/\/pet24.md\/ro\/produs\/oshejnik-dlya-sobak-h-b-tesma-collar-dvojnoj-shirina-35-mm-dlina-51-63-sm\/","og_locale":"ro_RO","og_type":"article","og_title":"\u041e\u0448\u0435\u0439\u043d\u0438\u043a \u0434\u043b\u044f \u0441\u043e\u0431\u0430\u043a, \u0445\/\u0431 \u0442\u0435\u0441\u044c\u043c\u0430 Collar \u0434\u0432\u043e\u0439\u043d\u043e\u0439 (\u0448\u0438\u0440\u0438\u043d\u0430 35 \u043c\u043c, \u0434\u043b\u0438\u043d\u0430 51-63 \u0441\u043c)","og_description":"\u041a\u0443\u043f\u0438\u0442\u044c \u041e\u0448\u0435\u0439\u043d\u0438\u043a \u0434\u043b\u044f \u0441\u043e\u0431\u0430\u043a, \u0445\/\u0431 \u0442\u0435\u0441\u044c\u043c\u0430 Collar \u0434\u0432\u043e\u0439\u043d\u043e\u0439 (\u0448\u0438\u0440\u0438\u043d\u0430 35 \u043c\u043c, \u0434\u043b\u0438\u043d\u0430 51-63 \u0441\u043c) \u0441 \u0434\u043e\u0441\u0442\u0430\u0432\u043a\u043e\u0439 \u043f\u043e \u041a\u0438\u0448\u0438\u043d\u0435\u0432\u0443 \u0438 \u0432\u0441\u0435\u0439 \u041c\u043e\u043b\u0434\u043e\u0432\u0435 \u043d\u0430 Pet24","og_url":"https:\/\/pet24.md\/ro\/produs\/oshejnik-dlya-sobak-h-b-tesma-collar-dvojnoj-shirina-35-mm-dlina-51-63-sm\/","og_site_name":"Pet24","article_publisher":"https:\/\/www.facebook.com\/pet24.md","article_modified_time":"2024-09-22T22:09:33+00:00","og_image":[{"width":600,"height":600,"url":"https:\/\/pet24.md\/wp-content\/uploads\/2024\/09\/oshejnik-dlya-sobak-h-b-tesma-collar-dvojnoj-shirina-35-mm-dlina-51-63-sm.webp","type":"image\/webp"}],"twitter_card":"summary_large_image","schema":{"@context":"https:\/\/schema.org","@graph":[{"@type":"WebPage","@id":"https:\/\/pet24.md\/product\/oshejnik-dlya-sobak-h-b-tesma-collar-dvojnoj-shirina-35-mm-dlina-51-63-sm\/","url":"https:\/\/pet24.md\/product\/oshejnik-dlya-sobak-h-b-tesma-collar-dvojnoj-shirina-35-mm-dlina-51-63-sm\/","name":"Guler pentru caini, impletitura din bumbac Guler dublu (latime 35 mm, lungime 51-63 cm)","isPartOf":{"@id":"https:\/\/pet24.md\/#website"},"primaryImageOfPage":{"@id":"https:\/\/pet24.md\/product\/oshejnik-dlya-sobak-h-b-tesma-collar-dvojnoj-shirina-35-mm-dlina-51-63-sm\/#primaryimage"},"image":{"@id":"https:\/\/pet24.md\/product\/oshejnik-dlya-sobak-h-b-tesma-collar-dvojnoj-shirina-35-mm-dlina-51-63-sm\/#primaryimage"},"thumbnailUrl":"https:\/\/pet24.md\/wp-content\/uploads\/2024\/09\/oshejnik-dlya-sobak-h-b-tesma-collar-dvojnoj-shirina-35-mm-dlina-51-63-sm.webp","datePublished":"2020-10-15T16:57:53+00:00","dateModified":"2024-09-22T22:09:33+00:00","description":"\u041a\u0443\u043f\u0438\u0442\u044c \u041e\u0448\u0435\u0439\u043d\u0438\u043a \u0434\u043b\u044f \u0441\u043e\u0431\u0430\u043a, \u0445\/\u0431 \u0442\u0435\u0441\u044c\u043c\u0430 Collar \u0434\u0432\u043e\u0439\u043d\u043e\u0439 (\u0448\u0438\u0440\u0438\u043d\u0430 35 \u043c\u043c, \u0434\u043b\u0438\u043d\u0430 51-63 \u0441\u043c) \u0441 \u0434\u043e\u0441\u0442\u0430\u0432\u043a\u043e\u0439 \u043f\u043e \u041a\u0438\u0448\u0438\u043d\u0435\u0432\u0443 \u0438 \u0432\u0441\u0435\u0439 \u041c\u043e\u043b\u0434\u043e\u0432\u0435 \u043d\u0430 Pet24","breadcrumb":{"@id":"https:\/\/pet24.md\/product\/oshejnik-dlya-sobak-h-b-tesma-collar-dvojnoj-shirina-35-mm-dlina-51-63-sm\/#breadcrumb"},"inLanguage":"ro-RO","potentialAction":[{"@type":"ReadAction","target":["https:\/\/pet24.md\/product\/oshejnik-dlya-sobak-h-b-tesma-collar-dvojnoj-shirina-35-mm-dlina-51-63-sm\/"]}]},{"@type":"ImageObject","inLanguage":"ro-RO","@id":"https:\/\/pet24.md\/product\/oshejnik-dlya-sobak-h-b-tesma-collar-dvojnoj-shirina-35-mm-dlina-51-63-sm\/#primaryimage","url":"https:\/\/pet24.md\/wp-content\/uploads\/2024\/09\/oshejnik-dlya-sobak-h-b-tesma-collar-dvojnoj-shirina-35-mm-dlina-51-63-sm.webp","contentUrl":"https:\/\/pet24.md\/wp-content\/uploads\/2024\/09\/oshejnik-dlya-sobak-h-b-tesma-collar-dvojnoj-shirina-35-mm-dlina-51-63-sm.webp","width":600,"height":600,"caption":"oshejnik dlya sobak h b tesma collar dvojnoj shirina 35 mm dlina 51 63 sm"},{"@type":"BreadcrumbList","@id":"https:\/\/pet24.md\/product\/oshejnik-dlya-sobak-h-b-tesma-collar-dvojnoj-shirina-35-mm-dlina-51-63-sm\/#breadcrumb","itemListElement":[{"@type":"ListItem","position":1,"name":"\u0413\u043b\u0430\u0432\u043d\u0430\u044f \u0441\u0442\u0440\u0430\u043d\u0438\u0446\u0430","item":"https:\/\/pet24.md\/"},{"@type":"ListItem","position":2,"name":"\u041c\u0430\u0433\u0430\u0437\u0438\u043d","item":"https:\/\/pet24.md\/shop\/"},{"@type":"ListItem","position":3,"name":"\u041e\u0448\u0435\u0439\u043d\u0438\u043a \u0434\u043b\u044f \u0441\u043e\u0431\u0430\u043a, \u0445\/\u0431 \u0442\u0435\u0441\u044c\u043c\u0430 Collar \u0434\u0432\u043e\u0439\u043d\u043e\u0439 (\u0448\u0438\u0440\u0438\u043d\u0430 35 \u043c\u043c, \u0434\u043b\u0438\u043d\u0430 51-63 \u0441\u043c)"}]},{"@type":"WebSite","@id":"https:\/\/pet24.md\/#website","url":"https:\/\/pet24.md\/","name":"Pet24","description":"Magazin de animale de companie","publisher":{"@id":"https:\/\/pet24.md\/#organization"},"potentialAction":[{"@type":"SearchAction","target":{"@type":"EntryPoint","urlTemplate":"https:\/\/pet24.md\/?s={search_term_string}"},"query-input":{"@type":"PropertyValueSpecification","valueRequired":true,"valueName":"search_term_string"}}],"inLanguage":"ro-RO"},{"@type":"Organization","@id":"https:\/\/pet24.md\/#organization","name":"Pet24","url":"https:\/\/pet24.md\/","logo":{"@type":"ImageObject","inLanguage":"ro-RO","@id":"https:\/\/pet24.md\/#\/schema\/logo\/image\/","url":"https:\/\/pet24.md\/wp-content\/uploads\/2024\/09\/logo.svg","contentUrl":"https:\/\/pet24.md\/wp-content\/uploads\/2024\/09\/logo.svg","width":215,"height":66,"caption":"Pet24"},"image":{"@id":"https:\/\/pet24.md\/#\/schema\/logo\/image\/"},"sameAs":["https:\/\/www.facebook.com\/pet24.md","https:\/\/www.instagram.com\/pet24.md\/"],"telephone":"+37360508880"}]}},"_links":{"self":[{"href":"https:\/\/pet24.md\/ro\/wp-json\/wp\/v2\/product\/9084","targetHints":{"allow":["GET"]}}],"collection":[{"href":"https:\/\/pet24.md\/ro\/wp-json\/wp\/v2\/product"}],"about":[{"href":"https:\/\/pet24.md\/ro\/wp-json\/wp\/v2\/types\/product"}],"replies":[{"embeddable":true,"href":"https:\/\/pet24.md\/ro\/wp-json\/wp\/v2\/comments?post=9084"}],"wp:featuredmedia":[{"embeddable":true,"href":"https:\/\/pet24.md\/ro\/wp-json\/wp\/v2\/media\/89171"}],"wp:attachment":[{"href":"https:\/\/pet24.md\/ro\/wp-json\/wp\/v2\/media?parent=9084"}],"wp:term":[{"taxonomy":"product_brand","embeddable":true,"href":"https:\/\/pet24.md\/ro\/wp-json\/wp\/v2\/product_brand?post=9084"},{"taxonomy":"product_cat","embeddable":true,"href":"https:\/\/pet24.md\/ro\/wp-json\/wp\/v2\/product_cat?post=9084"},{"taxonomy":"product_tag","embeddable":true,"href":"https:\/\/pet24.md\/ro\/wp-json\/wp\/v2\/product_tag?post=9084"}],"curies":[{"name":"wp","href":"https:\/\/api.w.org\/{rel}","templated":true}]}}