{"id":9132,"date":"2020-10-22T22:53:04","date_gmt":"2020-10-22T22:53:04","guid":{"rendered":"https:\/\/pet24.md\/?post_type=product&#038;p=9132"},"modified":"2024-09-22T22:09:38","modified_gmt":"2024-09-22T22:09:38","slug":"barry-king-bochka-dlya-vkusnyashek-razmer-m-8-sm","status":"publish","type":"product","link":"https:\/\/pet24.md\/ro\/produs\/barry-king-bochka-dlya-vkusnyashek-razmer-m-8-sm\/","title":{"rendered":"Butoi Barry King Red pentru dulceata, marimea M, 8 cm"},"content":{"rendered":"<div class=\"item_detailed_descr_text\">\n<h3>Barry King Butoi Ro\u0219u pentru Dulciuri, M\u0103rimea M, 8 cm<\/h3>\n<p>Barry King Barrel Red este juc\u0103ria perfect\u0103 pentru c\u00e2ini, conceput\u0103 pentru a oferi at\u00e2t divertisment, c\u00e2t \u0219i beneficii pentru s\u0103n\u0103tatea dentar\u0103 a c\u00e2inelui t\u0103u. Cu o dimensiune de 8 cm \u0219i o gaur\u0103 special\u0103 pentru dulciuri, aceast\u0103 juc\u0103rie este ideal\u0103 pentru \u00eenv\u0103\u021bare \u0219i antrenament.<\/p>\n<h4>Caracteristici principale<\/h4>\n<ul>\n<li><strong>Material durabil:<\/strong> Fabricat\u0103 din cauciuc natural durabil, juc\u0103ria este foarte durabil\u0103 \u0219i sigur\u0103 pentru c\u00e2ini.<\/li>\n<li><strong>Tratat gaura:<\/strong> V\u0103 permite s\u0103 introduce\u021bi gust\u0103ri, transform\u00e2nd juc\u0103ria \u00eentr-un instrument eficient de \u00eenv\u0103\u021bare \u0219i antrenament.<\/li>\n<li><strong>\u00cengrijire bucal\u0103:<\/strong> Denivel\u0103rile de pe juc\u0103rie maseaz\u0103 gingiile c\u00e2inelui t\u0103u \u0219i \u00eei cur\u0103\u021b\u0103 din\u021bii \u00een timp ce se joac\u0103.<\/li>\n<li><strong>Dimensiune:<\/strong> 8 cm, potrivit pentru c\u00e2ini de talie medie.<\/li>\n<\/ul>\n<h4>Beneficii pentru c\u00e2ini<\/h4>\n<ul>\n<li><strong>Divertisment interactiv:<\/strong> Ajut\u0103 la evitarea plictiselii \u0219i promoveaz\u0103 activitatea fizic\u0103.<\/li>\n<li><strong>Educa\u021bie \u0219i formare:<\/strong> Orificiul de tratare face ca juc\u0103ria s\u0103 fie ideal\u0103 pentru antrenament \u0219i recompense.<\/li>\n<li><strong>\u00cengrijire dentar\u0103:<\/strong> Maseaz\u0103 gingiile \u0219i ajut\u0103 la men\u021binerea s\u0103n\u0103t\u0103\u021bii bucale a c\u00e2inelui.<\/li>\n<\/ul>\n<p>Barry King Barrel Red este o juc\u0103rie esen\u021bial\u0103 pentru c\u00e2inele t\u0103u, care combin\u0103 distrac\u021bia cu beneficiile pentru s\u0103n\u0103tate \u0219i antrenament.<\/p>\n<\/div>","protected":false},"excerpt":{"rendered":"<p>Barry King Barrel Red for Treats, M\u0103rimea M, 8cm Barry King Barrel Red este juc\u0103ria perfect\u0103 pentru c\u00e2ini, conceput\u0103 pentru...<\/p>","protected":false},"featured_media":89187,"comment_status":"closed","ping_status":"closed","template":"","meta":[],"product_brand":[],"product_cat":[136,265,163],"product_tag":[166],"class_list":{"0":"post-9132","1":"product","2":"type-product","3":"status-publish","4":"has-post-thumbnail","6":"product_cat-dog","7":"product_cat-toy-treats","8":"product_cat-dog-toys","9":"product_tag-igrushki","10":"pa_age-pet-lyuboj-vozrast","11":"pa_brand-barry-king","12":"pa_breed-size-dlya-vseh-porod","13":"pa_color-zelenyj","14":"pa_color-oranzhevyj","15":"pa_pet-sobaka","17":"first","18":"outofstock","19":"product-type-simple"},"yoast_head":"<!-- This site is optimized with the Yoast SEO Premium plugin v23.7 (Yoast SEO v27.5) - https:\/\/yoast.com\/product\/yoast-seo-premium-wordpress\/ -->\n<title>Barry King \u0411\u043e\u0447\u043a\u0430 \u041a\u0440\u0430\u0441\u043d\u0430\u044f \u0434\u043b\u044f \u0432\u043a\u0443\u0441\u043d\u044f\u0448\u0435\u043a, \u0440\u0430\u0437\u043c\u0435\u0440 \u041c, 8 \u0441\u043c<\/title>\n<meta name=\"description\" content=\"\u041a\u0443\u043f\u0438\u0442\u044c Barry King \u0411\u043e\u0447\u043a\u0430 \u041a\u0440\u0430\u0441\u043d\u0430\u044f \u0434\u043b\u044f \u0432\u043a\u0443\u0441\u043d\u044f\u0448\u0435\u043a, \u0440\u0430\u0437\u043c\u0435\u0440 \u041c, 8 \u0441\u043c \u0441 \u0434\u043e\u0441\u0442\u0430\u0432\u043a\u043e\u0439 \u043f\u043e \u041a\u0438\u0448\u0438\u043d\u0435\u0432\u0443 \u0438 \u0432\u0441\u0435\u0439 \u041c\u043e\u043b\u0434\u043e\u0432\u0435 \u043d\u0430 Pet24\" \/>\n<meta name=\"robots\" content=\"index, follow, max-snippet:-1, max-image-preview:large, max-video-preview:-1\" \/>\n<link rel=\"canonical\" href=\"https:\/\/pet24.md\/ro\/produs\/barry-king-bochka-dlya-vkusnyashek-razmer-m-8-sm\/\" \/>\n<meta property=\"og:locale\" content=\"ro_RO\" \/>\n<meta property=\"og:type\" content=\"article\" \/>\n<meta property=\"og:title\" content=\"Barry King \u0411\u043e\u0447\u043a\u0430 \u041a\u0440\u0430\u0441\u043d\u0430\u044f \u0434\u043b\u044f \u0432\u043a\u0443\u0441\u043d\u044f\u0448\u0435\u043a, \u0440\u0430\u0437\u043c\u0435\u0440 \u041c, 8 \u0441\u043c\" \/>\n<meta property=\"og:description\" content=\"\u041a\u0443\u043f\u0438\u0442\u044c Barry King \u0411\u043e\u0447\u043a\u0430 \u041a\u0440\u0430\u0441\u043d\u0430\u044f \u0434\u043b\u044f \u0432\u043a\u0443\u0441\u043d\u044f\u0448\u0435\u043a, \u0440\u0430\u0437\u043c\u0435\u0440 \u041c, 8 \u0441\u043c \u0441 \u0434\u043e\u0441\u0442\u0430\u0432\u043a\u043e\u0439 \u043f\u043e \u041a\u0438\u0448\u0438\u043d\u0435\u0432\u0443 \u0438 \u0432\u0441\u0435\u0439 \u041c\u043e\u043b\u0434\u043e\u0432\u0435 \u043d\u0430 Pet24\" \/>\n<meta property=\"og:url\" content=\"https:\/\/pet24.md\/ro\/produs\/barry-king-bochka-dlya-vkusnyashek-razmer-m-8-sm\/\" \/>\n<meta property=\"og:site_name\" content=\"Pet24\" \/>\n<meta property=\"article:publisher\" content=\"https:\/\/www.facebook.com\/pet24.md\" \/>\n<meta property=\"article:modified_time\" content=\"2024-09-22T22:09:38+00:00\" \/>\n<meta property=\"og:image\" content=\"https:\/\/pet24.md\/wp-content\/uploads\/2024\/09\/barry-king-bochka-krasnaya-dlya-vkusnyashek-razmer-m-8-sm.webp\" \/>\n\t<meta property=\"og:image:width\" content=\"600\" \/>\n\t<meta property=\"og:image:height\" content=\"600\" \/>\n\t<meta property=\"og:image:type\" content=\"image\/webp\" \/>\n<meta name=\"twitter:card\" content=\"summary_large_image\" \/>\n<script type=\"application\/ld+json\" class=\"yoast-schema-graph\">{\"@context\":\"https:\\\/\\\/schema.org\",\"@graph\":[{\"@type\":\"WebPage\",\"@id\":\"https:\\\/\\\/pet24.md\\\/product\\\/barry-king-bochka-dlya-vkusnyashek-razmer-m-8-sm\\\/\",\"url\":\"https:\\\/\\\/pet24.md\\\/product\\\/barry-king-bochka-dlya-vkusnyashek-razmer-m-8-sm\\\/\",\"name\":\"Barry King \u0411\u043e\u0447\u043a\u0430 \u041a\u0440\u0430\u0441\u043d\u0430\u044f \u0434\u043b\u044f \u0432\u043a\u0443\u0441\u043d\u044f\u0448\u0435\u043a, \u0440\u0430\u0437\u043c\u0435\u0440 \u041c, 8 \u0441\u043c\",\"isPartOf\":{\"@id\":\"https:\\\/\\\/pet24.md\\\/#website\"},\"primaryImageOfPage\":{\"@id\":\"https:\\\/\\\/pet24.md\\\/product\\\/barry-king-bochka-dlya-vkusnyashek-razmer-m-8-sm\\\/#primaryimage\"},\"image\":{\"@id\":\"https:\\\/\\\/pet24.md\\\/product\\\/barry-king-bochka-dlya-vkusnyashek-razmer-m-8-sm\\\/#primaryimage\"},\"thumbnailUrl\":\"https:\\\/\\\/pet24.md\\\/wp-content\\\/uploads\\\/2024\\\/09\\\/barry-king-bochka-krasnaya-dlya-vkusnyashek-razmer-m-8-sm.webp\",\"datePublished\":\"2020-10-22T22:53:04+00:00\",\"dateModified\":\"2024-09-22T22:09:38+00:00\",\"description\":\"\u041a\u0443\u043f\u0438\u0442\u044c Barry King \u0411\u043e\u0447\u043a\u0430 \u041a\u0440\u0430\u0441\u043d\u0430\u044f \u0434\u043b\u044f \u0432\u043a\u0443\u0441\u043d\u044f\u0448\u0435\u043a, \u0440\u0430\u0437\u043c\u0435\u0440 \u041c, 8 \u0441\u043c \u0441 \u0434\u043e\u0441\u0442\u0430\u0432\u043a\u043e\u0439 \u043f\u043e \u041a\u0438\u0448\u0438\u043d\u0435\u0432\u0443 \u0438 \u0432\u0441\u0435\u0439 \u041c\u043e\u043b\u0434\u043e\u0432\u0435 \u043d\u0430 Pet24\",\"breadcrumb\":{\"@id\":\"https:\\\/\\\/pet24.md\\\/product\\\/barry-king-bochka-dlya-vkusnyashek-razmer-m-8-sm\\\/#breadcrumb\"},\"inLanguage\":\"ro-RO\",\"potentialAction\":[{\"@type\":\"ReadAction\",\"target\":[\"https:\\\/\\\/pet24.md\\\/product\\\/barry-king-bochka-dlya-vkusnyashek-razmer-m-8-sm\\\/\"]}]},{\"@type\":\"ImageObject\",\"inLanguage\":\"ro-RO\",\"@id\":\"https:\\\/\\\/pet24.md\\\/product\\\/barry-king-bochka-dlya-vkusnyashek-razmer-m-8-sm\\\/#primaryimage\",\"url\":\"https:\\\/\\\/pet24.md\\\/wp-content\\\/uploads\\\/2024\\\/09\\\/barry-king-bochka-krasnaya-dlya-vkusnyashek-razmer-m-8-sm.webp\",\"contentUrl\":\"https:\\\/\\\/pet24.md\\\/wp-content\\\/uploads\\\/2024\\\/09\\\/barry-king-bochka-krasnaya-dlya-vkusnyashek-razmer-m-8-sm.webp\",\"width\":600,\"height\":600,\"caption\":\"barry king bochka krasnaya dlya vkusnyashek razmer m 8 sm\"},{\"@type\":\"BreadcrumbList\",\"@id\":\"https:\\\/\\\/pet24.md\\\/product\\\/barry-king-bochka-dlya-vkusnyashek-razmer-m-8-sm\\\/#breadcrumb\",\"itemListElement\":[{\"@type\":\"ListItem\",\"position\":1,\"name\":\"\u0413\u043b\u0430\u0432\u043d\u0430\u044f \u0441\u0442\u0440\u0430\u043d\u0438\u0446\u0430\",\"item\":\"https:\\\/\\\/pet24.md\\\/\"},{\"@type\":\"ListItem\",\"position\":2,\"name\":\"\u041c\u0430\u0433\u0430\u0437\u0438\u043d\",\"item\":\"https:\\\/\\\/pet24.md\\\/shop\\\/\"},{\"@type\":\"ListItem\",\"position\":3,\"name\":\"Barry King \u0411\u043e\u0447\u043a\u0430 \u041a\u0440\u0430\u0441\u043d\u0430\u044f \u0434\u043b\u044f \u0432\u043a\u0443\u0441\u043d\u044f\u0448\u0435\u043a, \u0440\u0430\u0437\u043c\u0435\u0440 \u041c, 8 \u0441\u043c\"}]},{\"@type\":\"WebSite\",\"@id\":\"https:\\\/\\\/pet24.md\\\/#website\",\"url\":\"https:\\\/\\\/pet24.md\\\/\",\"name\":\"Pet24\",\"description\":\"\u0417\u043e\u043e\u043c\u0430\u0433\u0430\u0437\u0438\u043d \u0442\u043e\u0432\u0430\u0440\u043e\u0432 \u0434\u043b\u044f \u0434\u043e\u043c\u0430\u0448\u043d\u0438\u0445 \u043f\u0438\u0442\u043e\u043c\u0446\u0435\u0432\",\"publisher\":{\"@id\":\"https:\\\/\\\/pet24.md\\\/#organization\"},\"potentialAction\":[{\"@type\":\"SearchAction\",\"target\":{\"@type\":\"EntryPoint\",\"urlTemplate\":\"https:\\\/\\\/pet24.md\\\/?s={search_term_string}\"},\"query-input\":{\"@type\":\"PropertyValueSpecification\",\"valueRequired\":true,\"valueName\":\"search_term_string\"}}],\"inLanguage\":\"ro-RO\"},{\"@type\":\"Organization\",\"@id\":\"https:\\\/\\\/pet24.md\\\/#organization\",\"name\":\"Pet24\",\"url\":\"https:\\\/\\\/pet24.md\\\/\",\"logo\":{\"@type\":\"ImageObject\",\"inLanguage\":\"ro-RO\",\"@id\":\"https:\\\/\\\/pet24.md\\\/#\\\/schema\\\/logo\\\/image\\\/\",\"url\":\"https:\\\/\\\/pet24.md\\\/wp-content\\\/uploads\\\/2024\\\/09\\\/logo.svg\",\"contentUrl\":\"https:\\\/\\\/pet24.md\\\/wp-content\\\/uploads\\\/2024\\\/09\\\/logo.svg\",\"width\":215,\"height\":66,\"caption\":\"Pet24\"},\"image\":{\"@id\":\"https:\\\/\\\/pet24.md\\\/#\\\/schema\\\/logo\\\/image\\\/\"},\"sameAs\":[\"https:\\\/\\\/www.facebook.com\\\/pet24.md\",\"https:\\\/\\\/www.instagram.com\\\/pet24.md\\\/\"],\"telephone\":\"+37360508880\"}]}<\/script>\n<!-- \/ Yoast SEO Premium plugin. -->","yoast_head_json":{"title":"Butoi Barry King Red pentru dulceata, marimea M, 8 cm","description":"\u041a\u0443\u043f\u0438\u0442\u044c Barry King \u0411\u043e\u0447\u043a\u0430 \u041a\u0440\u0430\u0441\u043d\u0430\u044f \u0434\u043b\u044f \u0432\u043a\u0443\u0441\u043d\u044f\u0448\u0435\u043a, \u0440\u0430\u0437\u043c\u0435\u0440 \u041c, 8 \u0441\u043c \u0441 \u0434\u043e\u0441\u0442\u0430\u0432\u043a\u043e\u0439 \u043f\u043e \u041a\u0438\u0448\u0438\u043d\u0435\u0432\u0443 \u0438 \u0432\u0441\u0435\u0439 \u041c\u043e\u043b\u0434\u043e\u0432\u0435 \u043d\u0430 Pet24","robots":{"index":"index","follow":"follow","max-snippet":"max-snippet:-1","max-image-preview":"max-image-preview:large","max-video-preview":"max-video-preview:-1"},"canonical":"https:\/\/pet24.md\/ro\/produs\/barry-king-bochka-dlya-vkusnyashek-razmer-m-8-sm\/","og_locale":"ro_RO","og_type":"article","og_title":"Barry King \u0411\u043e\u0447\u043a\u0430 \u041a\u0440\u0430\u0441\u043d\u0430\u044f \u0434\u043b\u044f \u0432\u043a\u0443\u0441\u043d\u044f\u0448\u0435\u043a, \u0440\u0430\u0437\u043c\u0435\u0440 \u041c, 8 \u0441\u043c","og_description":"\u041a\u0443\u043f\u0438\u0442\u044c Barry King \u0411\u043e\u0447\u043a\u0430 \u041a\u0440\u0430\u0441\u043d\u0430\u044f \u0434\u043b\u044f \u0432\u043a\u0443\u0441\u043d\u044f\u0448\u0435\u043a, \u0440\u0430\u0437\u043c\u0435\u0440 \u041c, 8 \u0441\u043c \u0441 \u0434\u043e\u0441\u0442\u0430\u0432\u043a\u043e\u0439 \u043f\u043e \u041a\u0438\u0448\u0438\u043d\u0435\u0432\u0443 \u0438 \u0432\u0441\u0435\u0439 \u041c\u043e\u043b\u0434\u043e\u0432\u0435 \u043d\u0430 Pet24","og_url":"https:\/\/pet24.md\/ro\/produs\/barry-king-bochka-dlya-vkusnyashek-razmer-m-8-sm\/","og_site_name":"Pet24","article_publisher":"https:\/\/www.facebook.com\/pet24.md","article_modified_time":"2024-09-22T22:09:38+00:00","og_image":[{"width":600,"height":600,"url":"https:\/\/pet24.md\/wp-content\/uploads\/2024\/09\/barry-king-bochka-krasnaya-dlya-vkusnyashek-razmer-m-8-sm.webp","type":"image\/webp"}],"twitter_card":"summary_large_image","schema":{"@context":"https:\/\/schema.org","@graph":[{"@type":"WebPage","@id":"https:\/\/pet24.md\/product\/barry-king-bochka-dlya-vkusnyashek-razmer-m-8-sm\/","url":"https:\/\/pet24.md\/product\/barry-king-bochka-dlya-vkusnyashek-razmer-m-8-sm\/","name":"Butoi Barry King Red pentru dulceata, marimea M, 8 cm","isPartOf":{"@id":"https:\/\/pet24.md\/#website"},"primaryImageOfPage":{"@id":"https:\/\/pet24.md\/product\/barry-king-bochka-dlya-vkusnyashek-razmer-m-8-sm\/#primaryimage"},"image":{"@id":"https:\/\/pet24.md\/product\/barry-king-bochka-dlya-vkusnyashek-razmer-m-8-sm\/#primaryimage"},"thumbnailUrl":"https:\/\/pet24.md\/wp-content\/uploads\/2024\/09\/barry-king-bochka-krasnaya-dlya-vkusnyashek-razmer-m-8-sm.webp","datePublished":"2020-10-22T22:53:04+00:00","dateModified":"2024-09-22T22:09:38+00:00","description":"\u041a\u0443\u043f\u0438\u0442\u044c Barry King \u0411\u043e\u0447\u043a\u0430 \u041a\u0440\u0430\u0441\u043d\u0430\u044f \u0434\u043b\u044f \u0432\u043a\u0443\u0441\u043d\u044f\u0448\u0435\u043a, \u0440\u0430\u0437\u043c\u0435\u0440 \u041c, 8 \u0441\u043c \u0441 \u0434\u043e\u0441\u0442\u0430\u0432\u043a\u043e\u0439 \u043f\u043e \u041a\u0438\u0448\u0438\u043d\u0435\u0432\u0443 \u0438 \u0432\u0441\u0435\u0439 \u041c\u043e\u043b\u0434\u043e\u0432\u0435 \u043d\u0430 Pet24","breadcrumb":{"@id":"https:\/\/pet24.md\/product\/barry-king-bochka-dlya-vkusnyashek-razmer-m-8-sm\/#breadcrumb"},"inLanguage":"ro-RO","potentialAction":[{"@type":"ReadAction","target":["https:\/\/pet24.md\/product\/barry-king-bochka-dlya-vkusnyashek-razmer-m-8-sm\/"]}]},{"@type":"ImageObject","inLanguage":"ro-RO","@id":"https:\/\/pet24.md\/product\/barry-king-bochka-dlya-vkusnyashek-razmer-m-8-sm\/#primaryimage","url":"https:\/\/pet24.md\/wp-content\/uploads\/2024\/09\/barry-king-bochka-krasnaya-dlya-vkusnyashek-razmer-m-8-sm.webp","contentUrl":"https:\/\/pet24.md\/wp-content\/uploads\/2024\/09\/barry-king-bochka-krasnaya-dlya-vkusnyashek-razmer-m-8-sm.webp","width":600,"height":600,"caption":"barry king bochka krasnaya dlya vkusnyashek razmer m 8 sm"},{"@type":"BreadcrumbList","@id":"https:\/\/pet24.md\/product\/barry-king-bochka-dlya-vkusnyashek-razmer-m-8-sm\/#breadcrumb","itemListElement":[{"@type":"ListItem","position":1,"name":"\u0413\u043b\u0430\u0432\u043d\u0430\u044f \u0441\u0442\u0440\u0430\u043d\u0438\u0446\u0430","item":"https:\/\/pet24.md\/"},{"@type":"ListItem","position":2,"name":"\u041c\u0430\u0433\u0430\u0437\u0438\u043d","item":"https:\/\/pet24.md\/shop\/"},{"@type":"ListItem","position":3,"name":"Barry King \u0411\u043e\u0447\u043a\u0430 \u041a\u0440\u0430\u0441\u043d\u0430\u044f \u0434\u043b\u044f \u0432\u043a\u0443\u0441\u043d\u044f\u0448\u0435\u043a, \u0440\u0430\u0437\u043c\u0435\u0440 \u041c, 8 \u0441\u043c"}]},{"@type":"WebSite","@id":"https:\/\/pet24.md\/#website","url":"https:\/\/pet24.md\/","name":"Pet24","description":"Magazin de animale de companie","publisher":{"@id":"https:\/\/pet24.md\/#organization"},"potentialAction":[{"@type":"SearchAction","target":{"@type":"EntryPoint","urlTemplate":"https:\/\/pet24.md\/?s={search_term_string}"},"query-input":{"@type":"PropertyValueSpecification","valueRequired":true,"valueName":"search_term_string"}}],"inLanguage":"ro-RO"},{"@type":"Organization","@id":"https:\/\/pet24.md\/#organization","name":"Pet24","url":"https:\/\/pet24.md\/","logo":{"@type":"ImageObject","inLanguage":"ro-RO","@id":"https:\/\/pet24.md\/#\/schema\/logo\/image\/","url":"https:\/\/pet24.md\/wp-content\/uploads\/2024\/09\/logo.svg","contentUrl":"https:\/\/pet24.md\/wp-content\/uploads\/2024\/09\/logo.svg","width":215,"height":66,"caption":"Pet24"},"image":{"@id":"https:\/\/pet24.md\/#\/schema\/logo\/image\/"},"sameAs":["https:\/\/www.facebook.com\/pet24.md","https:\/\/www.instagram.com\/pet24.md\/"],"telephone":"+37360508880"}]}},"_links":{"self":[{"href":"https:\/\/pet24.md\/ro\/wp-json\/wp\/v2\/product\/9132","targetHints":{"allow":["GET"]}}],"collection":[{"href":"https:\/\/pet24.md\/ro\/wp-json\/wp\/v2\/product"}],"about":[{"href":"https:\/\/pet24.md\/ro\/wp-json\/wp\/v2\/types\/product"}],"replies":[{"embeddable":true,"href":"https:\/\/pet24.md\/ro\/wp-json\/wp\/v2\/comments?post=9132"}],"wp:featuredmedia":[{"embeddable":true,"href":"https:\/\/pet24.md\/ro\/wp-json\/wp\/v2\/media\/89187"}],"wp:attachment":[{"href":"https:\/\/pet24.md\/ro\/wp-json\/wp\/v2\/media?parent=9132"}],"wp:term":[{"taxonomy":"product_brand","embeddable":true,"href":"https:\/\/pet24.md\/ro\/wp-json\/wp\/v2\/product_brand?post=9132"},{"taxonomy":"product_cat","embeddable":true,"href":"https:\/\/pet24.md\/ro\/wp-json\/wp\/v2\/product_cat?post=9132"},{"taxonomy":"product_tag","embeddable":true,"href":"https:\/\/pet24.md\/ro\/wp-json\/wp\/v2\/product_tag?post=9132"}],"curies":[{"name":"wp","href":"https:\/\/api.w.org\/{rel}","templated":true}]}}