{"id":93037,"date":"2024-10-01T16:50:10","date_gmt":"2024-10-01T16:50:10","guid":{"rendered":"https:\/\/pet24.md\/?post_type=product&#038;p=93037"},"modified":"2025-02-08T10:10:28","modified_gmt":"2025-02-08T10:10:28","slug":"royal-canin-kitten-sterilised-2kg","status":"publish","type":"product","link":"https:\/\/pet24.md\/ro\/produs\/royal-canin-kitten-sterilised-2kg\/","title":{"rendered":"Royal Canin Kitten Hrana uscata sterilizata pentru pisoi sterilizati 2kg"},"content":{"rendered":"<p><strong>Hrana pentru pisoi sterilizati pana la 12 luni<\/strong><\/p>\n<p>Hrana uscata completa este potrivita pentru pisoii sterilizati din momentul interventiei chirurgicale pana la 12 luni.<\/p>\n<p>Dup\u0103 sterilizare, nevoile de energie ale pisoiului se modific\u0103, astfel \u00eenc\u00e2t riscul de exces de greutate cre\u0219te. Formula produsului este moderat\u0103 \u00een gr\u0103simi, contribuind la limitarea cre\u0219terii \u00een greutate f\u0103r\u0103 a reduce cantitatea de proteine, calciu \u0219i fosfor consumate pentru o cre\u0219tere armonioas\u0103.<br \/>\n<strong><br \/>\nIngrediente: <\/strong>Proteine animale deshidratate (pas\u0103re), orez, izolat proteic vegetal*, gr\u0103simi animale, gr\u00e2u, fibre vegetale, proteine animale hidrolizate (arome), minerale, drojdie \u0219i subproduse de fermenta\u021bie, ulei de pe\u0219te, ulei de soia, coji \u0219i semin\u021be p\u0103tlagin\u0103, fructo-oligozaharide , hidrolizat de drojdie (sursa de manan oligozaharide), extract de galbenele (sursa de luteina).<\/p>\n<p>LIP: proteine selectate pentru digestibilitate maxim\u0103.<\/p>\n<p><strong>Suplimente nutritive la 1 kg:<\/strong>\u00a0Vitamina A: 19500 UI, Vitamina D3: 700 UI, Vitamina E: 600 mg, Fier: 37 mg, Iod: 3,7 mg, Mangan: 48 mg, Zinc: 145 mg, Seleniu: 0,06 mg \u2013 Aditivi tehnologici: Clinoptilolit de origine sedimentara : 10 g \u2013 Conservan\u021bi \u2013 Antioxidan\u021bi.<\/p>\n<p><strong>Con\u021binut de nutrien\u021bi: <\/strong>Proteine: 34 % - Gr\u0103simi: 12 % - Minerale: 7,1 % - Fibre totale: 9,8 % - Extractive f\u0103r\u0103 azot: 31,6%<\/p>","protected":false},"excerpt":{"rendered":"<p>O diet\u0103 conceput\u0103 pentru pisoi steriliza\u021bi pentru a sprijini cre\u0219terea s\u0103n\u0103toas\u0103 \u0219i controlul greut\u0103\u021bii, adaptat\u0103 nevoilor acestora.<\/p>","protected":false},"featured_media":93038,"comment_status":"closed","ping_status":"closed","template":"","meta":[],"product_brand":[],"product_cat":[309,193,320],"product_tag":[1110,1122],"class_list":{"0":"post-93037","1":"product","2":"type-product","3":"status-publish","4":"has-post-thumbnail","6":"product_cat-catfood","7":"product_cat-cat","8":"product_cat-catdry","9":"product_tag-royal-canin","10":"product_tag-suhoj-korm-dlya-koshek-royal-canin","11":"pa_age-pet-kotyata","12":"pa_brand-royal-canin","13":"pa_meat-ingredients-pticza","14":"pa_packaging-meshok","15":"pa_pet-koshka","16":"pa_pet-feature-fiziologicheskie-korma","17":"pa_purpose-product-fiziologicheskie-korma","18":"pa_type-feed-suhoj-korm","19":"pa_weight-2-kg","21":"first","22":"instock","23":"shipping-taxable","24":"product-type-simple"},"yoast_head":"<!-- This site is optimized with the Yoast SEO Premium plugin v23.7 (Yoast SEO v27.5) - https:\/\/yoast.com\/product\/yoast-seo-premium-wordpress\/ -->\n<title>Royal Canin Kitten Sterilised \u0441\u0443\u0445\u043e\u0439 \u043a\u043e\u0440\u043c \u0434\u043b\u044f \u0441\u0442\u0435\u0440\u0438\u043b\u0438\u0437\u043e\u0432\u0430\u043d\u043d\u044b\u0445 \u043a\u043e\u0442\u044f\u0442 2\u043a\u0433<\/title>\n<meta name=\"description\" content=\"\u041a\u0443\u043f\u0438\u0442\u044c Royal Canin Kitten Sterilised \u0441\u0443\u0445\u043e\u0439 \u043a\u043e\u0440\u043c \u0434\u043b\u044f \u0441\u0442\u0435\u0440\u0438\u043b\u0438\u0437\u043e\u0432\u0430\u043d\u043d\u044b\u0445 \u043a\u043e\u0442\u044f\u0442 2\u043a\u0433 \u0441 \u0434\u043e\u0441\u0442\u0430\u0432\u043a\u043e\u0439 \u043f\u043e \u041a\u0438\u0448\u0438\u043d\u0435\u0432\u0443 \u0438 \u0432\u0441\u0435\u0439 \u041c\u043e\u043b\u0434\u043e\u0432\u0435 \u043d\u0430 Pet24\" \/>\n<meta name=\"robots\" content=\"index, follow, max-snippet:-1, max-image-preview:large, max-video-preview:-1\" \/>\n<link rel=\"canonical\" href=\"https:\/\/pet24.md\/ro\/produs\/royal-canin-kitten-sterilised-2kg\/\" \/>\n<meta property=\"og:locale\" content=\"ro_RO\" \/>\n<meta property=\"og:type\" content=\"article\" \/>\n<meta property=\"og:title\" content=\"Royal Canin Kitten Sterilised \u0441\u0443\u0445\u043e\u0439 \u043a\u043e\u0440\u043c \u0434\u043b\u044f \u0441\u0442\u0435\u0440\u0438\u043b\u0438\u0437\u043e\u0432\u0430\u043d\u043d\u044b\u0445 \u043a\u043e\u0442\u044f\u0442 2\u043a\u0433\" \/>\n<meta property=\"og:description\" content=\"\u041a\u0443\u043f\u0438\u0442\u044c Royal Canin Kitten Sterilised \u0441\u0443\u0445\u043e\u0439 \u043a\u043e\u0440\u043c \u0434\u043b\u044f \u0441\u0442\u0435\u0440\u0438\u043b\u0438\u0437\u043e\u0432\u0430\u043d\u043d\u044b\u0445 \u043a\u043e\u0442\u044f\u0442 2\u043a\u0433 \u0441 \u0434\u043e\u0441\u0442\u0430\u0432\u043a\u043e\u0439 \u043f\u043e \u041a\u0438\u0448\u0438\u043d\u0435\u0432\u0443 \u0438 \u0432\u0441\u0435\u0439 \u041c\u043e\u043b\u0434\u043e\u0432\u0435 \u043d\u0430 Pet24\" \/>\n<meta property=\"og:url\" content=\"https:\/\/pet24.md\/ro\/produs\/royal-canin-kitten-sterilised-2kg\/\" \/>\n<meta property=\"og:site_name\" content=\"Pet24\" \/>\n<meta property=\"article:publisher\" content=\"https:\/\/www.facebook.com\/pet24.md\" \/>\n<meta property=\"article:modified_time\" content=\"2025-02-08T10:10:28+00:00\" \/>\n<meta property=\"og:image\" content=\"https:\/\/pet24.md\/wp-content\/uploads\/2024\/10\/280419_1.png\" \/>\n\t<meta property=\"og:image:width\" content=\"1000\" \/>\n\t<meta property=\"og:image:height\" content=\"1000\" \/>\n\t<meta property=\"og:image:type\" content=\"image\/png\" \/>\n<meta name=\"twitter:card\" content=\"summary_large_image\" \/>\n<meta name=\"twitter:label1\" content=\"Timp estimat pentru citire\" \/>\n\t<meta name=\"twitter:data1\" content=\"2 minute\" \/>\n<script type=\"application\/ld+json\" class=\"yoast-schema-graph\">{\"@context\":\"https:\\\/\\\/schema.org\",\"@graph\":[{\"@type\":\"WebPage\",\"@id\":\"https:\\\/\\\/pet24.md\\\/product\\\/royal-canin-kitten-sterilised-2kg\\\/\",\"url\":\"https:\\\/\\\/pet24.md\\\/product\\\/royal-canin-kitten-sterilised-2kg\\\/\",\"name\":\"Royal Canin Kitten Sterilised \u0441\u0443\u0445\u043e\u0439 \u043a\u043e\u0440\u043c \u0434\u043b\u044f \u0441\u0442\u0435\u0440\u0438\u043b\u0438\u0437\u043e\u0432\u0430\u043d\u043d\u044b\u0445 \u043a\u043e\u0442\u044f\u0442 2\u043a\u0433\",\"isPartOf\":{\"@id\":\"https:\\\/\\\/pet24.md\\\/#website\"},\"primaryImageOfPage\":{\"@id\":\"https:\\\/\\\/pet24.md\\\/product\\\/royal-canin-kitten-sterilised-2kg\\\/#primaryimage\"},\"image\":{\"@id\":\"https:\\\/\\\/pet24.md\\\/product\\\/royal-canin-kitten-sterilised-2kg\\\/#primaryimage\"},\"thumbnailUrl\":\"https:\\\/\\\/pet24.md\\\/wp-content\\\/uploads\\\/2024\\\/10\\\/280419_1.png\",\"datePublished\":\"2024-10-01T16:50:10+00:00\",\"dateModified\":\"2025-02-08T10:10:28+00:00\",\"description\":\"\u041a\u0443\u043f\u0438\u0442\u044c Royal Canin Kitten Sterilised \u0441\u0443\u0445\u043e\u0439 \u043a\u043e\u0440\u043c \u0434\u043b\u044f \u0441\u0442\u0435\u0440\u0438\u043b\u0438\u0437\u043e\u0432\u0430\u043d\u043d\u044b\u0445 \u043a\u043e\u0442\u044f\u0442 2\u043a\u0433 \u0441 \u0434\u043e\u0441\u0442\u0430\u0432\u043a\u043e\u0439 \u043f\u043e \u041a\u0438\u0448\u0438\u043d\u0435\u0432\u0443 \u0438 \u0432\u0441\u0435\u0439 \u041c\u043e\u043b\u0434\u043e\u0432\u0435 \u043d\u0430 Pet24\",\"breadcrumb\":{\"@id\":\"https:\\\/\\\/pet24.md\\\/product\\\/royal-canin-kitten-sterilised-2kg\\\/#breadcrumb\"},\"inLanguage\":\"ro-RO\",\"potentialAction\":[{\"@type\":\"ReadAction\",\"target\":[\"https:\\\/\\\/pet24.md\\\/product\\\/royal-canin-kitten-sterilised-2kg\\\/\"]}]},{\"@type\":\"ImageObject\",\"inLanguage\":\"ro-RO\",\"@id\":\"https:\\\/\\\/pet24.md\\\/product\\\/royal-canin-kitten-sterilised-2kg\\\/#primaryimage\",\"url\":\"https:\\\/\\\/pet24.md\\\/wp-content\\\/uploads\\\/2024\\\/10\\\/280419_1.png\",\"contentUrl\":\"https:\\\/\\\/pet24.md\\\/wp-content\\\/uploads\\\/2024\\\/10\\\/280419_1.png\",\"width\":1000,\"height\":1000,\"caption\":\"Royal Canin Kitten Sterilised \u0441\u0443\u0445\u043e\u0439 \u043a\u043e\u0440\u043c \u0434\u043b\u044f \u0441\u0442\u0435\u0440\u0438\u043b\u0438\u0437\u043e\u0432\u0430\u043d\u043d\u044b\u0445 \u043a\u043e\u0442\u044f\u0442 2\u043a\u0433\"},{\"@type\":\"BreadcrumbList\",\"@id\":\"https:\\\/\\\/pet24.md\\\/product\\\/royal-canin-kitten-sterilised-2kg\\\/#breadcrumb\",\"itemListElement\":[{\"@type\":\"ListItem\",\"position\":1,\"name\":\"\u0413\u043b\u0430\u0432\u043d\u0430\u044f \u0441\u0442\u0440\u0430\u043d\u0438\u0446\u0430\",\"item\":\"https:\\\/\\\/pet24.md\\\/\"},{\"@type\":\"ListItem\",\"position\":2,\"name\":\"\u041c\u0430\u0433\u0430\u0437\u0438\u043d\",\"item\":\"https:\\\/\\\/pet24.md\\\/shop\\\/\"},{\"@type\":\"ListItem\",\"position\":3,\"name\":\"Royal Canin Kitten Sterilised \u0441\u0443\u0445\u043e\u0439 \u043a\u043e\u0440\u043c \u0434\u043b\u044f \u0441\u0442\u0435\u0440\u0438\u043b\u0438\u0437\u043e\u0432\u0430\u043d\u043d\u044b\u0445 \u043a\u043e\u0442\u044f\u0442 2\u043a\u0433\"}]},{\"@type\":\"WebSite\",\"@id\":\"https:\\\/\\\/pet24.md\\\/#website\",\"url\":\"https:\\\/\\\/pet24.md\\\/\",\"name\":\"Pet24\",\"description\":\"\u0417\u043e\u043e\u043c\u0430\u0433\u0430\u0437\u0438\u043d \u0442\u043e\u0432\u0430\u0440\u043e\u0432 \u0434\u043b\u044f \u0434\u043e\u043c\u0430\u0448\u043d\u0438\u0445 \u043f\u0438\u0442\u043e\u043c\u0446\u0435\u0432\",\"publisher\":{\"@id\":\"https:\\\/\\\/pet24.md\\\/#organization\"},\"potentialAction\":[{\"@type\":\"SearchAction\",\"target\":{\"@type\":\"EntryPoint\",\"urlTemplate\":\"https:\\\/\\\/pet24.md\\\/?s={search_term_string}\"},\"query-input\":{\"@type\":\"PropertyValueSpecification\",\"valueRequired\":true,\"valueName\":\"search_term_string\"}}],\"inLanguage\":\"ro-RO\"},{\"@type\":\"Organization\",\"@id\":\"https:\\\/\\\/pet24.md\\\/#organization\",\"name\":\"Pet24\",\"url\":\"https:\\\/\\\/pet24.md\\\/\",\"logo\":{\"@type\":\"ImageObject\",\"inLanguage\":\"ro-RO\",\"@id\":\"https:\\\/\\\/pet24.md\\\/#\\\/schema\\\/logo\\\/image\\\/\",\"url\":\"https:\\\/\\\/pet24.md\\\/wp-content\\\/uploads\\\/2024\\\/09\\\/logo.svg\",\"contentUrl\":\"https:\\\/\\\/pet24.md\\\/wp-content\\\/uploads\\\/2024\\\/09\\\/logo.svg\",\"width\":215,\"height\":66,\"caption\":\"Pet24\"},\"image\":{\"@id\":\"https:\\\/\\\/pet24.md\\\/#\\\/schema\\\/logo\\\/image\\\/\"},\"sameAs\":[\"https:\\\/\\\/www.facebook.com\\\/pet24.md\",\"https:\\\/\\\/www.instagram.com\\\/pet24.md\\\/\"],\"telephone\":\"+37360508880\"}]}<\/script>\n<!-- \/ Yoast SEO Premium plugin. -->","yoast_head_json":{"title":"Royal Canin Kitten Hrana uscata sterilizata pentru pisoi sterilizati 2kg","description":"\u041a\u0443\u043f\u0438\u0442\u044c Royal Canin Kitten Sterilised \u0441\u0443\u0445\u043e\u0439 \u043a\u043e\u0440\u043c \u0434\u043b\u044f \u0441\u0442\u0435\u0440\u0438\u043b\u0438\u0437\u043e\u0432\u0430\u043d\u043d\u044b\u0445 \u043a\u043e\u0442\u044f\u0442 2\u043a\u0433 \u0441 \u0434\u043e\u0441\u0442\u0430\u0432\u043a\u043e\u0439 \u043f\u043e \u041a\u0438\u0448\u0438\u043d\u0435\u0432\u0443 \u0438 \u0432\u0441\u0435\u0439 \u041c\u043e\u043b\u0434\u043e\u0432\u0435 \u043d\u0430 Pet24","robots":{"index":"index","follow":"follow","max-snippet":"max-snippet:-1","max-image-preview":"max-image-preview:large","max-video-preview":"max-video-preview:-1"},"canonical":"https:\/\/pet24.md\/ro\/produs\/royal-canin-kitten-sterilised-2kg\/","og_locale":"ro_RO","og_type":"article","og_title":"Royal Canin Kitten Sterilised \u0441\u0443\u0445\u043e\u0439 \u043a\u043e\u0440\u043c \u0434\u043b\u044f \u0441\u0442\u0435\u0440\u0438\u043b\u0438\u0437\u043e\u0432\u0430\u043d\u043d\u044b\u0445 \u043a\u043e\u0442\u044f\u0442 2\u043a\u0433","og_description":"\u041a\u0443\u043f\u0438\u0442\u044c Royal Canin Kitten Sterilised \u0441\u0443\u0445\u043e\u0439 \u043a\u043e\u0440\u043c \u0434\u043b\u044f \u0441\u0442\u0435\u0440\u0438\u043b\u0438\u0437\u043e\u0432\u0430\u043d\u043d\u044b\u0445 \u043a\u043e\u0442\u044f\u0442 2\u043a\u0433 \u0441 \u0434\u043e\u0441\u0442\u0430\u0432\u043a\u043e\u0439 \u043f\u043e \u041a\u0438\u0448\u0438\u043d\u0435\u0432\u0443 \u0438 \u0432\u0441\u0435\u0439 \u041c\u043e\u043b\u0434\u043e\u0432\u0435 \u043d\u0430 Pet24","og_url":"https:\/\/pet24.md\/ro\/produs\/royal-canin-kitten-sterilised-2kg\/","og_site_name":"Pet24","article_publisher":"https:\/\/www.facebook.com\/pet24.md","article_modified_time":"2025-02-08T10:10:28+00:00","og_image":[{"width":1000,"height":1000,"url":"https:\/\/pet24.md\/wp-content\/uploads\/2024\/10\/280419_1.png","type":"image\/png"}],"twitter_card":"summary_large_image","twitter_misc":{"Timp estimat pentru citire":"2 minute"},"schema":{"@context":"https:\/\/schema.org","@graph":[{"@type":"WebPage","@id":"https:\/\/pet24.md\/product\/royal-canin-kitten-sterilised-2kg\/","url":"https:\/\/pet24.md\/product\/royal-canin-kitten-sterilised-2kg\/","name":"Royal Canin Kitten Hrana uscata sterilizata pentru pisoi sterilizati 2kg","isPartOf":{"@id":"https:\/\/pet24.md\/#website"},"primaryImageOfPage":{"@id":"https:\/\/pet24.md\/product\/royal-canin-kitten-sterilised-2kg\/#primaryimage"},"image":{"@id":"https:\/\/pet24.md\/product\/royal-canin-kitten-sterilised-2kg\/#primaryimage"},"thumbnailUrl":"https:\/\/pet24.md\/wp-content\/uploads\/2024\/10\/280419_1.png","datePublished":"2024-10-01T16:50:10+00:00","dateModified":"2025-02-08T10:10:28+00:00","description":"\u041a\u0443\u043f\u0438\u0442\u044c Royal Canin Kitten Sterilised \u0441\u0443\u0445\u043e\u0439 \u043a\u043e\u0440\u043c \u0434\u043b\u044f \u0441\u0442\u0435\u0440\u0438\u043b\u0438\u0437\u043e\u0432\u0430\u043d\u043d\u044b\u0445 \u043a\u043e\u0442\u044f\u0442 2\u043a\u0433 \u0441 \u0434\u043e\u0441\u0442\u0430\u0432\u043a\u043e\u0439 \u043f\u043e \u041a\u0438\u0448\u0438\u043d\u0435\u0432\u0443 \u0438 \u0432\u0441\u0435\u0439 \u041c\u043e\u043b\u0434\u043e\u0432\u0435 \u043d\u0430 Pet24","breadcrumb":{"@id":"https:\/\/pet24.md\/product\/royal-canin-kitten-sterilised-2kg\/#breadcrumb"},"inLanguage":"ro-RO","potentialAction":[{"@type":"ReadAction","target":["https:\/\/pet24.md\/product\/royal-canin-kitten-sterilised-2kg\/"]}]},{"@type":"ImageObject","inLanguage":"ro-RO","@id":"https:\/\/pet24.md\/product\/royal-canin-kitten-sterilised-2kg\/#primaryimage","url":"https:\/\/pet24.md\/wp-content\/uploads\/2024\/10\/280419_1.png","contentUrl":"https:\/\/pet24.md\/wp-content\/uploads\/2024\/10\/280419_1.png","width":1000,"height":1000,"caption":"Royal Canin Kitten Sterilised \u0441\u0443\u0445\u043e\u0439 \u043a\u043e\u0440\u043c \u0434\u043b\u044f \u0441\u0442\u0435\u0440\u0438\u043b\u0438\u0437\u043e\u0432\u0430\u043d\u043d\u044b\u0445 \u043a\u043e\u0442\u044f\u0442 2\u043a\u0433"},{"@type":"BreadcrumbList","@id":"https:\/\/pet24.md\/product\/royal-canin-kitten-sterilised-2kg\/#breadcrumb","itemListElement":[{"@type":"ListItem","position":1,"name":"\u0413\u043b\u0430\u0432\u043d\u0430\u044f \u0441\u0442\u0440\u0430\u043d\u0438\u0446\u0430","item":"https:\/\/pet24.md\/"},{"@type":"ListItem","position":2,"name":"\u041c\u0430\u0433\u0430\u0437\u0438\u043d","item":"https:\/\/pet24.md\/shop\/"},{"@type":"ListItem","position":3,"name":"Royal Canin Kitten Sterilised \u0441\u0443\u0445\u043e\u0439 \u043a\u043e\u0440\u043c \u0434\u043b\u044f \u0441\u0442\u0435\u0440\u0438\u043b\u0438\u0437\u043e\u0432\u0430\u043d\u043d\u044b\u0445 \u043a\u043e\u0442\u044f\u0442 2\u043a\u0433"}]},{"@type":"WebSite","@id":"https:\/\/pet24.md\/#website","url":"https:\/\/pet24.md\/","name":"Pet24","description":"Magazin de animale de companie","publisher":{"@id":"https:\/\/pet24.md\/#organization"},"potentialAction":[{"@type":"SearchAction","target":{"@type":"EntryPoint","urlTemplate":"https:\/\/pet24.md\/?s={search_term_string}"},"query-input":{"@type":"PropertyValueSpecification","valueRequired":true,"valueName":"search_term_string"}}],"inLanguage":"ro-RO"},{"@type":"Organization","@id":"https:\/\/pet24.md\/#organization","name":"Pet24","url":"https:\/\/pet24.md\/","logo":{"@type":"ImageObject","inLanguage":"ro-RO","@id":"https:\/\/pet24.md\/#\/schema\/logo\/image\/","url":"https:\/\/pet24.md\/wp-content\/uploads\/2024\/09\/logo.svg","contentUrl":"https:\/\/pet24.md\/wp-content\/uploads\/2024\/09\/logo.svg","width":215,"height":66,"caption":"Pet24"},"image":{"@id":"https:\/\/pet24.md\/#\/schema\/logo\/image\/"},"sameAs":["https:\/\/www.facebook.com\/pet24.md","https:\/\/www.instagram.com\/pet24.md\/"],"telephone":"+37360508880"}]}},"_links":{"self":[{"href":"https:\/\/pet24.md\/ro\/wp-json\/wp\/v2\/product\/93037","targetHints":{"allow":["GET"]}}],"collection":[{"href":"https:\/\/pet24.md\/ro\/wp-json\/wp\/v2\/product"}],"about":[{"href":"https:\/\/pet24.md\/ro\/wp-json\/wp\/v2\/types\/product"}],"replies":[{"embeddable":true,"href":"https:\/\/pet24.md\/ro\/wp-json\/wp\/v2\/comments?post=93037"}],"wp:featuredmedia":[{"embeddable":true,"href":"https:\/\/pet24.md\/ro\/wp-json\/wp\/v2\/media\/93038"}],"wp:attachment":[{"href":"https:\/\/pet24.md\/ro\/wp-json\/wp\/v2\/media?parent=93037"}],"wp:term":[{"taxonomy":"product_brand","embeddable":true,"href":"https:\/\/pet24.md\/ro\/wp-json\/wp\/v2\/product_brand?post=93037"},{"taxonomy":"product_cat","embeddable":true,"href":"https:\/\/pet24.md\/ro\/wp-json\/wp\/v2\/product_cat?post=93037"},{"taxonomy":"product_tag","embeddable":true,"href":"https:\/\/pet24.md\/ro\/wp-json\/wp\/v2\/product_tag?post=93037"}],"curies":[{"name":"wp","href":"https:\/\/api.w.org\/{rel}","templated":true}]}}