{"id":93061,"date":"2024-10-01T16:50:05","date_gmt":"2024-10-01T16:50:05","guid":{"rendered":"https:\/\/pet24.md\/?post_type=product&#038;p=93061"},"modified":"2025-02-10T15:58:35","modified_gmt":"2025-02-10T15:58:35","slug":"royal-canin-british-shorthair-adult-2kg","status":"publish","type":"product","link":"https:\/\/pet24.md\/ro\/produs\/royal-canin-british-shorthair-adult-2kg\/","title":{"rendered":"Royal Canin British Shorthair Hrana uscata pentru adulti pentru pisici adulte din rasa British Shorthair 2kg"},"content":{"rendered":"<h3>Royal Canin British Shorthair Hrana uscata pentru adulti pentru pisici adulte din rasa British Shorthair 2kg<\/h3>\n<p><strong>Ingrediente: <\/strong>Izolat de proteine vegetale*, proteine animale deshidratate (pas\u0103re), orez, gr\u00e2u, gr\u0103simi animale, fibre vegetale, proteine animale hidrolizate (arome), f\u0103in\u0103 de cereale, ulei de pe\u0219te, ulei de soia, minerale, fermenta\u021bie drojdie \u0219i subproduse, fructo-oligozaharide , hidrolizat de drojdie (sursa de manan oligozaharide), ulei de borage, extract de galbenele (sursa de luteina), hidrolizat de coaja de crustacee (sursa de glucozamina), hidrolizat de cartilaj (sursa de condroitin\u0103).<\/p>\n<p>LIP: proteine selectate pentru digestibilitate maxim\u0103.<\/p>\n<p><strong>Suplimente nutritive la 1 kg: <\/strong>Vitamina A: 31000 UI, Vitamina D3: 800 UI, E1 (fier): 40 mg, E2 (iod): 4 mg, E4 (cupru): 12 mg, E5 (mangan): 51 mg, E6 (zinc): 154 mg, E8 (seleniu): 0,08 mg, L-carnitin\u0103: 200 mg, taurin\u0103: 3 g \u2013 aditivi tehnologici: clinoptilolit de origine sedimentar\u0103: 10 g \u2013 conservan\u021bi \u2013 antioxidan\u021bi.<\/p>\n<p><strong>Con\u021binut de nutrien\u021bi: <\/strong>Proteine: 34 % \u2014 Gr\u0103simi: 19 % \u2014 Minerale: 6,8 % \u2014 Fibre totale: 5,3 %<\/p>","protected":false},"excerpt":{"rendered":"<div class=\"flex max-w-full flex-col flex-grow\">\n<div class=\"min-h-[20px] text-message flex w-full flex-col items-end gap-2 whitespace-normal break-words [.text-message+&amp;]:mt-5\" dir=\"auto\" data-message-author-role=\"assistant\" data-message-id=\"c775076e-80da-44d6-b00d-f79f29ec59e4\">\n<div class=\"flex w-full flex-col gap-1 empty:hidden first:pt-[3px]\">\n<div class=\"markdown prose w-full break-words dark:prose-invert dark\">\n<p>\u0420\u0430\u0446\u0438\u043e\u043d, \u0440\u0430\u0437\u0440\u0430\u0431\u043e\u0442\u0430\u043d\u043d\u044b\u0439 \u0434\u043b\u044f \u0432\u0437\u0440\u043e\u0441\u043b\u044b\u0445 \u043a\u043e\u0442\u043e\u0432 \u0431\u0440\u0438\u0442\u0430\u043d\u0441\u043a\u043e\u0439 \u043a\u043e\u0440\u043e\u0442\u043a\u043e\u0448\u0435\u0440\u0441\u0442\u043d\u043e\u0439 \u043f\u043e\u0440\u043e\u0434\u044b, \u043f\u043e\u0434\u0434\u0435\u0440\u0436\u0438\u0432\u0430\u044e\u0449\u0438\u0439 \u0437\u0434\u043e\u0440\u043e\u0432\u044c\u0435 \u043c\u044b\u0448\u0435\u0447\u043d\u043e\u0439 \u043c\u0430\u0441\u0441\u044b \u0438 \u0448\u0435\u0440\u0441\u0442\u0438.<\/p>\n<\/div>\n<\/div>\n<\/div>\n<\/div>\n","protected":false},"featured_media":93062,"comment_status":"closed","ping_status":"closed","template":"","meta":[],"product_brand":[],"product_cat":[309,193,320],"product_tag":[1110,1122],"class_list":{"0":"post-93061","1":"product","2":"type-product","3":"status-publish","4":"has-post-thumbnail","6":"product_cat-catfood","7":"product_cat-cat","8":"product_cat-catdry","9":"product_tag-royal-canin","10":"product_tag-suhoj-korm-dlya-koshek-royal-canin","11":"pa_age-pet-vzroslye","12":"pa_brand-royal-canin","13":"pa_meat-ingredients-pticza","14":"pa_packaging-meshok","15":"pa_pet-koshka","16":"pa_pet-feature-vybor-korma-po-porode","17":"pa_purpose-product-vybor-korma-po-porode","18":"pa_type-feed-suhoj-korm","19":"pa_weight-2-kg","21":"first","22":"instock","23":"shipping-taxable","24":"product-type-simple"},"yoast_head":"<!-- This site is optimized with the Yoast SEO Premium plugin v23.7 (Yoast SEO v27.5) - https:\/\/yoast.com\/product\/yoast-seo-premium-wordpress\/ -->\n<title>Royal Canin British Shorthair Adult \u0441\u0443\u0445\u043e\u0439 \u043a\u043e\u0440\u043c \u0434\u043b\u044f \u0432\u0437\u0440\u043e\u0441\u043b\u044b\u0445 \u043a\u043e\u0442\u043e\u0432 \u0431\u0440\u0438\u0442\u0430\u043d\u0441\u043a\u043e\u0439 \u043a\u043e\u0440\u043e\u0442\u043a\u043e\u0448\u0435\u0440\u0441\u0442\u043d\u043e\u0439 \u043f\u043e\u0440\u043e\u0434\u044b 2\u043a\u0433<\/title>\n<meta name=\"description\" content=\"\u041a\u0443\u043f\u0438\u0442\u044c Royal Canin British Shorthair Adult \u0441\u0443\u0445\u043e\u0439 \u043a\u043e\u0440\u043c \u0434\u043b\u044f \u0432\u0437\u0440\u043e\u0441\u043b\u044b\u0445 \u043a\u043e\u0442\u043e\u0432 \u0431\u0440\u0438\u0442\u0430\u043d\u0441\u043a\u043e\u0439 \u043a\u043e\u0440\u043e\u0442\u043a\u043e\u0448\u0435\u0440\u0441\u0442\u043d\u043e\u0439 \u043f\u043e\u0440\u043e\u0434\u044b 2\u043a\u0433 \u0441 \u0434\u043e\u0441\u0442\u0430\u0432\u043a\u043e\u0439 \u043f\u043e \u041a\u0438\u0448\u0438\u043d\u0435\u0432\u0443 \u0438 \u0432\u0441\u0435\u0439 \u041c\u043e\u043b\u0434\u043e\u0432\u0435 \u043d\u0430 Pet24\" \/>\n<meta name=\"robots\" content=\"index, follow, max-snippet:-1, max-image-preview:large, max-video-preview:-1\" \/>\n<link rel=\"canonical\" href=\"https:\/\/pet24.md\/ro\/produs\/royal-canin-british-shorthair-adult-2kg\/\" \/>\n<meta property=\"og:locale\" content=\"ro_RO\" \/>\n<meta property=\"og:type\" content=\"article\" \/>\n<meta property=\"og:title\" content=\"Royal Canin British Shorthair Adult \u0441\u0443\u0445\u043e\u0439 \u043a\u043e\u0440\u043c \u0434\u043b\u044f \u0432\u0437\u0440\u043e\u0441\u043b\u044b\u0445 \u043a\u043e\u0442\u043e\u0432 \u0431\u0440\u0438\u0442\u0430\u043d\u0441\u043a\u043e\u0439 \u043a\u043e\u0440\u043e\u0442\u043a\u043e\u0448\u0435\u0440\u0441\u0442\u043d\u043e\u0439 \u043f\u043e\u0440\u043e\u0434\u044b 2\u043a\u0433\" \/>\n<meta property=\"og:description\" content=\"\u041a\u0443\u043f\u0438\u0442\u044c Royal Canin British Shorthair Adult \u0441\u0443\u0445\u043e\u0439 \u043a\u043e\u0440\u043c \u0434\u043b\u044f \u0432\u0437\u0440\u043e\u0441\u043b\u044b\u0445 \u043a\u043e\u0442\u043e\u0432 \u0431\u0440\u0438\u0442\u0430\u043d\u0441\u043a\u043e\u0439 \u043a\u043e\u0440\u043e\u0442\u043a\u043e\u0448\u0435\u0440\u0441\u0442\u043d\u043e\u0439 \u043f\u043e\u0440\u043e\u0434\u044b 2\u043a\u0433 \u0441 \u0434\u043e\u0441\u0442\u0430\u0432\u043a\u043e\u0439 \u043f\u043e \u041a\u0438\u0448\u0438\u043d\u0435\u0432\u0443 \u0438 \u0432\u0441\u0435\u0439 \u041c\u043e\u043b\u0434\u043e\u0432\u0435 \u043d\u0430 Pet24\" \/>\n<meta property=\"og:url\" content=\"https:\/\/pet24.md\/ro\/produs\/royal-canin-british-shorthair-adult-2kg\/\" \/>\n<meta property=\"og:site_name\" content=\"Pet24\" \/>\n<meta property=\"article:publisher\" content=\"https:\/\/www.facebook.com\/pet24.md\" \/>\n<meta property=\"article:modified_time\" content=\"2025-02-10T15:58:35+00:00\" \/>\n<meta property=\"og:image\" content=\"https:\/\/pet24.md\/wp-content\/uploads\/2024\/10\/270419_54-1.png\" \/>\n\t<meta property=\"og:image:width\" content=\"1000\" \/>\n\t<meta property=\"og:image:height\" content=\"1000\" \/>\n\t<meta property=\"og:image:type\" content=\"image\/png\" \/>\n<meta name=\"twitter:card\" content=\"summary_large_image\" \/>\n<meta name=\"twitter:label1\" content=\"Timp estimat pentru citire\" \/>\n\t<meta name=\"twitter:data1\" content=\"2 minute\" \/>\n<script type=\"application\/ld+json\" class=\"yoast-schema-graph\">{\"@context\":\"https:\\\/\\\/schema.org\",\"@graph\":[{\"@type\":\"WebPage\",\"@id\":\"https:\\\/\\\/pet24.md\\\/product\\\/royal-canin-british-shorthair-adult-2kg\\\/\",\"url\":\"https:\\\/\\\/pet24.md\\\/product\\\/royal-canin-british-shorthair-adult-2kg\\\/\",\"name\":\"Royal Canin British Shorthair Adult \u0441\u0443\u0445\u043e\u0439 \u043a\u043e\u0440\u043c \u0434\u043b\u044f \u0432\u0437\u0440\u043e\u0441\u043b\u044b\u0445 \u043a\u043e\u0442\u043e\u0432 \u0431\u0440\u0438\u0442\u0430\u043d\u0441\u043a\u043e\u0439 \u043a\u043e\u0440\u043e\u0442\u043a\u043e\u0448\u0435\u0440\u0441\u0442\u043d\u043e\u0439 \u043f\u043e\u0440\u043e\u0434\u044b 2\u043a\u0433\",\"isPartOf\":{\"@id\":\"https:\\\/\\\/pet24.md\\\/#website\"},\"primaryImageOfPage\":{\"@id\":\"https:\\\/\\\/pet24.md\\\/product\\\/royal-canin-british-shorthair-adult-2kg\\\/#primaryimage\"},\"image\":{\"@id\":\"https:\\\/\\\/pet24.md\\\/product\\\/royal-canin-british-shorthair-adult-2kg\\\/#primaryimage\"},\"thumbnailUrl\":\"https:\\\/\\\/pet24.md\\\/wp-content\\\/uploads\\\/2024\\\/10\\\/270419_54-1.png\",\"datePublished\":\"2024-10-01T16:50:05+00:00\",\"dateModified\":\"2025-02-10T15:58:35+00:00\",\"description\":\"\u041a\u0443\u043f\u0438\u0442\u044c Royal Canin British Shorthair Adult \u0441\u0443\u0445\u043e\u0439 \u043a\u043e\u0440\u043c \u0434\u043b\u044f \u0432\u0437\u0440\u043e\u0441\u043b\u044b\u0445 \u043a\u043e\u0442\u043e\u0432 \u0431\u0440\u0438\u0442\u0430\u043d\u0441\u043a\u043e\u0439 \u043a\u043e\u0440\u043e\u0442\u043a\u043e\u0448\u0435\u0440\u0441\u0442\u043d\u043e\u0439 \u043f\u043e\u0440\u043e\u0434\u044b 2\u043a\u0433 \u0441 \u0434\u043e\u0441\u0442\u0430\u0432\u043a\u043e\u0439 \u043f\u043e \u041a\u0438\u0448\u0438\u043d\u0435\u0432\u0443 \u0438 \u0432\u0441\u0435\u0439 \u041c\u043e\u043b\u0434\u043e\u0432\u0435 \u043d\u0430 Pet24\",\"breadcrumb\":{\"@id\":\"https:\\\/\\\/pet24.md\\\/product\\\/royal-canin-british-shorthair-adult-2kg\\\/#breadcrumb\"},\"inLanguage\":\"ro-RO\",\"potentialAction\":[{\"@type\":\"ReadAction\",\"target\":[\"https:\\\/\\\/pet24.md\\\/product\\\/royal-canin-british-shorthair-adult-2kg\\\/\"]}]},{\"@type\":\"ImageObject\",\"inLanguage\":\"ro-RO\",\"@id\":\"https:\\\/\\\/pet24.md\\\/product\\\/royal-canin-british-shorthair-adult-2kg\\\/#primaryimage\",\"url\":\"https:\\\/\\\/pet24.md\\\/wp-content\\\/uploads\\\/2024\\\/10\\\/270419_54-1.png\",\"contentUrl\":\"https:\\\/\\\/pet24.md\\\/wp-content\\\/uploads\\\/2024\\\/10\\\/270419_54-1.png\",\"width\":1000,\"height\":1000,\"caption\":\"Royal Canin British Shorthair Adult \u0441\u0443\u0445\u043e\u0439 \u043a\u043e\u0440\u043c \u0434\u043b\u044f \u0432\u0437\u0440\u043e\u0441\u043b\u044b\u0445 \u043a\u043e\u0442\u043e\u0432 \u0431\u0440\u0438\u0442\u0430\u043d\u0441\u043a\u043e\u0439 \u043a\u043e\u0440\u043e\u0442\u043a\u043e\u0448\u0435\u0440\u0441\u0442\u043d\u043e\u0439 \u043f\u043e\u0440\u043e\u0434\u044b 2\u043a\u0433\"},{\"@type\":\"BreadcrumbList\",\"@id\":\"https:\\\/\\\/pet24.md\\\/product\\\/royal-canin-british-shorthair-adult-2kg\\\/#breadcrumb\",\"itemListElement\":[{\"@type\":\"ListItem\",\"position\":1,\"name\":\"\u0413\u043b\u0430\u0432\u043d\u0430\u044f \u0441\u0442\u0440\u0430\u043d\u0438\u0446\u0430\",\"item\":\"https:\\\/\\\/pet24.md\\\/\"},{\"@type\":\"ListItem\",\"position\":2,\"name\":\"\u041c\u0430\u0433\u0430\u0437\u0438\u043d\",\"item\":\"https:\\\/\\\/pet24.md\\\/shop\\\/\"},{\"@type\":\"ListItem\",\"position\":3,\"name\":\"Royal Canin British Shorthair Adult \u0441\u0443\u0445\u043e\u0439 \u043a\u043e\u0440\u043c \u0434\u043b\u044f \u0432\u0437\u0440\u043e\u0441\u043b\u044b\u0445 \u043a\u043e\u0442\u043e\u0432 \u0431\u0440\u0438\u0442\u0430\u043d\u0441\u043a\u043e\u0439 \u043a\u043e\u0440\u043e\u0442\u043a\u043e\u0448\u0435\u0440\u0441\u0442\u043d\u043e\u0439 \u043f\u043e\u0440\u043e\u0434\u044b 2\u043a\u0433\"}]},{\"@type\":\"WebSite\",\"@id\":\"https:\\\/\\\/pet24.md\\\/#website\",\"url\":\"https:\\\/\\\/pet24.md\\\/\",\"name\":\"Pet24\",\"description\":\"\u0417\u043e\u043e\u043c\u0430\u0433\u0430\u0437\u0438\u043d \u0442\u043e\u0432\u0430\u0440\u043e\u0432 \u0434\u043b\u044f \u0434\u043e\u043c\u0430\u0448\u043d\u0438\u0445 \u043f\u0438\u0442\u043e\u043c\u0446\u0435\u0432\",\"publisher\":{\"@id\":\"https:\\\/\\\/pet24.md\\\/#organization\"},\"potentialAction\":[{\"@type\":\"SearchAction\",\"target\":{\"@type\":\"EntryPoint\",\"urlTemplate\":\"https:\\\/\\\/pet24.md\\\/?s={search_term_string}\"},\"query-input\":{\"@type\":\"PropertyValueSpecification\",\"valueRequired\":true,\"valueName\":\"search_term_string\"}}],\"inLanguage\":\"ro-RO\"},{\"@type\":\"Organization\",\"@id\":\"https:\\\/\\\/pet24.md\\\/#organization\",\"name\":\"Pet24\",\"url\":\"https:\\\/\\\/pet24.md\\\/\",\"logo\":{\"@type\":\"ImageObject\",\"inLanguage\":\"ro-RO\",\"@id\":\"https:\\\/\\\/pet24.md\\\/#\\\/schema\\\/logo\\\/image\\\/\",\"url\":\"https:\\\/\\\/pet24.md\\\/wp-content\\\/uploads\\\/2024\\\/09\\\/logo.svg\",\"contentUrl\":\"https:\\\/\\\/pet24.md\\\/wp-content\\\/uploads\\\/2024\\\/09\\\/logo.svg\",\"width\":215,\"height\":66,\"caption\":\"Pet24\"},\"image\":{\"@id\":\"https:\\\/\\\/pet24.md\\\/#\\\/schema\\\/logo\\\/image\\\/\"},\"sameAs\":[\"https:\\\/\\\/www.facebook.com\\\/pet24.md\",\"https:\\\/\\\/www.instagram.com\\\/pet24.md\\\/\"],\"telephone\":\"+37360508880\"}]}<\/script>\n<!-- \/ Yoast SEO Premium plugin. -->","yoast_head_json":{"title":"Royal Canin British Shorthair Hrana uscata pentru adulti pentru pisici adulte din rasa British Shorthair 2kg","description":"\u041a\u0443\u043f\u0438\u0442\u044c Royal Canin British Shorthair Adult \u0441\u0443\u0445\u043e\u0439 \u043a\u043e\u0440\u043c \u0434\u043b\u044f \u0432\u0437\u0440\u043e\u0441\u043b\u044b\u0445 \u043a\u043e\u0442\u043e\u0432 \u0431\u0440\u0438\u0442\u0430\u043d\u0441\u043a\u043e\u0439 \u043a\u043e\u0440\u043e\u0442\u043a\u043e\u0448\u0435\u0440\u0441\u0442\u043d\u043e\u0439 \u043f\u043e\u0440\u043e\u0434\u044b 2\u043a\u0433 \u0441 \u0434\u043e\u0441\u0442\u0430\u0432\u043a\u043e\u0439 \u043f\u043e \u041a\u0438\u0448\u0438\u043d\u0435\u0432\u0443 \u0438 \u0432\u0441\u0435\u0439 \u041c\u043e\u043b\u0434\u043e\u0432\u0435 \u043d\u0430 Pet24","robots":{"index":"index","follow":"follow","max-snippet":"max-snippet:-1","max-image-preview":"max-image-preview:large","max-video-preview":"max-video-preview:-1"},"canonical":"https:\/\/pet24.md\/ro\/produs\/royal-canin-british-shorthair-adult-2kg\/","og_locale":"ro_RO","og_type":"article","og_title":"Royal Canin British Shorthair Adult \u0441\u0443\u0445\u043e\u0439 \u043a\u043e\u0440\u043c \u0434\u043b\u044f \u0432\u0437\u0440\u043e\u0441\u043b\u044b\u0445 \u043a\u043e\u0442\u043e\u0432 \u0431\u0440\u0438\u0442\u0430\u043d\u0441\u043a\u043e\u0439 \u043a\u043e\u0440\u043e\u0442\u043a\u043e\u0448\u0435\u0440\u0441\u0442\u043d\u043e\u0439 \u043f\u043e\u0440\u043e\u0434\u044b 2\u043a\u0433","og_description":"\u041a\u0443\u043f\u0438\u0442\u044c Royal Canin British Shorthair Adult \u0441\u0443\u0445\u043e\u0439 \u043a\u043e\u0440\u043c \u0434\u043b\u044f \u0432\u0437\u0440\u043e\u0441\u043b\u044b\u0445 \u043a\u043e\u0442\u043e\u0432 \u0431\u0440\u0438\u0442\u0430\u043d\u0441\u043a\u043e\u0439 \u043a\u043e\u0440\u043e\u0442\u043a\u043e\u0448\u0435\u0440\u0441\u0442\u043d\u043e\u0439 \u043f\u043e\u0440\u043e\u0434\u044b 2\u043a\u0433 \u0441 \u0434\u043e\u0441\u0442\u0430\u0432\u043a\u043e\u0439 \u043f\u043e \u041a\u0438\u0448\u0438\u043d\u0435\u0432\u0443 \u0438 \u0432\u0441\u0435\u0439 \u041c\u043e\u043b\u0434\u043e\u0432\u0435 \u043d\u0430 Pet24","og_url":"https:\/\/pet24.md\/ro\/produs\/royal-canin-british-shorthair-adult-2kg\/","og_site_name":"Pet24","article_publisher":"https:\/\/www.facebook.com\/pet24.md","article_modified_time":"2025-02-10T15:58:35+00:00","og_image":[{"width":1000,"height":1000,"url":"https:\/\/pet24.md\/wp-content\/uploads\/2024\/10\/270419_54-1.png","type":"image\/png"}],"twitter_card":"summary_large_image","twitter_misc":{"Timp estimat pentru citire":"2 minute"},"schema":{"@context":"https:\/\/schema.org","@graph":[{"@type":"WebPage","@id":"https:\/\/pet24.md\/product\/royal-canin-british-shorthair-adult-2kg\/","url":"https:\/\/pet24.md\/product\/royal-canin-british-shorthair-adult-2kg\/","name":"Royal Canin British Shorthair Hrana uscata pentru adulti pentru pisici adulte din rasa British Shorthair 2kg","isPartOf":{"@id":"https:\/\/pet24.md\/#website"},"primaryImageOfPage":{"@id":"https:\/\/pet24.md\/product\/royal-canin-british-shorthair-adult-2kg\/#primaryimage"},"image":{"@id":"https:\/\/pet24.md\/product\/royal-canin-british-shorthair-adult-2kg\/#primaryimage"},"thumbnailUrl":"https:\/\/pet24.md\/wp-content\/uploads\/2024\/10\/270419_54-1.png","datePublished":"2024-10-01T16:50:05+00:00","dateModified":"2025-02-10T15:58:35+00:00","description":"\u041a\u0443\u043f\u0438\u0442\u044c Royal Canin British Shorthair Adult \u0441\u0443\u0445\u043e\u0439 \u043a\u043e\u0440\u043c \u0434\u043b\u044f \u0432\u0437\u0440\u043e\u0441\u043b\u044b\u0445 \u043a\u043e\u0442\u043e\u0432 \u0431\u0440\u0438\u0442\u0430\u043d\u0441\u043a\u043e\u0439 \u043a\u043e\u0440\u043e\u0442\u043a\u043e\u0448\u0435\u0440\u0441\u0442\u043d\u043e\u0439 \u043f\u043e\u0440\u043e\u0434\u044b 2\u043a\u0433 \u0441 \u0434\u043e\u0441\u0442\u0430\u0432\u043a\u043e\u0439 \u043f\u043e \u041a\u0438\u0448\u0438\u043d\u0435\u0432\u0443 \u0438 \u0432\u0441\u0435\u0439 \u041c\u043e\u043b\u0434\u043e\u0432\u0435 \u043d\u0430 Pet24","breadcrumb":{"@id":"https:\/\/pet24.md\/product\/royal-canin-british-shorthair-adult-2kg\/#breadcrumb"},"inLanguage":"ro-RO","potentialAction":[{"@type":"ReadAction","target":["https:\/\/pet24.md\/product\/royal-canin-british-shorthair-adult-2kg\/"]}]},{"@type":"ImageObject","inLanguage":"ro-RO","@id":"https:\/\/pet24.md\/product\/royal-canin-british-shorthair-adult-2kg\/#primaryimage","url":"https:\/\/pet24.md\/wp-content\/uploads\/2024\/10\/270419_54-1.png","contentUrl":"https:\/\/pet24.md\/wp-content\/uploads\/2024\/10\/270419_54-1.png","width":1000,"height":1000,"caption":"Royal Canin British Shorthair Adult \u0441\u0443\u0445\u043e\u0439 \u043a\u043e\u0440\u043c \u0434\u043b\u044f \u0432\u0437\u0440\u043e\u0441\u043b\u044b\u0445 \u043a\u043e\u0442\u043e\u0432 \u0431\u0440\u0438\u0442\u0430\u043d\u0441\u043a\u043e\u0439 \u043a\u043e\u0440\u043e\u0442\u043a\u043e\u0448\u0435\u0440\u0441\u0442\u043d\u043e\u0439 \u043f\u043e\u0440\u043e\u0434\u044b 2\u043a\u0433"},{"@type":"BreadcrumbList","@id":"https:\/\/pet24.md\/product\/royal-canin-british-shorthair-adult-2kg\/#breadcrumb","itemListElement":[{"@type":"ListItem","position":1,"name":"\u0413\u043b\u0430\u0432\u043d\u0430\u044f \u0441\u0442\u0440\u0430\u043d\u0438\u0446\u0430","item":"https:\/\/pet24.md\/"},{"@type":"ListItem","position":2,"name":"\u041c\u0430\u0433\u0430\u0437\u0438\u043d","item":"https:\/\/pet24.md\/shop\/"},{"@type":"ListItem","position":3,"name":"Royal Canin British Shorthair Adult \u0441\u0443\u0445\u043e\u0439 \u043a\u043e\u0440\u043c \u0434\u043b\u044f \u0432\u0437\u0440\u043e\u0441\u043b\u044b\u0445 \u043a\u043e\u0442\u043e\u0432 \u0431\u0440\u0438\u0442\u0430\u043d\u0441\u043a\u043e\u0439 \u043a\u043e\u0440\u043e\u0442\u043a\u043e\u0448\u0435\u0440\u0441\u0442\u043d\u043e\u0439 \u043f\u043e\u0440\u043e\u0434\u044b 2\u043a\u0433"}]},{"@type":"WebSite","@id":"https:\/\/pet24.md\/#website","url":"https:\/\/pet24.md\/","name":"Pet24","description":"Magazin de animale de companie","publisher":{"@id":"https:\/\/pet24.md\/#organization"},"potentialAction":[{"@type":"SearchAction","target":{"@type":"EntryPoint","urlTemplate":"https:\/\/pet24.md\/?s={search_term_string}"},"query-input":{"@type":"PropertyValueSpecification","valueRequired":true,"valueName":"search_term_string"}}],"inLanguage":"ro-RO"},{"@type":"Organization","@id":"https:\/\/pet24.md\/#organization","name":"Pet24","url":"https:\/\/pet24.md\/","logo":{"@type":"ImageObject","inLanguage":"ro-RO","@id":"https:\/\/pet24.md\/#\/schema\/logo\/image\/","url":"https:\/\/pet24.md\/wp-content\/uploads\/2024\/09\/logo.svg","contentUrl":"https:\/\/pet24.md\/wp-content\/uploads\/2024\/09\/logo.svg","width":215,"height":66,"caption":"Pet24"},"image":{"@id":"https:\/\/pet24.md\/#\/schema\/logo\/image\/"},"sameAs":["https:\/\/www.facebook.com\/pet24.md","https:\/\/www.instagram.com\/pet24.md\/"],"telephone":"+37360508880"}]}},"_links":{"self":[{"href":"https:\/\/pet24.md\/ro\/wp-json\/wp\/v2\/product\/93061","targetHints":{"allow":["GET"]}}],"collection":[{"href":"https:\/\/pet24.md\/ro\/wp-json\/wp\/v2\/product"}],"about":[{"href":"https:\/\/pet24.md\/ro\/wp-json\/wp\/v2\/types\/product"}],"replies":[{"embeddable":true,"href":"https:\/\/pet24.md\/ro\/wp-json\/wp\/v2\/comments?post=93061"}],"wp:featuredmedia":[{"embeddable":true,"href":"https:\/\/pet24.md\/ro\/wp-json\/wp\/v2\/media\/93062"}],"wp:attachment":[{"href":"https:\/\/pet24.md\/ro\/wp-json\/wp\/v2\/media?parent=93061"}],"wp:term":[{"taxonomy":"product_brand","embeddable":true,"href":"https:\/\/pet24.md\/ro\/wp-json\/wp\/v2\/product_brand?post=93061"},{"taxonomy":"product_cat","embeddable":true,"href":"https:\/\/pet24.md\/ro\/wp-json\/wp\/v2\/product_cat?post=93061"},{"taxonomy":"product_tag","embeddable":true,"href":"https:\/\/pet24.md\/ro\/wp-json\/wp\/v2\/product_tag?post=93061"}],"curies":[{"name":"wp","href":"https:\/\/api.w.org\/{rel}","templated":true}]}}