{"id":93124,"date":"2024-10-01T16:49:50","date_gmt":"2024-10-01T16:49:50","guid":{"rendered":"https:\/\/pet24.md\/?post_type=product&#038;p=93124"},"modified":"2025-02-11T14:36:40","modified_gmt":"2025-02-11T14:36:40","slug":"royal-canin-hepatic-cat-2kg","status":"publish","type":"product","link":"https:\/\/pet24.md\/ro\/produs\/royal-canin-hepatic-cat-2kg\/","title":{"rendered":"Hrana uscata medicinala Royal Canin Hepatic pentru pisici adulte cu afectiuni hepatice 2kg"},"content":{"rendered":"<p><strong>Royal Canin Hepatic<\/strong> 2 kg - o diet\u0103 veterinar\u0103 complet\u0103 pentru pisici cu boli hepatice.<\/p>\n<p><strong>Aten\u0163ie:<\/strong> Dietele veterinare, inclusiv Royal Canin Anallergenic, sunt formulate pentru utilizare sub supravegherea unui medic veterinar. Royal Canin v\u0103 recomand\u0103 s\u0103 cere\u021bi \u00eentotdeauna sfatul medicului veterinar \u00eenainte de a \u00eencepe sau de a continua s\u0103 utiliza\u021bi o diet\u0103 veterinar\u0103.<\/p>\n<p><strong>Ingrediente: <\/strong>Orez, gr\u0103simi animale, porumb, gluten de gr\u00e2u*, proteine animale deshidratate (carne de porc)*, gluten de porumb, fibre vegetale, proteine animale hidrolizate, minerale, pulp\u0103 de cicoare, ulei de pe\u0219te, ulei de soia, fructo-oligozaharide (FOS), drojdie hidrolizat\u0103 ( surs\u0103 de manan-oligozaharide), extract de g\u0103lbenele (surs\u0103 de lutein\u0103).<\/p>\n<p>*LIP (Low Indigestble Protein): proteine de \u00eenalt\u0103 calitate cu digestibilitate maxim\u0103.<\/p>\n<h4><strong>Suplimente nutritive la 1 kg: <\/strong>Vitamina A: 15600 UI, Vitamina D3: 800 UI, Fier: 12 mg, Iod: 5,8 mg, Cupru: 5 mg, Mangan: 57 mg, Zinc: 225 mg, Seleniu: 0,41 mg, Antioxidan\u021bi.<\/h4>\n<h4><strong>Con\u021binut de nutrien\u021bi: <\/strong>Proteine 26 g, Gr\u0103simi 22 g, Carbohidra\u021bi 28,6 g, Fibre alimentare 11 g, Fibre totale 5 g, Omega 6 4,81 g, Omega 3 0,9, EPA+DHA 0,35 g, Calciu 0,65 g, Fosfor 0,59 g, Sodiu 0.59 g, Cupru 0. 0,5 mg, zinc 25 mg, energie metabolic\u0103 411 kcal.<\/h4>\n<p>&nbsp;<\/p>","protected":false},"excerpt":{"rendered":"<p>Royal Canin Hepatic 2\u043a\u0433 &#8212; \u043f\u043e\u043b\u043d\u043e\u0440\u0430\u0446\u0438\u043e\u043d\u043d\u0430\u044f \u0432\u0435\u0442\u0435\u0440\u0438\u043d\u0430\u0440\u043d\u0430\u044f \u0434\u0438\u0435\u0442\u0430 \u0434\u043b\u044f \u043a\u043e\u0448\u0435\u043a \u043f\u0440\u0438 \u0431\u043e\u043b\u0435\u0437\u043d\u044f\u0445 \u043f\u0435\u0447\u0435\u043d\u0438. \u0412\u043d\u0438\u043c\u0430\u043d\u0438\u0435: \u0412\u0435\u0442\u0435\u0440\u0438\u043d\u0430\u0440\u043d\u044b\u0435 \u0434\u0438\u0435\u0442\u044b, \u0432 \u0442\u043e\u043c \u0447\u0438\u0441\u043b\u0435 \u0438 \u043a\u043e\u0440\u043c Royal&hellip;<\/p>","protected":false},"featured_media":93125,"comment_status":"closed","ping_status":"closed","template":"","meta":[],"product_brand":[],"product_cat":[309,193,320],"product_tag":[1110,1122],"class_list":{"0":"post-93124","1":"product","2":"type-product","3":"status-publish","4":"has-post-thumbnail","6":"product_cat-catfood","7":"product_cat-cat","8":"product_cat-catdry","9":"product_tag-royal-canin","10":"product_tag-suhoj-korm-dlya-koshek-royal-canin","11":"pa_age-pet-vzroslye","12":"pa_brand-royal-canin","13":"pa_meat-ingredients-svinina","14":"pa_packaging-meshok","15":"pa_pet-koshka","16":"pa_pet-feature-lechebnyj","17":"pa_purpose-product-lechebnyj","18":"pa_type-feed-suhoj-korm","19":"pa_weight-2-kg","21":"first","22":"instock","23":"shipping-taxable","24":"product-type-simple"},"yoast_head":"<!-- This site is optimized with the Yoast SEO Premium plugin v23.7 (Yoast SEO v27.5) - https:\/\/yoast.com\/product\/yoast-seo-premium-wordpress\/ -->\n<title>Royal Canin Hepatic \u043b\u0435\u0447\u0435\u0431\u043d\u044b\u0439 \u0441\u0443\u0445\u043e\u0439 \u043a\u043e\u0440\u043c \u0434\u043b\u044f \u0432\u0437\u0440\u043e\u0441\u043b\u044b\u0445 \u043a\u043e\u0448\u0435\u043a \u043f\u0440\u0438 \u0431\u043e\u043b\u0435\u0437\u043d\u0438 \u043f\u0435\u0447\u0435\u043d\u0438 2\u043a\u0433<\/title>\n<meta name=\"description\" content=\"\u041a\u0443\u043f\u0438\u0442\u044c Royal Canin Hepatic \u043b\u0435\u0447\u0435\u0431\u043d\u044b\u0439 \u0441\u0443\u0445\u043e\u0439 \u043a\u043e\u0440\u043c \u0434\u043b\u044f \u0432\u0437\u0440\u043e\u0441\u043b\u044b\u0445 \u043a\u043e\u0448\u0435\u043a \u043f\u0440\u0438 \u0431\u043e\u043b\u0435\u0437\u043d\u0438 \u043f\u0435\u0447\u0435\u043d\u0438 2\u043a\u0433 \u0441 \u0434\u043e\u0441\u0442\u0430\u0432\u043a\u043e\u0439 \u043f\u043e \u041a\u0438\u0448\u0438\u043d\u0435\u0432\u0443 \u0438 \u0432\u0441\u0435\u0439 \u041c\u043e\u043b\u0434\u043e\u0432\u0435 \u043d\u0430 Pet24\" \/>\n<meta name=\"robots\" content=\"index, follow, max-snippet:-1, max-image-preview:large, max-video-preview:-1\" \/>\n<link rel=\"canonical\" href=\"https:\/\/pet24.md\/ro\/produs\/royal-canin-hepatic-cat-2kg\/\" \/>\n<meta property=\"og:locale\" content=\"ro_RO\" \/>\n<meta property=\"og:type\" content=\"article\" \/>\n<meta property=\"og:title\" content=\"Royal Canin Hepatic \u043b\u0435\u0447\u0435\u0431\u043d\u044b\u0439 \u0441\u0443\u0445\u043e\u0439 \u043a\u043e\u0440\u043c \u0434\u043b\u044f \u0432\u0437\u0440\u043e\u0441\u043b\u044b\u0445 \u043a\u043e\u0448\u0435\u043a \u043f\u0440\u0438 \u0431\u043e\u043b\u0435\u0437\u043d\u0438 \u043f\u0435\u0447\u0435\u043d\u0438 2\u043a\u0433\" \/>\n<meta property=\"og:description\" content=\"\u041a\u0443\u043f\u0438\u0442\u044c Royal Canin Hepatic \u043b\u0435\u0447\u0435\u0431\u043d\u044b\u0439 \u0441\u0443\u0445\u043e\u0439 \u043a\u043e\u0440\u043c \u0434\u043b\u044f \u0432\u0437\u0440\u043e\u0441\u043b\u044b\u0445 \u043a\u043e\u0448\u0435\u043a \u043f\u0440\u0438 \u0431\u043e\u043b\u0435\u0437\u043d\u0438 \u043f\u0435\u0447\u0435\u043d\u0438 2\u043a\u0433 \u0441 \u0434\u043e\u0441\u0442\u0430\u0432\u043a\u043e\u0439 \u043f\u043e \u041a\u0438\u0448\u0438\u043d\u0435\u0432\u0443 \u0438 \u0432\u0441\u0435\u0439 \u041c\u043e\u043b\u0434\u043e\u0432\u0435 \u043d\u0430 Pet24\" \/>\n<meta property=\"og:url\" content=\"https:\/\/pet24.md\/ro\/produs\/royal-canin-hepatic-cat-2kg\/\" \/>\n<meta property=\"og:site_name\" content=\"Pet24\" \/>\n<meta property=\"article:publisher\" content=\"https:\/\/www.facebook.com\/pet24.md\" \/>\n<meta property=\"article:modified_time\" content=\"2025-02-11T14:36:40+00:00\" \/>\n<meta property=\"og:image\" content=\"https:\/\/pet24.md\/wp-content\/uploads\/2024\/10\/hepatic-cat.png\" \/>\n\t<meta property=\"og:image:width\" content=\"500\" \/>\n\t<meta property=\"og:image:height\" content=\"707\" \/>\n\t<meta property=\"og:image:type\" content=\"image\/png\" \/>\n<meta name=\"twitter:card\" content=\"summary_large_image\" \/>\n<meta name=\"twitter:label1\" content=\"Timp estimat pentru citire\" \/>\n\t<meta name=\"twitter:data1\" content=\"2 minute\" \/>\n<script type=\"application\/ld+json\" class=\"yoast-schema-graph\">{\"@context\":\"https:\\\/\\\/schema.org\",\"@graph\":[{\"@type\":\"WebPage\",\"@id\":\"https:\\\/\\\/pet24.md\\\/product\\\/royal-canin-hepatic-cat-2kg\\\/\",\"url\":\"https:\\\/\\\/pet24.md\\\/product\\\/royal-canin-hepatic-cat-2kg\\\/\",\"name\":\"Royal Canin Hepatic \u043b\u0435\u0447\u0435\u0431\u043d\u044b\u0439 \u0441\u0443\u0445\u043e\u0439 \u043a\u043e\u0440\u043c \u0434\u043b\u044f \u0432\u0437\u0440\u043e\u0441\u043b\u044b\u0445 \u043a\u043e\u0448\u0435\u043a \u043f\u0440\u0438 \u0431\u043e\u043b\u0435\u0437\u043d\u0438 \u043f\u0435\u0447\u0435\u043d\u0438 2\u043a\u0433\",\"isPartOf\":{\"@id\":\"https:\\\/\\\/pet24.md\\\/#website\"},\"primaryImageOfPage\":{\"@id\":\"https:\\\/\\\/pet24.md\\\/product\\\/royal-canin-hepatic-cat-2kg\\\/#primaryimage\"},\"image\":{\"@id\":\"https:\\\/\\\/pet24.md\\\/product\\\/royal-canin-hepatic-cat-2kg\\\/#primaryimage\"},\"thumbnailUrl\":\"https:\\\/\\\/pet24.md\\\/wp-content\\\/uploads\\\/2024\\\/10\\\/hepatic-cat.png\",\"datePublished\":\"2024-10-01T16:49:50+00:00\",\"dateModified\":\"2025-02-11T14:36:40+00:00\",\"description\":\"\u041a\u0443\u043f\u0438\u0442\u044c Royal Canin Hepatic \u043b\u0435\u0447\u0435\u0431\u043d\u044b\u0439 \u0441\u0443\u0445\u043e\u0439 \u043a\u043e\u0440\u043c \u0434\u043b\u044f \u0432\u0437\u0440\u043e\u0441\u043b\u044b\u0445 \u043a\u043e\u0448\u0435\u043a \u043f\u0440\u0438 \u0431\u043e\u043b\u0435\u0437\u043d\u0438 \u043f\u0435\u0447\u0435\u043d\u0438 2\u043a\u0433 \u0441 \u0434\u043e\u0441\u0442\u0430\u0432\u043a\u043e\u0439 \u043f\u043e \u041a\u0438\u0448\u0438\u043d\u0435\u0432\u0443 \u0438 \u0432\u0441\u0435\u0439 \u041c\u043e\u043b\u0434\u043e\u0432\u0435 \u043d\u0430 Pet24\",\"breadcrumb\":{\"@id\":\"https:\\\/\\\/pet24.md\\\/product\\\/royal-canin-hepatic-cat-2kg\\\/#breadcrumb\"},\"inLanguage\":\"ro-RO\",\"potentialAction\":[{\"@type\":\"ReadAction\",\"target\":[\"https:\\\/\\\/pet24.md\\\/product\\\/royal-canin-hepatic-cat-2kg\\\/\"]}]},{\"@type\":\"ImageObject\",\"inLanguage\":\"ro-RO\",\"@id\":\"https:\\\/\\\/pet24.md\\\/product\\\/royal-canin-hepatic-cat-2kg\\\/#primaryimage\",\"url\":\"https:\\\/\\\/pet24.md\\\/wp-content\\\/uploads\\\/2024\\\/10\\\/hepatic-cat.png\",\"contentUrl\":\"https:\\\/\\\/pet24.md\\\/wp-content\\\/uploads\\\/2024\\\/10\\\/hepatic-cat.png\",\"width\":500,\"height\":707,\"caption\":\"Royal Canin Hepatic \u043b\u0435\u0447\u0435\u0431\u043d\u044b\u0439 \u0441\u0443\u0445\u043e\u0439 \u043a\u043e\u0440\u043c \u0434\u043b\u044f \u0432\u0437\u0440\u043e\u0441\u043b\u044b\u0445 \u043a\u043e\u0448\u0435\u043a \u043f\u0440\u0438 \u0431\u043e\u043b\u0435\u0437\u043d\u0438 \u043f\u0435\u0447\u0435\u043d\u0438 2\u043a\u0433\"},{\"@type\":\"BreadcrumbList\",\"@id\":\"https:\\\/\\\/pet24.md\\\/product\\\/royal-canin-hepatic-cat-2kg\\\/#breadcrumb\",\"itemListElement\":[{\"@type\":\"ListItem\",\"position\":1,\"name\":\"\u0413\u043b\u0430\u0432\u043d\u0430\u044f \u0441\u0442\u0440\u0430\u043d\u0438\u0446\u0430\",\"item\":\"https:\\\/\\\/pet24.md\\\/\"},{\"@type\":\"ListItem\",\"position\":2,\"name\":\"\u041c\u0430\u0433\u0430\u0437\u0438\u043d\",\"item\":\"https:\\\/\\\/pet24.md\\\/shop\\\/\"},{\"@type\":\"ListItem\",\"position\":3,\"name\":\"Royal Canin Hepatic \u043b\u0435\u0447\u0435\u0431\u043d\u044b\u0439 \u0441\u0443\u0445\u043e\u0439 \u043a\u043e\u0440\u043c \u0434\u043b\u044f \u0432\u0437\u0440\u043e\u0441\u043b\u044b\u0445 \u043a\u043e\u0448\u0435\u043a \u043f\u0440\u0438 \u0431\u043e\u043b\u0435\u0437\u043d\u0438 \u043f\u0435\u0447\u0435\u043d\u0438 2\u043a\u0433\"}]},{\"@type\":\"WebSite\",\"@id\":\"https:\\\/\\\/pet24.md\\\/#website\",\"url\":\"https:\\\/\\\/pet24.md\\\/\",\"name\":\"Pet24\",\"description\":\"\u0417\u043e\u043e\u043c\u0430\u0433\u0430\u0437\u0438\u043d \u0442\u043e\u0432\u0430\u0440\u043e\u0432 \u0434\u043b\u044f \u0434\u043e\u043c\u0430\u0448\u043d\u0438\u0445 \u043f\u0438\u0442\u043e\u043c\u0446\u0435\u0432\",\"publisher\":{\"@id\":\"https:\\\/\\\/pet24.md\\\/#organization\"},\"potentialAction\":[{\"@type\":\"SearchAction\",\"target\":{\"@type\":\"EntryPoint\",\"urlTemplate\":\"https:\\\/\\\/pet24.md\\\/?s={search_term_string}\"},\"query-input\":{\"@type\":\"PropertyValueSpecification\",\"valueRequired\":true,\"valueName\":\"search_term_string\"}}],\"inLanguage\":\"ro-RO\"},{\"@type\":\"Organization\",\"@id\":\"https:\\\/\\\/pet24.md\\\/#organization\",\"name\":\"Pet24\",\"url\":\"https:\\\/\\\/pet24.md\\\/\",\"logo\":{\"@type\":\"ImageObject\",\"inLanguage\":\"ro-RO\",\"@id\":\"https:\\\/\\\/pet24.md\\\/#\\\/schema\\\/logo\\\/image\\\/\",\"url\":\"https:\\\/\\\/pet24.md\\\/wp-content\\\/uploads\\\/2024\\\/09\\\/logo.svg\",\"contentUrl\":\"https:\\\/\\\/pet24.md\\\/wp-content\\\/uploads\\\/2024\\\/09\\\/logo.svg\",\"width\":215,\"height\":66,\"caption\":\"Pet24\"},\"image\":{\"@id\":\"https:\\\/\\\/pet24.md\\\/#\\\/schema\\\/logo\\\/image\\\/\"},\"sameAs\":[\"https:\\\/\\\/www.facebook.com\\\/pet24.md\",\"https:\\\/\\\/www.instagram.com\\\/pet24.md\\\/\"],\"telephone\":\"+37360508880\"}]}<\/script>\n<!-- \/ Yoast SEO Premium plugin. -->","yoast_head_json":{"title":"Hrana uscata medicinala Royal Canin Hepatic pentru pisici adulte cu afectiuni hepatice 2kg","description":"\u041a\u0443\u043f\u0438\u0442\u044c Royal Canin Hepatic \u043b\u0435\u0447\u0435\u0431\u043d\u044b\u0439 \u0441\u0443\u0445\u043e\u0439 \u043a\u043e\u0440\u043c \u0434\u043b\u044f \u0432\u0437\u0440\u043e\u0441\u043b\u044b\u0445 \u043a\u043e\u0448\u0435\u043a \u043f\u0440\u0438 \u0431\u043e\u043b\u0435\u0437\u043d\u0438 \u043f\u0435\u0447\u0435\u043d\u0438 2\u043a\u0433 \u0441 \u0434\u043e\u0441\u0442\u0430\u0432\u043a\u043e\u0439 \u043f\u043e \u041a\u0438\u0448\u0438\u043d\u0435\u0432\u0443 \u0438 \u0432\u0441\u0435\u0439 \u041c\u043e\u043b\u0434\u043e\u0432\u0435 \u043d\u0430 Pet24","robots":{"index":"index","follow":"follow","max-snippet":"max-snippet:-1","max-image-preview":"max-image-preview:large","max-video-preview":"max-video-preview:-1"},"canonical":"https:\/\/pet24.md\/ro\/produs\/royal-canin-hepatic-cat-2kg\/","og_locale":"ro_RO","og_type":"article","og_title":"Royal Canin Hepatic \u043b\u0435\u0447\u0435\u0431\u043d\u044b\u0439 \u0441\u0443\u0445\u043e\u0439 \u043a\u043e\u0440\u043c \u0434\u043b\u044f \u0432\u0437\u0440\u043e\u0441\u043b\u044b\u0445 \u043a\u043e\u0448\u0435\u043a \u043f\u0440\u0438 \u0431\u043e\u043b\u0435\u0437\u043d\u0438 \u043f\u0435\u0447\u0435\u043d\u0438 2\u043a\u0433","og_description":"\u041a\u0443\u043f\u0438\u0442\u044c Royal Canin Hepatic \u043b\u0435\u0447\u0435\u0431\u043d\u044b\u0439 \u0441\u0443\u0445\u043e\u0439 \u043a\u043e\u0440\u043c \u0434\u043b\u044f \u0432\u0437\u0440\u043e\u0441\u043b\u044b\u0445 \u043a\u043e\u0448\u0435\u043a \u043f\u0440\u0438 \u0431\u043e\u043b\u0435\u0437\u043d\u0438 \u043f\u0435\u0447\u0435\u043d\u0438 2\u043a\u0433 \u0441 \u0434\u043e\u0441\u0442\u0430\u0432\u043a\u043e\u0439 \u043f\u043e \u041a\u0438\u0448\u0438\u043d\u0435\u0432\u0443 \u0438 \u0432\u0441\u0435\u0439 \u041c\u043e\u043b\u0434\u043e\u0432\u0435 \u043d\u0430 Pet24","og_url":"https:\/\/pet24.md\/ro\/produs\/royal-canin-hepatic-cat-2kg\/","og_site_name":"Pet24","article_publisher":"https:\/\/www.facebook.com\/pet24.md","article_modified_time":"2025-02-11T14:36:40+00:00","og_image":[{"width":500,"height":707,"url":"https:\/\/pet24.md\/wp-content\/uploads\/2024\/10\/hepatic-cat.png","type":"image\/png"}],"twitter_card":"summary_large_image","twitter_misc":{"Timp estimat pentru citire":"2 minute"},"schema":{"@context":"https:\/\/schema.org","@graph":[{"@type":"WebPage","@id":"https:\/\/pet24.md\/product\/royal-canin-hepatic-cat-2kg\/","url":"https:\/\/pet24.md\/product\/royal-canin-hepatic-cat-2kg\/","name":"Hrana uscata medicinala Royal Canin Hepatic pentru pisici adulte cu afectiuni hepatice 2kg","isPartOf":{"@id":"https:\/\/pet24.md\/#website"},"primaryImageOfPage":{"@id":"https:\/\/pet24.md\/product\/royal-canin-hepatic-cat-2kg\/#primaryimage"},"image":{"@id":"https:\/\/pet24.md\/product\/royal-canin-hepatic-cat-2kg\/#primaryimage"},"thumbnailUrl":"https:\/\/pet24.md\/wp-content\/uploads\/2024\/10\/hepatic-cat.png","datePublished":"2024-10-01T16:49:50+00:00","dateModified":"2025-02-11T14:36:40+00:00","description":"\u041a\u0443\u043f\u0438\u0442\u044c Royal Canin Hepatic \u043b\u0435\u0447\u0435\u0431\u043d\u044b\u0439 \u0441\u0443\u0445\u043e\u0439 \u043a\u043e\u0440\u043c \u0434\u043b\u044f \u0432\u0437\u0440\u043e\u0441\u043b\u044b\u0445 \u043a\u043e\u0448\u0435\u043a \u043f\u0440\u0438 \u0431\u043e\u043b\u0435\u0437\u043d\u0438 \u043f\u0435\u0447\u0435\u043d\u0438 2\u043a\u0433 \u0441 \u0434\u043e\u0441\u0442\u0430\u0432\u043a\u043e\u0439 \u043f\u043e \u041a\u0438\u0448\u0438\u043d\u0435\u0432\u0443 \u0438 \u0432\u0441\u0435\u0439 \u041c\u043e\u043b\u0434\u043e\u0432\u0435 \u043d\u0430 Pet24","breadcrumb":{"@id":"https:\/\/pet24.md\/product\/royal-canin-hepatic-cat-2kg\/#breadcrumb"},"inLanguage":"ro-RO","potentialAction":[{"@type":"ReadAction","target":["https:\/\/pet24.md\/product\/royal-canin-hepatic-cat-2kg\/"]}]},{"@type":"ImageObject","inLanguage":"ro-RO","@id":"https:\/\/pet24.md\/product\/royal-canin-hepatic-cat-2kg\/#primaryimage","url":"https:\/\/pet24.md\/wp-content\/uploads\/2024\/10\/hepatic-cat.png","contentUrl":"https:\/\/pet24.md\/wp-content\/uploads\/2024\/10\/hepatic-cat.png","width":500,"height":707,"caption":"Royal Canin Hepatic \u043b\u0435\u0447\u0435\u0431\u043d\u044b\u0439 \u0441\u0443\u0445\u043e\u0439 \u043a\u043e\u0440\u043c \u0434\u043b\u044f \u0432\u0437\u0440\u043e\u0441\u043b\u044b\u0445 \u043a\u043e\u0448\u0435\u043a \u043f\u0440\u0438 \u0431\u043e\u043b\u0435\u0437\u043d\u0438 \u043f\u0435\u0447\u0435\u043d\u0438 2\u043a\u0433"},{"@type":"BreadcrumbList","@id":"https:\/\/pet24.md\/product\/royal-canin-hepatic-cat-2kg\/#breadcrumb","itemListElement":[{"@type":"ListItem","position":1,"name":"\u0413\u043b\u0430\u0432\u043d\u0430\u044f \u0441\u0442\u0440\u0430\u043d\u0438\u0446\u0430","item":"https:\/\/pet24.md\/"},{"@type":"ListItem","position":2,"name":"\u041c\u0430\u0433\u0430\u0437\u0438\u043d","item":"https:\/\/pet24.md\/shop\/"},{"@type":"ListItem","position":3,"name":"Royal Canin Hepatic \u043b\u0435\u0447\u0435\u0431\u043d\u044b\u0439 \u0441\u0443\u0445\u043e\u0439 \u043a\u043e\u0440\u043c \u0434\u043b\u044f \u0432\u0437\u0440\u043e\u0441\u043b\u044b\u0445 \u043a\u043e\u0448\u0435\u043a \u043f\u0440\u0438 \u0431\u043e\u043b\u0435\u0437\u043d\u0438 \u043f\u0435\u0447\u0435\u043d\u0438 2\u043a\u0433"}]},{"@type":"WebSite","@id":"https:\/\/pet24.md\/#website","url":"https:\/\/pet24.md\/","name":"Pet24","description":"Magazin de animale de companie","publisher":{"@id":"https:\/\/pet24.md\/#organization"},"potentialAction":[{"@type":"SearchAction","target":{"@type":"EntryPoint","urlTemplate":"https:\/\/pet24.md\/?s={search_term_string}"},"query-input":{"@type":"PropertyValueSpecification","valueRequired":true,"valueName":"search_term_string"}}],"inLanguage":"ro-RO"},{"@type":"Organization","@id":"https:\/\/pet24.md\/#organization","name":"Pet24","url":"https:\/\/pet24.md\/","logo":{"@type":"ImageObject","inLanguage":"ro-RO","@id":"https:\/\/pet24.md\/#\/schema\/logo\/image\/","url":"https:\/\/pet24.md\/wp-content\/uploads\/2024\/09\/logo.svg","contentUrl":"https:\/\/pet24.md\/wp-content\/uploads\/2024\/09\/logo.svg","width":215,"height":66,"caption":"Pet24"},"image":{"@id":"https:\/\/pet24.md\/#\/schema\/logo\/image\/"},"sameAs":["https:\/\/www.facebook.com\/pet24.md","https:\/\/www.instagram.com\/pet24.md\/"],"telephone":"+37360508880"}]}},"_links":{"self":[{"href":"https:\/\/pet24.md\/ro\/wp-json\/wp\/v2\/product\/93124","targetHints":{"allow":["GET"]}}],"collection":[{"href":"https:\/\/pet24.md\/ro\/wp-json\/wp\/v2\/product"}],"about":[{"href":"https:\/\/pet24.md\/ro\/wp-json\/wp\/v2\/types\/product"}],"replies":[{"embeddable":true,"href":"https:\/\/pet24.md\/ro\/wp-json\/wp\/v2\/comments?post=93124"}],"wp:featuredmedia":[{"embeddable":true,"href":"https:\/\/pet24.md\/ro\/wp-json\/wp\/v2\/media\/93125"}],"wp:attachment":[{"href":"https:\/\/pet24.md\/ro\/wp-json\/wp\/v2\/media?parent=93124"}],"wp:term":[{"taxonomy":"product_brand","embeddable":true,"href":"https:\/\/pet24.md\/ro\/wp-json\/wp\/v2\/product_brand?post=93124"},{"taxonomy":"product_cat","embeddable":true,"href":"https:\/\/pet24.md\/ro\/wp-json\/wp\/v2\/product_cat?post=93124"},{"taxonomy":"product_tag","embeddable":true,"href":"https:\/\/pet24.md\/ro\/wp-json\/wp\/v2\/product_tag?post=93124"}],"curies":[{"name":"wp","href":"https:\/\/api.w.org\/{rel}","templated":true}]}}