{"id":93163,"date":"2024-10-01T16:49:40","date_gmt":"2024-10-01T16:49:40","guid":{"rendered":"https:\/\/pet24.md\/?post_type=product&#038;p=93163"},"modified":"2025-02-12T15:16:27","modified_gmt":"2025-02-12T15:16:27","slug":"royal-canin-renal-beef-85gx12sht","status":"publish","type":"product","link":"https:\/\/pet24.md\/ro\/produs\/royal-canin-renal-beef-85gx12sht\/","title":{"rendered":"Royal Canin RENAL Carne de vit\u0103 hran\u0103 terapeutic\u0103 pentru pisici cu insuficien\u021b\u0103 renal\u0103 cronic\u0103 cu carne de vit\u0103 85g x 12 buc."},"content":{"rendered":"<h3>ROYAL CANIN RENAL CU CARNE DE VID 85G - HRAN\u0102 UMED\u0102 MEDICAL\u0102 PENTRU PISICI CU INSUFICIEN\u021a\u0102 RENAL\u0102 CRONIC\u0102<\/h3>\n<p><strong>INDICA\u021aII<\/strong><\/p>\n<ul>\n<li>Insuficien\u021b\u0103 renal\u0103 cronic\u0103 (IRC)<\/li>\n<li>Prevenirea form\u0103rii recurente de calculi de oxalat de calciu la pisicile cu insuficien\u021b\u0103 renal\u0103<\/li>\n<li>Prevenirea recidivelor de urolitiaz\u0103 (ura\u021bi, cistine) cauzate de sc\u0103derea nivelului pH-ului urinei<\/li>\n<\/ul>\n<p><strong>CONTRAINDICA\u021aII<\/strong><\/p>\n<ul>\n<li>Sarcina<\/li>\n<li>Al\u0103ptarea<\/li>\n<li>\u00cen\u0103l\u0163ime<\/li>\n<\/ul>\n<p><strong>ATEN\u0162IE:<\/strong> Dietele veterinare, inclusiv Royal Canin Anallergenic, sunt formulate pentru utilizare sub supravegherea unui medic veterinar. Royal Canin v\u0103 recomand\u0103 s\u0103 cere\u021bi \u00eentotdeauna sfatul medicului veterinar \u00eenainte de a \u00eencepe sau de a continua s\u0103 utiliza\u021bi o diet\u0103 veterinar\u0103.<\/p>\n<p><strong>Ingrediente: <\/strong>Pas\u0103re, vit\u0103, f\u0103in\u0103 de gr\u00e2u, carne de porc, ulei de floarea soarelui, f\u0103in\u0103 de porumb, minerale (inclusiv carbonat de calciu, citrat de potasiu, zeolit), celuloz\u0103, ulei de pe\u0219te, fructo-oligozaharide (FOS), taurin\u0103, metionin\u0103, extract de g\u0103lbenele erect (surs\u0103 de lutein\u0103) , oligoelemente (sub form\u0103 de chelat), vitamine.<\/p>\n<p><strong>Suplimente nutritive la 1 kg: <\/strong>Vitamina D3: 230 UI, E1 (fier): 3 mg, E2 (iod): 0,17 mg, E4 (cupru): 1,4 mg, E5 (mangan): 1 mg, E6 (zinc): 10 mg.<\/p>\n<p><strong>Con\u021binut de nutrien\u021bi: <\/strong>Proteine 6,8 g, Gr\u0103simi 6,6 g, Carbohidra\u021bi 4,6 g, Fibre alimentare 1 g, Fibre totale 0,8 g, Omega 6 2,4 g, Omega 3 0,09 g, EPA+DHA 0,13 g, Calciu 0,13 g, Fosfor 0,08 g, Sodiu 0,08 g Potasiu 0,19 g, Vitamina D 35 ME, Energie metabolic\u0103 99,2 kcal.<\/p>","protected":false},"excerpt":{"rendered":"<p>Hrana terapeutic\u0103 din carne de vit\u0103 sus\u021bine func\u021bia rinichilor la pisicile cu insuficien\u021b\u0103 renal\u0103 cronic\u0103.<\/p>","protected":false},"featured_media":93164,"comment_status":"closed","ping_status":"closed","template":"","meta":[],"product_brand":[],"product_cat":[310,309,193],"product_tag":[1110,1128],"class_list":{"0":"post-93163","1":"product","2":"type-product","3":"status-publish","4":"has-post-thumbnail","6":"product_cat-catwet","7":"product_cat-catfood","8":"product_cat-cat","9":"product_tag-royal-canin","10":"product_tag-vlazhnyj-korm-dlya-koshek","11":"pa_age-pet-vzroslye","12":"pa_brand-royal-canin","13":"pa_meat-ingredients-govyadina","14":"pa_packaging-pauchi","15":"pa_pet-koshka","16":"pa_pet-feature-lechebnyj","17":"pa_type-feed-vlazhnyj-korm","18":"pa_weight-85-gr","20":"first","21":"instock","22":"shipping-taxable","23":"product-type-simple"},"yoast_head":"<!-- This site is optimized with the Yoast SEO Premium plugin v23.7 (Yoast SEO v27.5) - https:\/\/yoast.com\/product\/yoast-seo-premium-wordpress\/ -->\n<title>Royal Canin RENAL Beef \u043b\u0435\u0447\u0435\u0431\u043d\u044b\u0439 \u043a\u043e\u0440\u043c \u0434\u043b\u044f \u043a\u043e\u0448\u0435\u043a \u043f\u0440\u0438 \u0445\u0440\u043e\u043d\u0438\u0447\u0435\u0441\u043a\u043e\u0439 \u043f\u043e\u0447\u0435\u0447\u043d\u043e\u0439 \u043d\u0435\u0434\u043e\u0441\u0442\u0430\u0442\u043e\u0447\u043d\u043e\u0441\u0442\u0438 \u0441 \u0433\u043e\u0432\u044f\u0434\u0438\u043d\u043e\u0439 85\u0433 x 12\u0448\u0442<\/title>\n<meta name=\"description\" content=\"\u041a\u0443\u043f\u0438\u0442\u044c Royal Canin RENAL Beef \u043b\u0435\u0447\u0435\u0431\u043d\u044b\u0439 \u043a\u043e\u0440\u043c \u0434\u043b\u044f \u043a\u043e\u0448\u0435\u043a \u043f\u0440\u0438 \u0445\u0440\u043e\u043d\u0438\u0447\u0435\u0441\u043a\u043e\u0439 \u043f\u043e\u0447\u0435\u0447\u043d\u043e\u0439 \u043d\u0435\u0434\u043e\u0441\u0442\u0430\u0442\u043e\u0447\u043d\u043e\u0441\u0442\u0438 \u0441 \u0433\u043e\u0432\u044f\u0434\u0438\u043d\u043e\u0439 85\u0433 x 12\u0448\u0442 \u0441 \u0434\u043e\u0441\u0442\u0430\u0432\u043a\u043e\u0439 \u043f\u043e \u041a\u0438\u0448\u0438\u043d\u0435\u0432\u0443 \u0438 \u0432\u0441\u0435\u0439 \u041c\u043e\u043b\u0434\u043e\u0432\u0435 \u043d\u0430 Pet24\" \/>\n<meta name=\"robots\" content=\"index, follow, max-snippet:-1, max-image-preview:large, max-video-preview:-1\" \/>\n<link rel=\"canonical\" href=\"https:\/\/pet24.md\/ro\/produs\/royal-canin-renal-beef-85gx12sht\/\" \/>\n<meta property=\"og:locale\" content=\"ro_RO\" \/>\n<meta property=\"og:type\" content=\"article\" \/>\n<meta property=\"og:title\" content=\"Royal Canin RENAL Beef \u043b\u0435\u0447\u0435\u0431\u043d\u044b\u0439 \u043a\u043e\u0440\u043c \u0434\u043b\u044f \u043a\u043e\u0448\u0435\u043a \u043f\u0440\u0438 \u0445\u0440\u043e\u043d\u0438\u0447\u0435\u0441\u043a\u043e\u0439 \u043f\u043e\u0447\u0435\u0447\u043d\u043e\u0439 \u043d\u0435\u0434\u043e\u0441\u0442\u0430\u0442\u043e\u0447\u043d\u043e\u0441\u0442\u0438 \u0441 \u0433\u043e\u0432\u044f\u0434\u0438\u043d\u043e\u0439 85\u0433 x 12\u0448\u0442\" \/>\n<meta property=\"og:description\" content=\"\u041a\u0443\u043f\u0438\u0442\u044c Royal Canin RENAL Beef \u043b\u0435\u0447\u0435\u0431\u043d\u044b\u0439 \u043a\u043e\u0440\u043c \u0434\u043b\u044f \u043a\u043e\u0448\u0435\u043a \u043f\u0440\u0438 \u0445\u0440\u043e\u043d\u0438\u0447\u0435\u0441\u043a\u043e\u0439 \u043f\u043e\u0447\u0435\u0447\u043d\u043e\u0439 \u043d\u0435\u0434\u043e\u0441\u0442\u0430\u0442\u043e\u0447\u043d\u043e\u0441\u0442\u0438 \u0441 \u0433\u043e\u0432\u044f\u0434\u0438\u043d\u043e\u0439 85\u0433 x 12\u0448\u0442 \u0441 \u0434\u043e\u0441\u0442\u0430\u0432\u043a\u043e\u0439 \u043f\u043e \u041a\u0438\u0448\u0438\u043d\u0435\u0432\u0443 \u0438 \u0432\u0441\u0435\u0439 \u041c\u043e\u043b\u0434\u043e\u0432\u0435 \u043d\u0430 Pet24\" \/>\n<meta property=\"og:url\" content=\"https:\/\/pet24.md\/ro\/produs\/royal-canin-renal-beef-85gx12sht\/\" \/>\n<meta property=\"og:site_name\" content=\"Pet24\" \/>\n<meta property=\"article:publisher\" content=\"https:\/\/www.facebook.com\/pet24.md\" \/>\n<meta property=\"article:modified_time\" content=\"2025-02-12T15:16:27+00:00\" \/>\n<meta property=\"og:image\" content=\"https:\/\/pet24.md\/wp-content\/uploads\/2024\/10\/renal-beef.png\" \/>\n\t<meta property=\"og:image:width\" content=\"500\" \/>\n\t<meta property=\"og:image:height\" content=\"707\" \/>\n\t<meta property=\"og:image:type\" content=\"image\/png\" \/>\n<meta name=\"twitter:card\" content=\"summary_large_image\" \/>\n<meta name=\"twitter:label1\" content=\"Timp estimat pentru citire\" \/>\n\t<meta name=\"twitter:data1\" content=\"2 minute\" \/>\n<script type=\"application\/ld+json\" class=\"yoast-schema-graph\">{\"@context\":\"https:\\\/\\\/schema.org\",\"@graph\":[{\"@type\":\"WebPage\",\"@id\":\"https:\\\/\\\/pet24.md\\\/product\\\/royal-canin-renal-beef-85gx12sht\\\/\",\"url\":\"https:\\\/\\\/pet24.md\\\/product\\\/royal-canin-renal-beef-85gx12sht\\\/\",\"name\":\"Royal Canin RENAL Beef \u043b\u0435\u0447\u0435\u0431\u043d\u044b\u0439 \u043a\u043e\u0440\u043c \u0434\u043b\u044f \u043a\u043e\u0448\u0435\u043a \u043f\u0440\u0438 \u0445\u0440\u043e\u043d\u0438\u0447\u0435\u0441\u043a\u043e\u0439 \u043f\u043e\u0447\u0435\u0447\u043d\u043e\u0439 \u043d\u0435\u0434\u043e\u0441\u0442\u0430\u0442\u043e\u0447\u043d\u043e\u0441\u0442\u0438 \u0441 \u0433\u043e\u0432\u044f\u0434\u0438\u043d\u043e\u0439 85\u0433 x 12\u0448\u0442\",\"isPartOf\":{\"@id\":\"https:\\\/\\\/pet24.md\\\/#website\"},\"primaryImageOfPage\":{\"@id\":\"https:\\\/\\\/pet24.md\\\/product\\\/royal-canin-renal-beef-85gx12sht\\\/#primaryimage\"},\"image\":{\"@id\":\"https:\\\/\\\/pet24.md\\\/product\\\/royal-canin-renal-beef-85gx12sht\\\/#primaryimage\"},\"thumbnailUrl\":\"https:\\\/\\\/pet24.md\\\/wp-content\\\/uploads\\\/2024\\\/10\\\/renal-beef.png\",\"datePublished\":\"2024-10-01T16:49:40+00:00\",\"dateModified\":\"2025-02-12T15:16:27+00:00\",\"description\":\"\u041a\u0443\u043f\u0438\u0442\u044c Royal Canin RENAL Beef \u043b\u0435\u0447\u0435\u0431\u043d\u044b\u0439 \u043a\u043e\u0440\u043c \u0434\u043b\u044f \u043a\u043e\u0448\u0435\u043a \u043f\u0440\u0438 \u0445\u0440\u043e\u043d\u0438\u0447\u0435\u0441\u043a\u043e\u0439 \u043f\u043e\u0447\u0435\u0447\u043d\u043e\u0439 \u043d\u0435\u0434\u043e\u0441\u0442\u0430\u0442\u043e\u0447\u043d\u043e\u0441\u0442\u0438 \u0441 \u0433\u043e\u0432\u044f\u0434\u0438\u043d\u043e\u0439 85\u0433 x 12\u0448\u0442 \u0441 \u0434\u043e\u0441\u0442\u0430\u0432\u043a\u043e\u0439 \u043f\u043e \u041a\u0438\u0448\u0438\u043d\u0435\u0432\u0443 \u0438 \u0432\u0441\u0435\u0439 \u041c\u043e\u043b\u0434\u043e\u0432\u0435 \u043d\u0430 Pet24\",\"breadcrumb\":{\"@id\":\"https:\\\/\\\/pet24.md\\\/product\\\/royal-canin-renal-beef-85gx12sht\\\/#breadcrumb\"},\"inLanguage\":\"ro-RO\",\"potentialAction\":[{\"@type\":\"ReadAction\",\"target\":[\"https:\\\/\\\/pet24.md\\\/product\\\/royal-canin-renal-beef-85gx12sht\\\/\"]}]},{\"@type\":\"ImageObject\",\"inLanguage\":\"ro-RO\",\"@id\":\"https:\\\/\\\/pet24.md\\\/product\\\/royal-canin-renal-beef-85gx12sht\\\/#primaryimage\",\"url\":\"https:\\\/\\\/pet24.md\\\/wp-content\\\/uploads\\\/2024\\\/10\\\/renal-beef.png\",\"contentUrl\":\"https:\\\/\\\/pet24.md\\\/wp-content\\\/uploads\\\/2024\\\/10\\\/renal-beef.png\",\"width\":500,\"height\":707,\"caption\":\"Royal Canin RENAL Beef \u043b\u0435\u0447\u0435\u0431\u043d\u044b\u0439 \u043a\u043e\u0440\u043c \u0434\u043b\u044f \u043a\u043e\u0448\u0435\u043a \u043f\u0440\u0438 \u0445\u0440\u043e\u043d\u0438\u0447\u0435\u0441\u043a\u043e\u0439 \u043f\u043e\u0447\u0435\u0447\u043d\u043e\u0439 \u043d\u0435\u0434\u043e\u0441\u0442\u0430\u0442\u043e\u0447\u043d\u043e\u0441\u0442\u0438 \u0441 \u0433\u043e\u0432\u044f\u0434\u0438\u043d\u043e\u0439 85\u0433 x 12\u0448\u0442\"},{\"@type\":\"BreadcrumbList\",\"@id\":\"https:\\\/\\\/pet24.md\\\/product\\\/royal-canin-renal-beef-85gx12sht\\\/#breadcrumb\",\"itemListElement\":[{\"@type\":\"ListItem\",\"position\":1,\"name\":\"\u0413\u043b\u0430\u0432\u043d\u0430\u044f \u0441\u0442\u0440\u0430\u043d\u0438\u0446\u0430\",\"item\":\"https:\\\/\\\/pet24.md\\\/\"},{\"@type\":\"ListItem\",\"position\":2,\"name\":\"\u041c\u0430\u0433\u0430\u0437\u0438\u043d\",\"item\":\"https:\\\/\\\/pet24.md\\\/shop\\\/\"},{\"@type\":\"ListItem\",\"position\":3,\"name\":\"Royal Canin RENAL Beef \u043b\u0435\u0447\u0435\u0431\u043d\u044b\u0439 \u043a\u043e\u0440\u043c \u0434\u043b\u044f \u043a\u043e\u0448\u0435\u043a \u043f\u0440\u0438 \u0445\u0440\u043e\u043d\u0438\u0447\u0435\u0441\u043a\u043e\u0439 \u043f\u043e\u0447\u0435\u0447\u043d\u043e\u0439 \u043d\u0435\u0434\u043e\u0441\u0442\u0430\u0442\u043e\u0447\u043d\u043e\u0441\u0442\u0438 \u0441 \u0433\u043e\u0432\u044f\u0434\u0438\u043d\u043e\u0439 85\u0433 x 12\u0448\u0442\"}]},{\"@type\":\"WebSite\",\"@id\":\"https:\\\/\\\/pet24.md\\\/#website\",\"url\":\"https:\\\/\\\/pet24.md\\\/\",\"name\":\"Pet24\",\"description\":\"\u0417\u043e\u043e\u043c\u0430\u0433\u0430\u0437\u0438\u043d \u0442\u043e\u0432\u0430\u0440\u043e\u0432 \u0434\u043b\u044f \u0434\u043e\u043c\u0430\u0448\u043d\u0438\u0445 \u043f\u0438\u0442\u043e\u043c\u0446\u0435\u0432\",\"publisher\":{\"@id\":\"https:\\\/\\\/pet24.md\\\/#organization\"},\"potentialAction\":[{\"@type\":\"SearchAction\",\"target\":{\"@type\":\"EntryPoint\",\"urlTemplate\":\"https:\\\/\\\/pet24.md\\\/?s={search_term_string}\"},\"query-input\":{\"@type\":\"PropertyValueSpecification\",\"valueRequired\":true,\"valueName\":\"search_term_string\"}}],\"inLanguage\":\"ro-RO\"},{\"@type\":\"Organization\",\"@id\":\"https:\\\/\\\/pet24.md\\\/#organization\",\"name\":\"Pet24\",\"url\":\"https:\\\/\\\/pet24.md\\\/\",\"logo\":{\"@type\":\"ImageObject\",\"inLanguage\":\"ro-RO\",\"@id\":\"https:\\\/\\\/pet24.md\\\/#\\\/schema\\\/logo\\\/image\\\/\",\"url\":\"https:\\\/\\\/pet24.md\\\/wp-content\\\/uploads\\\/2024\\\/09\\\/logo.svg\",\"contentUrl\":\"https:\\\/\\\/pet24.md\\\/wp-content\\\/uploads\\\/2024\\\/09\\\/logo.svg\",\"width\":215,\"height\":66,\"caption\":\"Pet24\"},\"image\":{\"@id\":\"https:\\\/\\\/pet24.md\\\/#\\\/schema\\\/logo\\\/image\\\/\"},\"sameAs\":[\"https:\\\/\\\/www.facebook.com\\\/pet24.md\",\"https:\\\/\\\/www.instagram.com\\\/pet24.md\\\/\"],\"telephone\":\"+37360508880\"}]}<\/script>\n<!-- \/ Yoast SEO Premium plugin. -->","yoast_head_json":{"title":"Royal Canin RENAL Carne de vit\u0103 hran\u0103 terapeutic\u0103 pentru pisici cu insuficien\u021b\u0103 renal\u0103 cronic\u0103 cu carne de vit\u0103 85g x 12 buc.","description":"\u041a\u0443\u043f\u0438\u0442\u044c Royal Canin RENAL Beef \u043b\u0435\u0447\u0435\u0431\u043d\u044b\u0439 \u043a\u043e\u0440\u043c \u0434\u043b\u044f \u043a\u043e\u0448\u0435\u043a \u043f\u0440\u0438 \u0445\u0440\u043e\u043d\u0438\u0447\u0435\u0441\u043a\u043e\u0439 \u043f\u043e\u0447\u0435\u0447\u043d\u043e\u0439 \u043d\u0435\u0434\u043e\u0441\u0442\u0430\u0442\u043e\u0447\u043d\u043e\u0441\u0442\u0438 \u0441 \u0433\u043e\u0432\u044f\u0434\u0438\u043d\u043e\u0439 85\u0433 x 12\u0448\u0442 \u0441 \u0434\u043e\u0441\u0442\u0430\u0432\u043a\u043e\u0439 \u043f\u043e \u041a\u0438\u0448\u0438\u043d\u0435\u0432\u0443 \u0438 \u0432\u0441\u0435\u0439 \u041c\u043e\u043b\u0434\u043e\u0432\u0435 \u043d\u0430 Pet24","robots":{"index":"index","follow":"follow","max-snippet":"max-snippet:-1","max-image-preview":"max-image-preview:large","max-video-preview":"max-video-preview:-1"},"canonical":"https:\/\/pet24.md\/ro\/produs\/royal-canin-renal-beef-85gx12sht\/","og_locale":"ro_RO","og_type":"article","og_title":"Royal Canin RENAL Beef \u043b\u0435\u0447\u0435\u0431\u043d\u044b\u0439 \u043a\u043e\u0440\u043c \u0434\u043b\u044f \u043a\u043e\u0448\u0435\u043a \u043f\u0440\u0438 \u0445\u0440\u043e\u043d\u0438\u0447\u0435\u0441\u043a\u043e\u0439 \u043f\u043e\u0447\u0435\u0447\u043d\u043e\u0439 \u043d\u0435\u0434\u043e\u0441\u0442\u0430\u0442\u043e\u0447\u043d\u043e\u0441\u0442\u0438 \u0441 \u0433\u043e\u0432\u044f\u0434\u0438\u043d\u043e\u0439 85\u0433 x 12\u0448\u0442","og_description":"\u041a\u0443\u043f\u0438\u0442\u044c Royal Canin RENAL Beef \u043b\u0435\u0447\u0435\u0431\u043d\u044b\u0439 \u043a\u043e\u0440\u043c \u0434\u043b\u044f \u043a\u043e\u0448\u0435\u043a \u043f\u0440\u0438 \u0445\u0440\u043e\u043d\u0438\u0447\u0435\u0441\u043a\u043e\u0439 \u043f\u043e\u0447\u0435\u0447\u043d\u043e\u0439 \u043d\u0435\u0434\u043e\u0441\u0442\u0430\u0442\u043e\u0447\u043d\u043e\u0441\u0442\u0438 \u0441 \u0433\u043e\u0432\u044f\u0434\u0438\u043d\u043e\u0439 85\u0433 x 12\u0448\u0442 \u0441 \u0434\u043e\u0441\u0442\u0430\u0432\u043a\u043e\u0439 \u043f\u043e \u041a\u0438\u0448\u0438\u043d\u0435\u0432\u0443 \u0438 \u0432\u0441\u0435\u0439 \u041c\u043e\u043b\u0434\u043e\u0432\u0435 \u043d\u0430 Pet24","og_url":"https:\/\/pet24.md\/ro\/produs\/royal-canin-renal-beef-85gx12sht\/","og_site_name":"Pet24","article_publisher":"https:\/\/www.facebook.com\/pet24.md","article_modified_time":"2025-02-12T15:16:27+00:00","og_image":[{"width":500,"height":707,"url":"https:\/\/pet24.md\/wp-content\/uploads\/2024\/10\/renal-beef.png","type":"image\/png"}],"twitter_card":"summary_large_image","twitter_misc":{"Timp estimat pentru citire":"2 minute"},"schema":{"@context":"https:\/\/schema.org","@graph":[{"@type":"WebPage","@id":"https:\/\/pet24.md\/product\/royal-canin-renal-beef-85gx12sht\/","url":"https:\/\/pet24.md\/product\/royal-canin-renal-beef-85gx12sht\/","name":"Royal Canin RENAL Carne de vit\u0103 hran\u0103 terapeutic\u0103 pentru pisici cu insuficien\u021b\u0103 renal\u0103 cronic\u0103 cu carne de vit\u0103 85g x 12 buc.","isPartOf":{"@id":"https:\/\/pet24.md\/#website"},"primaryImageOfPage":{"@id":"https:\/\/pet24.md\/product\/royal-canin-renal-beef-85gx12sht\/#primaryimage"},"image":{"@id":"https:\/\/pet24.md\/product\/royal-canin-renal-beef-85gx12sht\/#primaryimage"},"thumbnailUrl":"https:\/\/pet24.md\/wp-content\/uploads\/2024\/10\/renal-beef.png","datePublished":"2024-10-01T16:49:40+00:00","dateModified":"2025-02-12T15:16:27+00:00","description":"\u041a\u0443\u043f\u0438\u0442\u044c Royal Canin RENAL Beef \u043b\u0435\u0447\u0435\u0431\u043d\u044b\u0439 \u043a\u043e\u0440\u043c \u0434\u043b\u044f \u043a\u043e\u0448\u0435\u043a \u043f\u0440\u0438 \u0445\u0440\u043e\u043d\u0438\u0447\u0435\u0441\u043a\u043e\u0439 \u043f\u043e\u0447\u0435\u0447\u043d\u043e\u0439 \u043d\u0435\u0434\u043e\u0441\u0442\u0430\u0442\u043e\u0447\u043d\u043e\u0441\u0442\u0438 \u0441 \u0433\u043e\u0432\u044f\u0434\u0438\u043d\u043e\u0439 85\u0433 x 12\u0448\u0442 \u0441 \u0434\u043e\u0441\u0442\u0430\u0432\u043a\u043e\u0439 \u043f\u043e \u041a\u0438\u0448\u0438\u043d\u0435\u0432\u0443 \u0438 \u0432\u0441\u0435\u0439 \u041c\u043e\u043b\u0434\u043e\u0432\u0435 \u043d\u0430 Pet24","breadcrumb":{"@id":"https:\/\/pet24.md\/product\/royal-canin-renal-beef-85gx12sht\/#breadcrumb"},"inLanguage":"ro-RO","potentialAction":[{"@type":"ReadAction","target":["https:\/\/pet24.md\/product\/royal-canin-renal-beef-85gx12sht\/"]}]},{"@type":"ImageObject","inLanguage":"ro-RO","@id":"https:\/\/pet24.md\/product\/royal-canin-renal-beef-85gx12sht\/#primaryimage","url":"https:\/\/pet24.md\/wp-content\/uploads\/2024\/10\/renal-beef.png","contentUrl":"https:\/\/pet24.md\/wp-content\/uploads\/2024\/10\/renal-beef.png","width":500,"height":707,"caption":"Royal Canin RENAL Beef \u043b\u0435\u0447\u0435\u0431\u043d\u044b\u0439 \u043a\u043e\u0440\u043c \u0434\u043b\u044f \u043a\u043e\u0448\u0435\u043a \u043f\u0440\u0438 \u0445\u0440\u043e\u043d\u0438\u0447\u0435\u0441\u043a\u043e\u0439 \u043f\u043e\u0447\u0435\u0447\u043d\u043e\u0439 \u043d\u0435\u0434\u043e\u0441\u0442\u0430\u0442\u043e\u0447\u043d\u043e\u0441\u0442\u0438 \u0441 \u0433\u043e\u0432\u044f\u0434\u0438\u043d\u043e\u0439 85\u0433 x 12\u0448\u0442"},{"@type":"BreadcrumbList","@id":"https:\/\/pet24.md\/product\/royal-canin-renal-beef-85gx12sht\/#breadcrumb","itemListElement":[{"@type":"ListItem","position":1,"name":"\u0413\u043b\u0430\u0432\u043d\u0430\u044f \u0441\u0442\u0440\u0430\u043d\u0438\u0446\u0430","item":"https:\/\/pet24.md\/"},{"@type":"ListItem","position":2,"name":"\u041c\u0430\u0433\u0430\u0437\u0438\u043d","item":"https:\/\/pet24.md\/shop\/"},{"@type":"ListItem","position":3,"name":"Royal Canin RENAL Beef \u043b\u0435\u0447\u0435\u0431\u043d\u044b\u0439 \u043a\u043e\u0440\u043c \u0434\u043b\u044f \u043a\u043e\u0448\u0435\u043a \u043f\u0440\u0438 \u0445\u0440\u043e\u043d\u0438\u0447\u0435\u0441\u043a\u043e\u0439 \u043f\u043e\u0447\u0435\u0447\u043d\u043e\u0439 \u043d\u0435\u0434\u043e\u0441\u0442\u0430\u0442\u043e\u0447\u043d\u043e\u0441\u0442\u0438 \u0441 \u0433\u043e\u0432\u044f\u0434\u0438\u043d\u043e\u0439 85\u0433 x 12\u0448\u0442"}]},{"@type":"WebSite","@id":"https:\/\/pet24.md\/#website","url":"https:\/\/pet24.md\/","name":"Pet24","description":"Magazin de animale de companie","publisher":{"@id":"https:\/\/pet24.md\/#organization"},"potentialAction":[{"@type":"SearchAction","target":{"@type":"EntryPoint","urlTemplate":"https:\/\/pet24.md\/?s={search_term_string}"},"query-input":{"@type":"PropertyValueSpecification","valueRequired":true,"valueName":"search_term_string"}}],"inLanguage":"ro-RO"},{"@type":"Organization","@id":"https:\/\/pet24.md\/#organization","name":"Pet24","url":"https:\/\/pet24.md\/","logo":{"@type":"ImageObject","inLanguage":"ro-RO","@id":"https:\/\/pet24.md\/#\/schema\/logo\/image\/","url":"https:\/\/pet24.md\/wp-content\/uploads\/2024\/09\/logo.svg","contentUrl":"https:\/\/pet24.md\/wp-content\/uploads\/2024\/09\/logo.svg","width":215,"height":66,"caption":"Pet24"},"image":{"@id":"https:\/\/pet24.md\/#\/schema\/logo\/image\/"},"sameAs":["https:\/\/www.facebook.com\/pet24.md","https:\/\/www.instagram.com\/pet24.md\/"],"telephone":"+37360508880"}]}},"_links":{"self":[{"href":"https:\/\/pet24.md\/ro\/wp-json\/wp\/v2\/product\/93163","targetHints":{"allow":["GET"]}}],"collection":[{"href":"https:\/\/pet24.md\/ro\/wp-json\/wp\/v2\/product"}],"about":[{"href":"https:\/\/pet24.md\/ro\/wp-json\/wp\/v2\/types\/product"}],"replies":[{"embeddable":true,"href":"https:\/\/pet24.md\/ro\/wp-json\/wp\/v2\/comments?post=93163"}],"wp:featuredmedia":[{"embeddable":true,"href":"https:\/\/pet24.md\/ro\/wp-json\/wp\/v2\/media\/93164"}],"wp:attachment":[{"href":"https:\/\/pet24.md\/ro\/wp-json\/wp\/v2\/media?parent=93163"}],"wp:term":[{"taxonomy":"product_brand","embeddable":true,"href":"https:\/\/pet24.md\/ro\/wp-json\/wp\/v2\/product_brand?post=93163"},{"taxonomy":"product_cat","embeddable":true,"href":"https:\/\/pet24.md\/ro\/wp-json\/wp\/v2\/product_cat?post=93163"},{"taxonomy":"product_tag","embeddable":true,"href":"https:\/\/pet24.md\/ro\/wp-json\/wp\/v2\/product_tag?post=93163"}],"curies":[{"name":"wp","href":"https:\/\/api.w.org\/{rel}","templated":true}]}}