{"id":93187,"date":"2024-10-01T16:49:36","date_gmt":"2024-10-01T16:49:36","guid":{"rendered":"https:\/\/pet24.md\/?post_type=product&#038;p=93187"},"modified":"2025-02-12T15:59:41","modified_gmt":"2025-02-12T15:59:41","slug":"royal-canin-pomeranian-adult-1-5kg","status":"publish","type":"product","link":"https:\/\/pet24.md\/ro\/produs\/royal-canin-pomeranian-adult-1-5kg\/","title":{"rendered":"Royal Canin Pomeranian Hrana uscata pentru adulti cu pasare pentru caini adulti Pomeranian 1,5kg"},"content":{"rendered":"<p class=\"content\">\u00cen ciuda faptului c\u0103 pomeranii sunt s\u0103n\u0103to\u0219i \u0219i tr\u0103iesc foarte mult timp, p\u00e2n\u0103 la 12-16 ani, au nevoie de \u00eengrijire special\u0103. Blana magnific\u0103 cu un subpar gros este unul dintre principalele avantaje ale Spitzului Pomeranian.<\/p>\n<p>Formula exclusiv\u0103 a produsului sus\u021bine s\u0103n\u0103tatea \u0219i func\u021bia de barier\u0103 a pielii, promoveaz\u0103 frumuse\u021bea blanii datorit\u0103 con\u021binutului adaptat de EPA \u0219i DHA, precum \u0219i ulei de borage.<\/p>\n<p>O combina\u021bie de diferite tipuri de fibre (inclusiv coji \u0219i semin\u021be de psyllium) ajut\u0103 la stimularea tranzitului intestinal, iar proteinele foarte digerabile (LIP) asigur\u0103 o consisten\u021b\u0103 optim\u0103 a scaunului.<\/p>\n<p>Glucozamina \u0219i sulfatul de condroitin\u0103 ajut\u0103 la protejarea articula\u021biilor genunchilor c\u00e2inilor care sunt predispuse la luxa\u021bii. Forma, dimensiunea, textura \u0219i compozi\u021bia granulelor sunt special concepute pentru a \u021bine cont de dimensiunea mic\u0103 a maxilarului c\u00e2inilor Pomeranian Spitz.<\/p>\n<p>Formula sus\u021bine s\u0103n\u0103tatea dentar\u0103 \u0219i reduce riscul de formare a tartrului datorit\u0103 componentelor care leag\u0103 calciul \u00een saliv\u0103.<\/p>\n<p><strong>Ingrediente:<\/strong> cereale, f\u0103in\u0103 de cereale, proteine animale deshidratate (p\u0103s\u0103ri), izolat proteic vegetal*, gr\u0103simi animale, proteine animale hidrolizate (arome), fibre vegetale, minerale, ulei de pe\u0219te, ulei de soia, coji \u0219i semin\u021be de psyllium (0,50 %), fructooligosaharide , ulei de borage (0,1 %), clorhidrat de glucozamin\u0103, extract de g\u0103lbenele (surs\u0103 de lutein\u0103), extract de ceai verde (surs\u0103 de polifenoli), hidrolizat de cartilaj (surs\u0103 de condroitin\u0103).<\/p>\n<p><strong>Suplimente nutritive la 1 kg:<\/strong> \u0412\u0438\u0442\u0430\u043c\u0438\u043d A: 30000 ME, \u0412\u0438\u0442\u0430\u043c\u0438\u043d D3: 800 ME, \u0416\u0435\u043b\u0435\u0437\u043e: 38 \u043c\u0433, \u0419\u043e\u0434: 3,8 \u043c\u0433, \u041c\u0435\u0434\u044c: 12 \u043c\u0433, \u041c\u0430\u0440\u0433\u0430\u043d\u0435\u0446: 49 \u043c\u0433, \u0426\u0438\u043d\u043a: 148 \u043c\u0433, Ce\u043be\u043d: 0,08 \u043c\u0433 &#8212; \u0422\u0435\u0445\u043d\u043e\u043b\u043e\u0433\u0438\u0447\u0435\u0441\u043a\u0438\u0435 \u0434\u043e\u0431\u0430\u0432\u043a\u0438: \u041a\u043b\u0438\u043d\u043e\u043f\u0442\u0438\u043b\u043e\u043b\u0438\u0442 \u043e\u0441\u0430\u0434\u043e\u0447\u043d\u043e\u0433\u043e \u043f\u0440\u043e\u0438\u0441\u0445\u043e\u0436\u0434\u0435\u043d\u0438\u044f &#8212; \u041a\u043e\u043d\u0441\u0435\u0440\u0432\u0430\u043d\u0442\u044b &#8212; \u0410\u043d\u0442\u0438\u043e\u043a\u0438\u0441\u043b\u0438\u0442\u0435\u043b\u0438.<\/p>\n<p><strong>Con\u021binut de nutrien\u021bi:<\/strong> \u0411\u0435\u043b\u043a\u0438: 26,0 % &#8212; \u0416\u0438\u0440\u044b: 16,0 % &#8212; \u041c\u0438\u043d\u0435\u0440\u0430\u043b\u044c\u043d\u044b\u0435 \u0432\u0435\u0449\u0435\u0441\u0442\u0432\u0430: 5,6 % &#8212; \u041a\u043b\u0435\u0442\u0447\u0430\u0442\u043a\u0430 \u043f\u0438\u0449\u0435\u0432\u0430\u044f: 1,6 % &#8212; EPA\/DHA: 0,40 % &#8212; \u0422\u0440\u0438\u043f\u043e\u043b\u0438\u0444\u043e\u0441\u0444\u0430\u0442 \u043d\u0430\u0442\u0440\u0438\u044f: 3,5 \u0433\/\u043a\u0433.<\/p>","protected":false},"excerpt":{"rendered":"<p>Hrana uscata completa pentru caini adulti si in varsta din rasa Pomeranian peste 8 luni Pomeranian Adult.<\/p>","protected":false},"featured_media":93188,"comment_status":"closed","ping_status":"closed","template":"","meta":[],"product_brand":[],"product_cat":[136,293,337],"product_tag":[1110,1139,1140],"class_list":{"0":"post-93187","1":"product","2":"type-product","3":"status-publish","4":"has-post-thumbnail","6":"product_cat-dog","7":"product_cat-dogfood","8":"product_cat-dogdry","9":"product_tag-royal-canin","10":"product_tag-royal-canin-pomeranian-adult","11":"product_tag-suhoj-korm-dlya-vzroslyh-sobak-royal-canin","12":"pa_age-pet-vzroslye","13":"pa_brand-royal-canin","14":"pa_meat-ingredients-pticza","15":"pa_packaging-meshok","16":"pa_pet-koshka","17":"pa_pet-feature-vybor-korma-po-porode","18":"pa_purpose-product-vybor-korma-po-porode","19":"pa_type-feed-suhoj-korm","20":"pa_weight-1-5-kg","22":"first","23":"instock","24":"shipping-taxable","25":"product-type-simple"},"yoast_head":"<!-- This site is optimized with the Yoast SEO Premium plugin v23.7 (Yoast SEO v27.5) - https:\/\/yoast.com\/product\/yoast-seo-premium-wordpress\/ -->\n<title>Royal Canin Pomeranian Adult \u0441\u0443\u0445\u043e\u0439 \u043a\u043e\u0440\u043c \u0441 \u043f\u0442\u0438\u0446\u0435\u0439 \u0434\u043b\u044f \u0432\u0437\u0440\u043e\u0441\u043b\u044b\u0445 \u0441\u043e\u0431\u0430\u043a \u043f\u043e\u0440\u043e\u0434\u044b \u041f\u043e\u043c\u0435\u0440\u0430\u043d\u0441\u043a\u0438\u0439 \u0428\u043f\u0438\u0446 1.5\u043a\u0433<\/title>\n<meta name=\"description\" content=\"\u041a\u0443\u043f\u0438\u0442\u044c Royal Canin Pomeranian Adult \u0441\u0443\u0445\u043e\u0439 \u043a\u043e\u0440\u043c \u0441 \u043f\u0442\u0438\u0446\u0435\u0439 \u0434\u043b\u044f \u0432\u0437\u0440\u043e\u0441\u043b\u044b\u0445 \u0441\u043e\u0431\u0430\u043a \u043f\u043e\u0440\u043e\u0434\u044b \u041f\u043e\u043c\u0435\u0440\u0430\u043d\u0441\u043a\u0438\u0439 \u0428\u043f\u0438\u0446 1.5\u043a\u0433 \u0441 \u0434\u043e\u0441\u0442\u0430\u0432\u043a\u043e\u0439 \u043f\u043e \u041a\u0438\u0448\u0438\u043d\u0435\u0432\u0443 \u0438 \u0432\u0441\u0435\u0439 \u041c\u043e\u043b\u0434\u043e\u0432\u0435 \u043d\u0430 Pet24\" \/>\n<meta name=\"robots\" content=\"index, follow, max-snippet:-1, max-image-preview:large, max-video-preview:-1\" \/>\n<link rel=\"canonical\" href=\"https:\/\/pet24.md\/ro\/produs\/royal-canin-pomeranian-adult-1-5kg\/\" \/>\n<meta property=\"og:locale\" content=\"ro_RO\" \/>\n<meta property=\"og:type\" content=\"article\" \/>\n<meta property=\"og:title\" content=\"Royal Canin Pomeranian Adult \u0441\u0443\u0445\u043e\u0439 \u043a\u043e\u0440\u043c \u0441 \u043f\u0442\u0438\u0446\u0435\u0439 \u0434\u043b\u044f \u0432\u0437\u0440\u043e\u0441\u043b\u044b\u0445 \u0441\u043e\u0431\u0430\u043a \u043f\u043e\u0440\u043e\u0434\u044b \u041f\u043e\u043c\u0435\u0440\u0430\u043d\u0441\u043a\u0438\u0439 \u0428\u043f\u0438\u0446 1.5\u043a\u0433\" \/>\n<meta property=\"og:description\" content=\"\u041a\u0443\u043f\u0438\u0442\u044c Royal Canin Pomeranian Adult \u0441\u0443\u0445\u043e\u0439 \u043a\u043e\u0440\u043c \u0441 \u043f\u0442\u0438\u0446\u0435\u0439 \u0434\u043b\u044f \u0432\u0437\u0440\u043e\u0441\u043b\u044b\u0445 \u0441\u043e\u0431\u0430\u043a \u043f\u043e\u0440\u043e\u0434\u044b \u041f\u043e\u043c\u0435\u0440\u0430\u043d\u0441\u043a\u0438\u0439 \u0428\u043f\u0438\u0446 1.5\u043a\u0433 \u0441 \u0434\u043e\u0441\u0442\u0430\u0432\u043a\u043e\u0439 \u043f\u043e \u041a\u0438\u0448\u0438\u043d\u0435\u0432\u0443 \u0438 \u0432\u0441\u0435\u0439 \u041c\u043e\u043b\u0434\u043e\u0432\u0435 \u043d\u0430 Pet24\" \/>\n<meta property=\"og:url\" content=\"https:\/\/pet24.md\/ro\/produs\/royal-canin-pomeranian-adult-1-5kg\/\" \/>\n<meta property=\"og:site_name\" content=\"Pet24\" \/>\n<meta property=\"article:publisher\" content=\"https:\/\/www.facebook.com\/pet24.md\" \/>\n<meta property=\"article:modified_time\" content=\"2025-02-12T15:59:41+00:00\" \/>\n<meta property=\"og:image\" content=\"https:\/\/pet24.md\/wp-content\/uploads\/2024\/10\/pomeranian-adult-packshot-russie-bhn20-1.png\" \/>\n\t<meta property=\"og:image:width\" content=\"400\" \/>\n\t<meta property=\"og:image:height\" content=\"400\" \/>\n\t<meta property=\"og:image:type\" content=\"image\/png\" \/>\n<meta name=\"twitter:card\" content=\"summary_large_image\" \/>\n<meta name=\"twitter:label1\" content=\"Timp estimat pentru citire\" \/>\n\t<meta name=\"twitter:data1\" content=\"2 minute\" \/>\n<script type=\"application\/ld+json\" class=\"yoast-schema-graph\">{\"@context\":\"https:\\\/\\\/schema.org\",\"@graph\":[{\"@type\":\"WebPage\",\"@id\":\"https:\\\/\\\/pet24.md\\\/product\\\/royal-canin-pomeranian-adult-1-5kg\\\/\",\"url\":\"https:\\\/\\\/pet24.md\\\/product\\\/royal-canin-pomeranian-adult-1-5kg\\\/\",\"name\":\"Royal Canin Pomeranian Adult \u0441\u0443\u0445\u043e\u0439 \u043a\u043e\u0440\u043c \u0441 \u043f\u0442\u0438\u0446\u0435\u0439 \u0434\u043b\u044f \u0432\u0437\u0440\u043e\u0441\u043b\u044b\u0445 \u0441\u043e\u0431\u0430\u043a \u043f\u043e\u0440\u043e\u0434\u044b \u041f\u043e\u043c\u0435\u0440\u0430\u043d\u0441\u043a\u0438\u0439 \u0428\u043f\u0438\u0446 1.5\u043a\u0433\",\"isPartOf\":{\"@id\":\"https:\\\/\\\/pet24.md\\\/#website\"},\"primaryImageOfPage\":{\"@id\":\"https:\\\/\\\/pet24.md\\\/product\\\/royal-canin-pomeranian-adult-1-5kg\\\/#primaryimage\"},\"image\":{\"@id\":\"https:\\\/\\\/pet24.md\\\/product\\\/royal-canin-pomeranian-adult-1-5kg\\\/#primaryimage\"},\"thumbnailUrl\":\"https:\\\/\\\/pet24.md\\\/wp-content\\\/uploads\\\/2024\\\/10\\\/pomeranian-adult-packshot-russie-bhn20-1.png\",\"datePublished\":\"2024-10-01T16:49:36+00:00\",\"dateModified\":\"2025-02-12T15:59:41+00:00\",\"description\":\"\u041a\u0443\u043f\u0438\u0442\u044c Royal Canin Pomeranian Adult \u0441\u0443\u0445\u043e\u0439 \u043a\u043e\u0440\u043c \u0441 \u043f\u0442\u0438\u0446\u0435\u0439 \u0434\u043b\u044f \u0432\u0437\u0440\u043e\u0441\u043b\u044b\u0445 \u0441\u043e\u0431\u0430\u043a \u043f\u043e\u0440\u043e\u0434\u044b \u041f\u043e\u043c\u0435\u0440\u0430\u043d\u0441\u043a\u0438\u0439 \u0428\u043f\u0438\u0446 1.5\u043a\u0433 \u0441 \u0434\u043e\u0441\u0442\u0430\u0432\u043a\u043e\u0439 \u043f\u043e \u041a\u0438\u0448\u0438\u043d\u0435\u0432\u0443 \u0438 \u0432\u0441\u0435\u0439 \u041c\u043e\u043b\u0434\u043e\u0432\u0435 \u043d\u0430 Pet24\",\"breadcrumb\":{\"@id\":\"https:\\\/\\\/pet24.md\\\/product\\\/royal-canin-pomeranian-adult-1-5kg\\\/#breadcrumb\"},\"inLanguage\":\"ro-RO\",\"potentialAction\":[{\"@type\":\"ReadAction\",\"target\":[\"https:\\\/\\\/pet24.md\\\/product\\\/royal-canin-pomeranian-adult-1-5kg\\\/\"]}]},{\"@type\":\"ImageObject\",\"inLanguage\":\"ro-RO\",\"@id\":\"https:\\\/\\\/pet24.md\\\/product\\\/royal-canin-pomeranian-adult-1-5kg\\\/#primaryimage\",\"url\":\"https:\\\/\\\/pet24.md\\\/wp-content\\\/uploads\\\/2024\\\/10\\\/pomeranian-adult-packshot-russie-bhn20-1.png\",\"contentUrl\":\"https:\\\/\\\/pet24.md\\\/wp-content\\\/uploads\\\/2024\\\/10\\\/pomeranian-adult-packshot-russie-bhn20-1.png\",\"width\":400,\"height\":400,\"caption\":\"Royal Canin Pomeranian Adult \u0441\u0443\u0445\u043e\u0439 \u043a\u043e\u0440\u043c \u0441 \u043f\u0442\u0438\u0446\u0435\u0439 \u0434\u043b\u044f \u0432\u0437\u0440\u043e\u0441\u043b\u044b\u0445 \u0441\u043e\u0431\u0430\u043a \u043f\u043e\u0440\u043e\u0434\u044b \u041f\u043e\u043c\u0435\u0440\u0430\u043d\u0441\u043a\u0438\u0439 \u0428\u043f\u0438\u0446 1.5\u043a\u0433\"},{\"@type\":\"BreadcrumbList\",\"@id\":\"https:\\\/\\\/pet24.md\\\/product\\\/royal-canin-pomeranian-adult-1-5kg\\\/#breadcrumb\",\"itemListElement\":[{\"@type\":\"ListItem\",\"position\":1,\"name\":\"\u0413\u043b\u0430\u0432\u043d\u0430\u044f \u0441\u0442\u0440\u0430\u043d\u0438\u0446\u0430\",\"item\":\"https:\\\/\\\/pet24.md\\\/\"},{\"@type\":\"ListItem\",\"position\":2,\"name\":\"\u041c\u0430\u0433\u0430\u0437\u0438\u043d\",\"item\":\"https:\\\/\\\/pet24.md\\\/shop\\\/\"},{\"@type\":\"ListItem\",\"position\":3,\"name\":\"Royal Canin Pomeranian Adult \u0441\u0443\u0445\u043e\u0439 \u043a\u043e\u0440\u043c \u0441 \u043f\u0442\u0438\u0446\u0435\u0439 \u0434\u043b\u044f \u0432\u0437\u0440\u043e\u0441\u043b\u044b\u0445 \u0441\u043e\u0431\u0430\u043a \u043f\u043e\u0440\u043e\u0434\u044b \u041f\u043e\u043c\u0435\u0440\u0430\u043d\u0441\u043a\u0438\u0439 \u0428\u043f\u0438\u0446 1.5\u043a\u0433\"}]},{\"@type\":\"WebSite\",\"@id\":\"https:\\\/\\\/pet24.md\\\/#website\",\"url\":\"https:\\\/\\\/pet24.md\\\/\",\"name\":\"Pet24\",\"description\":\"\u0417\u043e\u043e\u043c\u0430\u0433\u0430\u0437\u0438\u043d \u0442\u043e\u0432\u0430\u0440\u043e\u0432 \u0434\u043b\u044f \u0434\u043e\u043c\u0430\u0448\u043d\u0438\u0445 \u043f\u0438\u0442\u043e\u043c\u0446\u0435\u0432\",\"publisher\":{\"@id\":\"https:\\\/\\\/pet24.md\\\/#organization\"},\"potentialAction\":[{\"@type\":\"SearchAction\",\"target\":{\"@type\":\"EntryPoint\",\"urlTemplate\":\"https:\\\/\\\/pet24.md\\\/?s={search_term_string}\"},\"query-input\":{\"@type\":\"PropertyValueSpecification\",\"valueRequired\":true,\"valueName\":\"search_term_string\"}}],\"inLanguage\":\"ro-RO\"},{\"@type\":\"Organization\",\"@id\":\"https:\\\/\\\/pet24.md\\\/#organization\",\"name\":\"Pet24\",\"url\":\"https:\\\/\\\/pet24.md\\\/\",\"logo\":{\"@type\":\"ImageObject\",\"inLanguage\":\"ro-RO\",\"@id\":\"https:\\\/\\\/pet24.md\\\/#\\\/schema\\\/logo\\\/image\\\/\",\"url\":\"https:\\\/\\\/pet24.md\\\/wp-content\\\/uploads\\\/2024\\\/09\\\/logo.svg\",\"contentUrl\":\"https:\\\/\\\/pet24.md\\\/wp-content\\\/uploads\\\/2024\\\/09\\\/logo.svg\",\"width\":215,\"height\":66,\"caption\":\"Pet24\"},\"image\":{\"@id\":\"https:\\\/\\\/pet24.md\\\/#\\\/schema\\\/logo\\\/image\\\/\"},\"sameAs\":[\"https:\\\/\\\/www.facebook.com\\\/pet24.md\",\"https:\\\/\\\/www.instagram.com\\\/pet24.md\\\/\"],\"telephone\":\"+37360508880\"}]}<\/script>\n<!-- \/ Yoast SEO Premium plugin. -->","yoast_head_json":{"title":"Royal Canin Pomeranian Hrana uscata pentru adulti cu pasare pentru caini adulti Pomeranian 1,5kg","description":"\u041a\u0443\u043f\u0438\u0442\u044c Royal Canin Pomeranian Adult \u0441\u0443\u0445\u043e\u0439 \u043a\u043e\u0440\u043c \u0441 \u043f\u0442\u0438\u0446\u0435\u0439 \u0434\u043b\u044f \u0432\u0437\u0440\u043e\u0441\u043b\u044b\u0445 \u0441\u043e\u0431\u0430\u043a \u043f\u043e\u0440\u043e\u0434\u044b \u041f\u043e\u043c\u0435\u0440\u0430\u043d\u0441\u043a\u0438\u0439 \u0428\u043f\u0438\u0446 1.5\u043a\u0433 \u0441 \u0434\u043e\u0441\u0442\u0430\u0432\u043a\u043e\u0439 \u043f\u043e \u041a\u0438\u0448\u0438\u043d\u0435\u0432\u0443 \u0438 \u0432\u0441\u0435\u0439 \u041c\u043e\u043b\u0434\u043e\u0432\u0435 \u043d\u0430 Pet24","robots":{"index":"index","follow":"follow","max-snippet":"max-snippet:-1","max-image-preview":"max-image-preview:large","max-video-preview":"max-video-preview:-1"},"canonical":"https:\/\/pet24.md\/ro\/produs\/royal-canin-pomeranian-adult-1-5kg\/","og_locale":"ro_RO","og_type":"article","og_title":"Royal Canin Pomeranian Adult \u0441\u0443\u0445\u043e\u0439 \u043a\u043e\u0440\u043c \u0441 \u043f\u0442\u0438\u0446\u0435\u0439 \u0434\u043b\u044f \u0432\u0437\u0440\u043e\u0441\u043b\u044b\u0445 \u0441\u043e\u0431\u0430\u043a \u043f\u043e\u0440\u043e\u0434\u044b \u041f\u043e\u043c\u0435\u0440\u0430\u043d\u0441\u043a\u0438\u0439 \u0428\u043f\u0438\u0446 1.5\u043a\u0433","og_description":"\u041a\u0443\u043f\u0438\u0442\u044c Royal Canin Pomeranian Adult \u0441\u0443\u0445\u043e\u0439 \u043a\u043e\u0440\u043c \u0441 \u043f\u0442\u0438\u0446\u0435\u0439 \u0434\u043b\u044f \u0432\u0437\u0440\u043e\u0441\u043b\u044b\u0445 \u0441\u043e\u0431\u0430\u043a \u043f\u043e\u0440\u043e\u0434\u044b \u041f\u043e\u043c\u0435\u0440\u0430\u043d\u0441\u043a\u0438\u0439 \u0428\u043f\u0438\u0446 1.5\u043a\u0433 \u0441 \u0434\u043e\u0441\u0442\u0430\u0432\u043a\u043e\u0439 \u043f\u043e \u041a\u0438\u0448\u0438\u043d\u0435\u0432\u0443 \u0438 \u0432\u0441\u0435\u0439 \u041c\u043e\u043b\u0434\u043e\u0432\u0435 \u043d\u0430 Pet24","og_url":"https:\/\/pet24.md\/ro\/produs\/royal-canin-pomeranian-adult-1-5kg\/","og_site_name":"Pet24","article_publisher":"https:\/\/www.facebook.com\/pet24.md","article_modified_time":"2025-02-12T15:59:41+00:00","og_image":[{"width":400,"height":400,"url":"https:\/\/pet24.md\/wp-content\/uploads\/2024\/10\/pomeranian-adult-packshot-russie-bhn20-1.png","type":"image\/png"}],"twitter_card":"summary_large_image","twitter_misc":{"Timp estimat pentru citire":"2 minute"},"schema":{"@context":"https:\/\/schema.org","@graph":[{"@type":"WebPage","@id":"https:\/\/pet24.md\/product\/royal-canin-pomeranian-adult-1-5kg\/","url":"https:\/\/pet24.md\/product\/royal-canin-pomeranian-adult-1-5kg\/","name":"Royal Canin Pomeranian Hrana uscata pentru adulti cu pasare pentru caini adulti Pomeranian 1,5kg","isPartOf":{"@id":"https:\/\/pet24.md\/#website"},"primaryImageOfPage":{"@id":"https:\/\/pet24.md\/product\/royal-canin-pomeranian-adult-1-5kg\/#primaryimage"},"image":{"@id":"https:\/\/pet24.md\/product\/royal-canin-pomeranian-adult-1-5kg\/#primaryimage"},"thumbnailUrl":"https:\/\/pet24.md\/wp-content\/uploads\/2024\/10\/pomeranian-adult-packshot-russie-bhn20-1.png","datePublished":"2024-10-01T16:49:36+00:00","dateModified":"2025-02-12T15:59:41+00:00","description":"\u041a\u0443\u043f\u0438\u0442\u044c Royal Canin Pomeranian Adult \u0441\u0443\u0445\u043e\u0439 \u043a\u043e\u0440\u043c \u0441 \u043f\u0442\u0438\u0446\u0435\u0439 \u0434\u043b\u044f \u0432\u0437\u0440\u043e\u0441\u043b\u044b\u0445 \u0441\u043e\u0431\u0430\u043a \u043f\u043e\u0440\u043e\u0434\u044b \u041f\u043e\u043c\u0435\u0440\u0430\u043d\u0441\u043a\u0438\u0439 \u0428\u043f\u0438\u0446 1.5\u043a\u0433 \u0441 \u0434\u043e\u0441\u0442\u0430\u0432\u043a\u043e\u0439 \u043f\u043e \u041a\u0438\u0448\u0438\u043d\u0435\u0432\u0443 \u0438 \u0432\u0441\u0435\u0439 \u041c\u043e\u043b\u0434\u043e\u0432\u0435 \u043d\u0430 Pet24","breadcrumb":{"@id":"https:\/\/pet24.md\/product\/royal-canin-pomeranian-adult-1-5kg\/#breadcrumb"},"inLanguage":"ro-RO","potentialAction":[{"@type":"ReadAction","target":["https:\/\/pet24.md\/product\/royal-canin-pomeranian-adult-1-5kg\/"]}]},{"@type":"ImageObject","inLanguage":"ro-RO","@id":"https:\/\/pet24.md\/product\/royal-canin-pomeranian-adult-1-5kg\/#primaryimage","url":"https:\/\/pet24.md\/wp-content\/uploads\/2024\/10\/pomeranian-adult-packshot-russie-bhn20-1.png","contentUrl":"https:\/\/pet24.md\/wp-content\/uploads\/2024\/10\/pomeranian-adult-packshot-russie-bhn20-1.png","width":400,"height":400,"caption":"Royal Canin Pomeranian Adult \u0441\u0443\u0445\u043e\u0439 \u043a\u043e\u0440\u043c \u0441 \u043f\u0442\u0438\u0446\u0435\u0439 \u0434\u043b\u044f \u0432\u0437\u0440\u043e\u0441\u043b\u044b\u0445 \u0441\u043e\u0431\u0430\u043a \u043f\u043e\u0440\u043e\u0434\u044b \u041f\u043e\u043c\u0435\u0440\u0430\u043d\u0441\u043a\u0438\u0439 \u0428\u043f\u0438\u0446 1.5\u043a\u0433"},{"@type":"BreadcrumbList","@id":"https:\/\/pet24.md\/product\/royal-canin-pomeranian-adult-1-5kg\/#breadcrumb","itemListElement":[{"@type":"ListItem","position":1,"name":"\u0413\u043b\u0430\u0432\u043d\u0430\u044f \u0441\u0442\u0440\u0430\u043d\u0438\u0446\u0430","item":"https:\/\/pet24.md\/"},{"@type":"ListItem","position":2,"name":"\u041c\u0430\u0433\u0430\u0437\u0438\u043d","item":"https:\/\/pet24.md\/shop\/"},{"@type":"ListItem","position":3,"name":"Royal Canin Pomeranian Adult \u0441\u0443\u0445\u043e\u0439 \u043a\u043e\u0440\u043c \u0441 \u043f\u0442\u0438\u0446\u0435\u0439 \u0434\u043b\u044f \u0432\u0437\u0440\u043e\u0441\u043b\u044b\u0445 \u0441\u043e\u0431\u0430\u043a \u043f\u043e\u0440\u043e\u0434\u044b \u041f\u043e\u043c\u0435\u0440\u0430\u043d\u0441\u043a\u0438\u0439 \u0428\u043f\u0438\u0446 1.5\u043a\u0433"}]},{"@type":"WebSite","@id":"https:\/\/pet24.md\/#website","url":"https:\/\/pet24.md\/","name":"Pet24","description":"Magazin de animale de companie","publisher":{"@id":"https:\/\/pet24.md\/#organization"},"potentialAction":[{"@type":"SearchAction","target":{"@type":"EntryPoint","urlTemplate":"https:\/\/pet24.md\/?s={search_term_string}"},"query-input":{"@type":"PropertyValueSpecification","valueRequired":true,"valueName":"search_term_string"}}],"inLanguage":"ro-RO"},{"@type":"Organization","@id":"https:\/\/pet24.md\/#organization","name":"Pet24","url":"https:\/\/pet24.md\/","logo":{"@type":"ImageObject","inLanguage":"ro-RO","@id":"https:\/\/pet24.md\/#\/schema\/logo\/image\/","url":"https:\/\/pet24.md\/wp-content\/uploads\/2024\/09\/logo.svg","contentUrl":"https:\/\/pet24.md\/wp-content\/uploads\/2024\/09\/logo.svg","width":215,"height":66,"caption":"Pet24"},"image":{"@id":"https:\/\/pet24.md\/#\/schema\/logo\/image\/"},"sameAs":["https:\/\/www.facebook.com\/pet24.md","https:\/\/www.instagram.com\/pet24.md\/"],"telephone":"+37360508880"}]}},"_links":{"self":[{"href":"https:\/\/pet24.md\/ro\/wp-json\/wp\/v2\/product\/93187","targetHints":{"allow":["GET"]}}],"collection":[{"href":"https:\/\/pet24.md\/ro\/wp-json\/wp\/v2\/product"}],"about":[{"href":"https:\/\/pet24.md\/ro\/wp-json\/wp\/v2\/types\/product"}],"replies":[{"embeddable":true,"href":"https:\/\/pet24.md\/ro\/wp-json\/wp\/v2\/comments?post=93187"}],"wp:featuredmedia":[{"embeddable":true,"href":"https:\/\/pet24.md\/ro\/wp-json\/wp\/v2\/media\/93188"}],"wp:attachment":[{"href":"https:\/\/pet24.md\/ro\/wp-json\/wp\/v2\/media?parent=93187"}],"wp:term":[{"taxonomy":"product_brand","embeddable":true,"href":"https:\/\/pet24.md\/ro\/wp-json\/wp\/v2\/product_brand?post=93187"},{"taxonomy":"product_cat","embeddable":true,"href":"https:\/\/pet24.md\/ro\/wp-json\/wp\/v2\/product_cat?post=93187"},{"taxonomy":"product_tag","embeddable":true,"href":"https:\/\/pet24.md\/ro\/wp-json\/wp\/v2\/product_tag?post=93187"}],"curies":[{"name":"wp","href":"https:\/\/api.w.org\/{rel}","templated":true}]}}