{"id":93201,"date":"2024-10-01T16:49:32","date_gmt":"2024-10-01T16:49:32","guid":{"rendered":"https:\/\/pet24.md\/?post_type=product&#038;p=93201"},"modified":"2025-02-12T16:19:39","modified_gmt":"2025-02-12T16:19:39","slug":"royal-canin-medium-starter-1kg","status":"publish","type":"product","link":"https:\/\/pet24.md\/ro\/produs\/royal-canin-medium-starter-1kg\/","title":{"rendered":"Royal Canin Medium Starter hrana uscata pentru catei si caini de rasa medie 1kg"},"content":{"rendered":"<div class=\"content\">\n<h3>Hran\u0103 uscat\u0103 complet\u0103 pentru c\u00e2ini de rase mijlocii (cu greutatea de la 11 la 25 kg) la sf\u00e2r\u0219itul sarcinii \u0219i \u00een timpul al\u0103pt\u0103rii, precum \u0219i pentru c\u0103\u021bei \u00een perioada de \u00een\u021b\u0103rcare \u0219i p\u00e2n\u0103 la v\u00e2rsta de 2 luni.<\/h3>\n<h4><strong>Ingrediente:<\/strong><\/h4>\n<p>orez, proteine animale deshidratate (pas\u0103re), gr\u0103simi animale, izolat proteic vegetal*, fibre vegetale, gr\u00e2u, proteine animale hidrolizate (arome), minerale, ulei de soia, ulei de pe\u0219te, coji \u0219i semin\u021be de psyllium, fructo-oligozaharide, drojdie hidrolizat\u0103 (surs\u0103 de manan oligozaharide), sare de acizi gra\u0219i, extracte de drojdie (surs\u0103 de beta-glucani), extract de g\u0103lbenele (surs\u0103 de lutein\u0103).<\/p>\n<\/div>\n<div class=\"content\">\n<p><strong>Suplimente nutritive la 1 kg:<\/strong><\/p>\n<p>Vitamina A: 19000 UI<br \/>\nVitamina D3: 1200 UI<br \/>\nFier: 38 mg<br \/>\nIod: 3,8 mg<br \/>\nCupru: 12 mg<br \/>\nMangan: 49 mg<br \/>\nZinc: 147 mg<br \/>\nSeleniu: 0,06 mg<\/p>\n<p><strong>Aditivi tehnologici:<\/strong> Clinoptilolit de origine sedimentara: 10 g - Conservanti - Antioxidanti.<\/p>\n<\/div>\n<div class=\"content\"><strong>Con\u021binut de nutrien\u021bi:<\/strong><br \/>\nProteine: 30 %<br \/>\nGr\u0103sime: 22 %<br \/>\nMinerale: 7,9 %<br \/>\nFibre alimentare: 1,5 %<\/div>","protected":false},"excerpt":{"rendered":"<p>Hrana uscata pentru catei si caini de rasa medie ofera o nutritie ideala in faza de crestere, promovand dezvoltarea sanatoasa si mentinerea unei stari optime a corpului.<\/p>","protected":false},"featured_media":93202,"comment_status":"closed","ping_status":"closed","template":"","meta":[],"product_brand":[],"product_cat":[136,293,337],"product_tag":[1110,1147],"class_list":{"0":"post-93201","1":"product","2":"type-product","3":"status-publish","4":"has-post-thumbnail","6":"product_cat-dog","7":"product_cat-dogfood","8":"product_cat-dogdry","9":"product_tag-royal-canin","10":"product_tag-suhoj-korm-dlya-shhenkov","11":"pa_age-pet-vzroslye","12":"pa_age-pet-shhenki","13":"pa_brand-royal-canin","14":"pa_breed-size-srednyaya-poroda","15":"pa_meat-ingredients-myasnoe-assorti","16":"pa_packaging-meshok","17":"pa_pet-sobaka","18":"pa_pet-feature-fiziologicheskie-korma","19":"pa_purpose-product-fiziologicheskie-korma","20":"pa_type-feed-suhoj-korm","21":"pa_weight-1-kg","23":"first","24":"instock","25":"shipping-taxable","26":"product-type-simple"},"yoast_head":"<!-- This site is optimized with the Yoast SEO Premium plugin v23.7 (Yoast SEO v27.5) - https:\/\/yoast.com\/product\/yoast-seo-premium-wordpress\/ -->\n<title>Royal Canin Medium Starter \u0441\u0443\u0445\u043e\u0439 \u043a\u043e\u0440\u043c \u0434\u043b\u044f \u0449\u0435\u043d\u043a\u043e\u0432 \u0438 \u0441\u043e\u0431\u0430\u043a \u0441\u0440\u0435\u0434\u043d\u0438\u0445 \u043f\u043e\u0440\u043e\u0434 1\u043a\u0433<\/title>\n<meta name=\"description\" content=\"\u041a\u0443\u043f\u0438\u0442\u044c Royal Canin Medium Starter \u0441\u0443\u0445\u043e\u0439 \u043a\u043e\u0440\u043c \u0434\u043b\u044f \u0449\u0435\u043d\u043a\u043e\u0432 \u0438 \u0441\u043e\u0431\u0430\u043a \u0441\u0440\u0435\u0434\u043d\u0438\u0445 \u043f\u043e\u0440\u043e\u0434 1\u043a\u0433 \u0441 \u0434\u043e\u0441\u0442\u0430\u0432\u043a\u043e\u0439 \u043f\u043e \u041a\u0438\u0448\u0438\u043d\u0435\u0432\u0443 \u0438 \u0432\u0441\u0435\u0439 \u041c\u043e\u043b\u0434\u043e\u0432\u0435 \u043d\u0430 Pet24\" \/>\n<meta name=\"robots\" content=\"index, follow, max-snippet:-1, max-image-preview:large, max-video-preview:-1\" \/>\n<link rel=\"canonical\" href=\"https:\/\/pet24.md\/ro\/produs\/royal-canin-medium-starter-1kg\/\" \/>\n<meta property=\"og:locale\" content=\"ro_RO\" \/>\n<meta property=\"og:type\" content=\"article\" \/>\n<meta property=\"og:title\" content=\"Royal Canin Medium Starter \u0441\u0443\u0445\u043e\u0439 \u043a\u043e\u0440\u043c \u0434\u043b\u044f \u0449\u0435\u043d\u043a\u043e\u0432 \u0438 \u0441\u043e\u0431\u0430\u043a \u0441\u0440\u0435\u0434\u043d\u0438\u0445 \u043f\u043e\u0440\u043e\u0434 1\u043a\u0433\" \/>\n<meta property=\"og:description\" content=\"\u041a\u0443\u043f\u0438\u0442\u044c Royal Canin Medium Starter \u0441\u0443\u0445\u043e\u0439 \u043a\u043e\u0440\u043c \u0434\u043b\u044f \u0449\u0435\u043d\u043a\u043e\u0432 \u0438 \u0441\u043e\u0431\u0430\u043a \u0441\u0440\u0435\u0434\u043d\u0438\u0445 \u043f\u043e\u0440\u043e\u0434 1\u043a\u0433 \u0441 \u0434\u043e\u0441\u0442\u0430\u0432\u043a\u043e\u0439 \u043f\u043e \u041a\u0438\u0448\u0438\u043d\u0435\u0432\u0443 \u0438 \u0432\u0441\u0435\u0439 \u041c\u043e\u043b\u0434\u043e\u0432\u0435 \u043d\u0430 Pet24\" \/>\n<meta property=\"og:url\" content=\"https:\/\/pet24.md\/ro\/produs\/royal-canin-medium-starter-1kg\/\" \/>\n<meta property=\"og:site_name\" content=\"Pet24\" \/>\n<meta property=\"article:publisher\" content=\"https:\/\/www.facebook.com\/pet24.md\" \/>\n<meta property=\"article:modified_time\" content=\"2025-02-12T16:19:39+00:00\" \/>\n<meta property=\"og:image\" content=\"https:\/\/pet24.md\/wp-content\/uploads\/2024\/10\/packshot-starter-medium-shn17.png\" \/>\n\t<meta property=\"og:image:width\" content=\"420\" \/>\n\t<meta property=\"og:image:height\" content=\"594\" \/>\n\t<meta property=\"og:image:type\" content=\"image\/png\" \/>\n<meta name=\"twitter:card\" content=\"summary_large_image\" \/>\n<meta name=\"twitter:label1\" content=\"Timp estimat pentru citire\" \/>\n\t<meta name=\"twitter:data1\" content=\"1 minut\" \/>\n<script type=\"application\/ld+json\" class=\"yoast-schema-graph\">{\"@context\":\"https:\\\/\\\/schema.org\",\"@graph\":[{\"@type\":\"WebPage\",\"@id\":\"https:\\\/\\\/pet24.md\\\/product\\\/royal-canin-medium-starter-1kg\\\/\",\"url\":\"https:\\\/\\\/pet24.md\\\/product\\\/royal-canin-medium-starter-1kg\\\/\",\"name\":\"Royal Canin Medium Starter \u0441\u0443\u0445\u043e\u0439 \u043a\u043e\u0440\u043c \u0434\u043b\u044f \u0449\u0435\u043d\u043a\u043e\u0432 \u0438 \u0441\u043e\u0431\u0430\u043a \u0441\u0440\u0435\u0434\u043d\u0438\u0445 \u043f\u043e\u0440\u043e\u0434 1\u043a\u0433\",\"isPartOf\":{\"@id\":\"https:\\\/\\\/pet24.md\\\/#website\"},\"primaryImageOfPage\":{\"@id\":\"https:\\\/\\\/pet24.md\\\/product\\\/royal-canin-medium-starter-1kg\\\/#primaryimage\"},\"image\":{\"@id\":\"https:\\\/\\\/pet24.md\\\/product\\\/royal-canin-medium-starter-1kg\\\/#primaryimage\"},\"thumbnailUrl\":\"https:\\\/\\\/pet24.md\\\/wp-content\\\/uploads\\\/2024\\\/10\\\/packshot-starter-medium-shn17.png\",\"datePublished\":\"2024-10-01T16:49:32+00:00\",\"dateModified\":\"2025-02-12T16:19:39+00:00\",\"description\":\"\u041a\u0443\u043f\u0438\u0442\u044c Royal Canin Medium Starter \u0441\u0443\u0445\u043e\u0439 \u043a\u043e\u0440\u043c \u0434\u043b\u044f \u0449\u0435\u043d\u043a\u043e\u0432 \u0438 \u0441\u043e\u0431\u0430\u043a \u0441\u0440\u0435\u0434\u043d\u0438\u0445 \u043f\u043e\u0440\u043e\u0434 1\u043a\u0433 \u0441 \u0434\u043e\u0441\u0442\u0430\u0432\u043a\u043e\u0439 \u043f\u043e \u041a\u0438\u0448\u0438\u043d\u0435\u0432\u0443 \u0438 \u0432\u0441\u0435\u0439 \u041c\u043e\u043b\u0434\u043e\u0432\u0435 \u043d\u0430 Pet24\",\"breadcrumb\":{\"@id\":\"https:\\\/\\\/pet24.md\\\/product\\\/royal-canin-medium-starter-1kg\\\/#breadcrumb\"},\"inLanguage\":\"ro-RO\",\"potentialAction\":[{\"@type\":\"ReadAction\",\"target\":[\"https:\\\/\\\/pet24.md\\\/product\\\/royal-canin-medium-starter-1kg\\\/\"]}]},{\"@type\":\"ImageObject\",\"inLanguage\":\"ro-RO\",\"@id\":\"https:\\\/\\\/pet24.md\\\/product\\\/royal-canin-medium-starter-1kg\\\/#primaryimage\",\"url\":\"https:\\\/\\\/pet24.md\\\/wp-content\\\/uploads\\\/2024\\\/10\\\/packshot-starter-medium-shn17.png\",\"contentUrl\":\"https:\\\/\\\/pet24.md\\\/wp-content\\\/uploads\\\/2024\\\/10\\\/packshot-starter-medium-shn17.png\",\"width\":420,\"height\":594,\"caption\":\"Royal Canin Medium Starter \u0441\u0443\u0445\u043e\u0439 \u043a\u043e\u0440\u043c \u0434\u043b\u044f \u0449\u0435\u043d\u043a\u043e\u0432 \u0438 \u0441\u043e\u0431\u0430\u043a \u0441\u0440\u0435\u0434\u043d\u0438\u0445 \u043f\u043e\u0440\u043e\u0434 1\u043a\u0433\"},{\"@type\":\"BreadcrumbList\",\"@id\":\"https:\\\/\\\/pet24.md\\\/product\\\/royal-canin-medium-starter-1kg\\\/#breadcrumb\",\"itemListElement\":[{\"@type\":\"ListItem\",\"position\":1,\"name\":\"\u0413\u043b\u0430\u0432\u043d\u0430\u044f \u0441\u0442\u0440\u0430\u043d\u0438\u0446\u0430\",\"item\":\"https:\\\/\\\/pet24.md\\\/\"},{\"@type\":\"ListItem\",\"position\":2,\"name\":\"\u041c\u0430\u0433\u0430\u0437\u0438\u043d\",\"item\":\"https:\\\/\\\/pet24.md\\\/shop\\\/\"},{\"@type\":\"ListItem\",\"position\":3,\"name\":\"Royal Canin Medium Starter \u0441\u0443\u0445\u043e\u0439 \u043a\u043e\u0440\u043c \u0434\u043b\u044f \u0449\u0435\u043d\u043a\u043e\u0432 \u0438 \u0441\u043e\u0431\u0430\u043a \u0441\u0440\u0435\u0434\u043d\u0438\u0445 \u043f\u043e\u0440\u043e\u0434 1\u043a\u0433\"}]},{\"@type\":\"WebSite\",\"@id\":\"https:\\\/\\\/pet24.md\\\/#website\",\"url\":\"https:\\\/\\\/pet24.md\\\/\",\"name\":\"Pet24\",\"description\":\"\u0417\u043e\u043e\u043c\u0430\u0433\u0430\u0437\u0438\u043d \u0442\u043e\u0432\u0430\u0440\u043e\u0432 \u0434\u043b\u044f \u0434\u043e\u043c\u0430\u0448\u043d\u0438\u0445 \u043f\u0438\u0442\u043e\u043c\u0446\u0435\u0432\",\"publisher\":{\"@id\":\"https:\\\/\\\/pet24.md\\\/#organization\"},\"potentialAction\":[{\"@type\":\"SearchAction\",\"target\":{\"@type\":\"EntryPoint\",\"urlTemplate\":\"https:\\\/\\\/pet24.md\\\/?s={search_term_string}\"},\"query-input\":{\"@type\":\"PropertyValueSpecification\",\"valueRequired\":true,\"valueName\":\"search_term_string\"}}],\"inLanguage\":\"ro-RO\"},{\"@type\":\"Organization\",\"@id\":\"https:\\\/\\\/pet24.md\\\/#organization\",\"name\":\"Pet24\",\"url\":\"https:\\\/\\\/pet24.md\\\/\",\"logo\":{\"@type\":\"ImageObject\",\"inLanguage\":\"ro-RO\",\"@id\":\"https:\\\/\\\/pet24.md\\\/#\\\/schema\\\/logo\\\/image\\\/\",\"url\":\"https:\\\/\\\/pet24.md\\\/wp-content\\\/uploads\\\/2024\\\/09\\\/logo.svg\",\"contentUrl\":\"https:\\\/\\\/pet24.md\\\/wp-content\\\/uploads\\\/2024\\\/09\\\/logo.svg\",\"width\":215,\"height\":66,\"caption\":\"Pet24\"},\"image\":{\"@id\":\"https:\\\/\\\/pet24.md\\\/#\\\/schema\\\/logo\\\/image\\\/\"},\"sameAs\":[\"https:\\\/\\\/www.facebook.com\\\/pet24.md\",\"https:\\\/\\\/www.instagram.com\\\/pet24.md\\\/\"],\"telephone\":\"+37360508880\"}]}<\/script>\n<!-- \/ Yoast SEO Premium plugin. -->","yoast_head_json":{"title":"Royal Canin Medium Starter hrana uscata pentru catei si caini de rasa medie 1kg","description":"\u041a\u0443\u043f\u0438\u0442\u044c Royal Canin Medium Starter \u0441\u0443\u0445\u043e\u0439 \u043a\u043e\u0440\u043c \u0434\u043b\u044f \u0449\u0435\u043d\u043a\u043e\u0432 \u0438 \u0441\u043e\u0431\u0430\u043a \u0441\u0440\u0435\u0434\u043d\u0438\u0445 \u043f\u043e\u0440\u043e\u0434 1\u043a\u0433 \u0441 \u0434\u043e\u0441\u0442\u0430\u0432\u043a\u043e\u0439 \u043f\u043e \u041a\u0438\u0448\u0438\u043d\u0435\u0432\u0443 \u0438 \u0432\u0441\u0435\u0439 \u041c\u043e\u043b\u0434\u043e\u0432\u0435 \u043d\u0430 Pet24","robots":{"index":"index","follow":"follow","max-snippet":"max-snippet:-1","max-image-preview":"max-image-preview:large","max-video-preview":"max-video-preview:-1"},"canonical":"https:\/\/pet24.md\/ro\/produs\/royal-canin-medium-starter-1kg\/","og_locale":"ro_RO","og_type":"article","og_title":"Royal Canin Medium Starter \u0441\u0443\u0445\u043e\u0439 \u043a\u043e\u0440\u043c \u0434\u043b\u044f \u0449\u0435\u043d\u043a\u043e\u0432 \u0438 \u0441\u043e\u0431\u0430\u043a \u0441\u0440\u0435\u0434\u043d\u0438\u0445 \u043f\u043e\u0440\u043e\u0434 1\u043a\u0433","og_description":"\u041a\u0443\u043f\u0438\u0442\u044c Royal Canin Medium Starter \u0441\u0443\u0445\u043e\u0439 \u043a\u043e\u0440\u043c \u0434\u043b\u044f \u0449\u0435\u043d\u043a\u043e\u0432 \u0438 \u0441\u043e\u0431\u0430\u043a \u0441\u0440\u0435\u0434\u043d\u0438\u0445 \u043f\u043e\u0440\u043e\u0434 1\u043a\u0433 \u0441 \u0434\u043e\u0441\u0442\u0430\u0432\u043a\u043e\u0439 \u043f\u043e \u041a\u0438\u0448\u0438\u043d\u0435\u0432\u0443 \u0438 \u0432\u0441\u0435\u0439 \u041c\u043e\u043b\u0434\u043e\u0432\u0435 \u043d\u0430 Pet24","og_url":"https:\/\/pet24.md\/ro\/produs\/royal-canin-medium-starter-1kg\/","og_site_name":"Pet24","article_publisher":"https:\/\/www.facebook.com\/pet24.md","article_modified_time":"2025-02-12T16:19:39+00:00","og_image":[{"width":420,"height":594,"url":"https:\/\/pet24.md\/wp-content\/uploads\/2024\/10\/packshot-starter-medium-shn17.png","type":"image\/png"}],"twitter_card":"summary_large_image","twitter_misc":{"Timp estimat pentru citire":"1 minut"},"schema":{"@context":"https:\/\/schema.org","@graph":[{"@type":"WebPage","@id":"https:\/\/pet24.md\/product\/royal-canin-medium-starter-1kg\/","url":"https:\/\/pet24.md\/product\/royal-canin-medium-starter-1kg\/","name":"Royal Canin Medium Starter hrana uscata pentru catei si caini de rasa medie 1kg","isPartOf":{"@id":"https:\/\/pet24.md\/#website"},"primaryImageOfPage":{"@id":"https:\/\/pet24.md\/product\/royal-canin-medium-starter-1kg\/#primaryimage"},"image":{"@id":"https:\/\/pet24.md\/product\/royal-canin-medium-starter-1kg\/#primaryimage"},"thumbnailUrl":"https:\/\/pet24.md\/wp-content\/uploads\/2024\/10\/packshot-starter-medium-shn17.png","datePublished":"2024-10-01T16:49:32+00:00","dateModified":"2025-02-12T16:19:39+00:00","description":"\u041a\u0443\u043f\u0438\u0442\u044c Royal Canin Medium Starter \u0441\u0443\u0445\u043e\u0439 \u043a\u043e\u0440\u043c \u0434\u043b\u044f \u0449\u0435\u043d\u043a\u043e\u0432 \u0438 \u0441\u043e\u0431\u0430\u043a \u0441\u0440\u0435\u0434\u043d\u0438\u0445 \u043f\u043e\u0440\u043e\u0434 1\u043a\u0433 \u0441 \u0434\u043e\u0441\u0442\u0430\u0432\u043a\u043e\u0439 \u043f\u043e \u041a\u0438\u0448\u0438\u043d\u0435\u0432\u0443 \u0438 \u0432\u0441\u0435\u0439 \u041c\u043e\u043b\u0434\u043e\u0432\u0435 \u043d\u0430 Pet24","breadcrumb":{"@id":"https:\/\/pet24.md\/product\/royal-canin-medium-starter-1kg\/#breadcrumb"},"inLanguage":"ro-RO","potentialAction":[{"@type":"ReadAction","target":["https:\/\/pet24.md\/product\/royal-canin-medium-starter-1kg\/"]}]},{"@type":"ImageObject","inLanguage":"ro-RO","@id":"https:\/\/pet24.md\/product\/royal-canin-medium-starter-1kg\/#primaryimage","url":"https:\/\/pet24.md\/wp-content\/uploads\/2024\/10\/packshot-starter-medium-shn17.png","contentUrl":"https:\/\/pet24.md\/wp-content\/uploads\/2024\/10\/packshot-starter-medium-shn17.png","width":420,"height":594,"caption":"Royal Canin Medium Starter \u0441\u0443\u0445\u043e\u0439 \u043a\u043e\u0440\u043c \u0434\u043b\u044f \u0449\u0435\u043d\u043a\u043e\u0432 \u0438 \u0441\u043e\u0431\u0430\u043a \u0441\u0440\u0435\u0434\u043d\u0438\u0445 \u043f\u043e\u0440\u043e\u0434 1\u043a\u0433"},{"@type":"BreadcrumbList","@id":"https:\/\/pet24.md\/product\/royal-canin-medium-starter-1kg\/#breadcrumb","itemListElement":[{"@type":"ListItem","position":1,"name":"\u0413\u043b\u0430\u0432\u043d\u0430\u044f \u0441\u0442\u0440\u0430\u043d\u0438\u0446\u0430","item":"https:\/\/pet24.md\/"},{"@type":"ListItem","position":2,"name":"\u041c\u0430\u0433\u0430\u0437\u0438\u043d","item":"https:\/\/pet24.md\/shop\/"},{"@type":"ListItem","position":3,"name":"Royal Canin Medium Starter \u0441\u0443\u0445\u043e\u0439 \u043a\u043e\u0440\u043c \u0434\u043b\u044f \u0449\u0435\u043d\u043a\u043e\u0432 \u0438 \u0441\u043e\u0431\u0430\u043a \u0441\u0440\u0435\u0434\u043d\u0438\u0445 \u043f\u043e\u0440\u043e\u0434 1\u043a\u0433"}]},{"@type":"WebSite","@id":"https:\/\/pet24.md\/#website","url":"https:\/\/pet24.md\/","name":"Pet24","description":"Magazin de animale de companie","publisher":{"@id":"https:\/\/pet24.md\/#organization"},"potentialAction":[{"@type":"SearchAction","target":{"@type":"EntryPoint","urlTemplate":"https:\/\/pet24.md\/?s={search_term_string}"},"query-input":{"@type":"PropertyValueSpecification","valueRequired":true,"valueName":"search_term_string"}}],"inLanguage":"ro-RO"},{"@type":"Organization","@id":"https:\/\/pet24.md\/#organization","name":"Pet24","url":"https:\/\/pet24.md\/","logo":{"@type":"ImageObject","inLanguage":"ro-RO","@id":"https:\/\/pet24.md\/#\/schema\/logo\/image\/","url":"https:\/\/pet24.md\/wp-content\/uploads\/2024\/09\/logo.svg","contentUrl":"https:\/\/pet24.md\/wp-content\/uploads\/2024\/09\/logo.svg","width":215,"height":66,"caption":"Pet24"},"image":{"@id":"https:\/\/pet24.md\/#\/schema\/logo\/image\/"},"sameAs":["https:\/\/www.facebook.com\/pet24.md","https:\/\/www.instagram.com\/pet24.md\/"],"telephone":"+37360508880"}]}},"_links":{"self":[{"href":"https:\/\/pet24.md\/ro\/wp-json\/wp\/v2\/product\/93201","targetHints":{"allow":["GET"]}}],"collection":[{"href":"https:\/\/pet24.md\/ro\/wp-json\/wp\/v2\/product"}],"about":[{"href":"https:\/\/pet24.md\/ro\/wp-json\/wp\/v2\/types\/product"}],"replies":[{"embeddable":true,"href":"https:\/\/pet24.md\/ro\/wp-json\/wp\/v2\/comments?post=93201"}],"wp:featuredmedia":[{"embeddable":true,"href":"https:\/\/pet24.md\/ro\/wp-json\/wp\/v2\/media\/93202"}],"wp:attachment":[{"href":"https:\/\/pet24.md\/ro\/wp-json\/wp\/v2\/media?parent=93201"}],"wp:term":[{"taxonomy":"product_brand","embeddable":true,"href":"https:\/\/pet24.md\/ro\/wp-json\/wp\/v2\/product_brand?post=93201"},{"taxonomy":"product_cat","embeddable":true,"href":"https:\/\/pet24.md\/ro\/wp-json\/wp\/v2\/product_cat?post=93201"},{"taxonomy":"product_tag","embeddable":true,"href":"https:\/\/pet24.md\/ro\/wp-json\/wp\/v2\/product_tag?post=93201"}],"curies":[{"name":"wp","href":"https:\/\/api.w.org\/{rel}","templated":true}]}}